{"id":897,"date":"2017-07-10T21:18:06","date_gmt":"2017-07-11T02:18:06","guid":{"rendered":"https:\/\/exemple9963.wordpress.com\/?page_id=897"},"modified":"2017-11-10T10:42:48","modified_gmt":"2017-11-10T15:42:48","slug":"revue41_50","status":"publish","type":"page","link":"https:\/\/www.shcote-nord.org\/wp\/?page_id=897","title":{"rendered":"Revues 41 \u00e0 50"},"content":{"rendered":"<div id='gallery-1' class='gallery galleryid-897 gallery-columns-5 gallery-size-thumbnail'><figure class='gallery-item'>\n\t\t\t<div class='gallery-icon portrait'>\n\t\t\t\t<a href='https:\/\/www.shcote-nord.org\/wp\/wp-content\/uploads\/2017\/08\/revue_041.jpg'><img loading=\"lazy\" decoding=\"async\" width=\"150\" height=\"150\" src=\"https:\/\/www.shcote-nord.org\/wp\/wp-content\/uploads\/2017\/08\/revue_041-150x150.jpg\" class=\"attachment-thumbnail size-thumbnail\" alt=\"\" srcset=\"https:\/\/www.shcote-nord.org\/wp\/wp-content\/uploads\/2017\/08\/revue_041-150x150.jpg 150w, https:\/\/www.shcote-nord.org\/wp\/wp-content\/uploads\/2017\/08\/revue_041-75x75.jpg 75w\" sizes=\"auto, (max-width: 150px) 100vw, 150px\" \/><\/a>\n\t\t\t<\/div><\/figure><figure class='gallery-item'>\n\t\t\t<div class='gallery-icon portrait'>\n\t\t\t\t<a href='https:\/\/www.shcote-nord.org\/wp\/wp-content\/uploads\/2017\/08\/revue_042.jpg'><img loading=\"lazy\" decoding=\"async\" width=\"150\" height=\"150\" src=\"https:\/\/www.shcote-nord.org\/wp\/wp-content\/uploads\/2017\/08\/revue_042-150x150.jpg\" class=\"attachment-thumbnail size-thumbnail\" alt=\"\" srcset=\"https:\/\/www.shcote-nord.org\/wp\/wp-content\/uploads\/2017\/08\/revue_042-150x150.jpg 150w, https:\/\/www.shcote-nord.org\/wp\/wp-content\/uploads\/2017\/08\/revue_042-75x75.jpg 75w\" sizes=\"auto, (max-width: 150px) 100vw, 150px\" \/><\/a>\n\t\t\t<\/div><\/figure><figure class='gallery-item'>\n\t\t\t<div class='gallery-icon portrait'>\n\t\t\t\t<a href='https:\/\/www.shcote-nord.org\/wp\/wp-content\/uploads\/2017\/08\/revue_044.jpg'><img loading=\"lazy\" decoding=\"async\" width=\"150\" height=\"150\" src=\"https:\/\/www.shcote-nord.org\/wp\/wp-content\/uploads\/2017\/08\/revue_044-150x150.jpg\" class=\"attachment-thumbnail size-thumbnail\" alt=\"\" srcset=\"https:\/\/www.shcote-nord.org\/wp\/wp-content\/uploads\/2017\/08\/revue_044-150x150.jpg 150w, https:\/\/www.shcote-nord.org\/wp\/wp-content\/uploads\/2017\/08\/revue_044-75x75.jpg 75w\" sizes=\"auto, (max-width: 150px) 100vw, 150px\" \/><\/a>\n\t\t\t<\/div><\/figure><figure class='gallery-item'>\n\t\t\t<div class='gallery-icon portrait'>\n\t\t\t\t<a href='https:\/\/www.shcote-nord.org\/wp\/wp-content\/uploads\/2017\/08\/revue_047.jpg'><img loading=\"lazy\" decoding=\"async\" width=\"150\" height=\"150\" src=\"https:\/\/www.shcote-nord.org\/wp\/wp-content\/uploads\/2017\/08\/revue_047-150x150.jpg\" class=\"attachment-thumbnail size-thumbnail\" alt=\"\" srcset=\"https:\/\/www.shcote-nord.org\/wp\/wp-content\/uploads\/2017\/08\/revue_047-150x150.jpg 150w, https:\/\/www.shcote-nord.org\/wp\/wp-content\/uploads\/2017\/08\/revue_047-75x75.jpg 75w\" sizes=\"auto, (max-width: 150px) 100vw, 150px\" \/><\/a>\n\t\t\t<\/div><\/figure><figure class='gallery-item'>\n\t\t\t<div class='gallery-icon portrait'>\n\t\t\t\t<a href='https:\/\/www.shcote-nord.org\/wp\/wp-content\/uploads\/2017\/08\/revue_049.jpg'><img loading=\"lazy\" decoding=\"async\" width=\"150\" height=\"150\" src=\"https:\/\/www.shcote-nord.org\/wp\/wp-content\/uploads\/2017\/08\/revue_049-150x150.jpg\" class=\"attachment-thumbnail size-thumbnail\" alt=\"\" srcset=\"https:\/\/www.shcote-nord.org\/wp\/wp-content\/uploads\/2017\/08\/revue_049-150x150.jpg 150w, https:\/\/www.shcote-nord.org\/wp\/wp-content\/uploads\/2017\/08\/revue_049-75x75.jpg 75w\" sizes=\"auto, (max-width: 150px) 100vw, 150px\" \/><\/a>\n\t\t\t<\/div><\/figure>\n\t\t<\/div>\n\n<h4><span style=\"color: #cccccc;\">Revue d&rsquo;histoire de la C\u00f4te-Nord | num\u00e9ro 41-42, 2006 |\u00a0<\/span><span style=\"color: #31ce31;\">co\u00fbt 8,00 $<\/span><\/h4>\n<ul>\n<li>\u00c9ditorial<\/li>\n<li>Conseils d&rsquo;administration des Soci\u00e9t\u00e9s historiques du Golfe et de la C\u00f4te-nord<\/li>\n<li>Jean Chevalier: nord-c\u00f4tier de coeur et de patrimoine<\/li>\n<li>Le sauvetage \u00ab\u00a0avort\u00e9\u00a0\u00bb de l&rsquo;\u00c9pave de la Sainte-Anne<\/li>\n<li>Le fonds Rowberry: t\u00e9moignage de la vie nord-c\u00f4ti\u00e8re d&rsquo;il y a cinquante ans<\/li>\n<li>Un pont tr\u00e8s loin<\/li>\n<li>Quelques souvenirs du couvent de Marie R\u00e9paratrice de Baie-Comeau<\/li>\n<li>Pionniers et squatters de Manicouagan (1845)<\/li>\n<li>L&rsquo;imp\u00e9ratrice de L&rsquo;Ungava<\/li>\n<li>Pessamiulnuat, une exposition originale \u00e0 Papinachois<\/li>\n<\/ul>\n<h4 style=\"padding-left: 30px;\">Cahier sp\u00e9cial \u00abPhares de la C\u00f4te-Nord\u00bb<\/h4>\n<p style=\"padding-left: 60px;\">Souvenirs de l&rsquo;\u00cele Corossol<br \/>\nJournal de bord&#8230;en route vers Anticosti<br \/>\nLe phare de la Pointe Sud-Ouest d&rsquo;Anticosti \u00e0 l&rsquo;\u00e9poque des Pope<br \/>\nLe bateau-lumi\u00e8re de Manicouagan<br \/>\nLe phare de l&rsquo;\u00eele du Havre de Natashquan<\/p>\n<ul>\n<li>Le directeur est en formation&#8230;<\/li>\n<li>Tadoussac dans l&rsquo;\u00e9criture nord-c\u00f4ti\u00e8re<\/li>\n<li>Indexation de journaux<\/li>\n<li>Le livre d&rsquo;or du \u00ab\u00a0Ch\u00e2teau Meunier\u00a0\u00bb<\/li>\n<li>Chronique litt\u00e9raire<\/li>\n<\/ul>\n<hr \/>\n<h4><span style=\"color: #cccccc;\">Revue d&rsquo;histoire de la C\u00f4te-Nord | num\u00e9ro 43-44, 2007 |<\/span>\u00a0<span style=\"color: #31ce31;\">co\u00fbt 10,00 $<\/span><\/h4>\n<ul>\n<li>\u00c9ditorial<\/li>\n<li>La chasse au loup-marin en go\u00e9lettes \u00e0 la Pointe-aux-Esquimaux (1858-1905)<\/li>\n<li>La go\u00e9lette des Turbis: derni\u00e8re go\u00e9lette de \u00ab\u00a0La Pointe\u00a0\u00bb<\/li>\n<li>Ces pierres roulantes de la Pointe-aux-Esquimaux<\/li>\n<li>Morceau du temps pass\u00e9 retrouv\u00e9&#8230;<\/li>\n<li>Quand le sel de la C\u00f4te s&rsquo;en allait \u00e0 Qu\u00e9bec&#8230; (1744-1748)<\/li>\n<li>Matamec: histoire d&rsquo;un refuge naturel<\/li>\n<\/ul>\n<h4 style=\"padding-left: 30px;\">Dossier sur nos soci\u00e9t\u00e9s d&rsquo;histoire<\/h4>\n<p style=\"padding-left: 60px;\">L&rsquo;histoire maritime de Havre-Saint-Pierre<br \/>\nL\u2019histoire : au c\u0153ur de l\u2019identit\u00e9<br \/>\nSoci\u00e9t\u00e9 historique de la C\u00f4te-Nord ; 60 ans Tous Azimuts<br \/>\nSoci\u00e9t\u00e9 historique du Golfe (Sept-\u00celes)<br \/>\nSoci\u00e9t\u00e9 historique de Havre-Saint-Pierre<br \/>\nLa Soci\u00e9t\u00e9 historique M\u00e9catina<br \/>\nLa Soci\u00e9t\u00e9 d\u2019histoire de Forestville<br \/>\nLe Centre d\u2019interpr\u00e9tation de l\u2019histoire et du patrimoine de Port-Cartier, une richesse inestimable\u2026Les Soci\u00e9t\u00e9s d\u2019histoire en C\u00f4te-Nord<\/p>\n<ul>\n<li>Henry de Puyjalon et son histoire naturelle [\u2026] (1900)<\/li>\n<li>Mieux nous conna\u00eetre ethnologiquement, tel est l\u2019historique questionnement<\/li>\n<li>Je t\u2019ai aim\u00e9 et je t\u2019aime encore<\/li>\n<li>Cartes postales\u2026 Post Card\u2026 Surprises assur\u00e9es !!!<\/li>\n<li>Chronique patrimoniale : La petite histoire d\u2019un mus\u00e9e<\/li>\n<li>Monseigneur Lionel Scheffer, O.M.I.<\/li>\n<li>Le GR\u00c9NOC\u2026et LITTORAL<\/li>\n<li>Chronique litt\u00e9raire : La C\u00f4te-Nord dans les livres et \u00e9critures nord-c\u00f4ti\u00e8res\u2026<\/li>\n<li>Chronique photographique : 1950 : \u00c0 bord du North Voyageur\u2026 Le long de la C\u00f4te<\/li>\n<\/ul>\n<hr \/>\n<h4><span style=\"color: #cccccc;\">Revue d&rsquo;histoire de la C\u00f4te-Nord | num\u00e9ro 45-46, 2008 |<\/span>\u00a0<span style=\"color: #31ce31;\">co\u00fbt 10,00 $<\/span><\/h4>\n<ul>\n<li>Au temps du New Northland et du North Star ; Croisi\u00e8res oubli\u00e9es de la Clarke Steamship Co. sur le Saint-Laurent<\/li>\n<li>Restauration de la toile \u00ab Saint Fran\u00e7ois-Xavier baptisant les infid\u00e8les \u00bb<\/li>\n<li>Radio-Canada en C\u00f4te-Nord ; 25 ans d\u2019histoire<\/li>\n<li>En Basse-C\u00f4te-Nord et Labrador avec le Seigneur de Mingan et d\u2019Anticosti ; l\u2019itin\u00e9raire de Louis Jollier en 1694.<\/li>\n<li>Document in\u00e9dit : un miroir du quotidien de la C\u00f4te-Nord, 1860-1862\u2026 Journal du P\u00e8re Claude Ternet<\/li>\n<li>Emmanuel Crespel au Canada ; Chronologie d\u00e9taill\u00e9e d\u2019un naufrage \u00e0 Anticosti (1736-1737)<\/li>\n<\/ul>\n<h4 style=\"padding-left: 30px;\">Section Sp\u00e9ciale<\/h4>\n<p style=\"padding-left: 60px;\">\u00ab Les Belles Lettres \u00bb ou Cinquante ans d\u2019enseignement sup\u00e9rieur nord-c\u00f4tier (1958-2008)<\/p>\n<ul>\n<li>Un site historique doublement exceptionnel<\/li>\n<li>La famille Barry ; en image<\/li>\n<li>Publications nord-c\u00f4ti\u00e8res ; Revue des \u00e9crits, historiques ou non, o\u00f9 nous existons\u2026<\/li>\n<\/ul>\n<hr \/>\n<h4><span style=\"color: #cccccc;\">Revue d&rsquo;histoire de la C\u00f4te-Nord | num\u00e9ro 47-48, 2009 |\u00a0<\/span><span style=\"color: #31ce31;\">co\u00fbt 10,00 $<\/span><\/h4>\n<ul>\n<li>25 ans d\u2019\u00e9criture(s) : La revue d\u2019histoire de la C\u00f4te-Nord !!!<\/li>\n<li>La ligne du t\u00e9l\u00e9graphe : un fil magique en territoire nord-c\u00f4tier<\/li>\n<li>C\u00f4te-Nord, terre de convergence<\/li>\n<li>Mon anc\u00eatre Ambroise Bond, Partie 1<\/li>\n<li>Les notes de voyage de l\u2019abb\u00e9 Ferland \u00e0 Anticosti et sur la C\u00f4te en 1852<\/li>\n<li>Des naturalistes sur la C\u00f4te-Nord : quelques regards sur la nature nord-c\u00f4ti\u00e8re \u00e0 la fin du XIXe si\u00e8cle<\/li>\n<li>Ce que John James Audubon cherchait en C\u00f4te-Nord en 1833, d\u2019apr\u00e8s The Labrador Journal<\/li>\n<li>Autrefois aux Sept-\u00celes<\/li>\n<li>Chronique des courses de voile sur le fleuve Saint-Laurent<\/li>\n<li>Chronique litt\u00e9raire<\/li>\n<li>Publications nord-c\u00f4ti\u00e8res, c\u00f4ti\u00e8res et\/ou nordiques?<\/li>\n<\/ul>\n<h4 style=\"padding-left: 30px;\">SECTION SP\u00c9CIALE \u00ab L&rsquo;histoire de l&rsquo;aviation sur la C\u00f4te-Nord \u00bb<\/h4>\n<p style=\"padding-left: 60px;\">\u00c9ph\u00e9m\u00e9rides relatives \u00e0 l\u2019aviation sur la C\u00f4te-Nord<br \/>\nL\u2019aviation sur la c\u00f4te en images<br \/>\nLa Flying Family \u00e0 Anticosti : quand la petite histoire rejoint la grande<br \/>\nL\u2019aviation sur la c\u00f4te : un survol \u2026 bibliographique<\/p>\n<hr \/>\n<h4><span style=\"color: #cccccc;\">Revue d&rsquo;histoire de la C\u00f4te-Nord | num\u00e9ro 49-50, 2010 |\u00a0<\/span><span style=\"color: #31ce31;\">co\u00fbt 10,00 $<\/span><\/h4>\n<ul>\n<li>Un tr\u00e9sor national : Le Fonds Comeau<\/li>\n<li>L\u2019enseignement dans les veines<\/li>\n<li>Une gr\u00e2ce de Saint-Antoine aux Sept-\u00celes<\/li>\n<li>\u00c0 l\u2019\u00e9poque des t\u00e9l\u00e9grammes<\/li>\n<li>\u00ab Les Peuples de glaces \u00bb au Jardin des Glaciers<\/li>\n<li>40 ans! La Soci\u00e9t\u00e9 Historique du Golfe de Sept-\u00celes<\/li>\n<li>L\u2019abb\u00e9 Gustave Gauvreau (1910-2009)<\/li>\n<li>Cargill : Un demi-si\u00e8cle<\/li>\n<li>Naissance de La Revue d\u2019histoire de la C\u00f4te-Nord<\/li>\n<li>Tadoussac, porte d\u2019entr\u00e9e du Nord<\/li>\n<li>G\u00e9n\u00e9alogie Bond : D\u2019Ambroise (junior) et Elmire Bacon\u2026<\/li>\n<li>Ma premi\u00e8re perdrix<\/li>\n<li>Les familles pionni\u00e8res de Sept-\u00celes<\/li>\n<\/ul>\n<h4 style=\"padding-left: 30px;\">SECTION SP\u00c9CIALE \u00ab Aux portes du Labrador\u00bb<\/h4>\n<p style=\"text-align: justify; padding-left: 60px;\">La Soci\u00e9t\u00e9 historique de la C\u00f4te-Nord a con\u00e7u et pr\u00e9sent\u00e9 cette exposition originale consacr\u00e9e \u00e0 l\u2019histoire et \u00e0 la situation de cet immense territoire qui forme la p\u00e9ninsule du Labrador o\u00f9 Nord-c\u00f4tiers et \u00abLabradorians\u00bb se voisinent sans trop se conna\u00eetre\u2026<\/p>\n<p>&nbsp;<\/p>\n<p>&nbsp;<\/p>\n","protected":false},"excerpt":{"rendered":"<p>Retour |\u00a0Revues 11 \u00e0 20 La Revue d&rsquo;histoire de la C\u00f4te-Nord | num\u00e9ro 1, 1984|co\u00fbt 4,00 $\u00a0+frais de livraison La l\u00e9gende du serpent de mer Une page d&rsquo;histoire dans l&rsquo;\u00c9glise de la c\u00f4te Un fameux homme de mer L&rsquo;histoire de la 138 Clarke City: 75 ans apr\u00e8s La saga des Vikings L&rsquo;hommage au chef \u00c0 &hellip; <a href=\"https:\/\/exemple9963.wordpress.com\/revue1_10\/\" class=\"more-link\">Lire la suite de <span class=\"screen-reader-text\">Revues 1 \u00e0 10<\/span><\/a><\/p>\n","protected":false},"author":1,"featured_media":1509,"parent":435,"menu_order":0,"comment_status":"closed","ping_status":"closed","template":"","meta":{"_mc_calendar":[],"footnotes":""},"class_list":["post-897","page","type-page","status-publish","has-post-thumbnail","hentry"],"yoast_head":"<!-- This site is optimized with the Yoast SEO plugin v27.4 - https:\/\/yoast.com\/product\/yoast-seo-wordpress\/ -->\n<title>Revues 41 \u00e0 50 &#8902; Soci\u00e9t\u00e9 historique de la C\u00f4te-Nord<\/title>\n<meta name=\"robots\" content=\"index, follow, max-snippet:-1, max-image-preview:large, max-video-preview:-1\" \/>\n<link rel=\"canonical\" href=\"https:\/\/www.shcote-nord.org\/wp\/?page_id=897\" \/>\n<meta property=\"og:locale\" content=\"fr_FR\" \/>\n<meta property=\"og:type\" content=\"article\" \/>\n<meta property=\"og:title\" content=\"Revues 41 \u00e0 50 &#8902; Soci\u00e9t\u00e9 historique de la C\u00f4te-Nord\" \/>\n<meta property=\"og:description\" content=\"Retour |\u00a0Revues 11 \u00e0 20 La Revue d&rsquo;histoire de la C\u00f4te-Nord | num\u00e9ro 1, 1984|co\u00fbt 4,00 $\u00a0+frais de livraison La l\u00e9gende du serpent de mer Une page d&rsquo;histoire dans l&rsquo;\u00c9glise de la c\u00f4te Un fameux homme de mer L&rsquo;histoire de la 138 Clarke City: 75 ans apr\u00e8s La saga des Vikings L&rsquo;hommage au chef \u00c0 &hellip; Lire la suite de Revues 1 \u00e0 10\" \/>\n<meta property=\"og:url\" content=\"https:\/\/www.shcote-nord.org\/wp\/?page_id=897\" \/>\n<meta property=\"og:site_name\" content=\"Soci\u00e9t\u00e9 historique de la C\u00f4te-Nord\" \/>\n<meta property=\"article:publisher\" content=\"https:\/\/www.facebook.com\/shcotenord\/\" \/>\n<meta property=\"article:modified_time\" content=\"2017-11-10T15:42:48+00:00\" \/>\n<meta property=\"og:image\" content=\"https:\/\/i0.wp.com\/www.shcote-nord.org\/wp\/wp-content\/uploads\/2017\/07\/Image-\u00e0-la-une-Revues.png?fit=1200%2C630&ssl=1\" \/>\n\t<meta property=\"og:image:width\" content=\"1200\" \/>\n\t<meta property=\"og:image:height\" content=\"630\" \/>\n\t<meta property=\"og:image:type\" content=\"image\/png\" \/>\n<meta name=\"twitter:card\" content=\"summary_large_image\" \/>\n<meta name=\"twitter:label1\" content=\"Dur\u00e9e de lecture estim\u00e9e\" \/>\n\t<meta name=\"twitter:data1\" content=\"4 minutes\" \/>\n<script type=\"application\/ld+json\" class=\"yoast-schema-graph\">{\"@context\":\"https:\\\/\\\/schema.org\",\"@graph\":[{\"@type\":\"WebPage\",\"@id\":\"https:\\\/\\\/www.shcote-nord.org\\\/wp\\\/?page_id=897\",\"url\":\"https:\\\/\\\/www.shcote-nord.org\\\/wp\\\/?page_id=897\",\"name\":\"Revues 41 \u00e0 50 &#8902; Soci\u00e9t\u00e9 historique de la C\u00f4te-Nord\",\"isPartOf\":{\"@id\":\"https:\\\/\\\/www.shcote-nord.org\\\/wp\\\/#website\"},\"primaryImageOfPage\":{\"@id\":\"https:\\\/\\\/www.shcote-nord.org\\\/wp\\\/?page_id=897#primaryimage\"},\"image\":{\"@id\":\"https:\\\/\\\/www.shcote-nord.org\\\/wp\\\/?page_id=897#primaryimage\"},\"thumbnailUrl\":\"https:\\\/\\\/www.shcote-nord.org\\\/wp\\\/wp-content\\\/uploads\\\/2017\\\/07\\\/Image-\u00e0-la-une-Revues.png\",\"datePublished\":\"2017-07-11T02:18:06+00:00\",\"dateModified\":\"2017-11-10T15:42:48+00:00\",\"breadcrumb\":{\"@id\":\"https:\\\/\\\/www.shcote-nord.org\\\/wp\\\/?page_id=897#breadcrumb\"},\"inLanguage\":\"fr-FR\",\"potentialAction\":[{\"@type\":\"ReadAction\",\"target\":[\"https:\\\/\\\/www.shcote-nord.org\\\/wp\\\/?page_id=897\"]}]},{\"@type\":\"ImageObject\",\"inLanguage\":\"fr-FR\",\"@id\":\"https:\\\/\\\/www.shcote-nord.org\\\/wp\\\/?page_id=897#primaryimage\",\"url\":\"https:\\\/\\\/www.shcote-nord.org\\\/wp\\\/wp-content\\\/uploads\\\/2017\\\/07\\\/Image-\u00e0-la-une-Revues.png\",\"contentUrl\":\"https:\\\/\\\/www.shcote-nord.org\\\/wp\\\/wp-content\\\/uploads\\\/2017\\\/07\\\/Image-\u00e0-la-une-Revues.png\",\"width\":1200,\"height\":630},{\"@type\":\"BreadcrumbList\",\"@id\":\"https:\\\/\\\/www.shcote-nord.org\\\/wp\\\/?page_id=897#breadcrumb\",\"itemListElement\":[{\"@type\":\"ListItem\",\"position\":1,\"name\":\"Accueil\",\"item\":\"https:\\\/\\\/www.shcote-nord.org\\\/wp\"},{\"@type\":\"ListItem\",\"position\":2,\"name\":\"Publications\",\"item\":\"https:\\\/\\\/www.shcote-nord.org\\\/wp\\\/?page_id=69\"},{\"@type\":\"ListItem\",\"position\":3,\"name\":\"Revue d\u2019histoire de la C\u00f4te-Nord\",\"item\":\"https:\\\/\\\/www.shcote-nord.org\\\/wp\\\/?page_id=435\"},{\"@type\":\"ListItem\",\"position\":4,\"name\":\"Revues 41 \u00e0 50\"}]},{\"@type\":\"WebSite\",\"@id\":\"https:\\\/\\\/www.shcote-nord.org\\\/wp\\\/#website\",\"url\":\"https:\\\/\\\/www.shcote-nord.org\\\/wp\\\/\",\"name\":\"Soci\u00e9t\u00e9 historique de la C\u00f4te-Nord\",\"description\":\"Centre d&#039;archives priv\u00e9es de la SHCN\",\"publisher\":{\"@id\":\"https:\\\/\\\/www.shcote-nord.org\\\/wp\\\/#organization\"},\"potentialAction\":[{\"@type\":\"SearchAction\",\"target\":{\"@type\":\"EntryPoint\",\"urlTemplate\":\"https:\\\/\\\/www.shcote-nord.org\\\/wp\\\/?s={search_term_string}\"},\"query-input\":{\"@type\":\"PropertyValueSpecification\",\"valueRequired\":true,\"valueName\":\"search_term_string\"}}],\"inLanguage\":\"fr-FR\"},{\"@type\":\"Organization\",\"@id\":\"https:\\\/\\\/www.shcote-nord.org\\\/wp\\\/#organization\",\"name\":\"Soci\u00e9t\u00e9 historique de la C\u00f4te-Nord\",\"url\":\"https:\\\/\\\/www.shcote-nord.org\\\/wp\\\/\",\"logo\":{\"@type\":\"ImageObject\",\"inLanguage\":\"fr-FR\",\"@id\":\"https:\\\/\\\/www.shcote-nord.org\\\/wp\\\/#\\\/schema\\\/logo\\\/image\\\/\",\"url\":\"https:\\\/\\\/i2.wp.com\\\/www.shcote-nord.org\\\/wp\\\/wp-content\\\/uploads\\\/2017\\\/09\\\/Sans-titre-1-copie.png?fit=2543%2C939\",\"contentUrl\":\"https:\\\/\\\/i2.wp.com\\\/www.shcote-nord.org\\\/wp\\\/wp-content\\\/uploads\\\/2017\\\/09\\\/Sans-titre-1-copie.png?fit=2543%2C939\",\"width\":2543,\"height\":939,\"caption\":\"Soci\u00e9t\u00e9 historique de la C\u00f4te-Nord\"},\"image\":{\"@id\":\"https:\\\/\\\/www.shcote-nord.org\\\/wp\\\/#\\\/schema\\\/logo\\\/image\\\/\"},\"sameAs\":[\"https:\\\/\\\/www.facebook.com\\\/shcotenord\\\/\"]}]}<\/script>\n<!-- \/ Yoast SEO plugin. -->","yoast_head_json":{"title":"Revues 41 \u00e0 50 &#8902; Soci\u00e9t\u00e9 historique de la C\u00f4te-Nord","robots":{"index":"index","follow":"follow","max-snippet":"max-snippet:-1","max-image-preview":"max-image-preview:large","max-video-preview":"max-video-preview:-1"},"canonical":"https:\/\/www.shcote-nord.org\/wp\/?page_id=897","og_locale":"fr_FR","og_type":"article","og_title":"Revues 41 \u00e0 50 &#8902; Soci\u00e9t\u00e9 historique de la C\u00f4te-Nord","og_description":"Retour |\u00a0Revues 11 \u00e0 20 La Revue d&rsquo;histoire de la C\u00f4te-Nord | num\u00e9ro 1, 1984|co\u00fbt 4,00 $\u00a0+frais de livraison La l\u00e9gende du serpent de mer Une page d&rsquo;histoire dans l&rsquo;\u00c9glise de la c\u00f4te Un fameux homme de mer L&rsquo;histoire de la 138 Clarke City: 75 ans apr\u00e8s La saga des Vikings L&rsquo;hommage au chef \u00c0 &hellip; Lire la suite de Revues 1 \u00e0 10","og_url":"https:\/\/www.shcote-nord.org\/wp\/?page_id=897","og_site_name":"Soci\u00e9t\u00e9 historique de la C\u00f4te-Nord","article_publisher":"https:\/\/www.facebook.com\/shcotenord\/","article_modified_time":"2017-11-10T15:42:48+00:00","og_image":[{"width":1200,"height":630,"url":"https:\/\/i0.wp.com\/www.shcote-nord.org\/wp\/wp-content\/uploads\/2017\/07\/Image-\u00e0-la-une-Revues.png?fit=1200%2C630&ssl=1","type":"image\/png"}],"twitter_card":"summary_large_image","twitter_misc":{"Dur\u00e9e de lecture estim\u00e9e":"4 minutes"},"schema":{"@context":"https:\/\/schema.org","@graph":[{"@type":"WebPage","@id":"https:\/\/www.shcote-nord.org\/wp\/?page_id=897","url":"https:\/\/www.shcote-nord.org\/wp\/?page_id=897","name":"Revues 41 \u00e0 50 &#8902; Soci\u00e9t\u00e9 historique de la C\u00f4te-Nord","isPartOf":{"@id":"https:\/\/www.shcote-nord.org\/wp\/#website"},"primaryImageOfPage":{"@id":"https:\/\/www.shcote-nord.org\/wp\/?page_id=897#primaryimage"},"image":{"@id":"https:\/\/www.shcote-nord.org\/wp\/?page_id=897#primaryimage"},"thumbnailUrl":"https:\/\/www.shcote-nord.org\/wp\/wp-content\/uploads\/2017\/07\/Image-\u00e0-la-une-Revues.png","datePublished":"2017-07-11T02:18:06+00:00","dateModified":"2017-11-10T15:42:48+00:00","breadcrumb":{"@id":"https:\/\/www.shcote-nord.org\/wp\/?page_id=897#breadcrumb"},"inLanguage":"fr-FR","potentialAction":[{"@type":"ReadAction","target":["https:\/\/www.shcote-nord.org\/wp\/?page_id=897"]}]},{"@type":"ImageObject","inLanguage":"fr-FR","@id":"https:\/\/www.shcote-nord.org\/wp\/?page_id=897#primaryimage","url":"https:\/\/www.shcote-nord.org\/wp\/wp-content\/uploads\/2017\/07\/Image-\u00e0-la-une-Revues.png","contentUrl":"https:\/\/www.shcote-nord.org\/wp\/wp-content\/uploads\/2017\/07\/Image-\u00e0-la-une-Revues.png","width":1200,"height":630},{"@type":"BreadcrumbList","@id":"https:\/\/www.shcote-nord.org\/wp\/?page_id=897#breadcrumb","itemListElement":[{"@type":"ListItem","position":1,"name":"Accueil","item":"https:\/\/www.shcote-nord.org\/wp"},{"@type":"ListItem","position":2,"name":"Publications","item":"https:\/\/www.shcote-nord.org\/wp\/?page_id=69"},{"@type":"ListItem","position":3,"name":"Revue d\u2019histoire de la C\u00f4te-Nord","item":"https:\/\/www.shcote-nord.org\/wp\/?page_id=435"},{"@type":"ListItem","position":4,"name":"Revues 41 \u00e0 50"}]},{"@type":"WebSite","@id":"https:\/\/www.shcote-nord.org\/wp\/#website","url":"https:\/\/www.shcote-nord.org\/wp\/","name":"Soci\u00e9t\u00e9 historique de la C\u00f4te-Nord","description":"Centre d&#039;archives priv\u00e9es de la SHCN","publisher":{"@id":"https:\/\/www.shcote-nord.org\/wp\/#organization"},"potentialAction":[{"@type":"SearchAction","target":{"@type":"EntryPoint","urlTemplate":"https:\/\/www.shcote-nord.org\/wp\/?s={search_term_string}"},"query-input":{"@type":"PropertyValueSpecification","valueRequired":true,"valueName":"search_term_string"}}],"inLanguage":"fr-FR"},{"@type":"Organization","@id":"https:\/\/www.shcote-nord.org\/wp\/#organization","name":"Soci\u00e9t\u00e9 historique de la C\u00f4te-Nord","url":"https:\/\/www.shcote-nord.org\/wp\/","logo":{"@type":"ImageObject","inLanguage":"fr-FR","@id":"https:\/\/www.shcote-nord.org\/wp\/#\/schema\/logo\/image\/","url":"https:\/\/i2.wp.com\/www.shcote-nord.org\/wp\/wp-content\/uploads\/2017\/09\/Sans-titre-1-copie.png?fit=2543%2C939","contentUrl":"https:\/\/i2.wp.com\/www.shcote-nord.org\/wp\/wp-content\/uploads\/2017\/09\/Sans-titre-1-copie.png?fit=2543%2C939","width":2543,"height":939,"caption":"Soci\u00e9t\u00e9 historique de la C\u00f4te-Nord"},"image":{"@id":"https:\/\/www.shcote-nord.org\/wp\/#\/schema\/logo\/image\/"},"sameAs":["https:\/\/www.facebook.com\/shcotenord\/"]}]}},"_links":{"self":[{"href":"https:\/\/www.shcote-nord.org\/wp\/index.php?rest_route=\/wp\/v2\/pages\/897","targetHints":{"allow":["GET"]}}],"collection":[{"href":"https:\/\/www.shcote-nord.org\/wp\/index.php?rest_route=\/wp\/v2\/pages"}],"about":[{"href":"https:\/\/www.shcote-nord.org\/wp\/index.php?rest_route=\/wp\/v2\/types\/page"}],"author":[{"embeddable":true,"href":"https:\/\/www.shcote-nord.org\/wp\/index.php?rest_route=\/wp\/v2\/users\/1"}],"replies":[{"embeddable":true,"href":"https:\/\/www.shcote-nord.org\/wp\/index.php?rest_route=%2Fwp%2Fv2%2Fcomments&post=897"}],"version-history":[{"count":5,"href":"https:\/\/www.shcote-nord.org\/wp\/index.php?rest_route=\/wp\/v2\/pages\/897\/revisions"}],"predecessor-version":[{"id":1768,"href":"https:\/\/www.shcote-nord.org\/wp\/index.php?rest_route=\/wp\/v2\/pages\/897\/revisions\/1768"}],"up":[{"embeddable":true,"href":"https:\/\/www.shcote-nord.org\/wp\/index.php?rest_route=\/wp\/v2\/pages\/435"}],"wp:featuredmedia":[{"embeddable":true,"href":"https:\/\/www.shcote-nord.org\/wp\/index.php?rest_route=\/wp\/v2\/media\/1509"}],"wp:attachment":[{"href":"https:\/\/www.shcote-nord.org\/wp\/index.php?rest_route=%2Fwp%2Fv2%2Fmedia&parent=897"}],"curies":[{"name":"wp","href":"https:\/\/api.w.org\/{rel}","templated":true}]}}