{"id":735,"date":"2017-07-08T14:12:51","date_gmt":"2017-07-08T18:12:51","guid":{"rendered":"https:\/\/exemple9963.wordpress.com\/?page_id=735"},"modified":"2018-08-07T10:42:36","modified_gmt":"2018-08-07T15:42:36","slug":"guide","status":"publish","type":"page","link":"https:\/\/www.shcote-nord.org\/wp\/?page_id=735","title":{"rendered":"Guide de d\u00e9p\u00f4t"},"content":{"rendered":"<h2>Un outil indispensable<\/h2>\n<p>Le guide de d\u00e9p\u00f4t est l&rsquo;outil par excellence pour avoir un aper\u00e7u de la totalit\u00e9 des archives d\u00e9tenues par un centre d&rsquo;archives. Il s&rsquo;agit un peu de la bible de l&rsquo;archiviste. Cet outil informe sur:<\/p>\n<ul style=\"list-style-type: square;\">\n<li>la cote des fonds et collections;<\/li>\n<li>son nom;<\/li>\n<li>les dates extr\u00eames de documents;<\/li>\n<li>la biographie ou l&rsquo;histoire institutionnel du donateur ou du cr\u00e9ateur;<\/li>\n<li>son historique de conservation;<\/li>\n<li>son ann\u00e9e d&rsquo;acquisition;<\/li>\n<li>son contenu;<\/li>\n<li>les restrictions qui lui sont rattach\u00e9es;<\/li>\n<li>et l&rsquo;\u00e9tat de traitement.<\/li>\n<\/ul>\n<p>Voici le guide de d\u00e9p\u00f4t de la SHCN: <a href=\"http:\/\/www.shcote-nord.org\/wp\/wp-content\/uploads\/2018\/08\/6330-Guide-de-d\u00e9p\u00f4t-2018-08-07.pdf\">Guide de d\u00e9p\u00f4t<\/a><\/p>\n","protected":false},"excerpt":{"rendered":"<p>Un outil indispensable Le guide de d\u00e9p\u00f4t est l&rsquo;outil par excellence pour avoir un aper\u00e7u de la totalit\u00e9 des archives d\u00e9tenues par un centre d&rsquo;archives. Il s&rsquo;agit un peu de la bible de l&rsquo;archiviste. Cet outil informe sur: la cote des fonds et collections; son nom; les dates extr\u00eames de documents; la biographie ou l&rsquo;histoire &hellip; <a href=\"https:\/\/www.shcote-nord.org\/wp\/?page_id=735\" class=\"more-link\">Lire la suite de <span class=\"screen-reader-text\">Guide de d\u00e9p\u00f4t<\/span><\/a><\/p>\n","protected":false},"author":1,"featured_media":0,"parent":263,"menu_order":0,"comment_status":"closed","ping_status":"closed","template":"","meta":{"_mc_calendar":[],"footnotes":""},"class_list":["post-735","page","type-page","status-publish","hentry","no-featured-image"],"yoast_head":"<!-- This site is optimized with the Yoast SEO plugin v27.4 - https:\/\/yoast.com\/product\/yoast-seo-wordpress\/ -->\n<title>Guide de d\u00e9p\u00f4t &#8902; Soci\u00e9t\u00e9 historique de la C\u00f4te-Nord<\/title>\n<meta name=\"robots\" content=\"index, follow, max-snippet:-1, max-image-preview:large, max-video-preview:-1\" \/>\n<link rel=\"canonical\" href=\"https:\/\/www.shcote-nord.org\/wp\/?page_id=735\" \/>\n<meta property=\"og:locale\" content=\"fr_FR\" \/>\n<meta property=\"og:type\" content=\"article\" \/>\n<meta property=\"og:title\" content=\"Guide de d\u00e9p\u00f4t &#8902; Soci\u00e9t\u00e9 historique de la C\u00f4te-Nord\" \/>\n<meta property=\"og:description\" content=\"Un outil indispensable Le guide de d\u00e9p\u00f4t est l&rsquo;outil par excellence pour avoir un aper\u00e7u de la totalit\u00e9 des archives d\u00e9tenues par un centre d&rsquo;archives. Il s&rsquo;agit un peu de la bible de l&rsquo;archiviste. Cet outil informe sur: la cote des fonds et collections; son nom; les dates extr\u00eames de documents; la biographie ou l&rsquo;histoire &hellip; Lire la suite de Guide de d\u00e9p\u00f4t\" \/>\n<meta property=\"og:url\" content=\"https:\/\/www.shcote-nord.org\/wp\/?page_id=735\" \/>\n<meta property=\"og:site_name\" content=\"Soci\u00e9t\u00e9 historique de la C\u00f4te-Nord\" \/>\n<meta property=\"article:publisher\" content=\"https:\/\/www.facebook.com\/shcotenord\/\" \/>\n<meta property=\"article:modified_time\" content=\"2018-08-07T15:42:36+00:00\" \/>\n<meta name=\"twitter:card\" content=\"summary_large_image\" \/>\n<meta name=\"twitter:label1\" content=\"Dur\u00e9e de lecture estim\u00e9e\" \/>\n\t<meta name=\"twitter:data1\" content=\"1 minute\" \/>\n<script type=\"application\/ld+json\" class=\"yoast-schema-graph\">{\"@context\":\"https:\\\/\\\/schema.org\",\"@graph\":[{\"@type\":\"WebPage\",\"@id\":\"https:\\\/\\\/www.shcote-nord.org\\\/wp\\\/?page_id=735\",\"url\":\"https:\\\/\\\/www.shcote-nord.org\\\/wp\\\/?page_id=735\",\"name\":\"Guide de d\u00e9p\u00f4t &#8902; Soci\u00e9t\u00e9 historique de la C\u00f4te-Nord\",\"isPartOf\":{\"@id\":\"https:\\\/\\\/www.shcote-nord.org\\\/wp\\\/#website\"},\"datePublished\":\"2017-07-08T18:12:51+00:00\",\"dateModified\":\"2018-08-07T15:42:36+00:00\",\"breadcrumb\":{\"@id\":\"https:\\\/\\\/www.shcote-nord.org\\\/wp\\\/?page_id=735#breadcrumb\"},\"inLanguage\":\"fr-FR\",\"potentialAction\":[{\"@type\":\"ReadAction\",\"target\":[\"https:\\\/\\\/www.shcote-nord.org\\\/wp\\\/?page_id=735\"]}]},{\"@type\":\"BreadcrumbList\",\"@id\":\"https:\\\/\\\/www.shcote-nord.org\\\/wp\\\/?page_id=735#breadcrumb\",\"itemListElement\":[{\"@type\":\"ListItem\",\"position\":1,\"name\":\"Accueil\",\"item\":\"https:\\\/\\\/www.shcote-nord.org\\\/wp\"},{\"@type\":\"ListItem\",\"position\":2,\"name\":\"Centre d&rsquo;archives\",\"item\":\"https:\\\/\\\/www.shcote-nord.org\\\/wp\\\/?page_id=263\"},{\"@type\":\"ListItem\",\"position\":3,\"name\":\"Guide de d\u00e9p\u00f4t\"}]},{\"@type\":\"WebSite\",\"@id\":\"https:\\\/\\\/www.shcote-nord.org\\\/wp\\\/#website\",\"url\":\"https:\\\/\\\/www.shcote-nord.org\\\/wp\\\/\",\"name\":\"Soci\u00e9t\u00e9 historique de la C\u00f4te-Nord\",\"description\":\"Centre d&#039;archives priv\u00e9es de la SHCN\",\"publisher\":{\"@id\":\"https:\\\/\\\/www.shcote-nord.org\\\/wp\\\/#organization\"},\"potentialAction\":[{\"@type\":\"SearchAction\",\"target\":{\"@type\":\"EntryPoint\",\"urlTemplate\":\"https:\\\/\\\/www.shcote-nord.org\\\/wp\\\/?s={search_term_string}\"},\"query-input\":{\"@type\":\"PropertyValueSpecification\",\"valueRequired\":true,\"valueName\":\"search_term_string\"}}],\"inLanguage\":\"fr-FR\"},{\"@type\":\"Organization\",\"@id\":\"https:\\\/\\\/www.shcote-nord.org\\\/wp\\\/#organization\",\"name\":\"Soci\u00e9t\u00e9 historique de la C\u00f4te-Nord\",\"url\":\"https:\\\/\\\/www.shcote-nord.org\\\/wp\\\/\",\"logo\":{\"@type\":\"ImageObject\",\"inLanguage\":\"fr-FR\",\"@id\":\"https:\\\/\\\/www.shcote-nord.org\\\/wp\\\/#\\\/schema\\\/logo\\\/image\\\/\",\"url\":\"https:\\\/\\\/i2.wp.com\\\/www.shcote-nord.org\\\/wp\\\/wp-content\\\/uploads\\\/2017\\\/09\\\/Sans-titre-1-copie.png?fit=2543%2C939\",\"contentUrl\":\"https:\\\/\\\/i2.wp.com\\\/www.shcote-nord.org\\\/wp\\\/wp-content\\\/uploads\\\/2017\\\/09\\\/Sans-titre-1-copie.png?fit=2543%2C939\",\"width\":2543,\"height\":939,\"caption\":\"Soci\u00e9t\u00e9 historique de la C\u00f4te-Nord\"},\"image\":{\"@id\":\"https:\\\/\\\/www.shcote-nord.org\\\/wp\\\/#\\\/schema\\\/logo\\\/image\\\/\"},\"sameAs\":[\"https:\\\/\\\/www.facebook.com\\\/shcotenord\\\/\"]}]}<\/script>\n<!-- \/ Yoast SEO plugin. -->","yoast_head_json":{"title":"Guide de d\u00e9p\u00f4t &#8902; Soci\u00e9t\u00e9 historique de la C\u00f4te-Nord","robots":{"index":"index","follow":"follow","max-snippet":"max-snippet:-1","max-image-preview":"max-image-preview:large","max-video-preview":"max-video-preview:-1"},"canonical":"https:\/\/www.shcote-nord.org\/wp\/?page_id=735","og_locale":"fr_FR","og_type":"article","og_title":"Guide de d\u00e9p\u00f4t &#8902; Soci\u00e9t\u00e9 historique de la C\u00f4te-Nord","og_description":"Un outil indispensable Le guide de d\u00e9p\u00f4t est l&rsquo;outil par excellence pour avoir un aper\u00e7u de la totalit\u00e9 des archives d\u00e9tenues par un centre d&rsquo;archives. Il s&rsquo;agit un peu de la bible de l&rsquo;archiviste. Cet outil informe sur: la cote des fonds et collections; son nom; les dates extr\u00eames de documents; la biographie ou l&rsquo;histoire &hellip; Lire la suite de Guide de d\u00e9p\u00f4t","og_url":"https:\/\/www.shcote-nord.org\/wp\/?page_id=735","og_site_name":"Soci\u00e9t\u00e9 historique de la C\u00f4te-Nord","article_publisher":"https:\/\/www.facebook.com\/shcotenord\/","article_modified_time":"2018-08-07T15:42:36+00:00","twitter_card":"summary_large_image","twitter_misc":{"Dur\u00e9e de lecture estim\u00e9e":"1 minute"},"schema":{"@context":"https:\/\/schema.org","@graph":[{"@type":"WebPage","@id":"https:\/\/www.shcote-nord.org\/wp\/?page_id=735","url":"https:\/\/www.shcote-nord.org\/wp\/?page_id=735","name":"Guide de d\u00e9p\u00f4t &#8902; Soci\u00e9t\u00e9 historique de la C\u00f4te-Nord","isPartOf":{"@id":"https:\/\/www.shcote-nord.org\/wp\/#website"},"datePublished":"2017-07-08T18:12:51+00:00","dateModified":"2018-08-07T15:42:36+00:00","breadcrumb":{"@id":"https:\/\/www.shcote-nord.org\/wp\/?page_id=735#breadcrumb"},"inLanguage":"fr-FR","potentialAction":[{"@type":"ReadAction","target":["https:\/\/www.shcote-nord.org\/wp\/?page_id=735"]}]},{"@type":"BreadcrumbList","@id":"https:\/\/www.shcote-nord.org\/wp\/?page_id=735#breadcrumb","itemListElement":[{"@type":"ListItem","position":1,"name":"Accueil","item":"https:\/\/www.shcote-nord.org\/wp"},{"@type":"ListItem","position":2,"name":"Centre d&rsquo;archives","item":"https:\/\/www.shcote-nord.org\/wp\/?page_id=263"},{"@type":"ListItem","position":3,"name":"Guide de d\u00e9p\u00f4t"}]},{"@type":"WebSite","@id":"https:\/\/www.shcote-nord.org\/wp\/#website","url":"https:\/\/www.shcote-nord.org\/wp\/","name":"Soci\u00e9t\u00e9 historique de la C\u00f4te-Nord","description":"Centre d&#039;archives priv\u00e9es de la SHCN","publisher":{"@id":"https:\/\/www.shcote-nord.org\/wp\/#organization"},"potentialAction":[{"@type":"SearchAction","target":{"@type":"EntryPoint","urlTemplate":"https:\/\/www.shcote-nord.org\/wp\/?s={search_term_string}"},"query-input":{"@type":"PropertyValueSpecification","valueRequired":true,"valueName":"search_term_string"}}],"inLanguage":"fr-FR"},{"@type":"Organization","@id":"https:\/\/www.shcote-nord.org\/wp\/#organization","name":"Soci\u00e9t\u00e9 historique de la C\u00f4te-Nord","url":"https:\/\/www.shcote-nord.org\/wp\/","logo":{"@type":"ImageObject","inLanguage":"fr-FR","@id":"https:\/\/www.shcote-nord.org\/wp\/#\/schema\/logo\/image\/","url":"https:\/\/i2.wp.com\/www.shcote-nord.org\/wp\/wp-content\/uploads\/2017\/09\/Sans-titre-1-copie.png?fit=2543%2C939","contentUrl":"https:\/\/i2.wp.com\/www.shcote-nord.org\/wp\/wp-content\/uploads\/2017\/09\/Sans-titre-1-copie.png?fit=2543%2C939","width":2543,"height":939,"caption":"Soci\u00e9t\u00e9 historique de la C\u00f4te-Nord"},"image":{"@id":"https:\/\/www.shcote-nord.org\/wp\/#\/schema\/logo\/image\/"},"sameAs":["https:\/\/www.facebook.com\/shcotenord\/"]}]}},"_links":{"self":[{"href":"https:\/\/www.shcote-nord.org\/wp\/index.php?rest_route=\/wp\/v2\/pages\/735","targetHints":{"allow":["GET"]}}],"collection":[{"href":"https:\/\/www.shcote-nord.org\/wp\/index.php?rest_route=\/wp\/v2\/pages"}],"about":[{"href":"https:\/\/www.shcote-nord.org\/wp\/index.php?rest_route=\/wp\/v2\/types\/page"}],"author":[{"embeddable":true,"href":"https:\/\/www.shcote-nord.org\/wp\/index.php?rest_route=\/wp\/v2\/users\/1"}],"replies":[{"embeddable":true,"href":"https:\/\/www.shcote-nord.org\/wp\/index.php?rest_route=%2Fwp%2Fv2%2Fcomments&post=735"}],"version-history":[{"count":6,"href":"https:\/\/www.shcote-nord.org\/wp\/index.php?rest_route=\/wp\/v2\/pages\/735\/revisions"}],"predecessor-version":[{"id":2197,"href":"https:\/\/www.shcote-nord.org\/wp\/index.php?rest_route=\/wp\/v2\/pages\/735\/revisions\/2197"}],"up":[{"embeddable":true,"href":"https:\/\/www.shcote-nord.org\/wp\/index.php?rest_route=\/wp\/v2\/pages\/263"}],"wp:attachment":[{"href":"https:\/\/www.shcote-nord.org\/wp\/index.php?rest_route=%2Fwp%2Fv2%2Fmedia&parent=735"}],"curies":[{"name":"wp","href":"https:\/\/api.w.org\/{rel}","templated":true}]}}