{"id":69,"date":"2017-06-23T04:15:05","date_gmt":"2017-06-23T03:15:05","guid":{"rendered":"https:\/\/exemple9963.wordpress.com\/?page_id=69"},"modified":"2023-04-18T16:18:21","modified_gmt":"2023-04-18T21:18:21","slug":"publications","status":"publish","type":"page","link":"https:\/\/www.shcote-nord.org\/wp\/?page_id=69","title":{"rendered":"Publications"},"content":{"rendered":"<h2>Une histoire d&rsquo;\u00e9dition&#8230;<\/h2>\n<p style=\"text-align: justify;\">C&rsquo;est en 1951 que la Soci\u00e9t\u00e9 historique de la C\u00f4te-Nord \u00e9dite et publie son premier livre. Bien modeste dans son allure, il pose cependant les bases d&rsquo;une industrie tout juste naissante au moment de sa publication. En effet, ce premier ouvrage qui s&rsquo;intitule\u00a0<span style=\"color: #31ce31;\">Itin\u00e9raire touristique de la C\u00f4te-Nord\/Touristic tour of the North Shore\u00a0<\/span>est le tout premier guide touristique de la r\u00e9gion. Bilingue et faisant un bref r\u00e9cit historique de chaque village, il ne va pourtant pas au-del\u00e0 de Baie-Comeau. Il faut dire que la route de l&rsquo;\u00e9poque n&rsquo;allait pas plus loin!<\/p>\n<p style=\"text-align: justify;\">Vingt ans plus tard, la SHCN poursuit dans sa lanc\u00e9e. Elle publie <span style=\"color: #31ce31;\">Mythes et Rites chez les Indiens Montagnais<\/span>, de Mme Yvette Barriault. La m\u00eame ann\u00e9e, en mai, \u00a0l&rsquo;abb\u00e9 Jean-Claude Chevalier, alors pr\u00e9sident de la SHCN, lance le premier de quatre <span style=\"color: #31ce31;\">Cahiers d&rsquo;histoire<\/span>. Les autres suivront en d\u00e9cembre 1971, en 1972 et en 1974. Plusieurs ouvrages historiques suivront autant des biographies de personnages marquants que des monographies de villages nord-c\u00f4tiers. Il faut cependant attendre 1984 avant qu&rsquo;un v\u00e9ritable p\u00e9riodique fasse son apparition. Oeuvre de la collaboration de la Soci\u00e9t\u00e9 historique de la C\u00f4te-Nord et de la Soci\u00e9t\u00e9 historique du Golfe, la Revue d&rsquo;histoire de la C\u00f4te-Nord a c\u00e9l\u00e9br\u00e9 ses 30 ans en 2014 et continue sa mission de diffusion du patrimoine r\u00e9gional.<\/p>\n<p>&nbsp;<\/p>\n<p style=\"text-align: center;\">Cliquer sur l&rsquo;image ci-dessous pour avoir acc\u00e8s au coin des auteurs.<\/p>\n<p><a href=\"http:\/\/www.shcote-nord.org\/wp\/?page_id=1409\"><img loading=\"lazy\" decoding=\"async\" class=\"aligncenter wp-image-1406 size-full\" src=\"http:\/\/www.shcote-nord.org\/wp\/wp-content\/uploads\/2017\/06\/Id\u00e9es.png\" alt=\"\" width=\"2480\" height=\"520\" srcset=\"https:\/\/www.shcote-nord.org\/wp\/wp-content\/uploads\/2017\/06\/Id\u00e9es.png 2480w, https:\/\/www.shcote-nord.org\/wp\/wp-content\/uploads\/2017\/06\/Id\u00e9es-300x63.png 300w, https:\/\/www.shcote-nord.org\/wp\/wp-content\/uploads\/2017\/06\/Id\u00e9es-768x161.png 768w, https:\/\/www.shcote-nord.org\/wp\/wp-content\/uploads\/2017\/06\/Id\u00e9es-1024x215.png 1024w, https:\/\/www.shcote-nord.org\/wp\/wp-content\/uploads\/2017\/06\/Id\u00e9es-1080x226.png 1080w\" sizes=\"auto, (max-width: 2480px) 100vw, 2480px\" \/><\/a><\/p>\n","protected":false},"excerpt":{"rendered":"<p>Une histoire d&rsquo;\u00e9dition&#8230; C&rsquo;est en 1951 que la Soci\u00e9t\u00e9 historique de la C\u00f4te-Nord \u00e9dite et publie son premier livre. Bien modeste dans son allure, il pose cependant les bases d&rsquo;une industrie tout juste naissante au moment de sa publication. En effet, ce premier ouvrage qui s&rsquo;intitule\u00a0Itin\u00e9raire touristique de la C\u00f4te-Nord\/Touristic tour of the North Shore\u00a0est &hellip; <a href=\"https:\/\/www.shcote-nord.org\/wp\/?page_id=69\" class=\"more-link\">Lire la suite de <span class=\"screen-reader-text\">Publications<\/span><\/a><\/p>\n","protected":false},"author":1,"featured_media":2913,"parent":0,"menu_order":4,"comment_status":"closed","ping_status":"closed","template":"","meta":{"_mc_calendar":[],"footnotes":""},"class_list":["post-69","page","type-page","status-publish","has-post-thumbnail","hentry"],"yoast_head":"<!-- This site is optimized with the Yoast SEO plugin v27.4 - https:\/\/yoast.com\/product\/yoast-seo-wordpress\/ -->\n<title>Publications &#8902; Soci\u00e9t\u00e9 historique de la C\u00f4te-Nord<\/title>\n<meta name=\"description\" content=\"Nos publications, des cahiers d&#039;histoire de l&#039;Abb\u00e9 Chevalier aux monographies nord-c\u00f4ti\u00e8res en passant par la Revue d&#039;histoire de la C\u00f4te-Nord.\" \/>\n<meta name=\"robots\" content=\"index, follow, max-snippet:-1, max-image-preview:large, max-video-preview:-1\" \/>\n<link rel=\"canonical\" href=\"https:\/\/www.shcote-nord.org\/wp\/?page_id=69\" \/>\n<meta property=\"og:locale\" content=\"fr_FR\" \/>\n<meta property=\"og:type\" content=\"article\" \/>\n<meta property=\"og:title\" content=\"Publications &#8902; Soci\u00e9t\u00e9 historique de la C\u00f4te-Nord\" \/>\n<meta property=\"og:description\" content=\"Nos publications, des cahiers d&#039;histoire de l&#039;Abb\u00e9 Chevalier aux monographies nord-c\u00f4ti\u00e8res en passant par la Revue d&#039;histoire de la C\u00f4te-Nord.\" \/>\n<meta property=\"og:url\" content=\"https:\/\/www.shcote-nord.org\/wp\/?page_id=69\" \/>\n<meta property=\"og:site_name\" content=\"Soci\u00e9t\u00e9 historique de la C\u00f4te-Nord\" \/>\n<meta property=\"article:publisher\" content=\"https:\/\/www.facebook.com\/shcotenord\/\" \/>\n<meta property=\"article:modified_time\" content=\"2023-04-18T21:18:21+00:00\" \/>\n<meta property=\"og:image\" content=\"https:\/\/i0.wp.com\/www.shcote-nord.org\/wp\/wp-content\/uploads\/2021\/11\/Entete12.jpg?fit=1080%2C500&ssl=1\" \/>\n\t<meta property=\"og:image:width\" content=\"1080\" \/>\n\t<meta property=\"og:image:height\" content=\"500\" \/>\n\t<meta property=\"og:image:type\" content=\"image\/jpeg\" \/>\n<meta name=\"twitter:card\" content=\"summary_large_image\" \/>\n<meta name=\"twitter:label1\" content=\"Dur\u00e9e de lecture estim\u00e9e\" \/>\n\t<meta name=\"twitter:data1\" content=\"2 minutes\" \/>\n<script type=\"application\/ld+json\" class=\"yoast-schema-graph\">{\"@context\":\"https:\\\/\\\/schema.org\",\"@graph\":[{\"@type\":\"WebPage\",\"@id\":\"https:\\\/\\\/www.shcote-nord.org\\\/wp\\\/?page_id=69\",\"url\":\"https:\\\/\\\/www.shcote-nord.org\\\/wp\\\/?page_id=69\",\"name\":\"Publications &#8902; Soci\u00e9t\u00e9 historique de la C\u00f4te-Nord\",\"isPartOf\":{\"@id\":\"https:\\\/\\\/www.shcote-nord.org\\\/wp\\\/#website\"},\"primaryImageOfPage\":{\"@id\":\"https:\\\/\\\/www.shcote-nord.org\\\/wp\\\/?page_id=69#primaryimage\"},\"image\":{\"@id\":\"https:\\\/\\\/www.shcote-nord.org\\\/wp\\\/?page_id=69#primaryimage\"},\"thumbnailUrl\":\"https:\\\/\\\/www.shcote-nord.org\\\/wp\\\/wp-content\\\/uploads\\\/2021\\\/11\\\/Entete12.jpg\",\"datePublished\":\"2017-06-23T03:15:05+00:00\",\"dateModified\":\"2023-04-18T21:18:21+00:00\",\"description\":\"Nos publications, des cahiers d'histoire de l'Abb\u00e9 Chevalier aux monographies nord-c\u00f4ti\u00e8res en passant par la Revue d'histoire de la C\u00f4te-Nord.\",\"breadcrumb\":{\"@id\":\"https:\\\/\\\/www.shcote-nord.org\\\/wp\\\/?page_id=69#breadcrumb\"},\"inLanguage\":\"fr-FR\",\"potentialAction\":[{\"@type\":\"ReadAction\",\"target\":[\"https:\\\/\\\/www.shcote-nord.org\\\/wp\\\/?page_id=69\"]}]},{\"@type\":\"ImageObject\",\"inLanguage\":\"fr-FR\",\"@id\":\"https:\\\/\\\/www.shcote-nord.org\\\/wp\\\/?page_id=69#primaryimage\",\"url\":\"https:\\\/\\\/www.shcote-nord.org\\\/wp\\\/wp-content\\\/uploads\\\/2021\\\/11\\\/Entete12.jpg\",\"contentUrl\":\"https:\\\/\\\/www.shcote-nord.org\\\/wp\\\/wp-content\\\/uploads\\\/2021\\\/11\\\/Entete12.jpg\",\"width\":1080,\"height\":500},{\"@type\":\"BreadcrumbList\",\"@id\":\"https:\\\/\\\/www.shcote-nord.org\\\/wp\\\/?page_id=69#breadcrumb\",\"itemListElement\":[{\"@type\":\"ListItem\",\"position\":1,\"name\":\"Accueil\",\"item\":\"https:\\\/\\\/www.shcote-nord.org\\\/wp\"},{\"@type\":\"ListItem\",\"position\":2,\"name\":\"Publications\"}]},{\"@type\":\"WebSite\",\"@id\":\"https:\\\/\\\/www.shcote-nord.org\\\/wp\\\/#website\",\"url\":\"https:\\\/\\\/www.shcote-nord.org\\\/wp\\\/\",\"name\":\"Soci\u00e9t\u00e9 historique de la C\u00f4te-Nord\",\"description\":\"Centre d&#039;archives priv\u00e9es de la SHCN\",\"publisher\":{\"@id\":\"https:\\\/\\\/www.shcote-nord.org\\\/wp\\\/#organization\"},\"potentialAction\":[{\"@type\":\"SearchAction\",\"target\":{\"@type\":\"EntryPoint\",\"urlTemplate\":\"https:\\\/\\\/www.shcote-nord.org\\\/wp\\\/?s={search_term_string}\"},\"query-input\":{\"@type\":\"PropertyValueSpecification\",\"valueRequired\":true,\"valueName\":\"search_term_string\"}}],\"inLanguage\":\"fr-FR\"},{\"@type\":\"Organization\",\"@id\":\"https:\\\/\\\/www.shcote-nord.org\\\/wp\\\/#organization\",\"name\":\"Soci\u00e9t\u00e9 historique de la C\u00f4te-Nord\",\"url\":\"https:\\\/\\\/www.shcote-nord.org\\\/wp\\\/\",\"logo\":{\"@type\":\"ImageObject\",\"inLanguage\":\"fr-FR\",\"@id\":\"https:\\\/\\\/www.shcote-nord.org\\\/wp\\\/#\\\/schema\\\/logo\\\/image\\\/\",\"url\":\"https:\\\/\\\/i2.wp.com\\\/www.shcote-nord.org\\\/wp\\\/wp-content\\\/uploads\\\/2017\\\/09\\\/Sans-titre-1-copie.png?fit=2543%2C939\",\"contentUrl\":\"https:\\\/\\\/i2.wp.com\\\/www.shcote-nord.org\\\/wp\\\/wp-content\\\/uploads\\\/2017\\\/09\\\/Sans-titre-1-copie.png?fit=2543%2C939\",\"width\":2543,\"height\":939,\"caption\":\"Soci\u00e9t\u00e9 historique de la C\u00f4te-Nord\"},\"image\":{\"@id\":\"https:\\\/\\\/www.shcote-nord.org\\\/wp\\\/#\\\/schema\\\/logo\\\/image\\\/\"},\"sameAs\":[\"https:\\\/\\\/www.facebook.com\\\/shcotenord\\\/\"]}]}<\/script>\n<!-- \/ Yoast SEO plugin. -->","yoast_head_json":{"title":"Publications &#8902; Soci\u00e9t\u00e9 historique de la C\u00f4te-Nord","description":"Nos publications, des cahiers d'histoire de l'Abb\u00e9 Chevalier aux monographies nord-c\u00f4ti\u00e8res en passant par la Revue d'histoire de la C\u00f4te-Nord.","robots":{"index":"index","follow":"follow","max-snippet":"max-snippet:-1","max-image-preview":"max-image-preview:large","max-video-preview":"max-video-preview:-1"},"canonical":"https:\/\/www.shcote-nord.org\/wp\/?page_id=69","og_locale":"fr_FR","og_type":"article","og_title":"Publications &#8902; Soci\u00e9t\u00e9 historique de la C\u00f4te-Nord","og_description":"Nos publications, des cahiers d'histoire de l'Abb\u00e9 Chevalier aux monographies nord-c\u00f4ti\u00e8res en passant par la Revue d'histoire de la C\u00f4te-Nord.","og_url":"https:\/\/www.shcote-nord.org\/wp\/?page_id=69","og_site_name":"Soci\u00e9t\u00e9 historique de la C\u00f4te-Nord","article_publisher":"https:\/\/www.facebook.com\/shcotenord\/","article_modified_time":"2023-04-18T21:18:21+00:00","og_image":[{"width":1080,"height":500,"url":"https:\/\/i0.wp.com\/www.shcote-nord.org\/wp\/wp-content\/uploads\/2021\/11\/Entete12.jpg?fit=1080%2C500&ssl=1","type":"image\/jpeg"}],"twitter_card":"summary_large_image","twitter_misc":{"Dur\u00e9e de lecture estim\u00e9e":"2 minutes"},"schema":{"@context":"https:\/\/schema.org","@graph":[{"@type":"WebPage","@id":"https:\/\/www.shcote-nord.org\/wp\/?page_id=69","url":"https:\/\/www.shcote-nord.org\/wp\/?page_id=69","name":"Publications &#8902; Soci\u00e9t\u00e9 historique de la C\u00f4te-Nord","isPartOf":{"@id":"https:\/\/www.shcote-nord.org\/wp\/#website"},"primaryImageOfPage":{"@id":"https:\/\/www.shcote-nord.org\/wp\/?page_id=69#primaryimage"},"image":{"@id":"https:\/\/www.shcote-nord.org\/wp\/?page_id=69#primaryimage"},"thumbnailUrl":"https:\/\/www.shcote-nord.org\/wp\/wp-content\/uploads\/2021\/11\/Entete12.jpg","datePublished":"2017-06-23T03:15:05+00:00","dateModified":"2023-04-18T21:18:21+00:00","description":"Nos publications, des cahiers d'histoire de l'Abb\u00e9 Chevalier aux monographies nord-c\u00f4ti\u00e8res en passant par la Revue d'histoire de la C\u00f4te-Nord.","breadcrumb":{"@id":"https:\/\/www.shcote-nord.org\/wp\/?page_id=69#breadcrumb"},"inLanguage":"fr-FR","potentialAction":[{"@type":"ReadAction","target":["https:\/\/www.shcote-nord.org\/wp\/?page_id=69"]}]},{"@type":"ImageObject","inLanguage":"fr-FR","@id":"https:\/\/www.shcote-nord.org\/wp\/?page_id=69#primaryimage","url":"https:\/\/www.shcote-nord.org\/wp\/wp-content\/uploads\/2021\/11\/Entete12.jpg","contentUrl":"https:\/\/www.shcote-nord.org\/wp\/wp-content\/uploads\/2021\/11\/Entete12.jpg","width":1080,"height":500},{"@type":"BreadcrumbList","@id":"https:\/\/www.shcote-nord.org\/wp\/?page_id=69#breadcrumb","itemListElement":[{"@type":"ListItem","position":1,"name":"Accueil","item":"https:\/\/www.shcote-nord.org\/wp"},{"@type":"ListItem","position":2,"name":"Publications"}]},{"@type":"WebSite","@id":"https:\/\/www.shcote-nord.org\/wp\/#website","url":"https:\/\/www.shcote-nord.org\/wp\/","name":"Soci\u00e9t\u00e9 historique de la C\u00f4te-Nord","description":"Centre d&#039;archives priv\u00e9es de la SHCN","publisher":{"@id":"https:\/\/www.shcote-nord.org\/wp\/#organization"},"potentialAction":[{"@type":"SearchAction","target":{"@type":"EntryPoint","urlTemplate":"https:\/\/www.shcote-nord.org\/wp\/?s={search_term_string}"},"query-input":{"@type":"PropertyValueSpecification","valueRequired":true,"valueName":"search_term_string"}}],"inLanguage":"fr-FR"},{"@type":"Organization","@id":"https:\/\/www.shcote-nord.org\/wp\/#organization","name":"Soci\u00e9t\u00e9 historique de la C\u00f4te-Nord","url":"https:\/\/www.shcote-nord.org\/wp\/","logo":{"@type":"ImageObject","inLanguage":"fr-FR","@id":"https:\/\/www.shcote-nord.org\/wp\/#\/schema\/logo\/image\/","url":"https:\/\/i2.wp.com\/www.shcote-nord.org\/wp\/wp-content\/uploads\/2017\/09\/Sans-titre-1-copie.png?fit=2543%2C939","contentUrl":"https:\/\/i2.wp.com\/www.shcote-nord.org\/wp\/wp-content\/uploads\/2017\/09\/Sans-titre-1-copie.png?fit=2543%2C939","width":2543,"height":939,"caption":"Soci\u00e9t\u00e9 historique de la C\u00f4te-Nord"},"image":{"@id":"https:\/\/www.shcote-nord.org\/wp\/#\/schema\/logo\/image\/"},"sameAs":["https:\/\/www.facebook.com\/shcotenord\/"]}]}},"_links":{"self":[{"href":"https:\/\/www.shcote-nord.org\/wp\/index.php?rest_route=\/wp\/v2\/pages\/69","targetHints":{"allow":["GET"]}}],"collection":[{"href":"https:\/\/www.shcote-nord.org\/wp\/index.php?rest_route=\/wp\/v2\/pages"}],"about":[{"href":"https:\/\/www.shcote-nord.org\/wp\/index.php?rest_route=\/wp\/v2\/types\/page"}],"author":[{"embeddable":true,"href":"https:\/\/www.shcote-nord.org\/wp\/index.php?rest_route=\/wp\/v2\/users\/1"}],"replies":[{"embeddable":true,"href":"https:\/\/www.shcote-nord.org\/wp\/index.php?rest_route=%2Fwp%2Fv2%2Fcomments&post=69"}],"version-history":[{"count":13,"href":"https:\/\/www.shcote-nord.org\/wp\/index.php?rest_route=\/wp\/v2\/pages\/69\/revisions"}],"predecessor-version":[{"id":46816,"href":"https:\/\/www.shcote-nord.org\/wp\/index.php?rest_route=\/wp\/v2\/pages\/69\/revisions\/46816"}],"wp:featuredmedia":[{"embeddable":true,"href":"https:\/\/www.shcote-nord.org\/wp\/index.php?rest_route=\/wp\/v2\/media\/2913"}],"wp:attachment":[{"href":"https:\/\/www.shcote-nord.org\/wp\/index.php?rest_route=%2Fwp%2Fv2%2Fmedia&parent=69"}],"curies":[{"name":"wp","href":"https:\/\/api.w.org\/{rel}","templated":true}]}}