{"id":56,"date":"2017-06-20T02:00:47","date_gmt":"2017-06-20T07:00:47","guid":{"rendered":"https:\/\/exemple9963.wordpress.com\/?page_id=2"},"modified":"2023-10-11T10:59:06","modified_gmt":"2023-10-11T15:59:06","slug":"apropos","status":"publish","type":"page","link":"https:\/\/www.shcote-nord.org\/wp\/?page_id=56","title":{"rendered":"Administration"},"content":{"rendered":"<h2>\u00c0 propos de nous&#8230;<\/h2>\n<p style=\"text-align: justify;\">La Soci\u00e9t\u00e9 historique de la C\u00f4te-Nord a pour mandat d\u2019acqu\u00e9rir, de pr\u00e9server et de diffuser les \u00e9l\u00e9ments des diff\u00e9rentes facettes du patrimoine nord-c\u00f4tier.<\/p>\n<p style=\"text-align: justify;\">De plus, elle est r\u00e9gie par un conseil d\u2019administration compos\u00e9 de onze (11) b\u00e9n\u00e9voles. Enfin, elle emploie une archiviste et un adjoint-administratif. Notre organisme g\u00e8re un Centre agr\u00e9\u00e9 d\u2019archives priv\u00e9es depuis 1995 ainsi qu\u2019un Club d\u2019entraide en g\u00e9n\u00e9alogie depuis 1993.<\/p>\n<h2>Le personnel<\/h2>\n<p>Coordonnatrice-Archiviste: Mme Catherine Pellerin<br \/>\nAdjointe-administratrice: Vacant<\/p>\n<div id='gallery-1' class='gallery galleryid-56 gallery-columns-3 gallery-size-full'><figure class='gallery-item'>\n\t\t\t<div class='gallery-icon landscape'>\n\t\t\t\t<img loading=\"lazy\" decoding=\"async\" width=\"1728\" height=\"1296\" src=\"https:\/\/www.shcote-nord.org\/wp\/wp-content\/uploads\/2017\/06\/SHCN-2012001.jpg\" class=\"attachment-full size-full\" alt=\"\" aria-describedby=\"gallery-1-1697\" srcset=\"https:\/\/www.shcote-nord.org\/wp\/wp-content\/uploads\/2017\/06\/SHCN-2012001.jpg 1728w, https:\/\/www.shcote-nord.org\/wp\/wp-content\/uploads\/2017\/06\/SHCN-2012001-300x225.jpg 300w, https:\/\/www.shcote-nord.org\/wp\/wp-content\/uploads\/2017\/06\/SHCN-2012001-768x576.jpg 768w, https:\/\/www.shcote-nord.org\/wp\/wp-content\/uploads\/2017\/06\/SHCN-2012001-1024x768.jpg 1024w, https:\/\/www.shcote-nord.org\/wp\/wp-content\/uploads\/2017\/06\/SHCN-2012001-1080x810.jpg 1080w\" sizes=\"auto, (max-width: 1728px) 100vw, 1728px\" \/>\n\t\t\t<\/div>\n\t\t\t\t<figcaption class='wp-caption-text gallery-caption' id='gallery-1-1697'>\n\t\t\t\tMaison du patrimoine Napol\u00e9on-Alexandre-Comeau\n\t\t\t\t<\/figcaption><\/figure><figure class='gallery-item'>\n\t\t\t<div class='gallery-icon landscape'>\n\t\t\t\t<img loading=\"lazy\" decoding=\"async\" width=\"2448\" height=\"1836\" src=\"https:\/\/www.shcote-nord.org\/wp\/wp-content\/uploads\/2017\/12\/IMG_3730.jpg\" class=\"attachment-full size-full\" alt=\"\" aria-describedby=\"gallery-1-2061\" srcset=\"https:\/\/www.shcote-nord.org\/wp\/wp-content\/uploads\/2017\/12\/IMG_3730.jpg 2448w, https:\/\/www.shcote-nord.org\/wp\/wp-content\/uploads\/2017\/12\/IMG_3730-300x225.jpg 300w, https:\/\/www.shcote-nord.org\/wp\/wp-content\/uploads\/2017\/12\/IMG_3730-768x576.jpg 768w, https:\/\/www.shcote-nord.org\/wp\/wp-content\/uploads\/2017\/12\/IMG_3730-1024x768.jpg 1024w, https:\/\/www.shcote-nord.org\/wp\/wp-content\/uploads\/2017\/12\/IMG_3730-1080x810.jpg 1080w\" sizes=\"auto, (max-width: 2448px) 100vw, 2448px\" \/>\n\t\t\t<\/div>\n\t\t\t\t<figcaption class='wp-caption-text gallery-caption' id='gallery-1-2061'>\n\t\t\t\tCollection de la Corporation du Mus\u00e9e de Baie-Comeau\n\t\t\t\t<\/figcaption><\/figure><figure class='gallery-item'>\n\t\t\t<div class='gallery-icon landscape'>\n\t\t\t\t<img loading=\"lazy\" decoding=\"async\" width=\"2448\" height=\"1836\" src=\"https:\/\/www.shcote-nord.org\/wp\/wp-content\/uploads\/2017\/12\/IMG_3729.jpg\" class=\"attachment-full size-full\" alt=\"\" aria-describedby=\"gallery-1-2060\" srcset=\"https:\/\/www.shcote-nord.org\/wp\/wp-content\/uploads\/2017\/12\/IMG_3729.jpg 2448w, https:\/\/www.shcote-nord.org\/wp\/wp-content\/uploads\/2017\/12\/IMG_3729-300x225.jpg 300w, https:\/\/www.shcote-nord.org\/wp\/wp-content\/uploads\/2017\/12\/IMG_3729-768x576.jpg 768w, https:\/\/www.shcote-nord.org\/wp\/wp-content\/uploads\/2017\/12\/IMG_3729-1024x768.jpg 1024w, https:\/\/www.shcote-nord.org\/wp\/wp-content\/uploads\/2017\/12\/IMG_3729-1080x810.jpg 1080w\" sizes=\"auto, (max-width: 2448px) 100vw, 2448px\" \/>\n\t\t\t<\/div>\n\t\t\t\t<figcaption class='wp-caption-text gallery-caption' id='gallery-1-2060'>\n\t\t\t\tCollection de la Corporation du Mus\u00e9e de Baie-Comeau\n\t\t\t\t<\/figcaption><\/figure><figure class='gallery-item'>\n\t\t\t<div class='gallery-icon landscape'>\n\t\t\t\t<img loading=\"lazy\" decoding=\"async\" width=\"2448\" height=\"1836\" src=\"https:\/\/www.shcote-nord.org\/wp\/wp-content\/uploads\/2017\/12\/IMG_3731.jpg\" class=\"attachment-full size-full\" alt=\"\" aria-describedby=\"gallery-1-2062\" srcset=\"https:\/\/www.shcote-nord.org\/wp\/wp-content\/uploads\/2017\/12\/IMG_3731.jpg 2448w, https:\/\/www.shcote-nord.org\/wp\/wp-content\/uploads\/2017\/12\/IMG_3731-300x225.jpg 300w, https:\/\/www.shcote-nord.org\/wp\/wp-content\/uploads\/2017\/12\/IMG_3731-768x576.jpg 768w, https:\/\/www.shcote-nord.org\/wp\/wp-content\/uploads\/2017\/12\/IMG_3731-1024x768.jpg 1024w, https:\/\/www.shcote-nord.org\/wp\/wp-content\/uploads\/2017\/12\/IMG_3731-1080x810.jpg 1080w\" sizes=\"auto, (max-width: 2448px) 100vw, 2448px\" \/>\n\t\t\t<\/div>\n\t\t\t\t<figcaption class='wp-caption-text gallery-caption' id='gallery-1-2062'>\n\t\t\t\tCollection de la Corporation du Mus\u00e9e de Baie-Comeau\n\t\t\t\t<\/figcaption><\/figure><figure class='gallery-item'>\n\t\t\t<div class='gallery-icon landscape'>\n\t\t\t\t<img loading=\"lazy\" decoding=\"async\" width=\"2448\" height=\"1836\" src=\"https:\/\/www.shcote-nord.org\/wp\/wp-content\/uploads\/2017\/12\/IMG_3727.jpg\" class=\"attachment-full size-full\" alt=\"\" srcset=\"https:\/\/www.shcote-nord.org\/wp\/wp-content\/uploads\/2017\/12\/IMG_3727.jpg 2448w, https:\/\/www.shcote-nord.org\/wp\/wp-content\/uploads\/2017\/12\/IMG_3727-300x225.jpg 300w, https:\/\/www.shcote-nord.org\/wp\/wp-content\/uploads\/2017\/12\/IMG_3727-768x576.jpg 768w, https:\/\/www.shcote-nord.org\/wp\/wp-content\/uploads\/2017\/12\/IMG_3727-1024x768.jpg 1024w, https:\/\/www.shcote-nord.org\/wp\/wp-content\/uploads\/2017\/12\/IMG_3727-1080x810.jpg 1080w\" sizes=\"auto, (max-width: 2448px) 100vw, 2448px\" \/>\n\t\t\t<\/div><\/figure><figure class='gallery-item'>\n\t\t\t<div class='gallery-icon landscape'>\n\t\t\t\t<img loading=\"lazy\" decoding=\"async\" width=\"960\" height=\"637\" src=\"https:\/\/www.shcote-nord.org\/wp\/wp-content\/uploads\/2017\/06\/15-10-2015-Inauguration-fresque-du-Colonel-sur-la-Maison-du-patrimoine.jpg\" class=\"attachment-full size-full\" alt=\"\" aria-describedby=\"gallery-1-1698\" srcset=\"https:\/\/www.shcote-nord.org\/wp\/wp-content\/uploads\/2017\/06\/15-10-2015-Inauguration-fresque-du-Colonel-sur-la-Maison-du-patrimoine.jpg 960w, https:\/\/www.shcote-nord.org\/wp\/wp-content\/uploads\/2017\/06\/15-10-2015-Inauguration-fresque-du-Colonel-sur-la-Maison-du-patrimoine-300x199.jpg 300w, https:\/\/www.shcote-nord.org\/wp\/wp-content\/uploads\/2017\/06\/15-10-2015-Inauguration-fresque-du-Colonel-sur-la-Maison-du-patrimoine-768x510.jpg 768w\" sizes=\"auto, (max-width: 960px) 100vw, 960px\" \/>\n\t\t\t<\/div>\n\t\t\t\t<figcaption class='wp-caption-text gallery-caption' id='gallery-1-1698'>\n\t\t\t\tC\u00f4t\u00e9 nord &#8211; Fresque du Colonel McCormick\n\t\t\t\t<\/figcaption><\/figure><figure class='gallery-item'>\n\t\t\t<div class='gallery-icon landscape'>\n\t\t\t\t<img loading=\"lazy\" decoding=\"async\" width=\"2448\" height=\"1836\" src=\"https:\/\/www.shcote-nord.org\/wp\/wp-content\/uploads\/2017\/12\/IMG_3724.jpg\" class=\"attachment-full size-full\" alt=\"\" srcset=\"https:\/\/www.shcote-nord.org\/wp\/wp-content\/uploads\/2017\/12\/IMG_3724.jpg 2448w, https:\/\/www.shcote-nord.org\/wp\/wp-content\/uploads\/2017\/12\/IMG_3724-300x225.jpg 300w, https:\/\/www.shcote-nord.org\/wp\/wp-content\/uploads\/2017\/12\/IMG_3724-768x576.jpg 768w, https:\/\/www.shcote-nord.org\/wp\/wp-content\/uploads\/2017\/12\/IMG_3724-1024x768.jpg 1024w, https:\/\/www.shcote-nord.org\/wp\/wp-content\/uploads\/2017\/12\/IMG_3724-1080x810.jpg 1080w\" sizes=\"auto, (max-width: 2448px) 100vw, 2448px\" \/>\n\t\t\t<\/div><\/figure><figure class='gallery-item'>\n\t\t\t<div class='gallery-icon landscape'>\n\t\t\t\t<img loading=\"lazy\" decoding=\"async\" width=\"2448\" height=\"1836\" src=\"https:\/\/www.shcote-nord.org\/wp\/wp-content\/uploads\/2017\/12\/IMG_3728.jpg\" class=\"attachment-full size-full\" alt=\"\" srcset=\"https:\/\/www.shcote-nord.org\/wp\/wp-content\/uploads\/2017\/12\/IMG_3728.jpg 2448w, https:\/\/www.shcote-nord.org\/wp\/wp-content\/uploads\/2017\/12\/IMG_3728-300x225.jpg 300w, https:\/\/www.shcote-nord.org\/wp\/wp-content\/uploads\/2017\/12\/IMG_3728-768x576.jpg 768w, https:\/\/www.shcote-nord.org\/wp\/wp-content\/uploads\/2017\/12\/IMG_3728-1024x768.jpg 1024w, https:\/\/www.shcote-nord.org\/wp\/wp-content\/uploads\/2017\/12\/IMG_3728-1080x810.jpg 1080w\" sizes=\"auto, (max-width: 2448px) 100vw, 2448px\" \/>\n\t\t\t<\/div><\/figure><figure class='gallery-item'>\n\t\t\t<div class='gallery-icon landscape'>\n\t\t\t\t<img loading=\"lazy\" decoding=\"async\" width=\"2448\" height=\"1836\" src=\"https:\/\/www.shcote-nord.org\/wp\/wp-content\/uploads\/2017\/12\/IMG_3725.jpg\" class=\"attachment-full size-full\" alt=\"\" srcset=\"https:\/\/www.shcote-nord.org\/wp\/wp-content\/uploads\/2017\/12\/IMG_3725.jpg 2448w, https:\/\/www.shcote-nord.org\/wp\/wp-content\/uploads\/2017\/12\/IMG_3725-300x225.jpg 300w, https:\/\/www.shcote-nord.org\/wp\/wp-content\/uploads\/2017\/12\/IMG_3725-768x576.jpg 768w, https:\/\/www.shcote-nord.org\/wp\/wp-content\/uploads\/2017\/12\/IMG_3725-1024x768.jpg 1024w, https:\/\/www.shcote-nord.org\/wp\/wp-content\/uploads\/2017\/12\/IMG_3725-1080x810.jpg 1080w\" sizes=\"auto, (max-width: 2448px) 100vw, 2448px\" \/>\n\t\t\t<\/div><\/figure>\n\t\t<\/div>\n\n","protected":false},"excerpt":{"rendered":"<p>Ceci est un petit extrait destin\u00e9 \u00e0 la &nbsp;page \u00ab \u00c0 propos \u00bb.<\/p>\n","protected":false},"author":1,"featured_media":0,"parent":0,"menu_order":0,"comment_status":"closed","ping_status":"closed","template":"","meta":{"_mc_calendar":[],"footnotes":""},"class_list":["post-56","page","type-page","status-publish","hentry","no-featured-image"],"yoast_head":"<!-- This site is optimized with the Yoast SEO plugin v27.4 - https:\/\/yoast.com\/product\/yoast-seo-wordpress\/ -->\n<title>Administration &#8902; Soci\u00e9t\u00e9 historique de la C\u00f4te-Nord<\/title>\n<meta name=\"description\" content=\"\u00c0 propos de notre organisme: vous trouverez les noms des membres de notre conseil d&#039;administration, les r\u00e8glements g\u00e9n\u00e9raux, nos horaires, nos tarifs...\" \/>\n<meta name=\"robots\" content=\"index, follow, max-snippet:-1, max-image-preview:large, max-video-preview:-1\" \/>\n<link rel=\"canonical\" href=\"https:\/\/www.shcote-nord.org\/wp\/?page_id=56\" \/>\n<meta property=\"og:locale\" content=\"fr_FR\" \/>\n<meta property=\"og:type\" content=\"article\" \/>\n<meta property=\"og:title\" content=\"Administration &#8902; Soci\u00e9t\u00e9 historique de la C\u00f4te-Nord\" \/>\n<meta property=\"og:description\" content=\"\u00c0 propos de notre organisme: vous trouverez les noms des membres de notre conseil d&#039;administration, les r\u00e8glements g\u00e9n\u00e9raux, nos horaires, nos tarifs...\" \/>\n<meta property=\"og:url\" content=\"https:\/\/www.shcote-nord.org\/wp\/?page_id=56\" \/>\n<meta property=\"og:site_name\" content=\"Soci\u00e9t\u00e9 historique de la C\u00f4te-Nord\" \/>\n<meta property=\"article:publisher\" content=\"https:\/\/www.facebook.com\/shcotenord\/\" \/>\n<meta property=\"article:modified_time\" content=\"2023-10-11T15:59:06+00:00\" \/>\n<meta name=\"twitter:card\" content=\"summary_large_image\" \/>\n<meta name=\"twitter:label1\" content=\"Dur\u00e9e de lecture estim\u00e9e\" \/>\n\t<meta name=\"twitter:data1\" content=\"1 minute\" \/>\n<script type=\"application\/ld+json\" class=\"yoast-schema-graph\">{\"@context\":\"https:\\\/\\\/schema.org\",\"@graph\":[{\"@type\":\"WebPage\",\"@id\":\"https:\\\/\\\/www.shcote-nord.org\\\/wp\\\/?page_id=56\",\"url\":\"https:\\\/\\\/www.shcote-nord.org\\\/wp\\\/?page_id=56\",\"name\":\"Administration &#8902; Soci\u00e9t\u00e9 historique de la C\u00f4te-Nord\",\"isPartOf\":{\"@id\":\"https:\\\/\\\/www.shcote-nord.org\\\/wp\\\/#website\"},\"datePublished\":\"2017-06-20T07:00:47+00:00\",\"dateModified\":\"2023-10-11T15:59:06+00:00\",\"description\":\"\u00c0 propos de notre organisme: vous trouverez les noms des membres de notre conseil d'administration, les r\u00e8glements g\u00e9n\u00e9raux, nos horaires, nos tarifs...\",\"breadcrumb\":{\"@id\":\"https:\\\/\\\/www.shcote-nord.org\\\/wp\\\/?page_id=56#breadcrumb\"},\"inLanguage\":\"fr-FR\",\"potentialAction\":[{\"@type\":\"ReadAction\",\"target\":[\"https:\\\/\\\/www.shcote-nord.org\\\/wp\\\/?page_id=56\"]}]},{\"@type\":\"BreadcrumbList\",\"@id\":\"https:\\\/\\\/www.shcote-nord.org\\\/wp\\\/?page_id=56#breadcrumb\",\"itemListElement\":[{\"@type\":\"ListItem\",\"position\":1,\"name\":\"Accueil\",\"item\":\"https:\\\/\\\/www.shcote-nord.org\\\/wp\"},{\"@type\":\"ListItem\",\"position\":2,\"name\":\"Administration\"}]},{\"@type\":\"WebSite\",\"@id\":\"https:\\\/\\\/www.shcote-nord.org\\\/wp\\\/#website\",\"url\":\"https:\\\/\\\/www.shcote-nord.org\\\/wp\\\/\",\"name\":\"Soci\u00e9t\u00e9 historique de la C\u00f4te-Nord\",\"description\":\"Centre d&#039;archives priv\u00e9es de la SHCN\",\"publisher\":{\"@id\":\"https:\\\/\\\/www.shcote-nord.org\\\/wp\\\/#organization\"},\"potentialAction\":[{\"@type\":\"SearchAction\",\"target\":{\"@type\":\"EntryPoint\",\"urlTemplate\":\"https:\\\/\\\/www.shcote-nord.org\\\/wp\\\/?s={search_term_string}\"},\"query-input\":{\"@type\":\"PropertyValueSpecification\",\"valueRequired\":true,\"valueName\":\"search_term_string\"}}],\"inLanguage\":\"fr-FR\"},{\"@type\":\"Organization\",\"@id\":\"https:\\\/\\\/www.shcote-nord.org\\\/wp\\\/#organization\",\"name\":\"Soci\u00e9t\u00e9 historique de la C\u00f4te-Nord\",\"url\":\"https:\\\/\\\/www.shcote-nord.org\\\/wp\\\/\",\"logo\":{\"@type\":\"ImageObject\",\"inLanguage\":\"fr-FR\",\"@id\":\"https:\\\/\\\/www.shcote-nord.org\\\/wp\\\/#\\\/schema\\\/logo\\\/image\\\/\",\"url\":\"https:\\\/\\\/i2.wp.com\\\/www.shcote-nord.org\\\/wp\\\/wp-content\\\/uploads\\\/2017\\\/09\\\/Sans-titre-1-copie.png?fit=2543%2C939\",\"contentUrl\":\"https:\\\/\\\/i2.wp.com\\\/www.shcote-nord.org\\\/wp\\\/wp-content\\\/uploads\\\/2017\\\/09\\\/Sans-titre-1-copie.png?fit=2543%2C939\",\"width\":2543,\"height\":939,\"caption\":\"Soci\u00e9t\u00e9 historique de la C\u00f4te-Nord\"},\"image\":{\"@id\":\"https:\\\/\\\/www.shcote-nord.org\\\/wp\\\/#\\\/schema\\\/logo\\\/image\\\/\"},\"sameAs\":[\"https:\\\/\\\/www.facebook.com\\\/shcotenord\\\/\"]}]}<\/script>\n<!-- \/ Yoast SEO plugin. -->","yoast_head_json":{"title":"Administration &#8902; Soci\u00e9t\u00e9 historique de la C\u00f4te-Nord","description":"\u00c0 propos de notre organisme: vous trouverez les noms des membres de notre conseil d'administration, les r\u00e8glements g\u00e9n\u00e9raux, nos horaires, nos tarifs...","robots":{"index":"index","follow":"follow","max-snippet":"max-snippet:-1","max-image-preview":"max-image-preview:large","max-video-preview":"max-video-preview:-1"},"canonical":"https:\/\/www.shcote-nord.org\/wp\/?page_id=56","og_locale":"fr_FR","og_type":"article","og_title":"Administration &#8902; Soci\u00e9t\u00e9 historique de la C\u00f4te-Nord","og_description":"\u00c0 propos de notre organisme: vous trouverez les noms des membres de notre conseil d'administration, les r\u00e8glements g\u00e9n\u00e9raux, nos horaires, nos tarifs...","og_url":"https:\/\/www.shcote-nord.org\/wp\/?page_id=56","og_site_name":"Soci\u00e9t\u00e9 historique de la C\u00f4te-Nord","article_publisher":"https:\/\/www.facebook.com\/shcotenord\/","article_modified_time":"2023-10-11T15:59:06+00:00","twitter_card":"summary_large_image","twitter_misc":{"Dur\u00e9e de lecture estim\u00e9e":"1 minute"},"schema":{"@context":"https:\/\/schema.org","@graph":[{"@type":"WebPage","@id":"https:\/\/www.shcote-nord.org\/wp\/?page_id=56","url":"https:\/\/www.shcote-nord.org\/wp\/?page_id=56","name":"Administration &#8902; Soci\u00e9t\u00e9 historique de la C\u00f4te-Nord","isPartOf":{"@id":"https:\/\/www.shcote-nord.org\/wp\/#website"},"datePublished":"2017-06-20T07:00:47+00:00","dateModified":"2023-10-11T15:59:06+00:00","description":"\u00c0 propos de notre organisme: vous trouverez les noms des membres de notre conseil d'administration, les r\u00e8glements g\u00e9n\u00e9raux, nos horaires, nos tarifs...","breadcrumb":{"@id":"https:\/\/www.shcote-nord.org\/wp\/?page_id=56#breadcrumb"},"inLanguage":"fr-FR","potentialAction":[{"@type":"ReadAction","target":["https:\/\/www.shcote-nord.org\/wp\/?page_id=56"]}]},{"@type":"BreadcrumbList","@id":"https:\/\/www.shcote-nord.org\/wp\/?page_id=56#breadcrumb","itemListElement":[{"@type":"ListItem","position":1,"name":"Accueil","item":"https:\/\/www.shcote-nord.org\/wp"},{"@type":"ListItem","position":2,"name":"Administration"}]},{"@type":"WebSite","@id":"https:\/\/www.shcote-nord.org\/wp\/#website","url":"https:\/\/www.shcote-nord.org\/wp\/","name":"Soci\u00e9t\u00e9 historique de la C\u00f4te-Nord","description":"Centre d&#039;archives priv\u00e9es de la SHCN","publisher":{"@id":"https:\/\/www.shcote-nord.org\/wp\/#organization"},"potentialAction":[{"@type":"SearchAction","target":{"@type":"EntryPoint","urlTemplate":"https:\/\/www.shcote-nord.org\/wp\/?s={search_term_string}"},"query-input":{"@type":"PropertyValueSpecification","valueRequired":true,"valueName":"search_term_string"}}],"inLanguage":"fr-FR"},{"@type":"Organization","@id":"https:\/\/www.shcote-nord.org\/wp\/#organization","name":"Soci\u00e9t\u00e9 historique de la C\u00f4te-Nord","url":"https:\/\/www.shcote-nord.org\/wp\/","logo":{"@type":"ImageObject","inLanguage":"fr-FR","@id":"https:\/\/www.shcote-nord.org\/wp\/#\/schema\/logo\/image\/","url":"https:\/\/i2.wp.com\/www.shcote-nord.org\/wp\/wp-content\/uploads\/2017\/09\/Sans-titre-1-copie.png?fit=2543%2C939","contentUrl":"https:\/\/i2.wp.com\/www.shcote-nord.org\/wp\/wp-content\/uploads\/2017\/09\/Sans-titre-1-copie.png?fit=2543%2C939","width":2543,"height":939,"caption":"Soci\u00e9t\u00e9 historique de la C\u00f4te-Nord"},"image":{"@id":"https:\/\/www.shcote-nord.org\/wp\/#\/schema\/logo\/image\/"},"sameAs":["https:\/\/www.facebook.com\/shcotenord\/"]}]}},"_links":{"self":[{"href":"https:\/\/www.shcote-nord.org\/wp\/index.php?rest_route=\/wp\/v2\/pages\/56","targetHints":{"allow":["GET"]}}],"collection":[{"href":"https:\/\/www.shcote-nord.org\/wp\/index.php?rest_route=\/wp\/v2\/pages"}],"about":[{"href":"https:\/\/www.shcote-nord.org\/wp\/index.php?rest_route=\/wp\/v2\/types\/page"}],"author":[{"embeddable":true,"href":"https:\/\/www.shcote-nord.org\/wp\/index.php?rest_route=\/wp\/v2\/users\/1"}],"replies":[{"embeddable":true,"href":"https:\/\/www.shcote-nord.org\/wp\/index.php?rest_route=%2Fwp%2Fv2%2Fcomments&post=56"}],"version-history":[{"count":11,"href":"https:\/\/www.shcote-nord.org\/wp\/index.php?rest_route=\/wp\/v2\/pages\/56\/revisions"}],"predecessor-version":[{"id":47045,"href":"https:\/\/www.shcote-nord.org\/wp\/index.php?rest_route=\/wp\/v2\/pages\/56\/revisions\/47045"}],"wp:attachment":[{"href":"https:\/\/www.shcote-nord.org\/wp\/index.php?rest_route=%2Fwp%2Fv2%2Fmedia&parent=56"}],"curies":[{"name":"wp","href":"https:\/\/api.w.org\/{rel}","templated":true}]}}