{"id":435,"date":"2017-07-02T06:07:34","date_gmt":"2017-07-02T10:07:34","guid":{"rendered":"https:\/\/exemple9963.wordpress.com\/?page_id=435"},"modified":"2022-02-08T11:42:27","modified_gmt":"2022-02-08T16:42:27","slug":"rhcn","status":"publish","type":"page","link":"https:\/\/www.shcote-nord.org\/wp\/?page_id=435","title":{"rendered":"Revue d\u2019histoire de la C\u00f4te-Nord"},"content":{"rendered":"<p style=\"text-align: justify;\">La <span style=\"color: #31ce31;\">Revue d&rsquo;histoire de la C\u00f4te-Nord<\/span> est le fruit de la coop\u00e9ration de la <span style=\"text-decoration: underline; color: #31ce31;\">Soci\u00e9t\u00e9 historique de la C\u00f4te-Nord<\/span> et la <a href=\"http:\/\/www.shgcn.ca\/\" target=\"_blank\" rel=\"noopener noreferrer\">Soci\u00e9t\u00e9 historique du Golfe<\/a>, depuis 1984. Elle fut d&rsquo;abord publi\u00e9e sur une base bisannuelle, en juin et en septembre, chaque Soci\u00e9t\u00e9 ayant son num\u00e9ro. Depuis 2003, la <span style=\"color: #31ce31;\">RHCN<\/span> est \u00e9dit\u00e9e une seule fois par ann\u00e9e, en juin, dans un format double. Enfin, la production est l&rsquo;\u0153uvre de l&rsquo;une ou l&rsquo;autre des Soci\u00e9t\u00e9s, un an sur deux. Le volume du contenu est cependant toujours divis\u00e9 \u00e0 part \u00e9gale.<\/p>\n<h2>Collaboration<\/h2>\n<p style=\"text-align: justify;\">D&rsquo;autres soci\u00e9t\u00e9s d&rsquo;histoire r\u00e9gionales ont collabor\u00e9 au fil des ans dont: la Soci\u00e9t\u00e9 d&rsquo;histoire de Forestville, la Soci\u00e9t\u00e9 d&rsquo;histoire du Canton de Brest, la Soci\u00e9t\u00e9 historique de M\u00e9catina, la Soci\u00e9t\u00e9 historique de\u00a0<span class=\"SpellE\">Havre-Saint-Pierre et la Soci\u00e9t\u00e9 historique et patrimoniale de Port-Cartier.<\/span><\/p>\n<p><a href=\"http:\/\/www.shcote-nord.org\/wp\/wp-content\/uploads\/2022\/02\/Index-SHCN-COTE-NORD-2021_compressed.pdf\"><img loading=\"lazy\" decoding=\"async\" class=\"aligncenter  wp-image-2957\" src=\"http:\/\/www.shcote-nord.org\/wp\/wp-content\/uploads\/2022\/02\/Index-analytique-300x160.jpg\" alt=\"\" width=\"626\" height=\"334\" srcset=\"https:\/\/www.shcote-nord.org\/wp\/wp-content\/uploads\/2022\/02\/Index-analytique-300x160.jpg 300w, https:\/\/www.shcote-nord.org\/wp\/wp-content\/uploads\/2022\/02\/Index-analytique-768x410.jpg 768w, https:\/\/www.shcote-nord.org\/wp\/wp-content\/uploads\/2022\/02\/Index-analytique.jpg 900w\" sizes=\"auto, (max-width: 626px) 100vw, 626px\" \/><\/a><\/p>\n","protected":false},"excerpt":{"rendered":"<p>La Revue d&rsquo;histoire de la C\u00f4te-Nord est le fruit de la coop\u00e9ration de la Soci\u00e9t\u00e9 historique de la C\u00f4te-Nord et la Soci\u00e9t\u00e9 historique du Golfe, depuis 1984. Elle fut d&rsquo;abord publi\u00e9e sur une base bisannuelle, en juin et en septembre, chaque Soci\u00e9t\u00e9 ayant son num\u00e9ro. Depuis 2003, la RHCN est \u00e9dit\u00e9e une seule fois par &hellip; <a href=\"https:\/\/www.shcote-nord.org\/wp\/?page_id=435\" class=\"more-link\">Lire la suite de <span class=\"screen-reader-text\">Revue d\u2019histoire de la C\u00f4te-Nord<\/span><\/a><\/p>\n","protected":false},"author":1,"featured_media":1509,"parent":69,"menu_order":0,"comment_status":"closed","ping_status":"closed","template":"","meta":{"_mc_calendar":[],"footnotes":""},"class_list":["post-435","page","type-page","status-publish","has-post-thumbnail","hentry"],"yoast_head":"<!-- This site is optimized with the Yoast SEO plugin v27.4 - https:\/\/yoast.com\/product\/yoast-seo-wordpress\/ -->\n<title>Revue d\u2019histoire de la C\u00f4te-Nord &#8902; Soci\u00e9t\u00e9 historique de la C\u00f4te-Nord<\/title>\n<meta name=\"description\" content=\"La Revue d&#039;histoire de la C\u00f4te-Nord (RHCN) est le r\u00e9sultat de la coop\u00e9ration de la Soci\u00e9t\u00e9 historique de la C\u00f4te-Nord et la Soci\u00e9t\u00e9 historique du Golfe.\" \/>\n<meta name=\"robots\" content=\"index, follow, max-snippet:-1, max-image-preview:large, max-video-preview:-1\" \/>\n<link rel=\"canonical\" href=\"https:\/\/www.shcote-nord.org\/wp\/?page_id=435\" \/>\n<meta property=\"og:locale\" content=\"fr_FR\" \/>\n<meta property=\"og:type\" content=\"article\" \/>\n<meta property=\"og:title\" content=\"Revue d\u2019histoire de la C\u00f4te-Nord &#8902; Soci\u00e9t\u00e9 historique de la C\u00f4te-Nord\" \/>\n<meta property=\"og:description\" content=\"La Revue d&#039;histoire de la C\u00f4te-Nord (RHCN) est le r\u00e9sultat de la coop\u00e9ration de la Soci\u00e9t\u00e9 historique de la C\u00f4te-Nord et la Soci\u00e9t\u00e9 historique du Golfe.\" \/>\n<meta property=\"og:url\" content=\"https:\/\/www.shcote-nord.org\/wp\/?page_id=435\" \/>\n<meta property=\"og:site_name\" content=\"Soci\u00e9t\u00e9 historique de la C\u00f4te-Nord\" \/>\n<meta property=\"article:publisher\" content=\"https:\/\/www.facebook.com\/shcotenord\/\" \/>\n<meta property=\"article:modified_time\" content=\"2022-02-08T16:42:27+00:00\" \/>\n<meta property=\"og:image\" content=\"https:\/\/i0.wp.com\/www.shcote-nord.org\/wp\/wp-content\/uploads\/2017\/07\/Image-\u00e0-la-une-Revues.png?fit=1200%2C630&ssl=1\" \/>\n\t<meta property=\"og:image:width\" content=\"1200\" \/>\n\t<meta property=\"og:image:height\" content=\"630\" \/>\n\t<meta property=\"og:image:type\" content=\"image\/png\" \/>\n<meta name=\"twitter:card\" content=\"summary_large_image\" \/>\n<meta name=\"twitter:label1\" content=\"Dur\u00e9e de lecture estim\u00e9e\" \/>\n\t<meta name=\"twitter:data1\" content=\"1 minute\" \/>\n<script type=\"application\/ld+json\" class=\"yoast-schema-graph\">{\"@context\":\"https:\\\/\\\/schema.org\",\"@graph\":[{\"@type\":\"WebPage\",\"@id\":\"https:\\\/\\\/www.shcote-nord.org\\\/wp\\\/?page_id=435\",\"url\":\"https:\\\/\\\/www.shcote-nord.org\\\/wp\\\/?page_id=435\",\"name\":\"Revue d\u2019histoire de la C\u00f4te-Nord &#8902; Soci\u00e9t\u00e9 historique de la C\u00f4te-Nord\",\"isPartOf\":{\"@id\":\"https:\\\/\\\/www.shcote-nord.org\\\/wp\\\/#website\"},\"primaryImageOfPage\":{\"@id\":\"https:\\\/\\\/www.shcote-nord.org\\\/wp\\\/?page_id=435#primaryimage\"},\"image\":{\"@id\":\"https:\\\/\\\/www.shcote-nord.org\\\/wp\\\/?page_id=435#primaryimage\"},\"thumbnailUrl\":\"https:\\\/\\\/www.shcote-nord.org\\\/wp\\\/wp-content\\\/uploads\\\/2017\\\/07\\\/Image-\u00e0-la-une-Revues.png\",\"datePublished\":\"2017-07-02T10:07:34+00:00\",\"dateModified\":\"2022-02-08T16:42:27+00:00\",\"description\":\"La Revue d'histoire de la C\u00f4te-Nord (RHCN) est le r\u00e9sultat de la coop\u00e9ration de la Soci\u00e9t\u00e9 historique de la C\u00f4te-Nord et la Soci\u00e9t\u00e9 historique du Golfe.\",\"breadcrumb\":{\"@id\":\"https:\\\/\\\/www.shcote-nord.org\\\/wp\\\/?page_id=435#breadcrumb\"},\"inLanguage\":\"fr-FR\",\"potentialAction\":[{\"@type\":\"ReadAction\",\"target\":[\"https:\\\/\\\/www.shcote-nord.org\\\/wp\\\/?page_id=435\"]}]},{\"@type\":\"ImageObject\",\"inLanguage\":\"fr-FR\",\"@id\":\"https:\\\/\\\/www.shcote-nord.org\\\/wp\\\/?page_id=435#primaryimage\",\"url\":\"https:\\\/\\\/www.shcote-nord.org\\\/wp\\\/wp-content\\\/uploads\\\/2017\\\/07\\\/Image-\u00e0-la-une-Revues.png\",\"contentUrl\":\"https:\\\/\\\/www.shcote-nord.org\\\/wp\\\/wp-content\\\/uploads\\\/2017\\\/07\\\/Image-\u00e0-la-une-Revues.png\",\"width\":1200,\"height\":630},{\"@type\":\"BreadcrumbList\",\"@id\":\"https:\\\/\\\/www.shcote-nord.org\\\/wp\\\/?page_id=435#breadcrumb\",\"itemListElement\":[{\"@type\":\"ListItem\",\"position\":1,\"name\":\"Accueil\",\"item\":\"https:\\\/\\\/www.shcote-nord.org\\\/wp\"},{\"@type\":\"ListItem\",\"position\":2,\"name\":\"Publications\",\"item\":\"https:\\\/\\\/www.shcote-nord.org\\\/wp\\\/?page_id=69\"},{\"@type\":\"ListItem\",\"position\":3,\"name\":\"Revue d\u2019histoire de la C\u00f4te-Nord\"}]},{\"@type\":\"WebSite\",\"@id\":\"https:\\\/\\\/www.shcote-nord.org\\\/wp\\\/#website\",\"url\":\"https:\\\/\\\/www.shcote-nord.org\\\/wp\\\/\",\"name\":\"Soci\u00e9t\u00e9 historique de la C\u00f4te-Nord\",\"description\":\"Centre d&#039;archives priv\u00e9es de la SHCN\",\"publisher\":{\"@id\":\"https:\\\/\\\/www.shcote-nord.org\\\/wp\\\/#organization\"},\"potentialAction\":[{\"@type\":\"SearchAction\",\"target\":{\"@type\":\"EntryPoint\",\"urlTemplate\":\"https:\\\/\\\/www.shcote-nord.org\\\/wp\\\/?s={search_term_string}\"},\"query-input\":{\"@type\":\"PropertyValueSpecification\",\"valueRequired\":true,\"valueName\":\"search_term_string\"}}],\"inLanguage\":\"fr-FR\"},{\"@type\":\"Organization\",\"@id\":\"https:\\\/\\\/www.shcote-nord.org\\\/wp\\\/#organization\",\"name\":\"Soci\u00e9t\u00e9 historique de la C\u00f4te-Nord\",\"url\":\"https:\\\/\\\/www.shcote-nord.org\\\/wp\\\/\",\"logo\":{\"@type\":\"ImageObject\",\"inLanguage\":\"fr-FR\",\"@id\":\"https:\\\/\\\/www.shcote-nord.org\\\/wp\\\/#\\\/schema\\\/logo\\\/image\\\/\",\"url\":\"https:\\\/\\\/i2.wp.com\\\/www.shcote-nord.org\\\/wp\\\/wp-content\\\/uploads\\\/2017\\\/09\\\/Sans-titre-1-copie.png?fit=2543%2C939\",\"contentUrl\":\"https:\\\/\\\/i2.wp.com\\\/www.shcote-nord.org\\\/wp\\\/wp-content\\\/uploads\\\/2017\\\/09\\\/Sans-titre-1-copie.png?fit=2543%2C939\",\"width\":2543,\"height\":939,\"caption\":\"Soci\u00e9t\u00e9 historique de la C\u00f4te-Nord\"},\"image\":{\"@id\":\"https:\\\/\\\/www.shcote-nord.org\\\/wp\\\/#\\\/schema\\\/logo\\\/image\\\/\"},\"sameAs\":[\"https:\\\/\\\/www.facebook.com\\\/shcotenord\\\/\"]}]}<\/script>\n<!-- \/ Yoast SEO plugin. -->","yoast_head_json":{"title":"Revue d\u2019histoire de la C\u00f4te-Nord &#8902; Soci\u00e9t\u00e9 historique de la C\u00f4te-Nord","description":"La Revue d'histoire de la C\u00f4te-Nord (RHCN) est le r\u00e9sultat de la coop\u00e9ration de la Soci\u00e9t\u00e9 historique de la C\u00f4te-Nord et la Soci\u00e9t\u00e9 historique du Golfe.","robots":{"index":"index","follow":"follow","max-snippet":"max-snippet:-1","max-image-preview":"max-image-preview:large","max-video-preview":"max-video-preview:-1"},"canonical":"https:\/\/www.shcote-nord.org\/wp\/?page_id=435","og_locale":"fr_FR","og_type":"article","og_title":"Revue d\u2019histoire de la C\u00f4te-Nord &#8902; Soci\u00e9t\u00e9 historique de la C\u00f4te-Nord","og_description":"La Revue d'histoire de la C\u00f4te-Nord (RHCN) est le r\u00e9sultat de la coop\u00e9ration de la Soci\u00e9t\u00e9 historique de la C\u00f4te-Nord et la Soci\u00e9t\u00e9 historique du Golfe.","og_url":"https:\/\/www.shcote-nord.org\/wp\/?page_id=435","og_site_name":"Soci\u00e9t\u00e9 historique de la C\u00f4te-Nord","article_publisher":"https:\/\/www.facebook.com\/shcotenord\/","article_modified_time":"2022-02-08T16:42:27+00:00","og_image":[{"width":1200,"height":630,"url":"https:\/\/i0.wp.com\/www.shcote-nord.org\/wp\/wp-content\/uploads\/2017\/07\/Image-\u00e0-la-une-Revues.png?fit=1200%2C630&ssl=1","type":"image\/png"}],"twitter_card":"summary_large_image","twitter_misc":{"Dur\u00e9e de lecture estim\u00e9e":"1 minute"},"schema":{"@context":"https:\/\/schema.org","@graph":[{"@type":"WebPage","@id":"https:\/\/www.shcote-nord.org\/wp\/?page_id=435","url":"https:\/\/www.shcote-nord.org\/wp\/?page_id=435","name":"Revue d\u2019histoire de la C\u00f4te-Nord &#8902; Soci\u00e9t\u00e9 historique de la C\u00f4te-Nord","isPartOf":{"@id":"https:\/\/www.shcote-nord.org\/wp\/#website"},"primaryImageOfPage":{"@id":"https:\/\/www.shcote-nord.org\/wp\/?page_id=435#primaryimage"},"image":{"@id":"https:\/\/www.shcote-nord.org\/wp\/?page_id=435#primaryimage"},"thumbnailUrl":"https:\/\/www.shcote-nord.org\/wp\/wp-content\/uploads\/2017\/07\/Image-\u00e0-la-une-Revues.png","datePublished":"2017-07-02T10:07:34+00:00","dateModified":"2022-02-08T16:42:27+00:00","description":"La Revue d'histoire de la C\u00f4te-Nord (RHCN) est le r\u00e9sultat de la coop\u00e9ration de la Soci\u00e9t\u00e9 historique de la C\u00f4te-Nord et la Soci\u00e9t\u00e9 historique du Golfe.","breadcrumb":{"@id":"https:\/\/www.shcote-nord.org\/wp\/?page_id=435#breadcrumb"},"inLanguage":"fr-FR","potentialAction":[{"@type":"ReadAction","target":["https:\/\/www.shcote-nord.org\/wp\/?page_id=435"]}]},{"@type":"ImageObject","inLanguage":"fr-FR","@id":"https:\/\/www.shcote-nord.org\/wp\/?page_id=435#primaryimage","url":"https:\/\/www.shcote-nord.org\/wp\/wp-content\/uploads\/2017\/07\/Image-\u00e0-la-une-Revues.png","contentUrl":"https:\/\/www.shcote-nord.org\/wp\/wp-content\/uploads\/2017\/07\/Image-\u00e0-la-une-Revues.png","width":1200,"height":630},{"@type":"BreadcrumbList","@id":"https:\/\/www.shcote-nord.org\/wp\/?page_id=435#breadcrumb","itemListElement":[{"@type":"ListItem","position":1,"name":"Accueil","item":"https:\/\/www.shcote-nord.org\/wp"},{"@type":"ListItem","position":2,"name":"Publications","item":"https:\/\/www.shcote-nord.org\/wp\/?page_id=69"},{"@type":"ListItem","position":3,"name":"Revue d\u2019histoire de la C\u00f4te-Nord"}]},{"@type":"WebSite","@id":"https:\/\/www.shcote-nord.org\/wp\/#website","url":"https:\/\/www.shcote-nord.org\/wp\/","name":"Soci\u00e9t\u00e9 historique de la C\u00f4te-Nord","description":"Centre d&#039;archives priv\u00e9es de la SHCN","publisher":{"@id":"https:\/\/www.shcote-nord.org\/wp\/#organization"},"potentialAction":[{"@type":"SearchAction","target":{"@type":"EntryPoint","urlTemplate":"https:\/\/www.shcote-nord.org\/wp\/?s={search_term_string}"},"query-input":{"@type":"PropertyValueSpecification","valueRequired":true,"valueName":"search_term_string"}}],"inLanguage":"fr-FR"},{"@type":"Organization","@id":"https:\/\/www.shcote-nord.org\/wp\/#organization","name":"Soci\u00e9t\u00e9 historique de la C\u00f4te-Nord","url":"https:\/\/www.shcote-nord.org\/wp\/","logo":{"@type":"ImageObject","inLanguage":"fr-FR","@id":"https:\/\/www.shcote-nord.org\/wp\/#\/schema\/logo\/image\/","url":"https:\/\/i2.wp.com\/www.shcote-nord.org\/wp\/wp-content\/uploads\/2017\/09\/Sans-titre-1-copie.png?fit=2543%2C939","contentUrl":"https:\/\/i2.wp.com\/www.shcote-nord.org\/wp\/wp-content\/uploads\/2017\/09\/Sans-titre-1-copie.png?fit=2543%2C939","width":2543,"height":939,"caption":"Soci\u00e9t\u00e9 historique de la C\u00f4te-Nord"},"image":{"@id":"https:\/\/www.shcote-nord.org\/wp\/#\/schema\/logo\/image\/"},"sameAs":["https:\/\/www.facebook.com\/shcotenord\/"]}]}},"_links":{"self":[{"href":"https:\/\/www.shcote-nord.org\/wp\/index.php?rest_route=\/wp\/v2\/pages\/435","targetHints":{"allow":["GET"]}}],"collection":[{"href":"https:\/\/www.shcote-nord.org\/wp\/index.php?rest_route=\/wp\/v2\/pages"}],"about":[{"href":"https:\/\/www.shcote-nord.org\/wp\/index.php?rest_route=\/wp\/v2\/types\/page"}],"author":[{"embeddable":true,"href":"https:\/\/www.shcote-nord.org\/wp\/index.php?rest_route=\/wp\/v2\/users\/1"}],"replies":[{"embeddable":true,"href":"https:\/\/www.shcote-nord.org\/wp\/index.php?rest_route=%2Fwp%2Fv2%2Fcomments&post=435"}],"version-history":[{"count":12,"href":"https:\/\/www.shcote-nord.org\/wp\/index.php?rest_route=\/wp\/v2\/pages\/435\/revisions"}],"predecessor-version":[{"id":2962,"href":"https:\/\/www.shcote-nord.org\/wp\/index.php?rest_route=\/wp\/v2\/pages\/435\/revisions\/2962"}],"up":[{"embeddable":true,"href":"https:\/\/www.shcote-nord.org\/wp\/index.php?rest_route=\/wp\/v2\/pages\/69"}],"wp:featuredmedia":[{"embeddable":true,"href":"https:\/\/www.shcote-nord.org\/wp\/index.php?rest_route=\/wp\/v2\/media\/1509"}],"wp:attachment":[{"href":"https:\/\/www.shcote-nord.org\/wp\/index.php?rest_route=%2Fwp%2Fv2%2Fmedia&parent=435"}],"curies":[{"name":"wp","href":"https:\/\/api.w.org\/{rel}","templated":true}]}}