{"id":354,"date":"2017-07-02T05:56:19","date_gmt":"2017-07-02T04:56:19","guid":{"rendered":"https:\/\/exemple9963.wordpress.com\/?page_id=354"},"modified":"2017-11-10T00:10:44","modified_gmt":"2017-11-10T05:10:44","slug":"revue1_10","status":"publish","type":"page","link":"https:\/\/www.shcote-nord.org\/wp\/?page_id=354","title":{"rendered":"Revues 1 \u00e0 10"},"content":{"rendered":"<p>&nbsp;<\/p>\n<div id='gallery-1' class='gallery galleryid-354 gallery-columns-5 gallery-size-thumbnail'><figure class='gallery-item'>\n\t\t\t<div class='gallery-icon portrait'>\n\t\t\t\t<a href='https:\/\/www.shcote-nord.org\/wp\/wp-content\/uploads\/2017\/08\/revue_001.jpg'><img loading=\"lazy\" decoding=\"async\" width=\"150\" height=\"150\" src=\"https:\/\/www.shcote-nord.org\/wp\/wp-content\/uploads\/2017\/08\/revue_001-150x150.jpg\" class=\"attachment-thumbnail size-thumbnail\" alt=\"\" srcset=\"https:\/\/www.shcote-nord.org\/wp\/wp-content\/uploads\/2017\/08\/revue_001-150x150.jpg 150w, https:\/\/www.shcote-nord.org\/wp\/wp-content\/uploads\/2017\/08\/revue_001-75x75.jpg 75w\" sizes=\"auto, (max-width: 150px) 100vw, 150px\" \/><\/a>\n\t\t\t<\/div><\/figure><figure class='gallery-item'>\n\t\t\t<div class='gallery-icon portrait'>\n\t\t\t\t<a href='https:\/\/www.shcote-nord.org\/wp\/wp-content\/uploads\/2017\/08\/revue_002.jpg'><img loading=\"lazy\" decoding=\"async\" width=\"150\" height=\"150\" src=\"https:\/\/www.shcote-nord.org\/wp\/wp-content\/uploads\/2017\/08\/revue_002-150x150.jpg\" class=\"attachment-thumbnail size-thumbnail\" alt=\"\" srcset=\"https:\/\/www.shcote-nord.org\/wp\/wp-content\/uploads\/2017\/08\/revue_002-150x150.jpg 150w, https:\/\/www.shcote-nord.org\/wp\/wp-content\/uploads\/2017\/08\/revue_002-75x75.jpg 75w\" sizes=\"auto, (max-width: 150px) 100vw, 150px\" \/><\/a>\n\t\t\t<\/div><\/figure><figure class='gallery-item'>\n\t\t\t<div class='gallery-icon portrait'>\n\t\t\t\t<a href='https:\/\/www.shcote-nord.org\/wp\/wp-content\/uploads\/2017\/08\/revue_003.jpg'><img loading=\"lazy\" decoding=\"async\" width=\"150\" height=\"150\" src=\"https:\/\/www.shcote-nord.org\/wp\/wp-content\/uploads\/2017\/08\/revue_003-150x150.jpg\" class=\"attachment-thumbnail size-thumbnail\" alt=\"\" srcset=\"https:\/\/www.shcote-nord.org\/wp\/wp-content\/uploads\/2017\/08\/revue_003-150x150.jpg 150w, https:\/\/www.shcote-nord.org\/wp\/wp-content\/uploads\/2017\/08\/revue_003-75x75.jpg 75w\" sizes=\"auto, (max-width: 150px) 100vw, 150px\" \/><\/a>\n\t\t\t<\/div><\/figure><figure class='gallery-item'>\n\t\t\t<div class='gallery-icon portrait'>\n\t\t\t\t<a href='https:\/\/www.shcote-nord.org\/wp\/wp-content\/uploads\/2017\/08\/revue_004.jpg'><img loading=\"lazy\" decoding=\"async\" width=\"150\" height=\"150\" src=\"https:\/\/www.shcote-nord.org\/wp\/wp-content\/uploads\/2017\/08\/revue_004-150x150.jpg\" class=\"attachment-thumbnail size-thumbnail\" alt=\"\" srcset=\"https:\/\/www.shcote-nord.org\/wp\/wp-content\/uploads\/2017\/08\/revue_004-150x150.jpg 150w, https:\/\/www.shcote-nord.org\/wp\/wp-content\/uploads\/2017\/08\/revue_004-75x75.jpg 75w\" sizes=\"auto, (max-width: 150px) 100vw, 150px\" \/><\/a>\n\t\t\t<\/div><\/figure><figure class='gallery-item'>\n\t\t\t<div class='gallery-icon portrait'>\n\t\t\t\t<a href='https:\/\/www.shcote-nord.org\/wp\/wp-content\/uploads\/2017\/08\/revue_005.jpg'><img loading=\"lazy\" decoding=\"async\" width=\"150\" height=\"150\" src=\"https:\/\/www.shcote-nord.org\/wp\/wp-content\/uploads\/2017\/08\/revue_005-150x150.jpg\" class=\"attachment-thumbnail size-thumbnail\" alt=\"\" srcset=\"https:\/\/www.shcote-nord.org\/wp\/wp-content\/uploads\/2017\/08\/revue_005-150x150.jpg 150w, https:\/\/www.shcote-nord.org\/wp\/wp-content\/uploads\/2017\/08\/revue_005-75x75.jpg 75w\" sizes=\"auto, (max-width: 150px) 100vw, 150px\" \/><\/a>\n\t\t\t<\/div><\/figure><figure class='gallery-item'>\n\t\t\t<div class='gallery-icon portrait'>\n\t\t\t\t<a href='https:\/\/www.shcote-nord.org\/wp\/wp-content\/uploads\/2017\/08\/revue_006.jpg'><img loading=\"lazy\" decoding=\"async\" width=\"150\" height=\"150\" src=\"https:\/\/www.shcote-nord.org\/wp\/wp-content\/uploads\/2017\/08\/revue_006-150x150.jpg\" class=\"attachment-thumbnail size-thumbnail\" alt=\"\" srcset=\"https:\/\/www.shcote-nord.org\/wp\/wp-content\/uploads\/2017\/08\/revue_006-150x150.jpg 150w, https:\/\/www.shcote-nord.org\/wp\/wp-content\/uploads\/2017\/08\/revue_006-75x75.jpg 75w\" sizes=\"auto, (max-width: 150px) 100vw, 150px\" \/><\/a>\n\t\t\t<\/div><\/figure><figure class='gallery-item'>\n\t\t\t<div class='gallery-icon portrait'>\n\t\t\t\t<a href='https:\/\/www.shcote-nord.org\/wp\/wp-content\/uploads\/2017\/08\/revue_007.jpg'><img loading=\"lazy\" decoding=\"async\" width=\"150\" height=\"150\" src=\"https:\/\/www.shcote-nord.org\/wp\/wp-content\/uploads\/2017\/08\/revue_007-150x150.jpg\" class=\"attachment-thumbnail size-thumbnail\" alt=\"\" srcset=\"https:\/\/www.shcote-nord.org\/wp\/wp-content\/uploads\/2017\/08\/revue_007-150x150.jpg 150w, https:\/\/www.shcote-nord.org\/wp\/wp-content\/uploads\/2017\/08\/revue_007-75x75.jpg 75w\" sizes=\"auto, (max-width: 150px) 100vw, 150px\" \/><\/a>\n\t\t\t<\/div><\/figure><figure class='gallery-item'>\n\t\t\t<div class='gallery-icon portrait'>\n\t\t\t\t<a href='https:\/\/www.shcote-nord.org\/wp\/wp-content\/uploads\/2017\/08\/revue_008.jpg'><img loading=\"lazy\" decoding=\"async\" width=\"150\" height=\"150\" src=\"https:\/\/www.shcote-nord.org\/wp\/wp-content\/uploads\/2017\/08\/revue_008-150x150.jpg\" class=\"attachment-thumbnail size-thumbnail\" alt=\"\" srcset=\"https:\/\/www.shcote-nord.org\/wp\/wp-content\/uploads\/2017\/08\/revue_008-150x150.jpg 150w, https:\/\/www.shcote-nord.org\/wp\/wp-content\/uploads\/2017\/08\/revue_008-75x75.jpg 75w\" sizes=\"auto, (max-width: 150px) 100vw, 150px\" \/><\/a>\n\t\t\t<\/div><\/figure><figure class='gallery-item'>\n\t\t\t<div class='gallery-icon portrait'>\n\t\t\t\t<a href='https:\/\/www.shcote-nord.org\/wp\/wp-content\/uploads\/2017\/08\/revue_009.jpg'><img loading=\"lazy\" decoding=\"async\" width=\"150\" height=\"150\" src=\"https:\/\/www.shcote-nord.org\/wp\/wp-content\/uploads\/2017\/08\/revue_009-150x150.jpg\" class=\"attachment-thumbnail size-thumbnail\" alt=\"\" srcset=\"https:\/\/www.shcote-nord.org\/wp\/wp-content\/uploads\/2017\/08\/revue_009-150x150.jpg 150w, https:\/\/www.shcote-nord.org\/wp\/wp-content\/uploads\/2017\/08\/revue_009-75x75.jpg 75w\" sizes=\"auto, (max-width: 150px) 100vw, 150px\" \/><\/a>\n\t\t\t<\/div><\/figure><figure class='gallery-item'>\n\t\t\t<div class='gallery-icon portrait'>\n\t\t\t\t<a href='https:\/\/www.shcote-nord.org\/wp\/wp-content\/uploads\/2017\/08\/revue_010.jpg'><img loading=\"lazy\" decoding=\"async\" width=\"150\" height=\"150\" src=\"https:\/\/www.shcote-nord.org\/wp\/wp-content\/uploads\/2017\/08\/revue_010-150x150.jpg\" class=\"attachment-thumbnail size-thumbnail\" alt=\"\" srcset=\"https:\/\/www.shcote-nord.org\/wp\/wp-content\/uploads\/2017\/08\/revue_010-150x150.jpg 150w, https:\/\/www.shcote-nord.org\/wp\/wp-content\/uploads\/2017\/08\/revue_010-75x75.jpg 75w\" sizes=\"auto, (max-width: 150px) 100vw, 150px\" \/><\/a>\n\t\t\t<\/div><\/figure>\n\t\t<\/div>\n\n<h4><span style=\"color: #31ce31;\"><span style=\"color: #cccccc;\">Revue d&rsquo;histoire de la C\u00f4te-Nord | num\u00e9ro 1, 1984 |<\/span>\u00a0co\u00fbt 4,00 $<\/span><\/h4>\n<ul>\n<li>La l\u00e9gende du serpent de mer<\/li>\n<li>Une page d&rsquo;histoire dans l&rsquo;\u00c9glise de la c\u00f4te<\/li>\n<li>Un fameux homme de mer<\/li>\n<li>L&rsquo;histoire de la 138<\/li>\n<li>Clarke City: 75 ans apr\u00e8s<\/li>\n<li>La saga des Vikings<\/li>\n<li>L&rsquo;hommage au chef<\/li>\n<li>\u00c0 l&rsquo;\u00e9poque du secours direct<\/li>\n<li>Des images d&rsquo;autrefois<\/li>\n<\/ul>\n<hr \/>\n<h4><span style=\"color: #31ce31;\"><span style=\"color: #cccccc;\">Revue d&rsquo;histoire de la C\u00f4te-Nord | num\u00e9ro 2, 1984 |\u00a0<\/span>co\u00fbt 4,00 $<\/span><\/h4>\n<ul>\n<li>Baie-Comeau: Terre promise<\/li>\n<li>Premi\u00e8re \u00e9lection aux Iles-de-la-Madeleine, en 1987<\/li>\n<li>Projets et r\u00e9alisations des fr\u00e8res Clarke<\/li>\n<li>Les compagnies jerseyaises<\/li>\n<li>Un pionnier: Monsieur Auguste Thibault<\/li>\n<li>Origine du nom Magpie<\/li>\n<li>Ne mets pas tes raquettes dans les miennes<\/li>\n<li>En croisi\u00e8re \u00e0 Tadoussac<\/li>\n<li>Le premier t\u00e9l\u00e9phone \u00e0 Sept-Iles<\/li>\n<\/ul>\n<hr \/>\n<h4><span style=\"color: #31ce31;\"><span style=\"color: #cccccc;\">Revue d&rsquo;histoire de la C\u00f4te-Nord | num\u00e9ro 3, 1985 |<\/span>\u00a0co\u00fbt 4,00 $<\/span><\/h4>\n<ul>\n<li>Le patrimoine \u00e0 vue d&rsquo;oeil<\/li>\n<li>Le cauchemar de la grippe espagnole<\/li>\n<li>La grande histoire de la petite chapelle des Ilets-de-J\u00e9r\u00e9mie<\/li>\n<li>L&rsquo;occupation pr\u00e9historique \u00e0 Grandes-Bergeronnes<\/li>\n<li>Mary Chouinard-Jourdain<\/li>\n<li>Le cur\u00e9 l&rsquo;avait bien dit<\/li>\n<li>Le leader qu&rsquo;il fallait<\/li>\n<li>Natashquan en 1911<\/li>\n<li>Plusieurs navires \u00e9chou\u00e8rent \u00e0 nos pieds<\/li>\n<li>Monsieur Robert C\u00f4t\u00e9, un pionnier de notre histoire<\/li>\n<li>\u00c0 la recherche de mes anc\u00eatres<\/li>\n<li>Des images d&rsquo;autrefois<\/li>\n<\/ul>\n<hr \/>\n<h4><span style=\"color: #31ce31;\"><span style=\"color: #cccccc;\">Revue d&rsquo;histoire de la C\u00f4te-Nord | num\u00e9ro 4, 1985 |<\/span>\u00a0co\u00fbt 4,00 $<\/span><\/h4>\n<ul>\n<li>Le patrimoine archivistique des Nord-C\u00f4tiers et la Loi sur les archives<\/li>\n<li>L&rsquo;\u00c9glise au nord du Qu\u00e9bec et au Labrador<\/li>\n<li>L&rsquo;information sur la C\u00f4te-Nord: de 1900 \u00e0 aujourd&rsquo;hui<\/li>\n<li>Des espions Allemand sur la C\u00f4te-Nord!<\/li>\n<li>Le vieux poste Manicouagan<\/li>\n<li>Le transport a\u00e9rien \u00e0 Sept-Iles<\/li>\n<li>L&rsquo;\u00e9criture, Monsieur Jacques Cartier, la C\u00f4te-Nord et nous<\/li>\n<li>Quelques-uns de nos pionniers<\/li>\n<li>Regard sur l&rsquo;\u00e9ducation sur la C\u00f4te-Nord<\/li>\n<li>Des images d&rsquo;autrefois<\/li>\n<\/ul>\n<hr \/>\n<h4><span style=\"color: #31ce31;\"><span style=\"color: #cccccc;\">Revue d&rsquo;histoire de la C\u00f4te-Nord | num\u00e9ro 5, 1986 |<\/span>\u00a0co\u00fbt 4,00 $<\/span><\/h4>\n<ul>\n<li>Une colonisation laborieuse<\/li>\n<li>Le patrimoine \u00e0 vue d&rsquo;oeil<\/li>\n<li>Une femme en for\u00eat<\/li>\n<li>Une page d&rsquo;histoire dans l&rsquo;\u00c9glise de la c\u00f4te<\/li>\n<li>Une saison de chasse chez les Am\u00e9rindiens<\/li>\n<li>Un village qui bougeait<\/li>\n<li>Un bien terrible monstre<\/li>\n<li>Les griffonnages de Monsieur Placide Vigneau<\/li>\n<li>Des fresques remarquables<\/li>\n<li>La collection Jauffret<\/li>\n<\/ul>\n<hr \/>\n<h4><span style=\"color: #31ce31;\"><span style=\"color: #cccccc;\">Revue d&rsquo;histoire de la C\u00f4te-Nord | num\u00e9ro 6, 1986 |<\/span>\u00a03,00 $<\/span><\/h4>\n<ul>\n<li>Le patrimoine archivistique des Nord-C\u00f4tiers: les documents photographiques<\/li>\n<li>La basse C\u00f4te-Nord s&rsquo;ouvre \u00e0 l&rsquo;\u00c9ducation<\/li>\n<li>Premi\u00e8re Soci\u00e9t\u00e9 de g\u00e9n\u00e9alogie sur la C\u00f4te-Nord<\/li>\n<li>Les d\u00e9buts du village de Moisie-Ouest (1669-1875)<\/li>\n<li>\u00c0 Sept-Iles, un maire oubli\u00e9?<\/li>\n<li>Le premier maire de Natashquan<\/li>\n<li>Si la coop\u00e9ration m&rsquo;\u00e9tait cont\u00e9e<\/li>\n<li>Les Morin de Godbout et leur anc\u00eatre, Monsieur Adolphe Morin<\/li>\n<li>Mes jeunes ann\u00e9es \u00e0 Godbout<\/li>\n<li>Les barbiers de Baie-Comeau<\/li>\n<li>Le naufrage de deux chasseurs de loups-marins<\/li>\n<li>L&rsquo;\u00c9volution de Port-Cartier des origines \u00e0 nos jours<\/li>\n<li>Des images d&rsquo;autrefois<\/li>\n<\/ul>\n<hr \/>\n<h4><span style=\"color: #31ce31;\"><span style=\"color: #cccccc;\">Revue d&rsquo;histoire de la C\u00f4te-Nord | num\u00e9ro 7, 1987 |<\/span>\u00a0co\u00fbt 4,00 $<\/span><\/h4>\n<ul>\n<li>D\u00e9j\u00e0 quarante ans: La Soci\u00e9t\u00e9 historique de la C\u00f4te-Nord<\/li>\n<li>Une cloche \u00e0 toute \u00e9preuve<\/li>\n<li>Sage-femme et infirmi\u00e8re, deux m\u00e9tiers traditionnels<\/li>\n<li>Les chemins de fer de la C\u00f4te-Nord: de la voie ferr\u00e9e \u00e0 la voie d&rsquo;\u00e9vitement<\/li>\n<li>Un patrimoine menac\u00e9<\/li>\n<li>Un exploit l\u00e9gendaire<\/li>\n<li>Un magasin g\u00e9n\u00e9ral \u00e0 Godbout<\/li>\n<li>Une page d&rsquo;histoire de l&rsquo;\u00c9glise de la C\u00f4te<\/li>\n<li>Des secours aux naufrag\u00e9s et le vieux phare de Pointe-des-Monts<\/li>\n<li>Des images d&rsquo;autrefois<\/li>\n<\/ul>\n<hr \/>\n<h4><span style=\"color: #31ce31;\"><span style=\"color: #cccccc;\">Revue d&rsquo;histoire de la C\u00f4te-Nord | num\u00e9ro 8, 1987 |\u00a0<\/span>3,00 $<\/span><\/h4>\n<ul>\n<li>Sur les traces des Basques<\/li>\n<li>Le voyage inaugural du North Shore (en ao\u00fbt 1946)<\/li>\n<li>Pierre vives<\/li>\n<li>Les origines de la famille Jomphe au Canada<\/li>\n<li>Les Clercs de Saint-Viateur sur la C\u00f4te-Nord<\/li>\n<li>75 ans &#8211; 15 juillet 1912 au 15 juillet 1987<\/li>\n<li>Le capelan<\/li>\n<li>Monsieur Hugh Chisholm, aventurier<\/li>\n<li>Labrieville-Bersimis: le premier m\u00e9ga-projet de la C\u00f4te-Nord<\/li>\n<li>L&rsquo;\u00cele-aux-oeufs, un patrimoine maritime \u00e0 d\u00e9couvrir<\/li>\n<li>Natashquan, hier et aujourd&rsquo;hui<\/li>\n<li>Des images d&rsquo;autrefois<\/li>\n<\/ul>\n<hr \/>\n<h4><span style=\"color: #31ce31;\"><span style=\"color: #cccccc;\">Revue d&rsquo;histoire de la C\u00f4te-Nord | num\u00e9ro 9, 1988 |<\/span>\u00a0co\u00fbt 4,00 $<\/span><\/h4>\n<ul>\n<li>Alphonsia<\/li>\n<li>Donald Alexander Smith, agent de la Cie de la Baie d&rsquo;Hudson (1838-1868)<\/li>\n<li>Le territoire de chasse chez les Montagnais<\/li>\n<li>Des photographies d&rsquo;antan: la collection Armand Topping<\/li>\n<li>Des tireurs d&rsquo;horoscope dans les tasses de th\u00e9<\/li>\n<li>Aguanish, village de jadis<\/li>\n<li>Les origines de Pointe-aux-Outardes<\/li>\n<li>Le couvent de Havre Saint-Pierre<\/li>\n<li>L&rsquo;\u00e9pop\u00e9e de la chasse au loup-marin<\/li>\n<\/ul>\n<hr \/>\n<h4><span style=\"color: #31ce31;\">Revue d&rsquo;histoire de la C\u00f4te-Nord | num\u00e9ro 10, 1989 |\u00a03,00 $<\/span><\/h4>\n<ul>\n<li>Archives nationales du Qu\u00e9bec: une pr\u00e9sence r\u00e9gionale<\/li>\n<li>Saint-Joseph de Sept-Iles<\/li>\n<li>Un premier r\u00e9pertoire des mariages<\/li>\n<li>Une terrible trag\u00e9die maritime: le naufrage du St-Olaf<\/li>\n<li>Ville de Gagnon: esquisse de 25 ans d&rsquo;histoire<\/li>\n<li>Historique de la biblioth\u00e8que municipale de Sept-Iles<\/li>\n<li>Des ch\u00f4meurs \u00e0 Sept-Iles au d\u00e9but des ann\u00e9es 1960<\/li>\n<li>Les Landry<\/li>\n<li>Des images d&rsquo;autrefois<\/li>\n<\/ul>\n","protected":false},"excerpt":{"rendered":"<p>&nbsp; Revue d&rsquo;histoire de la C\u00f4te-Nord | num\u00e9ro 1, 1984 |\u00a0co\u00fbt 4,00 $ La l\u00e9gende du serpent de mer Une page d&rsquo;histoire dans l&rsquo;\u00c9glise de la c\u00f4te Un fameux homme de mer L&rsquo;histoire de la 138 Clarke City: 75 ans apr\u00e8s La saga des Vikings L&rsquo;hommage au chef \u00c0 l&rsquo;\u00e9poque du secours direct Des images &hellip; <a href=\"https:\/\/www.shcote-nord.org\/wp\/?page_id=354\" class=\"more-link\">Lire la suite de <span class=\"screen-reader-text\">Revues 1 \u00e0 10<\/span><\/a><\/p>\n","protected":false},"author":1,"featured_media":1509,"parent":435,"menu_order":0,"comment_status":"closed","ping_status":"closed","template":"","meta":{"_mc_calendar":[],"footnotes":""},"class_list":["post-354","page","type-page","status-publish","has-post-thumbnail","hentry"],"yoast_head":"<!-- This site is optimized with the Yoast SEO plugin v27.4 - https:\/\/yoast.com\/product\/yoast-seo-wordpress\/ -->\n<title>Revues 1 \u00e0 10 &#8902; Soci\u00e9t\u00e9 historique de la C\u00f4te-Nord<\/title>\n<meta name=\"description\" content=\"De 1984 \u00e0 1989, les Revues d&#039;histoire de la C\u00f4te-Nord, num\u00e9ro 1 \u00e0 10: vous trouverez les titres des articles qui s&#039;y trouvent.\" \/>\n<meta name=\"robots\" content=\"index, follow, max-snippet:-1, max-image-preview:large, max-video-preview:-1\" \/>\n<link rel=\"canonical\" href=\"https:\/\/www.shcote-nord.org\/wp\/?page_id=354\" \/>\n<meta property=\"og:locale\" content=\"fr_FR\" \/>\n<meta property=\"og:type\" content=\"article\" \/>\n<meta property=\"og:title\" content=\"Revues 1 \u00e0 10 &#8902; Soci\u00e9t\u00e9 historique de la C\u00f4te-Nord\" \/>\n<meta property=\"og:description\" content=\"De 1984 \u00e0 1989, les Revues d&#039;histoire de la C\u00f4te-Nord, num\u00e9ro 1 \u00e0 10: vous trouverez les titres des articles qui s&#039;y trouvent.\" \/>\n<meta property=\"og:url\" content=\"https:\/\/www.shcote-nord.org\/wp\/?page_id=354\" \/>\n<meta property=\"og:site_name\" content=\"Soci\u00e9t\u00e9 historique de la C\u00f4te-Nord\" \/>\n<meta property=\"article:publisher\" content=\"https:\/\/www.facebook.com\/shcotenord\/\" \/>\n<meta property=\"article:modified_time\" content=\"2017-11-10T05:10:44+00:00\" \/>\n<meta property=\"og:image\" content=\"https:\/\/i0.wp.com\/www.shcote-nord.org\/wp\/wp-content\/uploads\/2017\/07\/Image-\u00e0-la-une-Revues.png?fit=1200%2C630&ssl=1\" \/>\n\t<meta property=\"og:image:width\" content=\"1200\" \/>\n\t<meta property=\"og:image:height\" content=\"630\" \/>\n\t<meta property=\"og:image:type\" content=\"image\/png\" \/>\n<meta name=\"twitter:card\" content=\"summary_large_image\" \/>\n<meta name=\"twitter:label1\" content=\"Dur\u00e9e de lecture estim\u00e9e\" \/>\n\t<meta name=\"twitter:data1\" content=\"4 minutes\" \/>\n<script type=\"application\/ld+json\" class=\"yoast-schema-graph\">{\"@context\":\"https:\\\/\\\/schema.org\",\"@graph\":[{\"@type\":\"WebPage\",\"@id\":\"https:\\\/\\\/www.shcote-nord.org\\\/wp\\\/?page_id=354\",\"url\":\"https:\\\/\\\/www.shcote-nord.org\\\/wp\\\/?page_id=354\",\"name\":\"Revues 1 \u00e0 10 &#8902; Soci\u00e9t\u00e9 historique de la C\u00f4te-Nord\",\"isPartOf\":{\"@id\":\"https:\\\/\\\/www.shcote-nord.org\\\/wp\\\/#website\"},\"primaryImageOfPage\":{\"@id\":\"https:\\\/\\\/www.shcote-nord.org\\\/wp\\\/?page_id=354#primaryimage\"},\"image\":{\"@id\":\"https:\\\/\\\/www.shcote-nord.org\\\/wp\\\/?page_id=354#primaryimage\"},\"thumbnailUrl\":\"https:\\\/\\\/www.shcote-nord.org\\\/wp\\\/wp-content\\\/uploads\\\/2017\\\/07\\\/Image-\u00e0-la-une-Revues.png\",\"datePublished\":\"2017-07-02T04:56:19+00:00\",\"dateModified\":\"2017-11-10T05:10:44+00:00\",\"description\":\"De 1984 \u00e0 1989, les Revues d'histoire de la C\u00f4te-Nord, num\u00e9ro 1 \u00e0 10: vous trouverez les titres des articles qui s'y trouvent.\",\"breadcrumb\":{\"@id\":\"https:\\\/\\\/www.shcote-nord.org\\\/wp\\\/?page_id=354#breadcrumb\"},\"inLanguage\":\"fr-FR\",\"potentialAction\":[{\"@type\":\"ReadAction\",\"target\":[\"https:\\\/\\\/www.shcote-nord.org\\\/wp\\\/?page_id=354\"]}]},{\"@type\":\"ImageObject\",\"inLanguage\":\"fr-FR\",\"@id\":\"https:\\\/\\\/www.shcote-nord.org\\\/wp\\\/?page_id=354#primaryimage\",\"url\":\"https:\\\/\\\/www.shcote-nord.org\\\/wp\\\/wp-content\\\/uploads\\\/2017\\\/07\\\/Image-\u00e0-la-une-Revues.png\",\"contentUrl\":\"https:\\\/\\\/www.shcote-nord.org\\\/wp\\\/wp-content\\\/uploads\\\/2017\\\/07\\\/Image-\u00e0-la-une-Revues.png\",\"width\":1200,\"height\":630},{\"@type\":\"BreadcrumbList\",\"@id\":\"https:\\\/\\\/www.shcote-nord.org\\\/wp\\\/?page_id=354#breadcrumb\",\"itemListElement\":[{\"@type\":\"ListItem\",\"position\":1,\"name\":\"Accueil\",\"item\":\"https:\\\/\\\/www.shcote-nord.org\\\/wp\"},{\"@type\":\"ListItem\",\"position\":2,\"name\":\"Publications\",\"item\":\"https:\\\/\\\/www.shcote-nord.org\\\/wp\\\/?page_id=69\"},{\"@type\":\"ListItem\",\"position\":3,\"name\":\"Revue d\u2019histoire de la C\u00f4te-Nord\",\"item\":\"https:\\\/\\\/www.shcote-nord.org\\\/wp\\\/?page_id=435\"},{\"@type\":\"ListItem\",\"position\":4,\"name\":\"Revues 1 \u00e0 10\"}]},{\"@type\":\"WebSite\",\"@id\":\"https:\\\/\\\/www.shcote-nord.org\\\/wp\\\/#website\",\"url\":\"https:\\\/\\\/www.shcote-nord.org\\\/wp\\\/\",\"name\":\"Soci\u00e9t\u00e9 historique de la C\u00f4te-Nord\",\"description\":\"Centre d&#039;archives priv\u00e9es de la SHCN\",\"publisher\":{\"@id\":\"https:\\\/\\\/www.shcote-nord.org\\\/wp\\\/#organization\"},\"potentialAction\":[{\"@type\":\"SearchAction\",\"target\":{\"@type\":\"EntryPoint\",\"urlTemplate\":\"https:\\\/\\\/www.shcote-nord.org\\\/wp\\\/?s={search_term_string}\"},\"query-input\":{\"@type\":\"PropertyValueSpecification\",\"valueRequired\":true,\"valueName\":\"search_term_string\"}}],\"inLanguage\":\"fr-FR\"},{\"@type\":\"Organization\",\"@id\":\"https:\\\/\\\/www.shcote-nord.org\\\/wp\\\/#organization\",\"name\":\"Soci\u00e9t\u00e9 historique de la C\u00f4te-Nord\",\"url\":\"https:\\\/\\\/www.shcote-nord.org\\\/wp\\\/\",\"logo\":{\"@type\":\"ImageObject\",\"inLanguage\":\"fr-FR\",\"@id\":\"https:\\\/\\\/www.shcote-nord.org\\\/wp\\\/#\\\/schema\\\/logo\\\/image\\\/\",\"url\":\"https:\\\/\\\/i2.wp.com\\\/www.shcote-nord.org\\\/wp\\\/wp-content\\\/uploads\\\/2017\\\/09\\\/Sans-titre-1-copie.png?fit=2543%2C939\",\"contentUrl\":\"https:\\\/\\\/i2.wp.com\\\/www.shcote-nord.org\\\/wp\\\/wp-content\\\/uploads\\\/2017\\\/09\\\/Sans-titre-1-copie.png?fit=2543%2C939\",\"width\":2543,\"height\":939,\"caption\":\"Soci\u00e9t\u00e9 historique de la C\u00f4te-Nord\"},\"image\":{\"@id\":\"https:\\\/\\\/www.shcote-nord.org\\\/wp\\\/#\\\/schema\\\/logo\\\/image\\\/\"},\"sameAs\":[\"https:\\\/\\\/www.facebook.com\\\/shcotenord\\\/\"]}]}<\/script>\n<!-- \/ Yoast SEO plugin. -->","yoast_head_json":{"title":"Revues 1 \u00e0 10 &#8902; Soci\u00e9t\u00e9 historique de la C\u00f4te-Nord","description":"De 1984 \u00e0 1989, les Revues d'histoire de la C\u00f4te-Nord, num\u00e9ro 1 \u00e0 10: vous trouverez les titres des articles qui s'y trouvent.","robots":{"index":"index","follow":"follow","max-snippet":"max-snippet:-1","max-image-preview":"max-image-preview:large","max-video-preview":"max-video-preview:-1"},"canonical":"https:\/\/www.shcote-nord.org\/wp\/?page_id=354","og_locale":"fr_FR","og_type":"article","og_title":"Revues 1 \u00e0 10 &#8902; Soci\u00e9t\u00e9 historique de la C\u00f4te-Nord","og_description":"De 1984 \u00e0 1989, les Revues d'histoire de la C\u00f4te-Nord, num\u00e9ro 1 \u00e0 10: vous trouverez les titres des articles qui s'y trouvent.","og_url":"https:\/\/www.shcote-nord.org\/wp\/?page_id=354","og_site_name":"Soci\u00e9t\u00e9 historique de la C\u00f4te-Nord","article_publisher":"https:\/\/www.facebook.com\/shcotenord\/","article_modified_time":"2017-11-10T05:10:44+00:00","og_image":[{"width":1200,"height":630,"url":"https:\/\/i0.wp.com\/www.shcote-nord.org\/wp\/wp-content\/uploads\/2017\/07\/Image-\u00e0-la-une-Revues.png?fit=1200%2C630&ssl=1","type":"image\/png"}],"twitter_card":"summary_large_image","twitter_misc":{"Dur\u00e9e de lecture estim\u00e9e":"4 minutes"},"schema":{"@context":"https:\/\/schema.org","@graph":[{"@type":"WebPage","@id":"https:\/\/www.shcote-nord.org\/wp\/?page_id=354","url":"https:\/\/www.shcote-nord.org\/wp\/?page_id=354","name":"Revues 1 \u00e0 10 &#8902; Soci\u00e9t\u00e9 historique de la C\u00f4te-Nord","isPartOf":{"@id":"https:\/\/www.shcote-nord.org\/wp\/#website"},"primaryImageOfPage":{"@id":"https:\/\/www.shcote-nord.org\/wp\/?page_id=354#primaryimage"},"image":{"@id":"https:\/\/www.shcote-nord.org\/wp\/?page_id=354#primaryimage"},"thumbnailUrl":"https:\/\/www.shcote-nord.org\/wp\/wp-content\/uploads\/2017\/07\/Image-\u00e0-la-une-Revues.png","datePublished":"2017-07-02T04:56:19+00:00","dateModified":"2017-11-10T05:10:44+00:00","description":"De 1984 \u00e0 1989, les Revues d'histoire de la C\u00f4te-Nord, num\u00e9ro 1 \u00e0 10: vous trouverez les titres des articles qui s'y trouvent.","breadcrumb":{"@id":"https:\/\/www.shcote-nord.org\/wp\/?page_id=354#breadcrumb"},"inLanguage":"fr-FR","potentialAction":[{"@type":"ReadAction","target":["https:\/\/www.shcote-nord.org\/wp\/?page_id=354"]}]},{"@type":"ImageObject","inLanguage":"fr-FR","@id":"https:\/\/www.shcote-nord.org\/wp\/?page_id=354#primaryimage","url":"https:\/\/www.shcote-nord.org\/wp\/wp-content\/uploads\/2017\/07\/Image-\u00e0-la-une-Revues.png","contentUrl":"https:\/\/www.shcote-nord.org\/wp\/wp-content\/uploads\/2017\/07\/Image-\u00e0-la-une-Revues.png","width":1200,"height":630},{"@type":"BreadcrumbList","@id":"https:\/\/www.shcote-nord.org\/wp\/?page_id=354#breadcrumb","itemListElement":[{"@type":"ListItem","position":1,"name":"Accueil","item":"https:\/\/www.shcote-nord.org\/wp"},{"@type":"ListItem","position":2,"name":"Publications","item":"https:\/\/www.shcote-nord.org\/wp\/?page_id=69"},{"@type":"ListItem","position":3,"name":"Revue d\u2019histoire de la C\u00f4te-Nord","item":"https:\/\/www.shcote-nord.org\/wp\/?page_id=435"},{"@type":"ListItem","position":4,"name":"Revues 1 \u00e0 10"}]},{"@type":"WebSite","@id":"https:\/\/www.shcote-nord.org\/wp\/#website","url":"https:\/\/www.shcote-nord.org\/wp\/","name":"Soci\u00e9t\u00e9 historique de la C\u00f4te-Nord","description":"Centre d&#039;archives priv\u00e9es de la SHCN","publisher":{"@id":"https:\/\/www.shcote-nord.org\/wp\/#organization"},"potentialAction":[{"@type":"SearchAction","target":{"@type":"EntryPoint","urlTemplate":"https:\/\/www.shcote-nord.org\/wp\/?s={search_term_string}"},"query-input":{"@type":"PropertyValueSpecification","valueRequired":true,"valueName":"search_term_string"}}],"inLanguage":"fr-FR"},{"@type":"Organization","@id":"https:\/\/www.shcote-nord.org\/wp\/#organization","name":"Soci\u00e9t\u00e9 historique de la C\u00f4te-Nord","url":"https:\/\/www.shcote-nord.org\/wp\/","logo":{"@type":"ImageObject","inLanguage":"fr-FR","@id":"https:\/\/www.shcote-nord.org\/wp\/#\/schema\/logo\/image\/","url":"https:\/\/i2.wp.com\/www.shcote-nord.org\/wp\/wp-content\/uploads\/2017\/09\/Sans-titre-1-copie.png?fit=2543%2C939","contentUrl":"https:\/\/i2.wp.com\/www.shcote-nord.org\/wp\/wp-content\/uploads\/2017\/09\/Sans-titre-1-copie.png?fit=2543%2C939","width":2543,"height":939,"caption":"Soci\u00e9t\u00e9 historique de la C\u00f4te-Nord"},"image":{"@id":"https:\/\/www.shcote-nord.org\/wp\/#\/schema\/logo\/image\/"},"sameAs":["https:\/\/www.facebook.com\/shcotenord\/"]}]}},"_links":{"self":[{"href":"https:\/\/www.shcote-nord.org\/wp\/index.php?rest_route=\/wp\/v2\/pages\/354","targetHints":{"allow":["GET"]}}],"collection":[{"href":"https:\/\/www.shcote-nord.org\/wp\/index.php?rest_route=\/wp\/v2\/pages"}],"about":[{"href":"https:\/\/www.shcote-nord.org\/wp\/index.php?rest_route=\/wp\/v2\/types\/page"}],"author":[{"embeddable":true,"href":"https:\/\/www.shcote-nord.org\/wp\/index.php?rest_route=\/wp\/v2\/users\/1"}],"replies":[{"embeddable":true,"href":"https:\/\/www.shcote-nord.org\/wp\/index.php?rest_route=%2Fwp%2Fv2%2Fcomments&post=354"}],"version-history":[{"count":10,"href":"https:\/\/www.shcote-nord.org\/wp\/index.php?rest_route=\/wp\/v2\/pages\/354\/revisions"}],"predecessor-version":[{"id":1750,"href":"https:\/\/www.shcote-nord.org\/wp\/index.php?rest_route=\/wp\/v2\/pages\/354\/revisions\/1750"}],"up":[{"embeddable":true,"href":"https:\/\/www.shcote-nord.org\/wp\/index.php?rest_route=\/wp\/v2\/pages\/435"}],"wp:featuredmedia":[{"embeddable":true,"href":"https:\/\/www.shcote-nord.org\/wp\/index.php?rest_route=\/wp\/v2\/media\/1509"}],"wp:attachment":[{"href":"https:\/\/www.shcote-nord.org\/wp\/index.php?rest_route=%2Fwp%2Fv2%2Fmedia&parent=354"}],"curies":[{"name":"wp","href":"https:\/\/api.w.org\/{rel}","templated":true}]}}