{"id":3039,"date":"2022-06-22T13:16:59","date_gmt":"2022-06-22T18:16:59","guid":{"rendered":"http:\/\/www.shcote-nord.org\/wp\/?page_id=3039"},"modified":"2025-05-01T08:42:54","modified_gmt":"2025-05-01T13:42:54","slug":"revues-71-a-80","status":"publish","type":"page","link":"https:\/\/www.shcote-nord.org\/wp\/?page_id=3039","title":{"rendered":"Revues 71 \u00e0 80"},"content":{"rendered":"<div id='gallery-1' class='gallery galleryid-3039 gallery-columns-5 gallery-size-thumbnail'><figure class='gallery-item'>\n\t\t\t<div class='gallery-icon portrait'>\n\t\t\t\t<img loading=\"lazy\" decoding=\"async\" width=\"150\" height=\"150\" src=\"https:\/\/www.shcote-nord.org\/wp\/wp-content\/uploads\/2022\/06\/Couverture_2021-150x150.jpg\" class=\"attachment-thumbnail size-thumbnail\" alt=\"\" aria-describedby=\"gallery-1-3028\" srcset=\"https:\/\/www.shcote-nord.org\/wp\/wp-content\/uploads\/2022\/06\/Couverture_2021-150x150.jpg 150w, https:\/\/www.shcote-nord.org\/wp\/wp-content\/uploads\/2022\/06\/Couverture_2021-75x75.jpg 75w\" sizes=\"auto, (max-width: 150px) 100vw, 150px\" \/>\n\t\t\t<\/div>\n\t\t\t\t<figcaption class='wp-caption-text gallery-caption' id='gallery-1-3028'>\n\t\t\t\tRevue 2021\n\t\t\t\t<\/figcaption><\/figure><figure class='gallery-item'>\n\t\t\t<div class='gallery-icon portrait'>\n\t\t\t\t<img loading=\"lazy\" decoding=\"async\" width=\"150\" height=\"150\" src=\"https:\/\/www.shcote-nord.org\/wp\/wp-content\/uploads\/2022\/06\/Revue2022-150x150.jpg\" class=\"attachment-thumbnail size-thumbnail\" alt=\"\" aria-describedby=\"gallery-1-3174\" srcset=\"https:\/\/www.shcote-nord.org\/wp\/wp-content\/uploads\/2022\/06\/Revue2022-150x150.jpg 150w, https:\/\/www.shcote-nord.org\/wp\/wp-content\/uploads\/2022\/06\/Revue2022-75x75.jpg 75w\" sizes=\"auto, (max-width: 150px) 100vw, 150px\" \/>\n\t\t\t<\/div>\n\t\t\t\t<figcaption class='wp-caption-text gallery-caption' id='gallery-1-3174'>\n\t\t\t\tRevue 2022\n\t\t\t\t<\/figcaption><\/figure><figure class='gallery-item'>\n\t\t\t<div class='gallery-icon portrait'>\n\t\t\t\t<img loading=\"lazy\" decoding=\"async\" width=\"150\" height=\"150\" src=\"https:\/\/www.shcote-nord.org\/wp\/wp-content\/uploads\/2023\/04\/6510-UneRevue2023-150x150.png\" class=\"attachment-thumbnail size-thumbnail\" alt=\"\" aria-describedby=\"gallery-1-46819\" srcset=\"https:\/\/www.shcote-nord.org\/wp\/wp-content\/uploads\/2023\/04\/6510-UneRevue2023-150x150.png 150w, https:\/\/www.shcote-nord.org\/wp\/wp-content\/uploads\/2023\/04\/6510-UneRevue2023-75x75.png 75w\" sizes=\"auto, (max-width: 150px) 100vw, 150px\" \/>\n\t\t\t<\/div>\n\t\t\t\t<figcaption class='wp-caption-text gallery-caption' id='gallery-1-46819'>\n\t\t\t\tRevue 2023\n\t\t\t\t<\/figcaption><\/figure><figure class='gallery-item'>\n\t\t\t<div class='gallery-icon portrait'>\n\t\t\t\t<img loading=\"lazy\" decoding=\"async\" width=\"150\" height=\"150\" src=\"https:\/\/www.shcote-nord.org\/wp\/wp-content\/uploads\/2024\/04\/6510-Couverture_2024_50-150x150.jpg\" class=\"attachment-thumbnail size-thumbnail\" alt=\"\" aria-describedby=\"gallery-1-46967\" srcset=\"https:\/\/www.shcote-nord.org\/wp\/wp-content\/uploads\/2024\/04\/6510-Couverture_2024_50-150x150.jpg 150w, https:\/\/www.shcote-nord.org\/wp\/wp-content\/uploads\/2024\/04\/6510-Couverture_2024_50-75x75.jpg 75w\" sizes=\"auto, (max-width: 150px) 100vw, 150px\" \/>\n\t\t\t<\/div>\n\t\t\t\t<figcaption class='wp-caption-text gallery-caption' id='gallery-1-46967'>\n\t\t\t\tRevue 2024\n\t\t\t\t<\/figcaption><\/figure><figure class='gallery-item'>\n\t\t\t<div class='gallery-icon portrait'>\n\t\t\t\t<img loading=\"lazy\" decoding=\"async\" width=\"115\" height=\"150\" src=\"https:\/\/www.shcote-nord.org\/wp\/wp-content\/uploads\/2025\/04\/CCI20250425-scaled-e1746106837397.jpg\" class=\"attachment-thumbnail size-thumbnail\" alt=\"\" aria-describedby=\"gallery-1-47038\" \/>\n\t\t\t<\/div>\n\t\t\t\t<figcaption class='wp-caption-text gallery-caption' id='gallery-1-47038'>\n\t\t\t\tRevue 2025\n\t\t\t\t<\/figcaption><\/figure>\n\t\t<\/div>\n\n<h4><span style=\"color: #31ce31;\"><span style=\"color: #ab2328;\">Revue d&rsquo;histoire de la C\u00f4te-Nord | num\u00e9ro 71-72, 2021 |<\/span>\u00a0<span style=\"color: #23aba5;\">co\u00fbt 12,00 $<\/span><\/span><\/h4>\n<ul>\n<li>Justice sur la C\u00f4te-Nord : 50 ans (1970-2020)<\/li>\n<li>L&rsquo;administration de la justice sur la C\u00f4te-Nord<\/li>\n<li>Les premi\u00e8res ann\u00e9es de la T\u00e9l\u00e9vision du Littoral \u00e0 Forestville<\/li>\n<li>Les visages du cimeti\u00e8re de Rivi\u00e8re-aux-Graines<\/li>\n<li>Jos\u00e9phine Fontaine Leblanc, sage-femme<\/li>\n<li>Piesthebi au temps de la grippe espagnole<\/li>\n<li>Combien d&rsquo;\u00e9pid\u00e9mies oubli\u00e9es\u2026 de placard\u00e9s, et bien plus \u00e9prouv\u00e9s?<\/li>\n<li>\u00ab Avant les relevailles \u00bb La petite histoire des accouchement \u00e0 T\u00eate-\u00e0-la-Baleine<\/li>\n<li>Les soins de sant\u00e9 \u00e0 Natashquan<\/li>\n<li>Avant docteurs et \u00ab gardes \u00bb : ciro\u00e8ne, cataplasmes, sirop et tisanes<\/li>\n<li>Soins de sant\u00e9 et \u00e9loignement : le courage d&rsquo;une maman!<\/li>\n<li>Un m\u00e9decin inoubli\u00e9 des siens\u2026: Camille Marcoux (1930-1973)<\/li>\n<li>Un visionnaire nomm\u00e9 Paul Morasse<\/li>\n<li>Extraits du journal de bord du Lac Robertson (octobre 1992)<\/li>\n<li>La conf\u00e9rence sur les cycles biologiques \u00e0 Matamek en 1932<\/li>\n<li>Les 50 ans du Centre r\u00e9cr\u00e9atif\u2026 et pourtant 85 ans de sport et de loisirs organis\u00e9s \u00e0 Baie-Comeau<\/li>\n<li>L&rsquo;activit\u00e9 missionnaire j\u00e9suite sur la C\u00f4te-Nord et au Saguenay \u00e0 la fin du XVIIe si\u00e8cle<\/li>\n<\/ul>\n<hr \/>\n<h4><span style=\"color: #31ce31;\"><span style=\"color: #ab2328;\">Revue d&rsquo;histoire de la C\u00f4te-Nord | num\u00e9ro 63-64, 2017 |\u00a0<\/span><span style=\"color: #23aba5;\">co\u00fbt 12,00 $<\/span><\/span><\/h4>\n<ul>\n<li>Eug\u00e8ne Caron &#8211; Le premier maire du village de Tadoussac<\/li>\n<li>Tadoussac, 1603 : Champlain rencontre Anadabijou<\/li>\n<li>Le pays du dedans ou l&rsquo;\u00e9tude des surnoms dans la r\u00e9gion de Sept-\u00celes<\/li>\n<li>Un phare \u00e9ph\u00e9m\u00e8re &#8211; Chronique d&rsquo;un phare oubli\u00e9<\/li>\n<li>Madame Fife : une Am\u00e9ricaine \u00e0 Baie-Johan-Beetz<\/li>\n<li>Le clocher dans la nu\u00e9e &#8211; Le carnet de guerre d&rsquo;un v\u00e9t\u00e9ran centenaire de Sept-\u00celes<\/li>\n<li>Les fourrures du Nord &#8211; Dans le quotidien d&rsquo;un ma\u00eetre fourreur \u00e0 Sept-\u00celes dans les ann\u00e9es 1960 et 1970<\/li>\n<li>Qui se souvient de l&rsquo;H\u00f4tel Ouellet?<\/li>\n<li>Le mendiant de la traverse<\/li>\n<li>C\u00f4te-Nord : Qu&rsquo;en disaient les arpenteurs voil\u00e0 100 ans<\/li>\n<li>La famille Topping, Les Escoumains &#8211; La myst\u00e9rieuse s\u00e9pulture de J.H. Topping \u00e0 Tadoussac<\/li>\n<li>Il y a 100 ans : La trag\u00e9die du P\u00e8re Auguste Tortellier au lac Pasteur<\/li>\n<li>Un regard depuis les Andes du P\u00e9rou sur les recherches sur la Basse C\u00f4te-Nord et au Labrador<\/li>\n<li>Les p\u00eaches \u00e0 saumon commerciales<\/li>\n<li>Un mouchoir historique! Cormier<\/li>\n<\/ul>\n<hr \/>\n<h4><span style=\"color: #31ce31;\"><span style=\"color: #ab2328;\">Revue d&rsquo;histoire de la C\u00f4te-Nord | num\u00e9ro 75-76, 2023 | <\/span><span style=\"color: #23aba5;\">co\u00fbt 14,00 $<\/span><\/span><\/h4>\n<ul>\n<li>Enterrement du Hugenot Jacques Michel \u00e0 Tadoussac en 1629, par\u00a0Pierre Rouxel<\/li>\n<li>Les r\u00e9cits de John Uriah Gregory en 1886 en Basse-C\u00f4te-Nord, par Pierre Rouxel<\/li>\n<li>Voir un ami partir\u2026Quelques souvenirs de Guy C\u00f4t\u00e9, par R\u00e9jean Langlois<\/li>\n<li>Sept-\u00eeles en pleine effervescence il y a 70 ans\/How the boom hit Seven Islands,\u00a0Reportage de McKenzie Porter<\/li>\n<li>Les maires de Sept-\u00celes au fil des ans, par Claudette Villeneuve<\/li>\n<li>Quand la C\u00f4te-Nord votait en retard, par Catherine Pellerin<\/li>\n<li>Chronique photographique | Sur les traces des pionniers de Baie-Comeau, par Catherine Pellerin<\/li>\n<li>Early life in Baie Comeau\/Lettre d\u2019un grand-p\u00e8re \u00e0 son petit-fils, par\u00a0Eric Mikkelborg (Version fran\u00e7aise\u00a0: Julien Huard)<\/li>\n<li>Alice Lane sensibilise les Baie-Comois \u00e0 l&rsquo;art moderne d\u00e8s\u00a01944, par \u00c9milie D\u2019Astous<\/li>\n<li>Le plus vieux centre commercial de la C\u00f4te-Nord, par\u00a0Rapha\u00ebl Hovington<\/li>\n<li>J&rsquo;ai march\u00e9 t\u00eate, par \u00c9milie Pedneaud<\/li>\n<li>Quand John James Audubon peignait un fou de Bassan \u00e0 Natashquan,\u00a0par\u00a0Pierre-Olivier Combelles<\/li>\n<\/ul>\n<h4><span style=\"color: #31ce31;\"><span style=\"color: #ab2328;\">Revue d&rsquo;histoire de la C\u00f4te-Nord | num\u00e9ro 77, 2024 | <\/span><span style=\"color: #23aba5;\">co\u00fbt 14,00$<\/span><\/span><\/h4>\n<ul>\n<li>\u00c0 la d\u00e9couverte des biens historiques de la chapelle de Tadoussac, \u00c9loi B\u00e9rub\u00e9<\/li>\n<li>Les fours \u00e0 chaux de Grande-Anse, Daniel Delisle<\/li>\n<li>James Fennell, g\u00e9rant de l&rsquo;h\u00f4tel Tadoussac, Daniel Delisle<\/li>\n<li>La C\u00f4te-Nord et le crime du si\u00e8cle, St\u00e9phane Richard<\/li>\n<li>Emma Duncan Kerr : Go for it, girls!, Stephen Kohner<\/li>\n<li>Emma Duncan Kerr : Allez-y, les filles!, Stephen Kohner (Version fran\u00e7aise : Catherine Pellerin)<\/li>\n<li>La mobilit\u00e9e partag\u00e9e : 80 ans \u00e0 partager la banquette, Catherine Pellerin<\/li>\n<li>Le refuge secret du Colonel McCormick sur la C\u00f4te-Nord, Rapha\u00ebl Hovington<\/li>\n<li>William Hardy Eshbaugh Qui \u00e9tait-il ?, Dany Rousseau<\/li>\n<li>Le tunnel Saint-Nicolas \u00e0 50 ans, Laurent Arsenault<\/li>\n<li>Jean-Marc Dion, une vie \u00e0 servir, Luc Dion<\/li>\n<li>La R\u00e9sidence des b\u00e2tisseurs d&rsquo;une exp\u00e9rience r\u00e9ussie, Caroline Lajoie-Jempson<\/li>\n<li>L\u2019histoire du barrage de la rivi\u00e8re Magpie et de centrale hydro\u00e9lectrique, Claudette Villeneuve, (Collaborateurs : Mario Lapierre et Gilbert Duguay)<\/li>\n<li>Marie Barbel, la veuve Fornel, Pierre Rouxel<\/li>\n<li>L\u2019\u00eele de la Demoiselle au coeur d&rsquo;un r\u00e9cit de Margueritte de Navarre (1559), Pierre-Olivier Combelles<\/li>\n<li>\u00c0 bord du Bella, Suzanne D\u00e9ry<\/li>\n<li>40 ans de revue en chiffres, Mario Lapierre<\/li>\n<\/ul>\n<h4><span style=\"color: #31ce31;\"><span style=\"color: #ab2328;\">Revue d&rsquo;histoire de la C\u00f4te-Nord | num\u00e9ro 78, 2025 |<\/span> <span style=\"color: #23aba5;\">co\u00fbt 15,00$<\/span><\/span><\/h4>\n<ul>\n<li>Les \u00e9critures publiques de Mgr Napol\u00e9on-Alexandre Labrie, par Pierre Rouxel<\/li>\n<li>Les anc\u00eatres des familles McKinnon de la Basse-C\u00f4te-Nord, par Joyce Racine<\/li>\n<li>Philias Henley, mon p\u00e8re&#8230;, par Ga\u00e9tan Henley<\/li>\n<li>David T\u00eatu, les Conf\u00e9d\u00e9r\u00e9s et les forges de Moisie, par St\u00e9phane Richard<\/li>\n<li>L a vieille chapelle de Uashat: Regards en transformation sur un patrimoine autochtone et religieux, par Charlotte Doucet<\/li>\n<li>L&rsquo;exceptionnelle photo de mon anc\u00eatre, par Laurent Arsenault<\/li>\n<li>Chronique photographique: Schefferville: 70 ans m\u00e9morables, par Ghislain L\u00e9vesque<\/li>\n<li>Les 50 ans de Fermont: origine et destin\u00e9e d&rsquo;une ville mini\u00e8re unique!, par Steve Dubreuil<\/li>\n<li>Riverview School (Port-Cartier): we will not fail!, par Stephen Kohner | Version fran\u00e7aise, traduit par Catherine Pellerin<\/li>\n<li>Le parc Languedoc de Tadoussac: une \u00e9tude toponymique, par Daniel Delisle<\/li>\n<li>\u00a0Louis-Napol\u00e9on et Joseph-Napol\u00e9on Cattelier, pisciculteurs \u00e0 Tadoussac, par Daniel Delisle<\/li>\n<li>\u00a0Le Saint-Laurent est-il un long fleuve tranquille?, par Suzanne D\u00e9ry<\/li>\n<\/ul>\n","protected":false},"excerpt":{"rendered":"<p>Retour |\u00a0Revues 11 \u00e0 20 La Revue d&rsquo;histoire de la C\u00f4te-Nord | num\u00e9ro 1, 1984|co\u00fbt 4,00 $\u00a0+frais de livraison La l\u00e9gende du serpent de mer Une page d&rsquo;histoire dans l&rsquo;\u00c9glise de la c\u00f4te Un fameux homme de mer L&rsquo;histoire de la 138 Clarke City: 75 ans apr\u00e8s La saga des Vikings L&rsquo;hommage au chef \u00c0 &hellip; <a href=\"https:\/\/exemple9963.wordpress.com\/revue1_10\/\" class=\"more-link\">Lire la suite de <span class=\"screen-reader-text\">Revues 1 \u00e0 10<\/span><\/a><\/p>\n","protected":false},"author":1,"featured_media":1509,"parent":435,"menu_order":0,"comment_status":"closed","ping_status":"closed","template":"","meta":{"_mc_calendar":[],"footnotes":""},"class_list":["post-3039","page","type-page","status-publish","has-post-thumbnail","hentry"],"yoast_head":"<!-- This site is optimized with the Yoast SEO plugin v27.4 - https:\/\/yoast.com\/product\/yoast-seo-wordpress\/ -->\n<title>Revues 71 \u00e0 80 &#8902; Soci\u00e9t\u00e9 historique de la C\u00f4te-Nord<\/title>\n<meta name=\"robots\" content=\"index, follow, max-snippet:-1, max-image-preview:large, max-video-preview:-1\" \/>\n<link rel=\"canonical\" href=\"https:\/\/www.shcote-nord.org\/wp\/?page_id=3039\" \/>\n<meta property=\"og:locale\" content=\"fr_FR\" \/>\n<meta property=\"og:type\" content=\"article\" \/>\n<meta property=\"og:title\" content=\"Revues 71 \u00e0 80 &#8902; Soci\u00e9t\u00e9 historique de la C\u00f4te-Nord\" \/>\n<meta property=\"og:description\" content=\"Retour |\u00a0Revues 11 \u00e0 20 La Revue d&rsquo;histoire de la C\u00f4te-Nord | num\u00e9ro 1, 1984|co\u00fbt 4,00 $\u00a0+frais de livraison La l\u00e9gende du serpent de mer Une page d&rsquo;histoire dans l&rsquo;\u00c9glise de la c\u00f4te Un fameux homme de mer L&rsquo;histoire de la 138 Clarke City: 75 ans apr\u00e8s La saga des Vikings L&rsquo;hommage au chef \u00c0 &hellip; Lire la suite de Revues 1 \u00e0 10\" \/>\n<meta property=\"og:url\" content=\"https:\/\/www.shcote-nord.org\/wp\/?page_id=3039\" \/>\n<meta property=\"og:site_name\" content=\"Soci\u00e9t\u00e9 historique de la C\u00f4te-Nord\" \/>\n<meta property=\"article:publisher\" content=\"https:\/\/www.facebook.com\/shcotenord\/\" \/>\n<meta property=\"article:modified_time\" content=\"2025-05-01T13:42:54+00:00\" \/>\n<meta property=\"og:image\" content=\"https:\/\/www.shcote-nord.org\/wp\/wp-content\/uploads\/2017\/07\/Image-\u00e0-la-une-Revues.png\" \/>\n\t<meta property=\"og:image:width\" content=\"1200\" \/>\n\t<meta property=\"og:image:height\" content=\"630\" \/>\n\t<meta property=\"og:image:type\" content=\"image\/png\" \/>\n<meta name=\"twitter:card\" content=\"summary_large_image\" \/>\n<meta name=\"twitter:label1\" content=\"Dur\u00e9e de lecture estim\u00e9e\" \/>\n\t<meta name=\"twitter:data1\" content=\"5 minutes\" \/>\n<script type=\"application\/ld+json\" class=\"yoast-schema-graph\">{\"@context\":\"https:\\\/\\\/schema.org\",\"@graph\":[{\"@type\":\"WebPage\",\"@id\":\"https:\\\/\\\/www.shcote-nord.org\\\/wp\\\/?page_id=3039\",\"url\":\"https:\\\/\\\/www.shcote-nord.org\\\/wp\\\/?page_id=3039\",\"name\":\"Revues 71 \u00e0 80 &#8902; Soci\u00e9t\u00e9 historique de la C\u00f4te-Nord\",\"isPartOf\":{\"@id\":\"https:\\\/\\\/www.shcote-nord.org\\\/wp\\\/#website\"},\"primaryImageOfPage\":{\"@id\":\"https:\\\/\\\/www.shcote-nord.org\\\/wp\\\/?page_id=3039#primaryimage\"},\"image\":{\"@id\":\"https:\\\/\\\/www.shcote-nord.org\\\/wp\\\/?page_id=3039#primaryimage\"},\"thumbnailUrl\":\"https:\\\/\\\/www.shcote-nord.org\\\/wp\\\/wp-content\\\/uploads\\\/2017\\\/07\\\/Image-\u00e0-la-une-Revues.png\",\"datePublished\":\"2022-06-22T18:16:59+00:00\",\"dateModified\":\"2025-05-01T13:42:54+00:00\",\"breadcrumb\":{\"@id\":\"https:\\\/\\\/www.shcote-nord.org\\\/wp\\\/?page_id=3039#breadcrumb\"},\"inLanguage\":\"fr-FR\",\"potentialAction\":[{\"@type\":\"ReadAction\",\"target\":[\"https:\\\/\\\/www.shcote-nord.org\\\/wp\\\/?page_id=3039\"]}]},{\"@type\":\"ImageObject\",\"inLanguage\":\"fr-FR\",\"@id\":\"https:\\\/\\\/www.shcote-nord.org\\\/wp\\\/?page_id=3039#primaryimage\",\"url\":\"https:\\\/\\\/www.shcote-nord.org\\\/wp\\\/wp-content\\\/uploads\\\/2017\\\/07\\\/Image-\u00e0-la-une-Revues.png\",\"contentUrl\":\"https:\\\/\\\/www.shcote-nord.org\\\/wp\\\/wp-content\\\/uploads\\\/2017\\\/07\\\/Image-\u00e0-la-une-Revues.png\",\"width\":1200,\"height\":630},{\"@type\":\"BreadcrumbList\",\"@id\":\"https:\\\/\\\/www.shcote-nord.org\\\/wp\\\/?page_id=3039#breadcrumb\",\"itemListElement\":[{\"@type\":\"ListItem\",\"position\":1,\"name\":\"Accueil\",\"item\":\"https:\\\/\\\/www.shcote-nord.org\\\/wp\"},{\"@type\":\"ListItem\",\"position\":2,\"name\":\"Publications\",\"item\":\"https:\\\/\\\/www.shcote-nord.org\\\/wp\\\/?page_id=69\"},{\"@type\":\"ListItem\",\"position\":3,\"name\":\"Revue d\u2019histoire de la C\u00f4te-Nord\",\"item\":\"https:\\\/\\\/www.shcote-nord.org\\\/wp\\\/?page_id=435\"},{\"@type\":\"ListItem\",\"position\":4,\"name\":\"Revues 71 \u00e0 80\"}]},{\"@type\":\"WebSite\",\"@id\":\"https:\\\/\\\/www.shcote-nord.org\\\/wp\\\/#website\",\"url\":\"https:\\\/\\\/www.shcote-nord.org\\\/wp\\\/\",\"name\":\"Soci\u00e9t\u00e9 historique de la C\u00f4te-Nord\",\"description\":\"Centre d&#039;archives priv\u00e9es de la SHCN\",\"publisher\":{\"@id\":\"https:\\\/\\\/www.shcote-nord.org\\\/wp\\\/#organization\"},\"potentialAction\":[{\"@type\":\"SearchAction\",\"target\":{\"@type\":\"EntryPoint\",\"urlTemplate\":\"https:\\\/\\\/www.shcote-nord.org\\\/wp\\\/?s={search_term_string}\"},\"query-input\":{\"@type\":\"PropertyValueSpecification\",\"valueRequired\":true,\"valueName\":\"search_term_string\"}}],\"inLanguage\":\"fr-FR\"},{\"@type\":\"Organization\",\"@id\":\"https:\\\/\\\/www.shcote-nord.org\\\/wp\\\/#organization\",\"name\":\"Soci\u00e9t\u00e9 historique de la C\u00f4te-Nord\",\"url\":\"https:\\\/\\\/www.shcote-nord.org\\\/wp\\\/\",\"logo\":{\"@type\":\"ImageObject\",\"inLanguage\":\"fr-FR\",\"@id\":\"https:\\\/\\\/www.shcote-nord.org\\\/wp\\\/#\\\/schema\\\/logo\\\/image\\\/\",\"url\":\"https:\\\/\\\/i2.wp.com\\\/www.shcote-nord.org\\\/wp\\\/wp-content\\\/uploads\\\/2017\\\/09\\\/Sans-titre-1-copie.png?fit=2543%2C939\",\"contentUrl\":\"https:\\\/\\\/i2.wp.com\\\/www.shcote-nord.org\\\/wp\\\/wp-content\\\/uploads\\\/2017\\\/09\\\/Sans-titre-1-copie.png?fit=2543%2C939\",\"width\":2543,\"height\":939,\"caption\":\"Soci\u00e9t\u00e9 historique de la C\u00f4te-Nord\"},\"image\":{\"@id\":\"https:\\\/\\\/www.shcote-nord.org\\\/wp\\\/#\\\/schema\\\/logo\\\/image\\\/\"},\"sameAs\":[\"https:\\\/\\\/www.facebook.com\\\/shcotenord\\\/\"]}]}<\/script>\n<!-- \/ Yoast SEO plugin. -->","yoast_head_json":{"title":"Revues 71 \u00e0 80 &#8902; Soci\u00e9t\u00e9 historique de la C\u00f4te-Nord","robots":{"index":"index","follow":"follow","max-snippet":"max-snippet:-1","max-image-preview":"max-image-preview:large","max-video-preview":"max-video-preview:-1"},"canonical":"https:\/\/www.shcote-nord.org\/wp\/?page_id=3039","og_locale":"fr_FR","og_type":"article","og_title":"Revues 71 \u00e0 80 &#8902; Soci\u00e9t\u00e9 historique de la C\u00f4te-Nord","og_description":"Retour |\u00a0Revues 11 \u00e0 20 La Revue d&rsquo;histoire de la C\u00f4te-Nord | num\u00e9ro 1, 1984|co\u00fbt 4,00 $\u00a0+frais de livraison La l\u00e9gende du serpent de mer Une page d&rsquo;histoire dans l&rsquo;\u00c9glise de la c\u00f4te Un fameux homme de mer L&rsquo;histoire de la 138 Clarke City: 75 ans apr\u00e8s La saga des Vikings L&rsquo;hommage au chef \u00c0 &hellip; Lire la suite de Revues 1 \u00e0 10","og_url":"https:\/\/www.shcote-nord.org\/wp\/?page_id=3039","og_site_name":"Soci\u00e9t\u00e9 historique de la C\u00f4te-Nord","article_publisher":"https:\/\/www.facebook.com\/shcotenord\/","article_modified_time":"2025-05-01T13:42:54+00:00","og_image":[{"width":1200,"height":630,"url":"https:\/\/www.shcote-nord.org\/wp\/wp-content\/uploads\/2017\/07\/Image-\u00e0-la-une-Revues.png","type":"image\/png"}],"twitter_card":"summary_large_image","twitter_misc":{"Dur\u00e9e de lecture estim\u00e9e":"5 minutes"},"schema":{"@context":"https:\/\/schema.org","@graph":[{"@type":"WebPage","@id":"https:\/\/www.shcote-nord.org\/wp\/?page_id=3039","url":"https:\/\/www.shcote-nord.org\/wp\/?page_id=3039","name":"Revues 71 \u00e0 80 &#8902; Soci\u00e9t\u00e9 historique de la C\u00f4te-Nord","isPartOf":{"@id":"https:\/\/www.shcote-nord.org\/wp\/#website"},"primaryImageOfPage":{"@id":"https:\/\/www.shcote-nord.org\/wp\/?page_id=3039#primaryimage"},"image":{"@id":"https:\/\/www.shcote-nord.org\/wp\/?page_id=3039#primaryimage"},"thumbnailUrl":"https:\/\/www.shcote-nord.org\/wp\/wp-content\/uploads\/2017\/07\/Image-\u00e0-la-une-Revues.png","datePublished":"2022-06-22T18:16:59+00:00","dateModified":"2025-05-01T13:42:54+00:00","breadcrumb":{"@id":"https:\/\/www.shcote-nord.org\/wp\/?page_id=3039#breadcrumb"},"inLanguage":"fr-FR","potentialAction":[{"@type":"ReadAction","target":["https:\/\/www.shcote-nord.org\/wp\/?page_id=3039"]}]},{"@type":"ImageObject","inLanguage":"fr-FR","@id":"https:\/\/www.shcote-nord.org\/wp\/?page_id=3039#primaryimage","url":"https:\/\/www.shcote-nord.org\/wp\/wp-content\/uploads\/2017\/07\/Image-\u00e0-la-une-Revues.png","contentUrl":"https:\/\/www.shcote-nord.org\/wp\/wp-content\/uploads\/2017\/07\/Image-\u00e0-la-une-Revues.png","width":1200,"height":630},{"@type":"BreadcrumbList","@id":"https:\/\/www.shcote-nord.org\/wp\/?page_id=3039#breadcrumb","itemListElement":[{"@type":"ListItem","position":1,"name":"Accueil","item":"https:\/\/www.shcote-nord.org\/wp"},{"@type":"ListItem","position":2,"name":"Publications","item":"https:\/\/www.shcote-nord.org\/wp\/?page_id=69"},{"@type":"ListItem","position":3,"name":"Revue d\u2019histoire de la C\u00f4te-Nord","item":"https:\/\/www.shcote-nord.org\/wp\/?page_id=435"},{"@type":"ListItem","position":4,"name":"Revues 71 \u00e0 80"}]},{"@type":"WebSite","@id":"https:\/\/www.shcote-nord.org\/wp\/#website","url":"https:\/\/www.shcote-nord.org\/wp\/","name":"Soci\u00e9t\u00e9 historique de la C\u00f4te-Nord","description":"Centre d&#039;archives priv\u00e9es de la SHCN","publisher":{"@id":"https:\/\/www.shcote-nord.org\/wp\/#organization"},"potentialAction":[{"@type":"SearchAction","target":{"@type":"EntryPoint","urlTemplate":"https:\/\/www.shcote-nord.org\/wp\/?s={search_term_string}"},"query-input":{"@type":"PropertyValueSpecification","valueRequired":true,"valueName":"search_term_string"}}],"inLanguage":"fr-FR"},{"@type":"Organization","@id":"https:\/\/www.shcote-nord.org\/wp\/#organization","name":"Soci\u00e9t\u00e9 historique de la C\u00f4te-Nord","url":"https:\/\/www.shcote-nord.org\/wp\/","logo":{"@type":"ImageObject","inLanguage":"fr-FR","@id":"https:\/\/www.shcote-nord.org\/wp\/#\/schema\/logo\/image\/","url":"https:\/\/i2.wp.com\/www.shcote-nord.org\/wp\/wp-content\/uploads\/2017\/09\/Sans-titre-1-copie.png?fit=2543%2C939","contentUrl":"https:\/\/i2.wp.com\/www.shcote-nord.org\/wp\/wp-content\/uploads\/2017\/09\/Sans-titre-1-copie.png?fit=2543%2C939","width":2543,"height":939,"caption":"Soci\u00e9t\u00e9 historique de la C\u00f4te-Nord"},"image":{"@id":"https:\/\/www.shcote-nord.org\/wp\/#\/schema\/logo\/image\/"},"sameAs":["https:\/\/www.facebook.com\/shcotenord\/"]}]}},"_links":{"self":[{"href":"https:\/\/www.shcote-nord.org\/wp\/index.php?rest_route=\/wp\/v2\/pages\/3039","targetHints":{"allow":["GET"]}}],"collection":[{"href":"https:\/\/www.shcote-nord.org\/wp\/index.php?rest_route=\/wp\/v2\/pages"}],"about":[{"href":"https:\/\/www.shcote-nord.org\/wp\/index.php?rest_route=\/wp\/v2\/types\/page"}],"author":[{"embeddable":true,"href":"https:\/\/www.shcote-nord.org\/wp\/index.php?rest_route=\/wp\/v2\/users\/1"}],"replies":[{"embeddable":true,"href":"https:\/\/www.shcote-nord.org\/wp\/index.php?rest_route=%2Fwp%2Fv2%2Fcomments&post=3039"}],"version-history":[{"count":8,"href":"https:\/\/www.shcote-nord.org\/wp\/index.php?rest_route=\/wp\/v2\/pages\/3039\/revisions"}],"predecessor-version":[{"id":46820,"href":"https:\/\/www.shcote-nord.org\/wp\/index.php?rest_route=\/wp\/v2\/pages\/3039\/revisions\/46820"}],"up":[{"embeddable":true,"href":"https:\/\/www.shcote-nord.org\/wp\/index.php?rest_route=\/wp\/v2\/pages\/435"}],"wp:featuredmedia":[{"embeddable":true,"href":"https:\/\/www.shcote-nord.org\/wp\/index.php?rest_route=\/wp\/v2\/media\/1509"}],"wp:attachment":[{"href":"https:\/\/www.shcote-nord.org\/wp\/index.php?rest_route=%2Fwp%2Fv2%2Fmedia&parent=3039"}],"curies":[{"name":"wp","href":"https:\/\/api.w.org\/{rel}","templated":true}]}}