{"id":2880,"date":"2021-10-13T13:55:50","date_gmt":"2021-10-13T18:55:50","guid":{"rendered":"http:\/\/www.shcote-nord.org\/wp\/?page_id=2880"},"modified":"2021-10-27T08:40:04","modified_gmt":"2021-10-27T13:40:04","slug":"assemblee-generale-annuelle-2021","status":"publish","type":"page","link":"https:\/\/www.shcote-nord.org\/wp\/?page_id=2880","title":{"rendered":"Assembl\u00e9e g\u00e9n\u00e9rale annuelle 2021"},"content":{"rendered":"<p style=\"text-align: justify;\">Tous les membres en r\u00e8gles\u00a0 sont convoqu\u00e9s \u00e0 l&rsquo;assembl\u00e9e g\u00e9n\u00e9rale annuelle de la Soci\u00e9t\u00e9 historique de la C\u00f4te-Nord, qui se tiendra le 28 octobre 2021, \u00e0 19 h, \u00e0 la Maison du patrimoine Napol\u00e9on-Alexandre-Comeau (Ancien bureau de poste) , au 2, Place La Salle \u00e0 Baie-Comeau.<\/p>\n<p style=\"text-align: justify;\">Compte tenu du contexte actuel, il ne nous ait pas possible d&rsquo;avoir plus de 25 personnes en pr\u00e9sentiel, nous vous offrons donc la possibilit\u00e9 d&rsquo;y participer par visioconf\u00e9rence. Toutefois, vu le nombre limit\u00e9 de place, vous devrez en faire la demande en contactant Mme Catherine Pellerin : shcn@globetrotter.net ou par t\u00e9l\u00e9phone 418 296-8228 le plus rapidement possible. De plus, pour obtenir le lien ZOOM, il vous faudra confirmer votre pr\u00e9sence pour le recevoir.<\/p>\n<h2>Liste de v\u00e9rification<\/h2>\n<p>Conform\u00e9ment avec l&rsquo;article 5.3 de nos r\u00e8glements g\u00e9n\u00e9raux, \u00ab les personnes non inscrites sur cette liste, quinze (15) jours avant l\u2019assembl\u00e9e annuelle, n\u2019auront pas droit de vote \u00e0 cette assembl\u00e9e. \u00bb V\u00e9rifiez donc que votre nom y soit.<\/p>\n<p><a href=\"http:\/\/www.shcote-nord.org\/wp\/wp-content\/uploads\/2021\/10\/7220-Liste-des-membres_2021.pdf\">Liste de v\u00e9rification<\/a>\u00a0 (en date du 12 octobre 2021)<\/p>\n<h2>Voici les documents \u00e0 lire pour pr\u00e9parer l&rsquo;assembl\u00e9e:<\/h2>\n<ul>\n<li><a href=\"http:\/\/www.shcote-nord.org\/wp\/wp-content\/uploads\/2021\/10\/1310-Ordre-du-jour-AGA-28-octobre-2021_v1.pdf\">Ordre du jour<\/a><\/li>\n<li><a href=\"http:\/\/www.shcote-nord.org\/wp\/wp-content\/uploads\/2021\/10\/4630-Etatsfinanciersannuels_2020-compresse.pdf\">\u00c9tats financiers annuels 2020<\/a><\/li>\n<li><a href=\"http:\/\/www.shcote-nord.org\/wp\/wp-content\/uploads\/2021\/10\/1310-AGA-SHCN-30-septembre-2020_vf.pdf\">Proc\u00e8s-verbal du 30 septembre 2020<\/a><\/li>\n<li><a href=\"http:\/\/www.shcote-nord.org\/wp\/wp-content\/uploads\/2021\/10\/1540-Rapport-annuel_shcn_2020_vf.pdf\">Rapport annuel 2020<\/a><\/li>\n<\/ul>\n<p>Pour les t\u00e9l\u00e9charger, cliquez sur le lien et et enregistrer le fichier \u00e0 l&rsquo;endroit souhaiter. Vous pourrez alors le consulter sur votre ordinateur en tout temps et l&rsquo;imprimer si vous le souhaitez.<\/p>\n","protected":false},"excerpt":{"rendered":"<p>Tous les membres en r\u00e8gles\u00a0 sont convoqu\u00e9s \u00e0 l&rsquo;assembl\u00e9e g\u00e9n\u00e9rale annuelle de la Soci\u00e9t\u00e9 historique de la C\u00f4te-Nord, qui se tiendra le 28 octobre 2021, \u00e0 19 h, \u00e0 la Maison du patrimoine Napol\u00e9on-Alexandre-Comeau (Ancien bureau de poste) , au 2, Place La Salle \u00e0 Baie-Comeau. Compte tenu du contexte actuel, il ne nous ait &hellip; <a href=\"https:\/\/www.shcote-nord.org\/wp\/?page_id=2880\" class=\"more-link\">Lire la suite de <span class=\"screen-reader-text\">Assembl\u00e9e g\u00e9n\u00e9rale annuelle 2021<\/span><\/a><\/p>\n","protected":false},"author":1,"featured_media":2882,"parent":56,"menu_order":0,"comment_status":"closed","ping_status":"closed","template":"","meta":{"_mc_calendar":[],"footnotes":""},"class_list":["post-2880","page","type-page","status-publish","has-post-thumbnail","hentry"],"yoast_head":"<!-- This site is optimized with the Yoast SEO plugin v27.4 - https:\/\/yoast.com\/product\/yoast-seo-wordpress\/ -->\n<title>Assembl\u00e9e g\u00e9n\u00e9rale annuelle 2021 &#8902; Soci\u00e9t\u00e9 historique de la C\u00f4te-Nord<\/title>\n<meta name=\"robots\" content=\"index, follow, max-snippet:-1, max-image-preview:large, max-video-preview:-1\" \/>\n<link rel=\"canonical\" href=\"https:\/\/www.shcote-nord.org\/wp\/?page_id=2880\" \/>\n<meta property=\"og:locale\" content=\"fr_FR\" \/>\n<meta property=\"og:type\" content=\"article\" \/>\n<meta property=\"og:title\" content=\"Assembl\u00e9e g\u00e9n\u00e9rale annuelle 2021 &#8902; Soci\u00e9t\u00e9 historique de la C\u00f4te-Nord\" \/>\n<meta property=\"og:description\" content=\"Tous les membres en r\u00e8gles\u00a0 sont convoqu\u00e9s \u00e0 l&rsquo;assembl\u00e9e g\u00e9n\u00e9rale annuelle de la Soci\u00e9t\u00e9 historique de la C\u00f4te-Nord, qui se tiendra le 28 octobre 2021, \u00e0 19 h, \u00e0 la Maison du patrimoine Napol\u00e9on-Alexandre-Comeau (Ancien bureau de poste) , au 2, Place La Salle \u00e0 Baie-Comeau. Compte tenu du contexte actuel, il ne nous ait &hellip; Lire la suite de Assembl\u00e9e g\u00e9n\u00e9rale annuelle 2021\" \/>\n<meta property=\"og:url\" content=\"https:\/\/www.shcote-nord.org\/wp\/?page_id=2880\" \/>\n<meta property=\"og:site_name\" content=\"Soci\u00e9t\u00e9 historique de la C\u00f4te-Nord\" \/>\n<meta property=\"article:publisher\" content=\"https:\/\/www.facebook.com\/shcotenord\/\" \/>\n<meta property=\"article:modified_time\" content=\"2021-10-27T13:40:04+00:00\" \/>\n<meta property=\"og:image\" content=\"https:\/\/i0.wp.com\/www.shcote-nord.org\/wp\/wp-content\/uploads\/2021\/10\/AGA-2021.jpg?fit=1200%2C630&ssl=1\" \/>\n\t<meta property=\"og:image:width\" content=\"1200\" \/>\n\t<meta property=\"og:image:height\" content=\"630\" \/>\n\t<meta property=\"og:image:type\" content=\"image\/jpeg\" \/>\n<meta name=\"twitter:card\" content=\"summary_large_image\" \/>\n<meta name=\"twitter:label1\" content=\"Dur\u00e9e de lecture estim\u00e9e\" \/>\n\t<meta name=\"twitter:data1\" content=\"1 minute\" \/>\n<script type=\"application\/ld+json\" class=\"yoast-schema-graph\">{\"@context\":\"https:\\\/\\\/schema.org\",\"@graph\":[{\"@type\":\"WebPage\",\"@id\":\"https:\\\/\\\/www.shcote-nord.org\\\/wp\\\/?page_id=2880\",\"url\":\"https:\\\/\\\/www.shcote-nord.org\\\/wp\\\/?page_id=2880\",\"name\":\"Assembl\u00e9e g\u00e9n\u00e9rale annuelle 2021 &#8902; Soci\u00e9t\u00e9 historique de la C\u00f4te-Nord\",\"isPartOf\":{\"@id\":\"https:\\\/\\\/www.shcote-nord.org\\\/wp\\\/#website\"},\"primaryImageOfPage\":{\"@id\":\"https:\\\/\\\/www.shcote-nord.org\\\/wp\\\/?page_id=2880#primaryimage\"},\"image\":{\"@id\":\"https:\\\/\\\/www.shcote-nord.org\\\/wp\\\/?page_id=2880#primaryimage\"},\"thumbnailUrl\":\"https:\\\/\\\/www.shcote-nord.org\\\/wp\\\/wp-content\\\/uploads\\\/2021\\\/10\\\/AGA-2021.jpg\",\"datePublished\":\"2021-10-13T18:55:50+00:00\",\"dateModified\":\"2021-10-27T13:40:04+00:00\",\"breadcrumb\":{\"@id\":\"https:\\\/\\\/www.shcote-nord.org\\\/wp\\\/?page_id=2880#breadcrumb\"},\"inLanguage\":\"fr-FR\",\"potentialAction\":[{\"@type\":\"ReadAction\",\"target\":[\"https:\\\/\\\/www.shcote-nord.org\\\/wp\\\/?page_id=2880\"]}]},{\"@type\":\"ImageObject\",\"inLanguage\":\"fr-FR\",\"@id\":\"https:\\\/\\\/www.shcote-nord.org\\\/wp\\\/?page_id=2880#primaryimage\",\"url\":\"https:\\\/\\\/www.shcote-nord.org\\\/wp\\\/wp-content\\\/uploads\\\/2021\\\/10\\\/AGA-2021.jpg\",\"contentUrl\":\"https:\\\/\\\/www.shcote-nord.org\\\/wp\\\/wp-content\\\/uploads\\\/2021\\\/10\\\/AGA-2021.jpg\",\"width\":1200,\"height\":630},{\"@type\":\"BreadcrumbList\",\"@id\":\"https:\\\/\\\/www.shcote-nord.org\\\/wp\\\/?page_id=2880#breadcrumb\",\"itemListElement\":[{\"@type\":\"ListItem\",\"position\":1,\"name\":\"Accueil\",\"item\":\"https:\\\/\\\/www.shcote-nord.org\\\/wp\"},{\"@type\":\"ListItem\",\"position\":2,\"name\":\"Administration\",\"item\":\"https:\\\/\\\/www.shcote-nord.org\\\/wp\\\/?page_id=56\"},{\"@type\":\"ListItem\",\"position\":3,\"name\":\"Assembl\u00e9e g\u00e9n\u00e9rale annuelle 2021\"}]},{\"@type\":\"WebSite\",\"@id\":\"https:\\\/\\\/www.shcote-nord.org\\\/wp\\\/#website\",\"url\":\"https:\\\/\\\/www.shcote-nord.org\\\/wp\\\/\",\"name\":\"Soci\u00e9t\u00e9 historique de la C\u00f4te-Nord\",\"description\":\"Centre d&#039;archives priv\u00e9es de la SHCN\",\"publisher\":{\"@id\":\"https:\\\/\\\/www.shcote-nord.org\\\/wp\\\/#organization\"},\"potentialAction\":[{\"@type\":\"SearchAction\",\"target\":{\"@type\":\"EntryPoint\",\"urlTemplate\":\"https:\\\/\\\/www.shcote-nord.org\\\/wp\\\/?s={search_term_string}\"},\"query-input\":{\"@type\":\"PropertyValueSpecification\",\"valueRequired\":true,\"valueName\":\"search_term_string\"}}],\"inLanguage\":\"fr-FR\"},{\"@type\":\"Organization\",\"@id\":\"https:\\\/\\\/www.shcote-nord.org\\\/wp\\\/#organization\",\"name\":\"Soci\u00e9t\u00e9 historique de la C\u00f4te-Nord\",\"url\":\"https:\\\/\\\/www.shcote-nord.org\\\/wp\\\/\",\"logo\":{\"@type\":\"ImageObject\",\"inLanguage\":\"fr-FR\",\"@id\":\"https:\\\/\\\/www.shcote-nord.org\\\/wp\\\/#\\\/schema\\\/logo\\\/image\\\/\",\"url\":\"https:\\\/\\\/i2.wp.com\\\/www.shcote-nord.org\\\/wp\\\/wp-content\\\/uploads\\\/2017\\\/09\\\/Sans-titre-1-copie.png?fit=2543%2C939\",\"contentUrl\":\"https:\\\/\\\/i2.wp.com\\\/www.shcote-nord.org\\\/wp\\\/wp-content\\\/uploads\\\/2017\\\/09\\\/Sans-titre-1-copie.png?fit=2543%2C939\",\"width\":2543,\"height\":939,\"caption\":\"Soci\u00e9t\u00e9 historique de la C\u00f4te-Nord\"},\"image\":{\"@id\":\"https:\\\/\\\/www.shcote-nord.org\\\/wp\\\/#\\\/schema\\\/logo\\\/image\\\/\"},\"sameAs\":[\"https:\\\/\\\/www.facebook.com\\\/shcotenord\\\/\"]}]}<\/script>\n<!-- \/ Yoast SEO plugin. -->","yoast_head_json":{"title":"Assembl\u00e9e g\u00e9n\u00e9rale annuelle 2021 &#8902; Soci\u00e9t\u00e9 historique de la C\u00f4te-Nord","robots":{"index":"index","follow":"follow","max-snippet":"max-snippet:-1","max-image-preview":"max-image-preview:large","max-video-preview":"max-video-preview:-1"},"canonical":"https:\/\/www.shcote-nord.org\/wp\/?page_id=2880","og_locale":"fr_FR","og_type":"article","og_title":"Assembl\u00e9e g\u00e9n\u00e9rale annuelle 2021 &#8902; Soci\u00e9t\u00e9 historique de la C\u00f4te-Nord","og_description":"Tous les membres en r\u00e8gles\u00a0 sont convoqu\u00e9s \u00e0 l&rsquo;assembl\u00e9e g\u00e9n\u00e9rale annuelle de la Soci\u00e9t\u00e9 historique de la C\u00f4te-Nord, qui se tiendra le 28 octobre 2021, \u00e0 19 h, \u00e0 la Maison du patrimoine Napol\u00e9on-Alexandre-Comeau (Ancien bureau de poste) , au 2, Place La Salle \u00e0 Baie-Comeau. Compte tenu du contexte actuel, il ne nous ait &hellip; Lire la suite de Assembl\u00e9e g\u00e9n\u00e9rale annuelle 2021","og_url":"https:\/\/www.shcote-nord.org\/wp\/?page_id=2880","og_site_name":"Soci\u00e9t\u00e9 historique de la C\u00f4te-Nord","article_publisher":"https:\/\/www.facebook.com\/shcotenord\/","article_modified_time":"2021-10-27T13:40:04+00:00","og_image":[{"width":1200,"height":630,"url":"https:\/\/i0.wp.com\/www.shcote-nord.org\/wp\/wp-content\/uploads\/2021\/10\/AGA-2021.jpg?fit=1200%2C630&ssl=1","type":"image\/jpeg"}],"twitter_card":"summary_large_image","twitter_misc":{"Dur\u00e9e de lecture estim\u00e9e":"1 minute"},"schema":{"@context":"https:\/\/schema.org","@graph":[{"@type":"WebPage","@id":"https:\/\/www.shcote-nord.org\/wp\/?page_id=2880","url":"https:\/\/www.shcote-nord.org\/wp\/?page_id=2880","name":"Assembl\u00e9e g\u00e9n\u00e9rale annuelle 2021 &#8902; Soci\u00e9t\u00e9 historique de la C\u00f4te-Nord","isPartOf":{"@id":"https:\/\/www.shcote-nord.org\/wp\/#website"},"primaryImageOfPage":{"@id":"https:\/\/www.shcote-nord.org\/wp\/?page_id=2880#primaryimage"},"image":{"@id":"https:\/\/www.shcote-nord.org\/wp\/?page_id=2880#primaryimage"},"thumbnailUrl":"https:\/\/www.shcote-nord.org\/wp\/wp-content\/uploads\/2021\/10\/AGA-2021.jpg","datePublished":"2021-10-13T18:55:50+00:00","dateModified":"2021-10-27T13:40:04+00:00","breadcrumb":{"@id":"https:\/\/www.shcote-nord.org\/wp\/?page_id=2880#breadcrumb"},"inLanguage":"fr-FR","potentialAction":[{"@type":"ReadAction","target":["https:\/\/www.shcote-nord.org\/wp\/?page_id=2880"]}]},{"@type":"ImageObject","inLanguage":"fr-FR","@id":"https:\/\/www.shcote-nord.org\/wp\/?page_id=2880#primaryimage","url":"https:\/\/www.shcote-nord.org\/wp\/wp-content\/uploads\/2021\/10\/AGA-2021.jpg","contentUrl":"https:\/\/www.shcote-nord.org\/wp\/wp-content\/uploads\/2021\/10\/AGA-2021.jpg","width":1200,"height":630},{"@type":"BreadcrumbList","@id":"https:\/\/www.shcote-nord.org\/wp\/?page_id=2880#breadcrumb","itemListElement":[{"@type":"ListItem","position":1,"name":"Accueil","item":"https:\/\/www.shcote-nord.org\/wp"},{"@type":"ListItem","position":2,"name":"Administration","item":"https:\/\/www.shcote-nord.org\/wp\/?page_id=56"},{"@type":"ListItem","position":3,"name":"Assembl\u00e9e g\u00e9n\u00e9rale annuelle 2021"}]},{"@type":"WebSite","@id":"https:\/\/www.shcote-nord.org\/wp\/#website","url":"https:\/\/www.shcote-nord.org\/wp\/","name":"Soci\u00e9t\u00e9 historique de la C\u00f4te-Nord","description":"Centre d&#039;archives priv\u00e9es de la SHCN","publisher":{"@id":"https:\/\/www.shcote-nord.org\/wp\/#organization"},"potentialAction":[{"@type":"SearchAction","target":{"@type":"EntryPoint","urlTemplate":"https:\/\/www.shcote-nord.org\/wp\/?s={search_term_string}"},"query-input":{"@type":"PropertyValueSpecification","valueRequired":true,"valueName":"search_term_string"}}],"inLanguage":"fr-FR"},{"@type":"Organization","@id":"https:\/\/www.shcote-nord.org\/wp\/#organization","name":"Soci\u00e9t\u00e9 historique de la C\u00f4te-Nord","url":"https:\/\/www.shcote-nord.org\/wp\/","logo":{"@type":"ImageObject","inLanguage":"fr-FR","@id":"https:\/\/www.shcote-nord.org\/wp\/#\/schema\/logo\/image\/","url":"https:\/\/i2.wp.com\/www.shcote-nord.org\/wp\/wp-content\/uploads\/2017\/09\/Sans-titre-1-copie.png?fit=2543%2C939","contentUrl":"https:\/\/i2.wp.com\/www.shcote-nord.org\/wp\/wp-content\/uploads\/2017\/09\/Sans-titre-1-copie.png?fit=2543%2C939","width":2543,"height":939,"caption":"Soci\u00e9t\u00e9 historique de la C\u00f4te-Nord"},"image":{"@id":"https:\/\/www.shcote-nord.org\/wp\/#\/schema\/logo\/image\/"},"sameAs":["https:\/\/www.facebook.com\/shcotenord\/"]}]}},"_links":{"self":[{"href":"https:\/\/www.shcote-nord.org\/wp\/index.php?rest_route=\/wp\/v2\/pages\/2880","targetHints":{"allow":["GET"]}}],"collection":[{"href":"https:\/\/www.shcote-nord.org\/wp\/index.php?rest_route=\/wp\/v2\/pages"}],"about":[{"href":"https:\/\/www.shcote-nord.org\/wp\/index.php?rest_route=\/wp\/v2\/types\/page"}],"author":[{"embeddable":true,"href":"https:\/\/www.shcote-nord.org\/wp\/index.php?rest_route=\/wp\/v2\/users\/1"}],"replies":[{"embeddable":true,"href":"https:\/\/www.shcote-nord.org\/wp\/index.php?rest_route=%2Fwp%2Fv2%2Fcomments&post=2880"}],"version-history":[{"count":3,"href":"https:\/\/www.shcote-nord.org\/wp\/index.php?rest_route=\/wp\/v2\/pages\/2880\/revisions"}],"predecessor-version":[{"id":2910,"href":"https:\/\/www.shcote-nord.org\/wp\/index.php?rest_route=\/wp\/v2\/pages\/2880\/revisions\/2910"}],"up":[{"embeddable":true,"href":"https:\/\/www.shcote-nord.org\/wp\/index.php?rest_route=\/wp\/v2\/pages\/56"}],"wp:featuredmedia":[{"embeddable":true,"href":"https:\/\/www.shcote-nord.org\/wp\/index.php?rest_route=\/wp\/v2\/media\/2882"}],"wp:attachment":[{"href":"https:\/\/www.shcote-nord.org\/wp\/index.php?rest_route=%2Fwp%2Fv2%2Fmedia&parent=2880"}],"curies":[{"name":"wp","href":"https:\/\/api.w.org\/{rel}","templated":true}]}}