{"id":263,"date":"2017-06-30T02:23:49","date_gmt":"2017-06-30T07:23:49","guid":{"rendered":"https:\/\/exemple9963.wordpress.com\/?page_id=263"},"modified":"2019-10-28T15:41:36","modified_gmt":"2019-10-28T20:41:36","slug":"archives","status":"publish","type":"page","link":"https:\/\/www.shcote-nord.org\/wp\/?page_id=263","title":{"rendered":"Centre d&rsquo;archives"},"content":{"rendered":"<p style=\"text-align: justify;\"><span style=\"color: #31ce31;\">Biblioth\u00e8que et Archives nationales du Qu\u00e9bec<\/span> (BAnQ) a proc\u00e9d\u00e9, d\u00e8s 1990, \u00e0 la mise en place d&rsquo;un r\u00e9seau de services agr\u00e9\u00e9s dans l&rsquo;ensemble du Qu\u00e9bec. Ces derniers constituent les partenaires privil\u00e9gi\u00e9s des centres r\u00e9gionaux de BAnQ pour l&rsquo;acquisition, la conservation et la diffusion des archives d&rsquo;origine priv\u00e9e. Ce r\u00e9seau compte quarante-deux (42) services d&rsquo;archives priv\u00e9es agr\u00e9\u00e9s.<\/p>\n<p style=\"text-align: justify;\">La <span style=\"color: #31ce31;\">Soci\u00e9t\u00e9 historique de la C\u00f4te-Nord<\/span> fait partie de ce r\u00e9seau depuis le <span style=\"color: #31ce31;\">3 mars 1995<\/span>. Elle profite ainsi de l&rsquo;expertise et de l&rsquo;exp\u00e9rience la fois de BAnQ et des autres services agr\u00e9\u00e9s.<\/p>\n<ul style=\"list-style-type: square;\">\n<li><a href=\"http:\/\/www2.publicationsduquebec.gouv.qc.ca\/dynamicSearch\/telecharge.php?type=2&amp;file=\/A_21_1\/A21_1.htm\" target=\"_blank\" rel=\"noopener noreferrer\">Loi sur les archives (RLRQ, chapitre A-21.1)<br \/>\n<\/a><\/li>\n<li><a href=\"http:\/\/www2.publicationsduquebec.gouv.qc.ca\/dynamicSearch\/telecharge.php?type=2&amp;file=\/\/A_21_1\/A21_1R1.htm\" target=\"_blank\" rel=\"noopener noreferrer\">R\u00e8glement sur l&rsquo;agr\u00e9ment d&rsquo;un service d&rsquo;archives priv\u00e9es, RLRQ, chapitre A-21.1, r.0.1)<\/a><\/li>\n<li><a href=\"http:\/\/laws-lois.justice.gc.ca\/PDF\/P-8.6.pdf\" target=\"_blank\" rel=\"noopener noreferrer\">Loi sur la protection des renseignements personnels et les documents \u00e9lectroniques\u00a0(L.C.\u00a02000, ch. 5)<\/a><\/li>\n<\/ul>\n","protected":false},"excerpt":{"rendered":"<p>Biblioth\u00e8que et Archives nationales du Qu\u00e9bec (BAnQ) a proc\u00e9d\u00e9, d\u00e8s 1990, \u00e0 la mise en place d&rsquo;un r\u00e9seau de services agr\u00e9\u00e9s dans l&rsquo;ensemble du Qu\u00e9bec. Ces derniers constituent les partenaires privil\u00e9gi\u00e9s des centres r\u00e9gionaux de BAnQ pour l&rsquo;acquisition, la conservation et la diffusion des archives d&rsquo;origine priv\u00e9e. Ce r\u00e9seau compte quarante-deux (42) services d&rsquo;archives priv\u00e9es &hellip; <a href=\"https:\/\/www.shcote-nord.org\/wp\/?page_id=263\" class=\"more-link\">Lire la suite de <span class=\"screen-reader-text\">Centre d&rsquo;archives<\/span><\/a><\/p>\n","protected":false},"author":1,"featured_media":1156,"parent":0,"menu_order":1,"comment_status":"closed","ping_status":"closed","template":"","meta":{"_mc_calendar":[],"footnotes":""},"class_list":["post-263","page","type-page","status-publish","has-post-thumbnail","hentry"],"yoast_head":"<!-- This site is optimized with the Yoast SEO plugin v27.4 - https:\/\/yoast.com\/product\/yoast-seo-wordpress\/ -->\n<title>Centre d&#039;archives &#8902; Soci\u00e9t\u00e9 historique de la C\u00f4te-Nord<\/title>\n<meta name=\"description\" content=\"Depuis 1995, notre centre d&#039;archives priv\u00e9es propose ses services aux chercheurs, aux \u00e9tudiants, aux visiteurs et aux g\u00e9n\u00e9alogistes.\" \/>\n<meta name=\"robots\" content=\"index, follow, max-snippet:-1, max-image-preview:large, max-video-preview:-1\" \/>\n<link rel=\"canonical\" href=\"https:\/\/www.shcote-nord.org\/wp\/?page_id=263\" \/>\n<meta property=\"og:locale\" content=\"fr_FR\" \/>\n<meta property=\"og:type\" content=\"article\" \/>\n<meta property=\"og:title\" content=\"Centre d&#039;archives &#8902; Soci\u00e9t\u00e9 historique de la C\u00f4te-Nord\" \/>\n<meta property=\"og:description\" content=\"Depuis 1995, notre centre d&#039;archives priv\u00e9es propose ses services aux chercheurs, aux \u00e9tudiants, aux visiteurs et aux g\u00e9n\u00e9alogistes.\" \/>\n<meta property=\"og:url\" content=\"https:\/\/www.shcote-nord.org\/wp\/?page_id=263\" \/>\n<meta property=\"og:site_name\" content=\"Soci\u00e9t\u00e9 historique de la C\u00f4te-Nord\" \/>\n<meta property=\"article:publisher\" content=\"https:\/\/www.facebook.com\/shcotenord\/\" \/>\n<meta property=\"article:modified_time\" content=\"2019-10-28T20:41:36+00:00\" \/>\n<meta name=\"twitter:card\" content=\"summary_large_image\" \/>\n<meta name=\"twitter:label1\" content=\"Dur\u00e9e de lecture estim\u00e9e\" \/>\n\t<meta name=\"twitter:data1\" content=\"1 minute\" \/>\n<script type=\"application\/ld+json\" class=\"yoast-schema-graph\">{\"@context\":\"https:\\\/\\\/schema.org\",\"@graph\":[{\"@type\":\"WebPage\",\"@id\":\"https:\\\/\\\/www.shcote-nord.org\\\/wp\\\/?page_id=263\",\"url\":\"https:\\\/\\\/www.shcote-nord.org\\\/wp\\\/?page_id=263\",\"name\":\"Centre d'archives &#8902; Soci\u00e9t\u00e9 historique de la C\u00f4te-Nord\",\"isPartOf\":{\"@id\":\"https:\\\/\\\/www.shcote-nord.org\\\/wp\\\/#website\"},\"primaryImageOfPage\":{\"@id\":\"https:\\\/\\\/www.shcote-nord.org\\\/wp\\\/?page_id=263#primaryimage\"},\"image\":{\"@id\":\"https:\\\/\\\/www.shcote-nord.org\\\/wp\\\/?page_id=263#primaryimage\"},\"thumbnailUrl\":\"\",\"datePublished\":\"2017-06-30T07:23:49+00:00\",\"dateModified\":\"2019-10-28T20:41:36+00:00\",\"description\":\"Depuis 1995, notre centre d'archives priv\u00e9es propose ses services aux chercheurs, aux \u00e9tudiants, aux visiteurs et aux g\u00e9n\u00e9alogistes.\",\"breadcrumb\":{\"@id\":\"https:\\\/\\\/www.shcote-nord.org\\\/wp\\\/?page_id=263#breadcrumb\"},\"inLanguage\":\"fr-FR\",\"potentialAction\":[{\"@type\":\"ReadAction\",\"target\":[\"https:\\\/\\\/www.shcote-nord.org\\\/wp\\\/?page_id=263\"]}]},{\"@type\":\"ImageObject\",\"inLanguage\":\"fr-FR\",\"@id\":\"https:\\\/\\\/www.shcote-nord.org\\\/wp\\\/?page_id=263#primaryimage\",\"url\":\"\",\"contentUrl\":\"\"},{\"@type\":\"BreadcrumbList\",\"@id\":\"https:\\\/\\\/www.shcote-nord.org\\\/wp\\\/?page_id=263#breadcrumb\",\"itemListElement\":[{\"@type\":\"ListItem\",\"position\":1,\"name\":\"Accueil\",\"item\":\"https:\\\/\\\/www.shcote-nord.org\\\/wp\"},{\"@type\":\"ListItem\",\"position\":2,\"name\":\"Centre d&rsquo;archives\"}]},{\"@type\":\"WebSite\",\"@id\":\"https:\\\/\\\/www.shcote-nord.org\\\/wp\\\/#website\",\"url\":\"https:\\\/\\\/www.shcote-nord.org\\\/wp\\\/\",\"name\":\"Soci\u00e9t\u00e9 historique de la C\u00f4te-Nord\",\"description\":\"Centre d&#039;archives priv\u00e9es de la SHCN\",\"publisher\":{\"@id\":\"https:\\\/\\\/www.shcote-nord.org\\\/wp\\\/#organization\"},\"potentialAction\":[{\"@type\":\"SearchAction\",\"target\":{\"@type\":\"EntryPoint\",\"urlTemplate\":\"https:\\\/\\\/www.shcote-nord.org\\\/wp\\\/?s={search_term_string}\"},\"query-input\":{\"@type\":\"PropertyValueSpecification\",\"valueRequired\":true,\"valueName\":\"search_term_string\"}}],\"inLanguage\":\"fr-FR\"},{\"@type\":\"Organization\",\"@id\":\"https:\\\/\\\/www.shcote-nord.org\\\/wp\\\/#organization\",\"name\":\"Soci\u00e9t\u00e9 historique de la C\u00f4te-Nord\",\"url\":\"https:\\\/\\\/www.shcote-nord.org\\\/wp\\\/\",\"logo\":{\"@type\":\"ImageObject\",\"inLanguage\":\"fr-FR\",\"@id\":\"https:\\\/\\\/www.shcote-nord.org\\\/wp\\\/#\\\/schema\\\/logo\\\/image\\\/\",\"url\":\"https:\\\/\\\/i2.wp.com\\\/www.shcote-nord.org\\\/wp\\\/wp-content\\\/uploads\\\/2017\\\/09\\\/Sans-titre-1-copie.png?fit=2543%2C939\",\"contentUrl\":\"https:\\\/\\\/i2.wp.com\\\/www.shcote-nord.org\\\/wp\\\/wp-content\\\/uploads\\\/2017\\\/09\\\/Sans-titre-1-copie.png?fit=2543%2C939\",\"width\":2543,\"height\":939,\"caption\":\"Soci\u00e9t\u00e9 historique de la C\u00f4te-Nord\"},\"image\":{\"@id\":\"https:\\\/\\\/www.shcote-nord.org\\\/wp\\\/#\\\/schema\\\/logo\\\/image\\\/\"},\"sameAs\":[\"https:\\\/\\\/www.facebook.com\\\/shcotenord\\\/\"]}]}<\/script>\n<!-- \/ Yoast SEO plugin. -->","yoast_head_json":{"title":"Centre d'archives &#8902; Soci\u00e9t\u00e9 historique de la C\u00f4te-Nord","description":"Depuis 1995, notre centre d'archives priv\u00e9es propose ses services aux chercheurs, aux \u00e9tudiants, aux visiteurs et aux g\u00e9n\u00e9alogistes.","robots":{"index":"index","follow":"follow","max-snippet":"max-snippet:-1","max-image-preview":"max-image-preview:large","max-video-preview":"max-video-preview:-1"},"canonical":"https:\/\/www.shcote-nord.org\/wp\/?page_id=263","og_locale":"fr_FR","og_type":"article","og_title":"Centre d'archives &#8902; Soci\u00e9t\u00e9 historique de la C\u00f4te-Nord","og_description":"Depuis 1995, notre centre d'archives priv\u00e9es propose ses services aux chercheurs, aux \u00e9tudiants, aux visiteurs et aux g\u00e9n\u00e9alogistes.","og_url":"https:\/\/www.shcote-nord.org\/wp\/?page_id=263","og_site_name":"Soci\u00e9t\u00e9 historique de la C\u00f4te-Nord","article_publisher":"https:\/\/www.facebook.com\/shcotenord\/","article_modified_time":"2019-10-28T20:41:36+00:00","twitter_card":"summary_large_image","twitter_misc":{"Dur\u00e9e de lecture estim\u00e9e":"1 minute"},"schema":{"@context":"https:\/\/schema.org","@graph":[{"@type":"WebPage","@id":"https:\/\/www.shcote-nord.org\/wp\/?page_id=263","url":"https:\/\/www.shcote-nord.org\/wp\/?page_id=263","name":"Centre d'archives &#8902; Soci\u00e9t\u00e9 historique de la C\u00f4te-Nord","isPartOf":{"@id":"https:\/\/www.shcote-nord.org\/wp\/#website"},"primaryImageOfPage":{"@id":"https:\/\/www.shcote-nord.org\/wp\/?page_id=263#primaryimage"},"image":{"@id":"https:\/\/www.shcote-nord.org\/wp\/?page_id=263#primaryimage"},"thumbnailUrl":"","datePublished":"2017-06-30T07:23:49+00:00","dateModified":"2019-10-28T20:41:36+00:00","description":"Depuis 1995, notre centre d'archives priv\u00e9es propose ses services aux chercheurs, aux \u00e9tudiants, aux visiteurs et aux g\u00e9n\u00e9alogistes.","breadcrumb":{"@id":"https:\/\/www.shcote-nord.org\/wp\/?page_id=263#breadcrumb"},"inLanguage":"fr-FR","potentialAction":[{"@type":"ReadAction","target":["https:\/\/www.shcote-nord.org\/wp\/?page_id=263"]}]},{"@type":"ImageObject","inLanguage":"fr-FR","@id":"https:\/\/www.shcote-nord.org\/wp\/?page_id=263#primaryimage","url":"","contentUrl":""},{"@type":"BreadcrumbList","@id":"https:\/\/www.shcote-nord.org\/wp\/?page_id=263#breadcrumb","itemListElement":[{"@type":"ListItem","position":1,"name":"Accueil","item":"https:\/\/www.shcote-nord.org\/wp"},{"@type":"ListItem","position":2,"name":"Centre d&rsquo;archives"}]},{"@type":"WebSite","@id":"https:\/\/www.shcote-nord.org\/wp\/#website","url":"https:\/\/www.shcote-nord.org\/wp\/","name":"Soci\u00e9t\u00e9 historique de la C\u00f4te-Nord","description":"Centre d&#039;archives priv\u00e9es de la SHCN","publisher":{"@id":"https:\/\/www.shcote-nord.org\/wp\/#organization"},"potentialAction":[{"@type":"SearchAction","target":{"@type":"EntryPoint","urlTemplate":"https:\/\/www.shcote-nord.org\/wp\/?s={search_term_string}"},"query-input":{"@type":"PropertyValueSpecification","valueRequired":true,"valueName":"search_term_string"}}],"inLanguage":"fr-FR"},{"@type":"Organization","@id":"https:\/\/www.shcote-nord.org\/wp\/#organization","name":"Soci\u00e9t\u00e9 historique de la C\u00f4te-Nord","url":"https:\/\/www.shcote-nord.org\/wp\/","logo":{"@type":"ImageObject","inLanguage":"fr-FR","@id":"https:\/\/www.shcote-nord.org\/wp\/#\/schema\/logo\/image\/","url":"https:\/\/i2.wp.com\/www.shcote-nord.org\/wp\/wp-content\/uploads\/2017\/09\/Sans-titre-1-copie.png?fit=2543%2C939","contentUrl":"https:\/\/i2.wp.com\/www.shcote-nord.org\/wp\/wp-content\/uploads\/2017\/09\/Sans-titre-1-copie.png?fit=2543%2C939","width":2543,"height":939,"caption":"Soci\u00e9t\u00e9 historique de la C\u00f4te-Nord"},"image":{"@id":"https:\/\/www.shcote-nord.org\/wp\/#\/schema\/logo\/image\/"},"sameAs":["https:\/\/www.facebook.com\/shcotenord\/"]}]}},"_links":{"self":[{"href":"https:\/\/www.shcote-nord.org\/wp\/index.php?rest_route=\/wp\/v2\/pages\/263","targetHints":{"allow":["GET"]}}],"collection":[{"href":"https:\/\/www.shcote-nord.org\/wp\/index.php?rest_route=\/wp\/v2\/pages"}],"about":[{"href":"https:\/\/www.shcote-nord.org\/wp\/index.php?rest_route=\/wp\/v2\/types\/page"}],"author":[{"embeddable":true,"href":"https:\/\/www.shcote-nord.org\/wp\/index.php?rest_route=\/wp\/v2\/users\/1"}],"replies":[{"embeddable":true,"href":"https:\/\/www.shcote-nord.org\/wp\/index.php?rest_route=%2Fwp%2Fv2%2Fcomments&post=263"}],"version-history":[{"count":14,"href":"https:\/\/www.shcote-nord.org\/wp\/index.php?rest_route=\/wp\/v2\/pages\/263\/revisions"}],"predecessor-version":[{"id":2607,"href":"https:\/\/www.shcote-nord.org\/wp\/index.php?rest_route=\/wp\/v2\/pages\/263\/revisions\/2607"}],"wp:featuredmedia":[{"embeddable":true,"href":"https:\/\/www.shcote-nord.org\/wp\/index.php?rest_route=\/"}],"wp:attachment":[{"href":"https:\/\/www.shcote-nord.org\/wp\/index.php?rest_route=%2Fwp%2Fv2%2Fmedia&parent=263"}],"curies":[{"name":"wp","href":"https:\/\/api.w.org\/{rel}","templated":true}]}}