{"id":2501,"date":"2019-05-22T08:52:48","date_gmt":"2019-05-22T13:52:48","guid":{"rendered":"http:\/\/www.shcote-nord.org\/wp\/?page_id=2501"},"modified":"2020-02-20T09:35:21","modified_gmt":"2020-02-20T14:35:21","slug":"exposition-2019","status":"publish","type":"page","link":"https:\/\/www.shcote-nord.org\/wp\/?page_id=2501","title":{"rendered":"Exposition 2019"},"content":{"rendered":"\n<h1 class=\"wp-block-heading\">Description<\/h1>\n\n\n\n<p>L&rsquo;enfance est une p\u00e9riode\nimportante de la vie humaine. Peupl\u00e9e d&rsquo;exp\u00e9rimentations et d&rsquo;apprentissages,\nelle est fortement influenc\u00e9e par notre environnement. Nos parents, notre\nculture, l&rsquo;\u00e9poque \u00e0 laquelle&nbsp;nous sommes n\u00e9s et&nbsp;le&nbsp;territoire o\u00f9\nnous avons grandi sont tous des caract\u00e9ristiques qui peuvent affect\u00e9s ce\nd\u00e9veloppement. \u00c0 travers des photographies, des t\u00e9moignages, des anecdotes et\ndes objets, d\u00e9couvrez comment les Nord-C\u00f4tiers, de naissance ou d&rsquo;adoption, de\nl&rsquo;Est ou de l&rsquo;Ouest, d&rsquo;hier \u00e0 aujourd&rsquo;hui&nbsp;ont su grandir et s&rsquo;\u00e9panouir et\nce qui les ont marqu\u00e9s.<\/p>\n\n\n\n<p>Childhood is an important phase in every person&rsquo;s life, filled with\nexperimentation and learning. Our parents, our culture, the time we were born\nand the place where we grew up are all factors that can affect our development.\nThrough photographs, testimonials, anecdotes and objects, this exhibit shows\nhow the people all along the North Shore &#8211; whether native or adopted, past and\npresent &#8211; have grown and thrived here.<\/p>\n\n\n\n<h2 class=\"wp-block-heading\">Production<\/h2>\n\n\n\n<p>D&rsquo;abord, elle est l&rsquo;id\u00e9e de Mme H\u00e9l\u00e8ne Grenier en 2017. Durant ces deux derni\u00e8res ann\u00e9es, des recherches sont entam\u00e9es et des entrevues sont faites aupr\u00e8s d&rsquo;a\u00een\u00e9s. L&rsquo;exposition sera pr\u00e9sent\u00e9e du 20 juin au 8 septembre 2019. <\/p>\n\n\n\n<h2 class=\"wp-block-heading\">Images<\/h2>\n\n\n\n<div class=\"wp-block-image\"><figure class=\"aligncenter\"><img loading=\"lazy\" decoding=\"async\" width=\"1024\" height=\"361\" src=\"http:\/\/www.shcote-nord.org\/wp\/wp-content\/uploads\/2019\/05\/2241-Exposition_signet_envers_2019-1024x361.jpg\" alt=\"\" class=\"wp-image-2502\" srcset=\"https:\/\/www.shcote-nord.org\/wp\/wp-content\/uploads\/2019\/05\/2241-Exposition_signet_envers_2019-1024x361.jpg 1024w, https:\/\/www.shcote-nord.org\/wp\/wp-content\/uploads\/2019\/05\/2241-Exposition_signet_envers_2019-300x106.jpg 300w, https:\/\/www.shcote-nord.org\/wp\/wp-content\/uploads\/2019\/05\/2241-Exposition_signet_envers_2019-768x271.jpg 768w, https:\/\/www.shcote-nord.org\/wp\/wp-content\/uploads\/2019\/05\/2241-Exposition_signet_envers_2019-1080x380.jpg 1080w\" sizes=\"auto, (max-width: 1024px) 100vw, 1024px\" \/><\/figure><\/div>\n\n\n\n<h2 class=\"wp-block-heading\">M\u00e9dias<\/h2>\n\n\n\n<h3 class=\"wp-block-heading\">Radio | <\/h3>\n\n\n\n<h4 class=\"wp-block-heading\">Radio-Canada | <a href=\"https:\/\/ici.radio-canada.ca\/premiere\/emissions\/bonjour-la-cote\/segments\/ entrevue\/116736\/exposition-grandir-cote-nord-enfance-pionniers-helene-grenier-conception-societe-historique\">1<\/a> | <a href=\"https:\/\/ici.radio-canada.ca\/premiere\/emissions\/bonjour-la-cote\/segments\/entrevue\/127319\/grandir-sur-la-cote-nord-pionniers\">2<\/a><\/h4>\n\n\n\n<h3 class=\"wp-block-heading\">Journaux | <a href=\"https:\/\/www.lemanic.ca\/la-societe-historique-presente-une-nouvelle-exposition\/\">1<\/a> | <a href=\"https:\/\/www.lemanic.ca\/2019\/08\/28\/grandir-sur-la-cote-nord-se-termine-bientot\/\">2<\/a><\/h3>\n\n\n\n<h3 class=\"wp-block-heading\">Communiqu\u00e9 |<a href=\"http:\/\/www.shcote-nord.org\/wp\/?p=2520\"> 1<\/a> | <a href=\"http:\/\/www.shcote-nord.org\/wp\/?p=2562\">2<\/a><\/h3>\n\n\n\n<h3 class=\"wp-block-heading\">T\u00e9l\u00e9vision | <a href=\"https:\/\/www.nous.tv\/fr\/node\/184786\">NousTV<\/a> | <a href=\"https:\/\/www.facebook.com\/tvaestduquebec\/videos\/187867689153991\/\">TVA Nouvelles<\/a><\/h3>\n\n\n","protected":false},"excerpt":{"rendered":"<p>Description L&rsquo;enfance est une p\u00e9riode importante de la vie humaine. Peupl\u00e9e d&rsquo;exp\u00e9rimentations et d&rsquo;apprentissages, elle est fortement influenc\u00e9e par notre environnement. Nos parents, notre culture, l&rsquo;\u00e9poque \u00e0 laquelle&nbsp;nous sommes n\u00e9s et&nbsp;le&nbsp;territoire o\u00f9 nous avons grandi sont tous des caract\u00e9ristiques qui peuvent affect\u00e9s ce d\u00e9veloppement. \u00c0 travers des photographies, des t\u00e9moignages, des anecdotes et des objets, &hellip; <a href=\"https:\/\/www.shcote-nord.org\/wp\/?page_id=2501\" class=\"more-link\">Lire la suite de <span class=\"screen-reader-text\">Exposition 2019<\/span><\/a><\/p>\n","protected":false},"author":1,"featured_media":0,"parent":1419,"menu_order":10,"comment_status":"closed","ping_status":"closed","template":"","meta":{"_mc_calendar":[],"footnotes":""},"class_list":["post-2501","page","type-page","status-publish","hentry","no-featured-image"],"yoast_head":"<!-- This site is optimized with the Yoast SEO plugin v27.4 - https:\/\/yoast.com\/product\/yoast-seo-wordpress\/ -->\n<title>Exposition 2019 &#8902; Soci\u00e9t\u00e9 historique de la C\u00f4te-Nord<\/title>\n<meta name=\"robots\" content=\"index, follow, max-snippet:-1, max-image-preview:large, max-video-preview:-1\" \/>\n<link rel=\"canonical\" href=\"https:\/\/www.shcote-nord.org\/wp\/?page_id=2501\" \/>\n<meta property=\"og:locale\" content=\"fr_FR\" \/>\n<meta property=\"og:type\" content=\"article\" \/>\n<meta property=\"og:title\" content=\"Exposition 2019 &#8902; Soci\u00e9t\u00e9 historique de la C\u00f4te-Nord\" \/>\n<meta property=\"og:description\" content=\"Description L&rsquo;enfance est une p\u00e9riode importante de la vie humaine. Peupl\u00e9e d&rsquo;exp\u00e9rimentations et d&rsquo;apprentissages, elle est fortement influenc\u00e9e par notre environnement. Nos parents, notre culture, l&rsquo;\u00e9poque \u00e0 laquelle&nbsp;nous sommes n\u00e9s et&nbsp;le&nbsp;territoire o\u00f9 nous avons grandi sont tous des caract\u00e9ristiques qui peuvent affect\u00e9s ce d\u00e9veloppement. \u00c0 travers des photographies, des t\u00e9moignages, des anecdotes et des objets, &hellip; Lire la suite de Exposition 2019\" \/>\n<meta property=\"og:url\" content=\"https:\/\/www.shcote-nord.org\/wp\/?page_id=2501\" \/>\n<meta property=\"og:site_name\" content=\"Soci\u00e9t\u00e9 historique de la C\u00f4te-Nord\" \/>\n<meta property=\"article:publisher\" content=\"https:\/\/www.facebook.com\/shcotenord\/\" \/>\n<meta property=\"article:modified_time\" content=\"2020-02-20T14:35:21+00:00\" \/>\n<meta property=\"og:image\" content=\"http:\/\/www.shcote-nord.org\/wp\/wp-content\/uploads\/2019\/05\/2241-Exposition_signet_envers_2019-1024x361.jpg\" \/>\n<meta name=\"twitter:card\" content=\"summary_large_image\" \/>\n<meta name=\"twitter:label1\" content=\"Dur\u00e9e de lecture estim\u00e9e\" \/>\n\t<meta name=\"twitter:data1\" content=\"1 minute\" \/>\n<script type=\"application\/ld+json\" class=\"yoast-schema-graph\">{\"@context\":\"https:\\\/\\\/schema.org\",\"@graph\":[{\"@type\":\"WebPage\",\"@id\":\"https:\\\/\\\/www.shcote-nord.org\\\/wp\\\/?page_id=2501\",\"url\":\"https:\\\/\\\/www.shcote-nord.org\\\/wp\\\/?page_id=2501\",\"name\":\"Exposition 2019 &#8902; Soci\u00e9t\u00e9 historique de la C\u00f4te-Nord\",\"isPartOf\":{\"@id\":\"https:\\\/\\\/www.shcote-nord.org\\\/wp\\\/#website\"},\"primaryImageOfPage\":{\"@id\":\"https:\\\/\\\/www.shcote-nord.org\\\/wp\\\/?page_id=2501#primaryimage\"},\"image\":{\"@id\":\"https:\\\/\\\/www.shcote-nord.org\\\/wp\\\/?page_id=2501#primaryimage\"},\"thumbnailUrl\":\"http:\\\/\\\/www.shcote-nord.org\\\/wp\\\/wp-content\\\/uploads\\\/2019\\\/05\\\/2241-Exposition_signet_envers_2019-1024x361.jpg\",\"datePublished\":\"2019-05-22T13:52:48+00:00\",\"dateModified\":\"2020-02-20T14:35:21+00:00\",\"breadcrumb\":{\"@id\":\"https:\\\/\\\/www.shcote-nord.org\\\/wp\\\/?page_id=2501#breadcrumb\"},\"inLanguage\":\"fr-FR\",\"potentialAction\":[{\"@type\":\"ReadAction\",\"target\":[\"https:\\\/\\\/www.shcote-nord.org\\\/wp\\\/?page_id=2501\"]}]},{\"@type\":\"ImageObject\",\"inLanguage\":\"fr-FR\",\"@id\":\"https:\\\/\\\/www.shcote-nord.org\\\/wp\\\/?page_id=2501#primaryimage\",\"url\":\"http:\\\/\\\/www.shcote-nord.org\\\/wp\\\/wp-content\\\/uploads\\\/2019\\\/05\\\/2241-Exposition_signet_envers_2019-1024x361.jpg\",\"contentUrl\":\"http:\\\/\\\/www.shcote-nord.org\\\/wp\\\/wp-content\\\/uploads\\\/2019\\\/05\\\/2241-Exposition_signet_envers_2019-1024x361.jpg\"},{\"@type\":\"BreadcrumbList\",\"@id\":\"https:\\\/\\\/www.shcote-nord.org\\\/wp\\\/?page_id=2501#breadcrumb\",\"itemListElement\":[{\"@type\":\"ListItem\",\"position\":1,\"name\":\"Accueil\",\"item\":\"https:\\\/\\\/www.shcote-nord.org\\\/wp\"},{\"@type\":\"ListItem\",\"position\":2,\"name\":\"\u00c9v\u00e9nements\",\"item\":\"https:\\\/\\\/www.shcote-nord.org\\\/wp\\\/?page_id=1417\"},{\"@type\":\"ListItem\",\"position\":3,\"name\":\"Expositions\",\"item\":\"https:\\\/\\\/www.shcote-nord.org\\\/wp\\\/?page_id=1419\"},{\"@type\":\"ListItem\",\"position\":4,\"name\":\"Exposition 2019\"}]},{\"@type\":\"WebSite\",\"@id\":\"https:\\\/\\\/www.shcote-nord.org\\\/wp\\\/#website\",\"url\":\"https:\\\/\\\/www.shcote-nord.org\\\/wp\\\/\",\"name\":\"Soci\u00e9t\u00e9 historique de la C\u00f4te-Nord\",\"description\":\"Centre d&#039;archives priv\u00e9es de la SHCN\",\"publisher\":{\"@id\":\"https:\\\/\\\/www.shcote-nord.org\\\/wp\\\/#organization\"},\"potentialAction\":[{\"@type\":\"SearchAction\",\"target\":{\"@type\":\"EntryPoint\",\"urlTemplate\":\"https:\\\/\\\/www.shcote-nord.org\\\/wp\\\/?s={search_term_string}\"},\"query-input\":{\"@type\":\"PropertyValueSpecification\",\"valueRequired\":true,\"valueName\":\"search_term_string\"}}],\"inLanguage\":\"fr-FR\"},{\"@type\":\"Organization\",\"@id\":\"https:\\\/\\\/www.shcote-nord.org\\\/wp\\\/#organization\",\"name\":\"Soci\u00e9t\u00e9 historique de la C\u00f4te-Nord\",\"url\":\"https:\\\/\\\/www.shcote-nord.org\\\/wp\\\/\",\"logo\":{\"@type\":\"ImageObject\",\"inLanguage\":\"fr-FR\",\"@id\":\"https:\\\/\\\/www.shcote-nord.org\\\/wp\\\/#\\\/schema\\\/logo\\\/image\\\/\",\"url\":\"https:\\\/\\\/i2.wp.com\\\/www.shcote-nord.org\\\/wp\\\/wp-content\\\/uploads\\\/2017\\\/09\\\/Sans-titre-1-copie.png?fit=2543%2C939\",\"contentUrl\":\"https:\\\/\\\/i2.wp.com\\\/www.shcote-nord.org\\\/wp\\\/wp-content\\\/uploads\\\/2017\\\/09\\\/Sans-titre-1-copie.png?fit=2543%2C939\",\"width\":2543,\"height\":939,\"caption\":\"Soci\u00e9t\u00e9 historique de la C\u00f4te-Nord\"},\"image\":{\"@id\":\"https:\\\/\\\/www.shcote-nord.org\\\/wp\\\/#\\\/schema\\\/logo\\\/image\\\/\"},\"sameAs\":[\"https:\\\/\\\/www.facebook.com\\\/shcotenord\\\/\"]}]}<\/script>\n<!-- \/ Yoast SEO plugin. -->","yoast_head_json":{"title":"Exposition 2019 &#8902; Soci\u00e9t\u00e9 historique de la C\u00f4te-Nord","robots":{"index":"index","follow":"follow","max-snippet":"max-snippet:-1","max-image-preview":"max-image-preview:large","max-video-preview":"max-video-preview:-1"},"canonical":"https:\/\/www.shcote-nord.org\/wp\/?page_id=2501","og_locale":"fr_FR","og_type":"article","og_title":"Exposition 2019 &#8902; Soci\u00e9t\u00e9 historique de la C\u00f4te-Nord","og_description":"Description L&rsquo;enfance est une p\u00e9riode importante de la vie humaine. Peupl\u00e9e d&rsquo;exp\u00e9rimentations et d&rsquo;apprentissages, elle est fortement influenc\u00e9e par notre environnement. Nos parents, notre culture, l&rsquo;\u00e9poque \u00e0 laquelle&nbsp;nous sommes n\u00e9s et&nbsp;le&nbsp;territoire o\u00f9 nous avons grandi sont tous des caract\u00e9ristiques qui peuvent affect\u00e9s ce d\u00e9veloppement. \u00c0 travers des photographies, des t\u00e9moignages, des anecdotes et des objets, &hellip; Lire la suite de Exposition 2019","og_url":"https:\/\/www.shcote-nord.org\/wp\/?page_id=2501","og_site_name":"Soci\u00e9t\u00e9 historique de la C\u00f4te-Nord","article_publisher":"https:\/\/www.facebook.com\/shcotenord\/","article_modified_time":"2020-02-20T14:35:21+00:00","og_image":[{"url":"http:\/\/www.shcote-nord.org\/wp\/wp-content\/uploads\/2019\/05\/2241-Exposition_signet_envers_2019-1024x361.jpg","type":"","width":"","height":""}],"twitter_card":"summary_large_image","twitter_misc":{"Dur\u00e9e de lecture estim\u00e9e":"1 minute"},"schema":{"@context":"https:\/\/schema.org","@graph":[{"@type":"WebPage","@id":"https:\/\/www.shcote-nord.org\/wp\/?page_id=2501","url":"https:\/\/www.shcote-nord.org\/wp\/?page_id=2501","name":"Exposition 2019 &#8902; Soci\u00e9t\u00e9 historique de la C\u00f4te-Nord","isPartOf":{"@id":"https:\/\/www.shcote-nord.org\/wp\/#website"},"primaryImageOfPage":{"@id":"https:\/\/www.shcote-nord.org\/wp\/?page_id=2501#primaryimage"},"image":{"@id":"https:\/\/www.shcote-nord.org\/wp\/?page_id=2501#primaryimage"},"thumbnailUrl":"http:\/\/www.shcote-nord.org\/wp\/wp-content\/uploads\/2019\/05\/2241-Exposition_signet_envers_2019-1024x361.jpg","datePublished":"2019-05-22T13:52:48+00:00","dateModified":"2020-02-20T14:35:21+00:00","breadcrumb":{"@id":"https:\/\/www.shcote-nord.org\/wp\/?page_id=2501#breadcrumb"},"inLanguage":"fr-FR","potentialAction":[{"@type":"ReadAction","target":["https:\/\/www.shcote-nord.org\/wp\/?page_id=2501"]}]},{"@type":"ImageObject","inLanguage":"fr-FR","@id":"https:\/\/www.shcote-nord.org\/wp\/?page_id=2501#primaryimage","url":"http:\/\/www.shcote-nord.org\/wp\/wp-content\/uploads\/2019\/05\/2241-Exposition_signet_envers_2019-1024x361.jpg","contentUrl":"http:\/\/www.shcote-nord.org\/wp\/wp-content\/uploads\/2019\/05\/2241-Exposition_signet_envers_2019-1024x361.jpg"},{"@type":"BreadcrumbList","@id":"https:\/\/www.shcote-nord.org\/wp\/?page_id=2501#breadcrumb","itemListElement":[{"@type":"ListItem","position":1,"name":"Accueil","item":"https:\/\/www.shcote-nord.org\/wp"},{"@type":"ListItem","position":2,"name":"\u00c9v\u00e9nements","item":"https:\/\/www.shcote-nord.org\/wp\/?page_id=1417"},{"@type":"ListItem","position":3,"name":"Expositions","item":"https:\/\/www.shcote-nord.org\/wp\/?page_id=1419"},{"@type":"ListItem","position":4,"name":"Exposition 2019"}]},{"@type":"WebSite","@id":"https:\/\/www.shcote-nord.org\/wp\/#website","url":"https:\/\/www.shcote-nord.org\/wp\/","name":"Soci\u00e9t\u00e9 historique de la C\u00f4te-Nord","description":"Centre d&#039;archives priv\u00e9es de la SHCN","publisher":{"@id":"https:\/\/www.shcote-nord.org\/wp\/#organization"},"potentialAction":[{"@type":"SearchAction","target":{"@type":"EntryPoint","urlTemplate":"https:\/\/www.shcote-nord.org\/wp\/?s={search_term_string}"},"query-input":{"@type":"PropertyValueSpecification","valueRequired":true,"valueName":"search_term_string"}}],"inLanguage":"fr-FR"},{"@type":"Organization","@id":"https:\/\/www.shcote-nord.org\/wp\/#organization","name":"Soci\u00e9t\u00e9 historique de la C\u00f4te-Nord","url":"https:\/\/www.shcote-nord.org\/wp\/","logo":{"@type":"ImageObject","inLanguage":"fr-FR","@id":"https:\/\/www.shcote-nord.org\/wp\/#\/schema\/logo\/image\/","url":"https:\/\/i2.wp.com\/www.shcote-nord.org\/wp\/wp-content\/uploads\/2017\/09\/Sans-titre-1-copie.png?fit=2543%2C939","contentUrl":"https:\/\/i2.wp.com\/www.shcote-nord.org\/wp\/wp-content\/uploads\/2017\/09\/Sans-titre-1-copie.png?fit=2543%2C939","width":2543,"height":939,"caption":"Soci\u00e9t\u00e9 historique de la C\u00f4te-Nord"},"image":{"@id":"https:\/\/www.shcote-nord.org\/wp\/#\/schema\/logo\/image\/"},"sameAs":["https:\/\/www.facebook.com\/shcotenord\/"]}]}},"_links":{"self":[{"href":"https:\/\/www.shcote-nord.org\/wp\/index.php?rest_route=\/wp\/v2\/pages\/2501","targetHints":{"allow":["GET"]}}],"collection":[{"href":"https:\/\/www.shcote-nord.org\/wp\/index.php?rest_route=\/wp\/v2\/pages"}],"about":[{"href":"https:\/\/www.shcote-nord.org\/wp\/index.php?rest_route=\/wp\/v2\/types\/page"}],"author":[{"embeddable":true,"href":"https:\/\/www.shcote-nord.org\/wp\/index.php?rest_route=\/wp\/v2\/users\/1"}],"replies":[{"embeddable":true,"href":"https:\/\/www.shcote-nord.org\/wp\/index.php?rest_route=%2Fwp%2Fv2%2Fcomments&post=2501"}],"version-history":[{"count":3,"href":"https:\/\/www.shcote-nord.org\/wp\/index.php?rest_route=\/wp\/v2\/pages\/2501\/revisions"}],"predecessor-version":[{"id":2672,"href":"https:\/\/www.shcote-nord.org\/wp\/index.php?rest_route=\/wp\/v2\/pages\/2501\/revisions\/2672"}],"up":[{"embeddable":true,"href":"https:\/\/www.shcote-nord.org\/wp\/index.php?rest_route=\/wp\/v2\/pages\/1419"}],"wp:attachment":[{"href":"https:\/\/www.shcote-nord.org\/wp\/index.php?rest_route=%2Fwp%2Fv2%2Fmedia&parent=2501"}],"curies":[{"name":"wp","href":"https:\/\/api.w.org\/{rel}","templated":true}]}}