{"id":2075,"date":"2018-03-07T16:21:45","date_gmt":"2018-03-07T21:21:45","guid":{"rendered":"http:\/\/www.shcote-nord.org\/wp\/?page_id=2075"},"modified":"2020-09-01T15:46:58","modified_gmt":"2020-09-01T20:46:58","slug":"assemblee-generale-annuelle-2018","status":"publish","type":"page","link":"https:\/\/www.shcote-nord.org\/wp\/?page_id=2075","title":{"rendered":"Assembl\u00e9e g\u00e9n\u00e9rale annuelle 2018"},"content":{"rendered":"<h2>Assembl\u00e9e g\u00e9n\u00e9rale annuelle<\/h2>\n<p>Tous les membres en r\u00e8gles\u00a0 sont convoqu\u00e9s \u00e0 l&rsquo;<strong><em>assembl\u00e9e g\u00e9n\u00e9rale annuelle <\/em><\/strong>de la Soci\u00e9t\u00e9 historique de la C\u00f4te-Nord, qui se tiendra <strong><em>jeudi le 22 mars 2018, \u00e0 19 h,<\/em><\/strong> \u00e0 la Maison du patrimoine Napol\u00e9on-Alexandre-Comeau (Ancien bureau de poste) , au 2, Place La Salle \u00e0 Baie-Comeau.<\/p>\n<p>Advenant que vous ne puissiez assister \u00e0 cette r\u00e9union, vous \u00eates pri\u00e9(e) de bien vouloir nous informer d\u00e8s que possible, au num\u00e9ro (418) 296-8228 ou par courrier \u00e9lectronique <a href=\"mailto:shcn@globetrotter.net\">shcn@globetrotter.net<\/a><\/p>\n<h2>Liste de v\u00e9rification<\/h2>\n<p>Conform\u00e9ment avec l&rsquo;article 5.3 de nos r\u00e8glements g\u00e9n\u00e9raux, \u00ab les personnes non inscrites sur cette liste, quinze (15) jours avant l\u2019assembl\u00e9e annuelle, n\u2019auront pas droit de vote \u00e0 cette assembl\u00e9e. \u00bb V\u00e9rifiez donc que votre nom y soit.<\/p>\n<ul style=\"list-style-type: disc;\">\n<li><a href=\"http:\/\/www.shcote-nord.org\/wp\/wp-content\/uploads\/2018\/02\/Liste-des-membres-au-2018-02-16.pdf\">Liste de v\u00e9rification<\/a>\u00a0en date du 16 f\u00e9vrier 2018<\/li>\n<\/ul>\n<p style=\"text-align: justify;\">Si votre nom ne s&rsquo;y trouve pas,\u00a0vous \u00eates pri\u00e9(e) de bien vouloir nous informer et acquitter votre cotisation annuelle avant le 1 mars 2018. Une confirmation\u00a0 par courriel vous sera envoy\u00e9e ou une confirmation sur place\u00a0 ou par t\u00e9l\u00e9phone sont \u00e9galement possible. La liste sera \u00e9galement disponible aux locaux de la SHCN pour v\u00e9rification.<\/p>\n<h2>Voici les documents \u00e0 lire pour pr\u00e9parer l&rsquo;assembl\u00e9e:<\/h2>\n<ul>\n<li><a href=\"http:\/\/www.shcote-nord.org\/wp\/wp-content\/uploads\/2018\/03\/1310-Ordre-du-jour-AGA-22-mars-2018-version-1.pdf\">Ordre du jour<\/a><\/li>\n<li><a href=\"http:\/\/www.shcote-nord.org\/wp\/wp-content\/uploads\/2018\/03\/1310-AGA_proc\u00e8s-verbal_2017-03-23.pdf\">Proc\u00e8s-verbal de l&rsquo;assembl\u00e9e du 23 mars 2017<\/a><\/li>\n<li><a href=\"http:\/\/www.shcote-nord.org\/wp\/wp-content\/uploads\/2018\/03\/1540-Rapport-annuel_shcn_2017_vf.pdf\">Rapport annuel 2017<\/a><\/li>\n<li><a href=\"http:\/\/www.shcote-nord.org\/wp\/wp-content\/uploads\/2018\/03\/4630-\u00c9tats-financiers-au-31-d\u00e9c-2017-AGA_r\u00e9duit.pdf\">\u00c9tats financiers 2017 et pr\u00e9visions budg\u00e9taires 2018<\/a><\/li>\n<li><a href=\"http:\/\/www.shcote-nord.org\/wp\/wp-content\/uploads\/2018\/03\/4315-Rapport-de-v\u00e9rification-2017.pdf\">Rapport de v\u00e9rification<\/a><\/li>\n<\/ul>\n<p>Pour les t\u00e9l\u00e9charger, cliquez sur le lien et et enregistrer le fichier \u00e0 l&rsquo;endroit souhaiter. Vous pourrez alors le consulter sur votre ordinateur en tout temps et l&rsquo;imprimer si vous le souhaitez.<\/p>\n<p style=\"text-align: center;\">Nous vous attendons en grand nombre. Nous vous remercions de votre fid\u00e9lit\u00e9 puisque sans elle, votre Soci\u00e9t\u00e9 ne pourrait fonctionner ad\u00e9quatement.<\/p>\n","protected":false},"excerpt":{"rendered":"<p>Assembl\u00e9e g\u00e9n\u00e9rale annuelle Tous les membres en r\u00e8gles\u00a0 sont convoqu\u00e9s \u00e0 l&rsquo;assembl\u00e9e g\u00e9n\u00e9rale annuelle de la Soci\u00e9t\u00e9 historique de la C\u00f4te-Nord, qui se tiendra jeudi le 22 mars 2018, \u00e0 19 h, \u00e0 la Maison du patrimoine Napol\u00e9on-Alexandre-Comeau (Ancien bureau de poste) , au 2, Place La Salle \u00e0 Baie-Comeau. Advenant que vous ne puissiez &hellip; <a href=\"https:\/\/www.shcote-nord.org\/wp\/?page_id=2075\" class=\"more-link\">Lire la suite de <span class=\"screen-reader-text\">Assembl\u00e9e g\u00e9n\u00e9rale annuelle 2018<\/span><\/a><\/p>\n","protected":false},"author":1,"featured_media":2093,"parent":56,"menu_order":7,"comment_status":"closed","ping_status":"closed","template":"","meta":{"_mc_calendar":[],"footnotes":""},"class_list":["post-2075","page","type-page","status-publish","has-post-thumbnail","hentry"],"yoast_head":"<!-- This site is optimized with the Yoast SEO plugin v27.4 - https:\/\/yoast.com\/product\/yoast-seo-wordpress\/ -->\n<title>Assembl\u00e9e g\u00e9n\u00e9rale annuelle 2018 &#8902; Soci\u00e9t\u00e9 historique de la C\u00f4te-Nord<\/title>\n<meta name=\"description\" content=\"Tous les membres en r\u00e8gles\u00a0 sont convoqu\u00e9s \u00e0 l&#039;assembl\u00e9e g\u00e9n\u00e9rale annuelle de la Soci\u00e9t\u00e9 historique de la C\u00f4te-Nord, qui se tiendra jeudi le 22 mars 2016, \u00e0 19 h, \u00e0 la Maison du patrimoine Napol\u00e9on-Alexandre-Comeau.\" \/>\n<meta name=\"robots\" content=\"index, follow, max-snippet:-1, max-image-preview:large, max-video-preview:-1\" \/>\n<link rel=\"canonical\" href=\"https:\/\/www.shcote-nord.org\/wp\/?page_id=2075\" \/>\n<meta property=\"og:locale\" content=\"fr_FR\" \/>\n<meta property=\"og:type\" content=\"article\" \/>\n<meta property=\"og:title\" content=\"Assembl\u00e9e g\u00e9n\u00e9rale annuelle 2018 &#8902; Soci\u00e9t\u00e9 historique de la C\u00f4te-Nord\" \/>\n<meta property=\"og:description\" content=\"Tous les membres en r\u00e8gles\u00a0 sont convoqu\u00e9s \u00e0 l&#039;assembl\u00e9e g\u00e9n\u00e9rale annuelle de la Soci\u00e9t\u00e9 historique de la C\u00f4te-Nord, qui se tiendra jeudi le 22 mars 2016, \u00e0 19 h, \u00e0 la Maison du patrimoine Napol\u00e9on-Alexandre-Comeau.\" \/>\n<meta property=\"og:url\" content=\"https:\/\/www.shcote-nord.org\/wp\/?page_id=2075\" \/>\n<meta property=\"og:site_name\" content=\"Soci\u00e9t\u00e9 historique de la C\u00f4te-Nord\" \/>\n<meta property=\"article:publisher\" content=\"https:\/\/www.facebook.com\/shcotenord\/\" \/>\n<meta property=\"article:modified_time\" content=\"2020-09-01T20:46:58+00:00\" \/>\n<meta property=\"og:image\" content=\"https:\/\/i0.wp.com\/www.shcote-nord.org\/wp\/wp-content\/uploads\/2018\/02\/AGA-2018-e1522074510276.png?fit=600%2C315&ssl=1\" \/>\n\t<meta property=\"og:image:width\" content=\"600\" \/>\n\t<meta property=\"og:image:height\" content=\"315\" \/>\n\t<meta property=\"og:image:type\" content=\"image\/png\" \/>\n<meta name=\"twitter:card\" content=\"summary_large_image\" \/>\n<meta name=\"twitter:label1\" content=\"Dur\u00e9e de lecture estim\u00e9e\" \/>\n\t<meta name=\"twitter:data1\" content=\"1 minute\" \/>\n<script type=\"application\/ld+json\" class=\"yoast-schema-graph\">{\"@context\":\"https:\\\/\\\/schema.org\",\"@graph\":[{\"@type\":\"WebPage\",\"@id\":\"https:\\\/\\\/www.shcote-nord.org\\\/wp\\\/?page_id=2075\",\"url\":\"https:\\\/\\\/www.shcote-nord.org\\\/wp\\\/?page_id=2075\",\"name\":\"Assembl\u00e9e g\u00e9n\u00e9rale annuelle 2018 &#8902; Soci\u00e9t\u00e9 historique de la C\u00f4te-Nord\",\"isPartOf\":{\"@id\":\"https:\\\/\\\/www.shcote-nord.org\\\/wp\\\/#website\"},\"primaryImageOfPage\":{\"@id\":\"https:\\\/\\\/www.shcote-nord.org\\\/wp\\\/?page_id=2075#primaryimage\"},\"image\":{\"@id\":\"https:\\\/\\\/www.shcote-nord.org\\\/wp\\\/?page_id=2075#primaryimage\"},\"thumbnailUrl\":\"https:\\\/\\\/www.shcote-nord.org\\\/wp\\\/wp-content\\\/uploads\\\/2018\\\/02\\\/AGA-2018-e1522074510276.png\",\"datePublished\":\"2018-03-07T21:21:45+00:00\",\"dateModified\":\"2020-09-01T20:46:58+00:00\",\"description\":\"Tous les membres en r\u00e8gles\u00a0 sont convoqu\u00e9s \u00e0 l'assembl\u00e9e g\u00e9n\u00e9rale annuelle de la Soci\u00e9t\u00e9 historique de la C\u00f4te-Nord, qui se tiendra jeudi le 22 mars 2016, \u00e0 19 h, \u00e0 la Maison du patrimoine Napol\u00e9on-Alexandre-Comeau.\",\"breadcrumb\":{\"@id\":\"https:\\\/\\\/www.shcote-nord.org\\\/wp\\\/?page_id=2075#breadcrumb\"},\"inLanguage\":\"fr-FR\",\"potentialAction\":[{\"@type\":\"ReadAction\",\"target\":[\"https:\\\/\\\/www.shcote-nord.org\\\/wp\\\/?page_id=2075\"]}]},{\"@type\":\"ImageObject\",\"inLanguage\":\"fr-FR\",\"@id\":\"https:\\\/\\\/www.shcote-nord.org\\\/wp\\\/?page_id=2075#primaryimage\",\"url\":\"https:\\\/\\\/www.shcote-nord.org\\\/wp\\\/wp-content\\\/uploads\\\/2018\\\/02\\\/AGA-2018-e1522074510276.png\",\"contentUrl\":\"https:\\\/\\\/www.shcote-nord.org\\\/wp\\\/wp-content\\\/uploads\\\/2018\\\/02\\\/AGA-2018-e1522074510276.png\",\"width\":600,\"height\":315},{\"@type\":\"BreadcrumbList\",\"@id\":\"https:\\\/\\\/www.shcote-nord.org\\\/wp\\\/?page_id=2075#breadcrumb\",\"itemListElement\":[{\"@type\":\"ListItem\",\"position\":1,\"name\":\"Accueil\",\"item\":\"https:\\\/\\\/www.shcote-nord.org\\\/wp\"},{\"@type\":\"ListItem\",\"position\":2,\"name\":\"Administration\",\"item\":\"https:\\\/\\\/www.shcote-nord.org\\\/wp\\\/?page_id=56\"},{\"@type\":\"ListItem\",\"position\":3,\"name\":\"Assembl\u00e9e g\u00e9n\u00e9rale annuelle 2018\"}]},{\"@type\":\"WebSite\",\"@id\":\"https:\\\/\\\/www.shcote-nord.org\\\/wp\\\/#website\",\"url\":\"https:\\\/\\\/www.shcote-nord.org\\\/wp\\\/\",\"name\":\"Soci\u00e9t\u00e9 historique de la C\u00f4te-Nord\",\"description\":\"Centre d&#039;archives priv\u00e9es de la SHCN\",\"publisher\":{\"@id\":\"https:\\\/\\\/www.shcote-nord.org\\\/wp\\\/#organization\"},\"potentialAction\":[{\"@type\":\"SearchAction\",\"target\":{\"@type\":\"EntryPoint\",\"urlTemplate\":\"https:\\\/\\\/www.shcote-nord.org\\\/wp\\\/?s={search_term_string}\"},\"query-input\":{\"@type\":\"PropertyValueSpecification\",\"valueRequired\":true,\"valueName\":\"search_term_string\"}}],\"inLanguage\":\"fr-FR\"},{\"@type\":\"Organization\",\"@id\":\"https:\\\/\\\/www.shcote-nord.org\\\/wp\\\/#organization\",\"name\":\"Soci\u00e9t\u00e9 historique de la C\u00f4te-Nord\",\"url\":\"https:\\\/\\\/www.shcote-nord.org\\\/wp\\\/\",\"logo\":{\"@type\":\"ImageObject\",\"inLanguage\":\"fr-FR\",\"@id\":\"https:\\\/\\\/www.shcote-nord.org\\\/wp\\\/#\\\/schema\\\/logo\\\/image\\\/\",\"url\":\"https:\\\/\\\/i2.wp.com\\\/www.shcote-nord.org\\\/wp\\\/wp-content\\\/uploads\\\/2017\\\/09\\\/Sans-titre-1-copie.png?fit=2543%2C939\",\"contentUrl\":\"https:\\\/\\\/i2.wp.com\\\/www.shcote-nord.org\\\/wp\\\/wp-content\\\/uploads\\\/2017\\\/09\\\/Sans-titre-1-copie.png?fit=2543%2C939\",\"width\":2543,\"height\":939,\"caption\":\"Soci\u00e9t\u00e9 historique de la C\u00f4te-Nord\"},\"image\":{\"@id\":\"https:\\\/\\\/www.shcote-nord.org\\\/wp\\\/#\\\/schema\\\/logo\\\/image\\\/\"},\"sameAs\":[\"https:\\\/\\\/www.facebook.com\\\/shcotenord\\\/\"]}]}<\/script>\n<!-- \/ Yoast SEO plugin. -->","yoast_head_json":{"title":"Assembl\u00e9e g\u00e9n\u00e9rale annuelle 2018 &#8902; Soci\u00e9t\u00e9 historique de la C\u00f4te-Nord","description":"Tous les membres en r\u00e8gles\u00a0 sont convoqu\u00e9s \u00e0 l'assembl\u00e9e g\u00e9n\u00e9rale annuelle de la Soci\u00e9t\u00e9 historique de la C\u00f4te-Nord, qui se tiendra jeudi le 22 mars 2016, \u00e0 19 h, \u00e0 la Maison du patrimoine Napol\u00e9on-Alexandre-Comeau.","robots":{"index":"index","follow":"follow","max-snippet":"max-snippet:-1","max-image-preview":"max-image-preview:large","max-video-preview":"max-video-preview:-1"},"canonical":"https:\/\/www.shcote-nord.org\/wp\/?page_id=2075","og_locale":"fr_FR","og_type":"article","og_title":"Assembl\u00e9e g\u00e9n\u00e9rale annuelle 2018 &#8902; Soci\u00e9t\u00e9 historique de la C\u00f4te-Nord","og_description":"Tous les membres en r\u00e8gles\u00a0 sont convoqu\u00e9s \u00e0 l'assembl\u00e9e g\u00e9n\u00e9rale annuelle de la Soci\u00e9t\u00e9 historique de la C\u00f4te-Nord, qui se tiendra jeudi le 22 mars 2016, \u00e0 19 h, \u00e0 la Maison du patrimoine Napol\u00e9on-Alexandre-Comeau.","og_url":"https:\/\/www.shcote-nord.org\/wp\/?page_id=2075","og_site_name":"Soci\u00e9t\u00e9 historique de la C\u00f4te-Nord","article_publisher":"https:\/\/www.facebook.com\/shcotenord\/","article_modified_time":"2020-09-01T20:46:58+00:00","og_image":[{"width":600,"height":315,"url":"https:\/\/i0.wp.com\/www.shcote-nord.org\/wp\/wp-content\/uploads\/2018\/02\/AGA-2018-e1522074510276.png?fit=600%2C315&ssl=1","type":"image\/png"}],"twitter_card":"summary_large_image","twitter_misc":{"Dur\u00e9e de lecture estim\u00e9e":"1 minute"},"schema":{"@context":"https:\/\/schema.org","@graph":[{"@type":"WebPage","@id":"https:\/\/www.shcote-nord.org\/wp\/?page_id=2075","url":"https:\/\/www.shcote-nord.org\/wp\/?page_id=2075","name":"Assembl\u00e9e g\u00e9n\u00e9rale annuelle 2018 &#8902; Soci\u00e9t\u00e9 historique de la C\u00f4te-Nord","isPartOf":{"@id":"https:\/\/www.shcote-nord.org\/wp\/#website"},"primaryImageOfPage":{"@id":"https:\/\/www.shcote-nord.org\/wp\/?page_id=2075#primaryimage"},"image":{"@id":"https:\/\/www.shcote-nord.org\/wp\/?page_id=2075#primaryimage"},"thumbnailUrl":"https:\/\/www.shcote-nord.org\/wp\/wp-content\/uploads\/2018\/02\/AGA-2018-e1522074510276.png","datePublished":"2018-03-07T21:21:45+00:00","dateModified":"2020-09-01T20:46:58+00:00","description":"Tous les membres en r\u00e8gles\u00a0 sont convoqu\u00e9s \u00e0 l'assembl\u00e9e g\u00e9n\u00e9rale annuelle de la Soci\u00e9t\u00e9 historique de la C\u00f4te-Nord, qui se tiendra jeudi le 22 mars 2016, \u00e0 19 h, \u00e0 la Maison du patrimoine Napol\u00e9on-Alexandre-Comeau.","breadcrumb":{"@id":"https:\/\/www.shcote-nord.org\/wp\/?page_id=2075#breadcrumb"},"inLanguage":"fr-FR","potentialAction":[{"@type":"ReadAction","target":["https:\/\/www.shcote-nord.org\/wp\/?page_id=2075"]}]},{"@type":"ImageObject","inLanguage":"fr-FR","@id":"https:\/\/www.shcote-nord.org\/wp\/?page_id=2075#primaryimage","url":"https:\/\/www.shcote-nord.org\/wp\/wp-content\/uploads\/2018\/02\/AGA-2018-e1522074510276.png","contentUrl":"https:\/\/www.shcote-nord.org\/wp\/wp-content\/uploads\/2018\/02\/AGA-2018-e1522074510276.png","width":600,"height":315},{"@type":"BreadcrumbList","@id":"https:\/\/www.shcote-nord.org\/wp\/?page_id=2075#breadcrumb","itemListElement":[{"@type":"ListItem","position":1,"name":"Accueil","item":"https:\/\/www.shcote-nord.org\/wp"},{"@type":"ListItem","position":2,"name":"Administration","item":"https:\/\/www.shcote-nord.org\/wp\/?page_id=56"},{"@type":"ListItem","position":3,"name":"Assembl\u00e9e g\u00e9n\u00e9rale annuelle 2018"}]},{"@type":"WebSite","@id":"https:\/\/www.shcote-nord.org\/wp\/#website","url":"https:\/\/www.shcote-nord.org\/wp\/","name":"Soci\u00e9t\u00e9 historique de la C\u00f4te-Nord","description":"Centre d&#039;archives priv\u00e9es de la SHCN","publisher":{"@id":"https:\/\/www.shcote-nord.org\/wp\/#organization"},"potentialAction":[{"@type":"SearchAction","target":{"@type":"EntryPoint","urlTemplate":"https:\/\/www.shcote-nord.org\/wp\/?s={search_term_string}"},"query-input":{"@type":"PropertyValueSpecification","valueRequired":true,"valueName":"search_term_string"}}],"inLanguage":"fr-FR"},{"@type":"Organization","@id":"https:\/\/www.shcote-nord.org\/wp\/#organization","name":"Soci\u00e9t\u00e9 historique de la C\u00f4te-Nord","url":"https:\/\/www.shcote-nord.org\/wp\/","logo":{"@type":"ImageObject","inLanguage":"fr-FR","@id":"https:\/\/www.shcote-nord.org\/wp\/#\/schema\/logo\/image\/","url":"https:\/\/i2.wp.com\/www.shcote-nord.org\/wp\/wp-content\/uploads\/2017\/09\/Sans-titre-1-copie.png?fit=2543%2C939","contentUrl":"https:\/\/i2.wp.com\/www.shcote-nord.org\/wp\/wp-content\/uploads\/2017\/09\/Sans-titre-1-copie.png?fit=2543%2C939","width":2543,"height":939,"caption":"Soci\u00e9t\u00e9 historique de la C\u00f4te-Nord"},"image":{"@id":"https:\/\/www.shcote-nord.org\/wp\/#\/schema\/logo\/image\/"},"sameAs":["https:\/\/www.facebook.com\/shcotenord\/"]}]}},"_links":{"self":[{"href":"https:\/\/www.shcote-nord.org\/wp\/index.php?rest_route=\/wp\/v2\/pages\/2075","targetHints":{"allow":["GET"]}}],"collection":[{"href":"https:\/\/www.shcote-nord.org\/wp\/index.php?rest_route=\/wp\/v2\/pages"}],"about":[{"href":"https:\/\/www.shcote-nord.org\/wp\/index.php?rest_route=\/wp\/v2\/types\/page"}],"author":[{"embeddable":true,"href":"https:\/\/www.shcote-nord.org\/wp\/index.php?rest_route=\/wp\/v2\/users\/1"}],"replies":[{"embeddable":true,"href":"https:\/\/www.shcote-nord.org\/wp\/index.php?rest_route=%2Fwp%2Fv2%2Fcomments&post=2075"}],"version-history":[{"count":15,"href":"https:\/\/www.shcote-nord.org\/wp\/index.php?rest_route=\/wp\/v2\/pages\/2075\/revisions"}],"predecessor-version":[{"id":2750,"href":"https:\/\/www.shcote-nord.org\/wp\/index.php?rest_route=\/wp\/v2\/pages\/2075\/revisions\/2750"}],"up":[{"embeddable":true,"href":"https:\/\/www.shcote-nord.org\/wp\/index.php?rest_route=\/wp\/v2\/pages\/56"}],"wp:featuredmedia":[{"embeddable":true,"href":"https:\/\/www.shcote-nord.org\/wp\/index.php?rest_route=\/wp\/v2\/media\/2093"}],"wp:attachment":[{"href":"https:\/\/www.shcote-nord.org\/wp\/index.php?rest_route=%2Fwp%2Fv2%2Fmedia&parent=2075"}],"curies":[{"name":"wp","href":"https:\/\/api.w.org\/{rel}","templated":true}]}}