{"id":206,"date":"2017-06-30T01:51:21","date_gmt":"2017-06-30T00:51:21","guid":{"rendered":"https:\/\/exemple9963.wordpress.com\/?page_id=206"},"modified":"2017-11-05T00:42:51","modified_gmt":"2017-11-05T04:42:51","slug":"cahiers","status":"publish","type":"page","link":"https:\/\/www.shcote-nord.org\/wp\/?page_id=206","title":{"rendered":"Cahiers d&rsquo;histoire"},"content":{"rendered":"<div id='gallery-1' class='gallery galleryid-206 gallery-columns-4 gallery-size-medium'><figure class='gallery-item'>\n\t\t\t<div class='gallery-icon portrait'>\n\t\t\t\t<a href='https:\/\/www.shcote-nord.org\/wp\/?attachment_id=1217'><img loading=\"lazy\" decoding=\"async\" width=\"193\" height=\"300\" src=\"https:\/\/www.shcote-nord.org\/wp\/wp-content\/uploads\/2017\/08\/C-001-193x300.jpg\" class=\"attachment-medium size-medium\" alt=\"\" srcset=\"https:\/\/www.shcote-nord.org\/wp\/wp-content\/uploads\/2017\/08\/C-001-193x300.jpg 193w, https:\/\/www.shcote-nord.org\/wp\/wp-content\/uploads\/2017\/08\/C-001.jpg 548w\" sizes=\"auto, (max-width: 193px) 100vw, 193px\" \/><\/a>\n\t\t\t<\/div><\/figure><figure class='gallery-item'>\n\t\t\t<div class='gallery-icon portrait'>\n\t\t\t\t<a href='https:\/\/www.shcote-nord.org\/wp\/?attachment_id=1218'><img loading=\"lazy\" decoding=\"async\" width=\"195\" height=\"300\" src=\"https:\/\/www.shcote-nord.org\/wp\/wp-content\/uploads\/2017\/08\/C-002-195x300.jpg\" class=\"attachment-medium size-medium\" alt=\"\" srcset=\"https:\/\/www.shcote-nord.org\/wp\/wp-content\/uploads\/2017\/08\/C-002-195x300.jpg 195w, https:\/\/www.shcote-nord.org\/wp\/wp-content\/uploads\/2017\/08\/C-002.jpg 538w\" sizes=\"auto, (max-width: 195px) 100vw, 195px\" \/><\/a>\n\t\t\t<\/div><\/figure><figure class='gallery-item'>\n\t\t\t<div class='gallery-icon portrait'>\n\t\t\t\t<a href='https:\/\/www.shcote-nord.org\/wp\/?attachment_id=1219'><img loading=\"lazy\" decoding=\"async\" width=\"191\" height=\"300\" src=\"https:\/\/www.shcote-nord.org\/wp\/wp-content\/uploads\/2017\/08\/C-003-191x300.jpg\" class=\"attachment-medium size-medium\" alt=\"\" srcset=\"https:\/\/www.shcote-nord.org\/wp\/wp-content\/uploads\/2017\/08\/C-003-191x300.jpg 191w, https:\/\/www.shcote-nord.org\/wp\/wp-content\/uploads\/2017\/08\/C-003.jpg 531w\" sizes=\"auto, (max-width: 191px) 100vw, 191px\" \/><\/a>\n\t\t\t<\/div><\/figure><figure class='gallery-item'>\n\t\t\t<div class='gallery-icon portrait'>\n\t\t\t\t<a href='https:\/\/www.shcote-nord.org\/wp\/?attachment_id=1220'><img loading=\"lazy\" decoding=\"async\" width=\"194\" height=\"300\" src=\"https:\/\/www.shcote-nord.org\/wp\/wp-content\/uploads\/2017\/08\/C-004-194x300.jpg\" class=\"attachment-medium size-medium\" alt=\"\" srcset=\"https:\/\/www.shcote-nord.org\/wp\/wp-content\/uploads\/2017\/08\/C-004-194x300.jpg 194w, https:\/\/www.shcote-nord.org\/wp\/wp-content\/uploads\/2017\/08\/C-004.jpg 541w\" sizes=\"auto, (max-width: 194px) 100vw, 194px\" \/><\/a>\n\t\t\t<\/div><\/figure>\n\t\t<\/div>\n\n<p style=\"text-align: center;\">Les frais de livraison sont calcul\u00e9s selon le taux en vigueur en suppl\u00e9ment au prix affich\u00e9.<\/p>\n<h3><span style=\"color: #31ce31;\">Cahier d&rsquo;histoire num\u00e9ro 1 | mai 1971 | 2,00 $<\/span><\/h3>\n<ul>\n<li>La C\u00f4te-Nord en 1871<\/li>\n<li>Samuel Hearne, Explorator<\/li>\n<li>M\u00e9moire du capitaine Edgar Jourdain (partie 1)<\/li>\n<\/ul>\n<h3><span style=\"color: #31ce31;\">Cahier d&rsquo;histoire num\u00e9ro 2 | d\u00e9cembre 1971 | \u00c9puis\u00e9<\/span><\/h3>\n<ul>\n<li>M\u00e9moire du capitaine Edgar Jourdain (partie 2)<\/li>\n<li>Charles Ahier, dessinateur<\/li>\n<\/ul>\n<p style=\"padding-left: 30px;\"><span style=\"color: #31ce31;\">\u00c9puis\u00e9 &#8211; Une version num\u00e9rique existe au co\u00fbt de 4,00$ (avec CD-Rom)<\/span><\/p>\n<h3><span style=\"color: #31ce31;\">Cahier d&rsquo;histoire num\u00e9ro 3 | mai 1972 | 2,00 $<\/span><\/h3>\n<ul>\n<li>Vingt-cinq ans d\u00e9j\u00e0<\/li>\n<li>Hommage \u00e0 un regrett\u00e9 disparu<\/li>\n<li>Elle illumine encore les nuits de Godbout<\/li>\n<li>Toponymie historique et actuelle de la C\u00f4te-Nord<\/li>\n<li>Charles Ahier (partie 2)<\/li>\n<li>Ugh ! Ugh ! Copy Cat buying (Wholesale)<\/li>\n<li>Michel \u00c9mond<br \/>\nM\u00e9moires du capitaine Edgar Jourdain (partie 3)<\/li>\n<li>Quelques anniversaires<\/li>\n<\/ul>\n<h3><span style=\"color: #31ce31;\">Cahier d&rsquo;histoire no.4\u00a0 | septembre 1977 | 2,00 $<\/span><\/h3>\n<ul>\n<li>Le p\u00e8re Arthur Gallant, eudiste (1896-1996)<\/li>\n<\/ul>\n","protected":false},"excerpt":{"rendered":"<p>Les frais de livraison sont calcul\u00e9s selon le taux en vigueur en suppl\u00e9ment au prix affich\u00e9. Cahier d&rsquo;histoire num\u00e9ro 1 | mai 1971 | 2,00 $ La C\u00f4te-Nord en 1871 Samuel Hearne, Explorator M\u00e9moire du capitaine Edgar Jourdain (partie 1) Cahier d&rsquo;histoire num\u00e9ro 2 | d\u00e9cembre 1971 | \u00c9puis\u00e9 M\u00e9moire du capitaine Edgar Jourdain (partie &hellip; <a href=\"https:\/\/www.shcote-nord.org\/wp\/?page_id=206\" class=\"more-link\">Lire la suite de <span class=\"screen-reader-text\">Cahiers d&rsquo;histoire<\/span><\/a><\/p>\n","protected":false},"author":1,"featured_media":0,"parent":69,"menu_order":0,"comment_status":"closed","ping_status":"closed","template":"","meta":{"_mc_calendar":[],"footnotes":""},"class_list":["post-206","page","type-page","status-publish","hentry","no-featured-image"],"yoast_head":"<!-- This site is optimized with the Yoast SEO plugin v27.5 - https:\/\/yoast.com\/product\/yoast-seo-wordpress\/ -->\n<title>Cahiers d&#039;histoire &#8902; Soci\u00e9t\u00e9 historique de la C\u00f4te-Nord<\/title>\n<meta name=\"robots\" content=\"index, follow, max-snippet:-1, max-image-preview:large, max-video-preview:-1\" \/>\n<link rel=\"canonical\" href=\"https:\/\/www.shcote-nord.org\/wp\/?page_id=206\" \/>\n<meta property=\"og:locale\" content=\"fr_FR\" \/>\n<meta property=\"og:type\" content=\"article\" \/>\n<meta property=\"og:title\" content=\"Cahiers d&#039;histoire &#8902; Soci\u00e9t\u00e9 historique de la C\u00f4te-Nord\" \/>\n<meta property=\"og:description\" content=\"Les frais de livraison sont calcul\u00e9s selon le taux en vigueur en suppl\u00e9ment au prix affich\u00e9. Cahier d&rsquo;histoire num\u00e9ro 1 | mai 1971 | 2,00 $ La C\u00f4te-Nord en 1871 Samuel Hearne, Explorator M\u00e9moire du capitaine Edgar Jourdain (partie 1) Cahier d&rsquo;histoire num\u00e9ro 2 | d\u00e9cembre 1971 | \u00c9puis\u00e9 M\u00e9moire du capitaine Edgar Jourdain (partie &hellip; Lire la suite de Cahiers d&rsquo;histoire\" \/>\n<meta property=\"og:url\" content=\"https:\/\/www.shcote-nord.org\/wp\/?page_id=206\" \/>\n<meta property=\"og:site_name\" content=\"Soci\u00e9t\u00e9 historique de la C\u00f4te-Nord\" \/>\n<meta property=\"article:publisher\" content=\"https:\/\/www.facebook.com\/shcotenord\/\" \/>\n<meta property=\"article:modified_time\" content=\"2017-11-05T04:42:51+00:00\" \/>\n<meta property=\"og:image\" content=\"https:\/\/i0.wp.com\/www.shcote-nord.org\/wp\/wp-content\/uploads\/2017\/08\/C-001.jpg?w=174&#038;h=270&#038;ssl=1\" \/>\n<meta name=\"twitter:card\" content=\"summary_large_image\" \/>\n<meta name=\"twitter:label1\" content=\"Dur\u00e9e de lecture estim\u00e9e\" \/>\n\t<meta name=\"twitter:data1\" content=\"1 minute\" \/>\n<script type=\"application\/ld+json\" class=\"yoast-schema-graph\">{\"@context\":\"https:\\\/\\\/schema.org\",\"@graph\":[{\"@type\":\"WebPage\",\"@id\":\"https:\\\/\\\/www.shcote-nord.org\\\/wp\\\/?page_id=206\",\"url\":\"https:\\\/\\\/www.shcote-nord.org\\\/wp\\\/?page_id=206\",\"name\":\"Cahiers d'histoire &#8902; Soci\u00e9t\u00e9 historique de la C\u00f4te-Nord\",\"isPartOf\":{\"@id\":\"https:\\\/\\\/www.shcote-nord.org\\\/wp\\\/#website\"},\"datePublished\":\"2017-06-30T00:51:21+00:00\",\"dateModified\":\"2017-11-05T04:42:51+00:00\",\"breadcrumb\":{\"@id\":\"https:\\\/\\\/www.shcote-nord.org\\\/wp\\\/?page_id=206#breadcrumb\"},\"inLanguage\":\"fr-FR\",\"potentialAction\":[{\"@type\":\"ReadAction\",\"target\":[\"https:\\\/\\\/www.shcote-nord.org\\\/wp\\\/?page_id=206\"]}]},{\"@type\":\"BreadcrumbList\",\"@id\":\"https:\\\/\\\/www.shcote-nord.org\\\/wp\\\/?page_id=206#breadcrumb\",\"itemListElement\":[{\"@type\":\"ListItem\",\"position\":1,\"name\":\"Accueil\",\"item\":\"https:\\\/\\\/www.shcote-nord.org\\\/wp\"},{\"@type\":\"ListItem\",\"position\":2,\"name\":\"Publications\",\"item\":\"https:\\\/\\\/www.shcote-nord.org\\\/wp\\\/?page_id=69\"},{\"@type\":\"ListItem\",\"position\":3,\"name\":\"Cahiers d&rsquo;histoire\"}]},{\"@type\":\"WebSite\",\"@id\":\"https:\\\/\\\/www.shcote-nord.org\\\/wp\\\/#website\",\"url\":\"https:\\\/\\\/www.shcote-nord.org\\\/wp\\\/\",\"name\":\"Soci\u00e9t\u00e9 historique de la C\u00f4te-Nord\",\"description\":\"Centre d&#039;archives priv\u00e9es de la SHCN\",\"publisher\":{\"@id\":\"https:\\\/\\\/www.shcote-nord.org\\\/wp\\\/#organization\"},\"potentialAction\":[{\"@type\":\"SearchAction\",\"target\":{\"@type\":\"EntryPoint\",\"urlTemplate\":\"https:\\\/\\\/www.shcote-nord.org\\\/wp\\\/?s={search_term_string}\"},\"query-input\":{\"@type\":\"PropertyValueSpecification\",\"valueRequired\":true,\"valueName\":\"search_term_string\"}}],\"inLanguage\":\"fr-FR\"},{\"@type\":\"Organization\",\"@id\":\"https:\\\/\\\/www.shcote-nord.org\\\/wp\\\/#organization\",\"name\":\"Soci\u00e9t\u00e9 historique de la C\u00f4te-Nord\",\"url\":\"https:\\\/\\\/www.shcote-nord.org\\\/wp\\\/\",\"logo\":{\"@type\":\"ImageObject\",\"inLanguage\":\"fr-FR\",\"@id\":\"https:\\\/\\\/www.shcote-nord.org\\\/wp\\\/#\\\/schema\\\/logo\\\/image\\\/\",\"url\":\"https:\\\/\\\/i2.wp.com\\\/www.shcote-nord.org\\\/wp\\\/wp-content\\\/uploads\\\/2017\\\/09\\\/Sans-titre-1-copie.png?fit=2543%2C939\",\"contentUrl\":\"https:\\\/\\\/i2.wp.com\\\/www.shcote-nord.org\\\/wp\\\/wp-content\\\/uploads\\\/2017\\\/09\\\/Sans-titre-1-copie.png?fit=2543%2C939\",\"width\":2543,\"height\":939,\"caption\":\"Soci\u00e9t\u00e9 historique de la C\u00f4te-Nord\"},\"image\":{\"@id\":\"https:\\\/\\\/www.shcote-nord.org\\\/wp\\\/#\\\/schema\\\/logo\\\/image\\\/\"},\"sameAs\":[\"https:\\\/\\\/www.facebook.com\\\/shcotenord\\\/\"]}]}<\/script>\n<!-- \/ Yoast SEO plugin. -->","yoast_head_json":{"title":"Cahiers d'histoire &#8902; Soci\u00e9t\u00e9 historique de la C\u00f4te-Nord","robots":{"index":"index","follow":"follow","max-snippet":"max-snippet:-1","max-image-preview":"max-image-preview:large","max-video-preview":"max-video-preview:-1"},"canonical":"https:\/\/www.shcote-nord.org\/wp\/?page_id=206","og_locale":"fr_FR","og_type":"article","og_title":"Cahiers d'histoire &#8902; Soci\u00e9t\u00e9 historique de la C\u00f4te-Nord","og_description":"Les frais de livraison sont calcul\u00e9s selon le taux en vigueur en suppl\u00e9ment au prix affich\u00e9. Cahier d&rsquo;histoire num\u00e9ro 1 | mai 1971 | 2,00 $ La C\u00f4te-Nord en 1871 Samuel Hearne, Explorator M\u00e9moire du capitaine Edgar Jourdain (partie 1) Cahier d&rsquo;histoire num\u00e9ro 2 | d\u00e9cembre 1971 | \u00c9puis\u00e9 M\u00e9moire du capitaine Edgar Jourdain (partie &hellip; Lire la suite de Cahiers d&rsquo;histoire","og_url":"https:\/\/www.shcote-nord.org\/wp\/?page_id=206","og_site_name":"Soci\u00e9t\u00e9 historique de la C\u00f4te-Nord","article_publisher":"https:\/\/www.facebook.com\/shcotenord\/","article_modified_time":"2017-11-05T04:42:51+00:00","og_image":[{"url":"https:\/\/i0.wp.com\/www.shcote-nord.org\/wp\/wp-content\/uploads\/2017\/08\/C-001.jpg?w=174&#038;h=270&#038;ssl=1","type":"","width":"","height":""}],"twitter_card":"summary_large_image","twitter_misc":{"Dur\u00e9e de lecture estim\u00e9e":"1 minute"},"schema":{"@context":"https:\/\/schema.org","@graph":[{"@type":"WebPage","@id":"https:\/\/www.shcote-nord.org\/wp\/?page_id=206","url":"https:\/\/www.shcote-nord.org\/wp\/?page_id=206","name":"Cahiers d'histoire &#8902; Soci\u00e9t\u00e9 historique de la C\u00f4te-Nord","isPartOf":{"@id":"https:\/\/www.shcote-nord.org\/wp\/#website"},"datePublished":"2017-06-30T00:51:21+00:00","dateModified":"2017-11-05T04:42:51+00:00","breadcrumb":{"@id":"https:\/\/www.shcote-nord.org\/wp\/?page_id=206#breadcrumb"},"inLanguage":"fr-FR","potentialAction":[{"@type":"ReadAction","target":["https:\/\/www.shcote-nord.org\/wp\/?page_id=206"]}]},{"@type":"BreadcrumbList","@id":"https:\/\/www.shcote-nord.org\/wp\/?page_id=206#breadcrumb","itemListElement":[{"@type":"ListItem","position":1,"name":"Accueil","item":"https:\/\/www.shcote-nord.org\/wp"},{"@type":"ListItem","position":2,"name":"Publications","item":"https:\/\/www.shcote-nord.org\/wp\/?page_id=69"},{"@type":"ListItem","position":3,"name":"Cahiers d&rsquo;histoire"}]},{"@type":"WebSite","@id":"https:\/\/www.shcote-nord.org\/wp\/#website","url":"https:\/\/www.shcote-nord.org\/wp\/","name":"Soci\u00e9t\u00e9 historique de la C\u00f4te-Nord","description":"Centre d&#039;archives priv\u00e9es de la SHCN","publisher":{"@id":"https:\/\/www.shcote-nord.org\/wp\/#organization"},"potentialAction":[{"@type":"SearchAction","target":{"@type":"EntryPoint","urlTemplate":"https:\/\/www.shcote-nord.org\/wp\/?s={search_term_string}"},"query-input":{"@type":"PropertyValueSpecification","valueRequired":true,"valueName":"search_term_string"}}],"inLanguage":"fr-FR"},{"@type":"Organization","@id":"https:\/\/www.shcote-nord.org\/wp\/#organization","name":"Soci\u00e9t\u00e9 historique de la C\u00f4te-Nord","url":"https:\/\/www.shcote-nord.org\/wp\/","logo":{"@type":"ImageObject","inLanguage":"fr-FR","@id":"https:\/\/www.shcote-nord.org\/wp\/#\/schema\/logo\/image\/","url":"https:\/\/i2.wp.com\/www.shcote-nord.org\/wp\/wp-content\/uploads\/2017\/09\/Sans-titre-1-copie.png?fit=2543%2C939","contentUrl":"https:\/\/i2.wp.com\/www.shcote-nord.org\/wp\/wp-content\/uploads\/2017\/09\/Sans-titre-1-copie.png?fit=2543%2C939","width":2543,"height":939,"caption":"Soci\u00e9t\u00e9 historique de la C\u00f4te-Nord"},"image":{"@id":"https:\/\/www.shcote-nord.org\/wp\/#\/schema\/logo\/image\/"},"sameAs":["https:\/\/www.facebook.com\/shcotenord\/"]}]}},"_links":{"self":[{"href":"https:\/\/www.shcote-nord.org\/wp\/index.php?rest_route=\/wp\/v2\/pages\/206","targetHints":{"allow":["GET"]}}],"collection":[{"href":"https:\/\/www.shcote-nord.org\/wp\/index.php?rest_route=\/wp\/v2\/pages"}],"about":[{"href":"https:\/\/www.shcote-nord.org\/wp\/index.php?rest_route=\/wp\/v2\/types\/page"}],"author":[{"embeddable":true,"href":"https:\/\/www.shcote-nord.org\/wp\/index.php?rest_route=\/wp\/v2\/users\/1"}],"replies":[{"embeddable":true,"href":"https:\/\/www.shcote-nord.org\/wp\/index.php?rest_route=%2Fwp%2Fv2%2Fcomments&post=206"}],"version-history":[{"count":4,"href":"https:\/\/www.shcote-nord.org\/wp\/index.php?rest_route=\/wp\/v2\/pages\/206\/revisions"}],"predecessor-version":[{"id":1590,"href":"https:\/\/www.shcote-nord.org\/wp\/index.php?rest_route=\/wp\/v2\/pages\/206\/revisions\/1590"}],"up":[{"embeddable":true,"href":"https:\/\/www.shcote-nord.org\/wp\/index.php?rest_route=\/wp\/v2\/pages\/69"}],"wp:attachment":[{"href":"https:\/\/www.shcote-nord.org\/wp\/index.php?rest_route=%2Fwp%2Fv2%2Fmedia&parent=206"}],"curies":[{"name":"wp","href":"https:\/\/api.w.org\/{rel}","templated":true}]}}