{"id":1964,"date":"2017-11-15T20:03:00","date_gmt":"2017-11-16T01:03:00","guid":{"rendered":"http:\/\/www.shcote-nord.org\/wp\/?page_id=1964"},"modified":"2017-11-15T20:03:00","modified_gmt":"2017-11-16T01:03:00","slug":"memoires-dun-pionnier","status":"publish","type":"page","link":"https:\/\/www.shcote-nord.org\/wp\/?page_id=1964","title":{"rendered":"Les m\u00e9moires d&rsquo;un pionnier"},"content":{"rendered":"<h2>Quelques souvenirs et Chronique du dioc\u00e8se du Golfe Saint-Laurent<\/h2>\n<p style=\"text-align: justify;\"><img loading=\"lazy\" decoding=\"async\" class=\"alignleft wp-image-1661 size-medium\" src=\"http:\/\/www.shcote-nord.org\/wp\/wp-content\/uploads\/2017\/11\/A-022-201x300.jpg\" alt=\"\" width=\"201\" height=\"300\" srcset=\"https:\/\/www.shcote-nord.org\/wp\/wp-content\/uploads\/2017\/11\/A-022-201x300.jpg 201w, https:\/\/www.shcote-nord.org\/wp\/wp-content\/uploads\/2017\/11\/A-022-768x1144.jpg 768w, https:\/\/www.shcote-nord.org\/wp\/wp-content\/uploads\/2017\/11\/A-022-687x1024.jpg 687w, https:\/\/www.shcote-nord.org\/wp\/wp-content\/uploads\/2017\/11\/A-022-1080x1609.jpg 1080w, https:\/\/www.shcote-nord.org\/wp\/wp-content\/uploads\/2017\/11\/A-022.jpg 1763w\" sizes=\"auto, (max-width: 201px) 100vw, 201px\" \/>Monseigneur Napol\u00e9on-Alexandre Labrie fut un acteur important et un t\u00e9moin exceptionnel de l&rsquo;histoire de la C\u00f4te-Nord., en particulier du secteur Manicouagan dont il \u00e9tait issu et auquel sa vie fut \u00e9troitement associ\u00e9e.<\/p>\n<p style=\"text-align: justify;\">Ses m\u00e9moires sont constitu\u00e9es de deux documents distincts. Un premier intitul\u00e9 \u00abQuelques souvenirs\u00bb (1905-1931) est consacr\u00e9 \u00e0 son enfance et sa jeunesse \u00e0 Manicouagan; l&rsquo;autre est titr\u00e9 \u00ab Chronique du dioc\u00e8de du Golfe Saint-Laurent (1938-1956) et rappelle ses ann\u00e9es \u00e9piscopales et la cr\u00e9ation de Hauterive.<\/p>\n","protected":false},"excerpt":{"rendered":"<p>Quelques souvenirs et Chronique du dioc\u00e8se du Golfe Saint-Laurent Monseigneur Napol\u00e9on-Alexandre Labrie fut un acteur important et un t\u00e9moin exceptionnel de l&rsquo;histoire de la C\u00f4te-Nord., en particulier du secteur Manicouagan dont il \u00e9tait issu et auquel sa vie fut \u00e9troitement associ\u00e9e. Ses m\u00e9moires sont constitu\u00e9es de deux documents distincts. Un premier intitul\u00e9 \u00abQuelques souvenirs\u00bb (1905-1931) &hellip; <a href=\"https:\/\/www.shcote-nord.org\/wp\/?page_id=1964\" class=\"more-link\">Lire la suite de <span class=\"screen-reader-text\">Les m\u00e9moires d&rsquo;un pionnier<\/span><\/a><\/p>\n","protected":false},"author":1,"featured_media":0,"parent":1163,"menu_order":0,"comment_status":"closed","ping_status":"closed","template":"templates\/full-width-page.php","meta":{"_mc_calendar":[],"footnotes":""},"class_list":["post-1964","page","type-page","status-publish","hentry","no-featured-image"],"yoast_head":"<!-- This site is optimized with the Yoast SEO plugin v27.4 - https:\/\/yoast.com\/product\/yoast-seo-wordpress\/ -->\n<title>Les m\u00e9moires d&#039;un pionnier &#8902; Soci\u00e9t\u00e9 historique de la C\u00f4te-Nord<\/title>\n<meta name=\"robots\" content=\"index, follow, max-snippet:-1, max-image-preview:large, max-video-preview:-1\" \/>\n<link rel=\"canonical\" href=\"https:\/\/www.shcote-nord.org\/wp\/?page_id=1964\" \/>\n<meta property=\"og:locale\" content=\"fr_FR\" \/>\n<meta property=\"og:type\" content=\"article\" \/>\n<meta property=\"og:title\" content=\"Les m\u00e9moires d&#039;un pionnier &#8902; Soci\u00e9t\u00e9 historique de la C\u00f4te-Nord\" \/>\n<meta property=\"og:description\" content=\"Quelques souvenirs et Chronique du dioc\u00e8se du Golfe Saint-Laurent Monseigneur Napol\u00e9on-Alexandre Labrie fut un acteur important et un t\u00e9moin exceptionnel de l&rsquo;histoire de la C\u00f4te-Nord., en particulier du secteur Manicouagan dont il \u00e9tait issu et auquel sa vie fut \u00e9troitement associ\u00e9e. Ses m\u00e9moires sont constitu\u00e9es de deux documents distincts. Un premier intitul\u00e9 \u00abQuelques souvenirs\u00bb (1905-1931) &hellip; Lire la suite de Les m\u00e9moires d&rsquo;un pionnier\" \/>\n<meta property=\"og:url\" content=\"https:\/\/www.shcote-nord.org\/wp\/?page_id=1964\" \/>\n<meta property=\"og:site_name\" content=\"Soci\u00e9t\u00e9 historique de la C\u00f4te-Nord\" \/>\n<meta property=\"article:publisher\" content=\"https:\/\/www.facebook.com\/shcotenord\/\" \/>\n<meta property=\"og:image\" content=\"http:\/\/www.shcote-nord.org\/wp\/wp-content\/uploads\/2017\/11\/A-022-201x300.jpg\" \/>\n<meta name=\"twitter:card\" content=\"summary_large_image\" \/>\n<script type=\"application\/ld+json\" class=\"yoast-schema-graph\">{\"@context\":\"https:\\\/\\\/schema.org\",\"@graph\":[{\"@type\":\"WebPage\",\"@id\":\"https:\\\/\\\/www.shcote-nord.org\\\/wp\\\/?page_id=1964\",\"url\":\"https:\\\/\\\/www.shcote-nord.org\\\/wp\\\/?page_id=1964\",\"name\":\"Les m\u00e9moires d'un pionnier &#8902; Soci\u00e9t\u00e9 historique de la C\u00f4te-Nord\",\"isPartOf\":{\"@id\":\"https:\\\/\\\/www.shcote-nord.org\\\/wp\\\/#website\"},\"primaryImageOfPage\":{\"@id\":\"https:\\\/\\\/www.shcote-nord.org\\\/wp\\\/?page_id=1964#primaryimage\"},\"image\":{\"@id\":\"https:\\\/\\\/www.shcote-nord.org\\\/wp\\\/?page_id=1964#primaryimage\"},\"thumbnailUrl\":\"http:\\\/\\\/www.shcote-nord.org\\\/wp\\\/wp-content\\\/uploads\\\/2017\\\/11\\\/A-022-201x300.jpg\",\"datePublished\":\"2017-11-16T01:03:00+00:00\",\"breadcrumb\":{\"@id\":\"https:\\\/\\\/www.shcote-nord.org\\\/wp\\\/?page_id=1964#breadcrumb\"},\"inLanguage\":\"fr-FR\",\"potentialAction\":[{\"@type\":\"ReadAction\",\"target\":[\"https:\\\/\\\/www.shcote-nord.org\\\/wp\\\/?page_id=1964\"]}]},{\"@type\":\"ImageObject\",\"inLanguage\":\"fr-FR\",\"@id\":\"https:\\\/\\\/www.shcote-nord.org\\\/wp\\\/?page_id=1964#primaryimage\",\"url\":\"http:\\\/\\\/www.shcote-nord.org\\\/wp\\\/wp-content\\\/uploads\\\/2017\\\/11\\\/A-022-201x300.jpg\",\"contentUrl\":\"http:\\\/\\\/www.shcote-nord.org\\\/wp\\\/wp-content\\\/uploads\\\/2017\\\/11\\\/A-022-201x300.jpg\"},{\"@type\":\"BreadcrumbList\",\"@id\":\"https:\\\/\\\/www.shcote-nord.org\\\/wp\\\/?page_id=1964#breadcrumb\",\"itemListElement\":[{\"@type\":\"ListItem\",\"position\":1,\"name\":\"Accueil\",\"item\":\"https:\\\/\\\/www.shcote-nord.org\\\/wp\"},{\"@type\":\"ListItem\",\"position\":2,\"name\":\"Publications\",\"item\":\"https:\\\/\\\/www.shcote-nord.org\\\/wp\\\/?page_id=69\"},{\"@type\":\"ListItem\",\"position\":3,\"name\":\"Collection Nord-C\u00f4tier\\\/Nord-C\u00f4ti\u00e8re\",\"item\":\"https:\\\/\\\/www.shcote-nord.org\\\/wp\\\/?page_id=1163\"},{\"@type\":\"ListItem\",\"position\":4,\"name\":\"Les m\u00e9moires d&rsquo;un pionnier\"}]},{\"@type\":\"WebSite\",\"@id\":\"https:\\\/\\\/www.shcote-nord.org\\\/wp\\\/#website\",\"url\":\"https:\\\/\\\/www.shcote-nord.org\\\/wp\\\/\",\"name\":\"Soci\u00e9t\u00e9 historique de la C\u00f4te-Nord\",\"description\":\"Centre d&#039;archives priv\u00e9es de la SHCN\",\"publisher\":{\"@id\":\"https:\\\/\\\/www.shcote-nord.org\\\/wp\\\/#organization\"},\"potentialAction\":[{\"@type\":\"SearchAction\",\"target\":{\"@type\":\"EntryPoint\",\"urlTemplate\":\"https:\\\/\\\/www.shcote-nord.org\\\/wp\\\/?s={search_term_string}\"},\"query-input\":{\"@type\":\"PropertyValueSpecification\",\"valueRequired\":true,\"valueName\":\"search_term_string\"}}],\"inLanguage\":\"fr-FR\"},{\"@type\":\"Organization\",\"@id\":\"https:\\\/\\\/www.shcote-nord.org\\\/wp\\\/#organization\",\"name\":\"Soci\u00e9t\u00e9 historique de la C\u00f4te-Nord\",\"url\":\"https:\\\/\\\/www.shcote-nord.org\\\/wp\\\/\",\"logo\":{\"@type\":\"ImageObject\",\"inLanguage\":\"fr-FR\",\"@id\":\"https:\\\/\\\/www.shcote-nord.org\\\/wp\\\/#\\\/schema\\\/logo\\\/image\\\/\",\"url\":\"https:\\\/\\\/i2.wp.com\\\/www.shcote-nord.org\\\/wp\\\/wp-content\\\/uploads\\\/2017\\\/09\\\/Sans-titre-1-copie.png?fit=2543%2C939\",\"contentUrl\":\"https:\\\/\\\/i2.wp.com\\\/www.shcote-nord.org\\\/wp\\\/wp-content\\\/uploads\\\/2017\\\/09\\\/Sans-titre-1-copie.png?fit=2543%2C939\",\"width\":2543,\"height\":939,\"caption\":\"Soci\u00e9t\u00e9 historique de la C\u00f4te-Nord\"},\"image\":{\"@id\":\"https:\\\/\\\/www.shcote-nord.org\\\/wp\\\/#\\\/schema\\\/logo\\\/image\\\/\"},\"sameAs\":[\"https:\\\/\\\/www.facebook.com\\\/shcotenord\\\/\"]}]}<\/script>\n<!-- \/ Yoast SEO plugin. -->","yoast_head_json":{"title":"Les m\u00e9moires d'un pionnier &#8902; Soci\u00e9t\u00e9 historique de la C\u00f4te-Nord","robots":{"index":"index","follow":"follow","max-snippet":"max-snippet:-1","max-image-preview":"max-image-preview:large","max-video-preview":"max-video-preview:-1"},"canonical":"https:\/\/www.shcote-nord.org\/wp\/?page_id=1964","og_locale":"fr_FR","og_type":"article","og_title":"Les m\u00e9moires d'un pionnier &#8902; Soci\u00e9t\u00e9 historique de la C\u00f4te-Nord","og_description":"Quelques souvenirs et Chronique du dioc\u00e8se du Golfe Saint-Laurent Monseigneur Napol\u00e9on-Alexandre Labrie fut un acteur important et un t\u00e9moin exceptionnel de l&rsquo;histoire de la C\u00f4te-Nord., en particulier du secteur Manicouagan dont il \u00e9tait issu et auquel sa vie fut \u00e9troitement associ\u00e9e. Ses m\u00e9moires sont constitu\u00e9es de deux documents distincts. Un premier intitul\u00e9 \u00abQuelques souvenirs\u00bb (1905-1931) &hellip; Lire la suite de Les m\u00e9moires d&rsquo;un pionnier","og_url":"https:\/\/www.shcote-nord.org\/wp\/?page_id=1964","og_site_name":"Soci\u00e9t\u00e9 historique de la C\u00f4te-Nord","article_publisher":"https:\/\/www.facebook.com\/shcotenord\/","og_image":[{"url":"http:\/\/www.shcote-nord.org\/wp\/wp-content\/uploads\/2017\/11\/A-022-201x300.jpg","type":"","width":"","height":""}],"twitter_card":"summary_large_image","schema":{"@context":"https:\/\/schema.org","@graph":[{"@type":"WebPage","@id":"https:\/\/www.shcote-nord.org\/wp\/?page_id=1964","url":"https:\/\/www.shcote-nord.org\/wp\/?page_id=1964","name":"Les m\u00e9moires d'un pionnier &#8902; Soci\u00e9t\u00e9 historique de la C\u00f4te-Nord","isPartOf":{"@id":"https:\/\/www.shcote-nord.org\/wp\/#website"},"primaryImageOfPage":{"@id":"https:\/\/www.shcote-nord.org\/wp\/?page_id=1964#primaryimage"},"image":{"@id":"https:\/\/www.shcote-nord.org\/wp\/?page_id=1964#primaryimage"},"thumbnailUrl":"http:\/\/www.shcote-nord.org\/wp\/wp-content\/uploads\/2017\/11\/A-022-201x300.jpg","datePublished":"2017-11-16T01:03:00+00:00","breadcrumb":{"@id":"https:\/\/www.shcote-nord.org\/wp\/?page_id=1964#breadcrumb"},"inLanguage":"fr-FR","potentialAction":[{"@type":"ReadAction","target":["https:\/\/www.shcote-nord.org\/wp\/?page_id=1964"]}]},{"@type":"ImageObject","inLanguage":"fr-FR","@id":"https:\/\/www.shcote-nord.org\/wp\/?page_id=1964#primaryimage","url":"http:\/\/www.shcote-nord.org\/wp\/wp-content\/uploads\/2017\/11\/A-022-201x300.jpg","contentUrl":"http:\/\/www.shcote-nord.org\/wp\/wp-content\/uploads\/2017\/11\/A-022-201x300.jpg"},{"@type":"BreadcrumbList","@id":"https:\/\/www.shcote-nord.org\/wp\/?page_id=1964#breadcrumb","itemListElement":[{"@type":"ListItem","position":1,"name":"Accueil","item":"https:\/\/www.shcote-nord.org\/wp"},{"@type":"ListItem","position":2,"name":"Publications","item":"https:\/\/www.shcote-nord.org\/wp\/?page_id=69"},{"@type":"ListItem","position":3,"name":"Collection Nord-C\u00f4tier\/Nord-C\u00f4ti\u00e8re","item":"https:\/\/www.shcote-nord.org\/wp\/?page_id=1163"},{"@type":"ListItem","position":4,"name":"Les m\u00e9moires d&rsquo;un pionnier"}]},{"@type":"WebSite","@id":"https:\/\/www.shcote-nord.org\/wp\/#website","url":"https:\/\/www.shcote-nord.org\/wp\/","name":"Soci\u00e9t\u00e9 historique de la C\u00f4te-Nord","description":"Centre d&#039;archives priv\u00e9es de la SHCN","publisher":{"@id":"https:\/\/www.shcote-nord.org\/wp\/#organization"},"potentialAction":[{"@type":"SearchAction","target":{"@type":"EntryPoint","urlTemplate":"https:\/\/www.shcote-nord.org\/wp\/?s={search_term_string}"},"query-input":{"@type":"PropertyValueSpecification","valueRequired":true,"valueName":"search_term_string"}}],"inLanguage":"fr-FR"},{"@type":"Organization","@id":"https:\/\/www.shcote-nord.org\/wp\/#organization","name":"Soci\u00e9t\u00e9 historique de la C\u00f4te-Nord","url":"https:\/\/www.shcote-nord.org\/wp\/","logo":{"@type":"ImageObject","inLanguage":"fr-FR","@id":"https:\/\/www.shcote-nord.org\/wp\/#\/schema\/logo\/image\/","url":"https:\/\/i2.wp.com\/www.shcote-nord.org\/wp\/wp-content\/uploads\/2017\/09\/Sans-titre-1-copie.png?fit=2543%2C939","contentUrl":"https:\/\/i2.wp.com\/www.shcote-nord.org\/wp\/wp-content\/uploads\/2017\/09\/Sans-titre-1-copie.png?fit=2543%2C939","width":2543,"height":939,"caption":"Soci\u00e9t\u00e9 historique de la C\u00f4te-Nord"},"image":{"@id":"https:\/\/www.shcote-nord.org\/wp\/#\/schema\/logo\/image\/"},"sameAs":["https:\/\/www.facebook.com\/shcotenord\/"]}]}},"_links":{"self":[{"href":"https:\/\/www.shcote-nord.org\/wp\/index.php?rest_route=\/wp\/v2\/pages\/1964","targetHints":{"allow":["GET"]}}],"collection":[{"href":"https:\/\/www.shcote-nord.org\/wp\/index.php?rest_route=\/wp\/v2\/pages"}],"about":[{"href":"https:\/\/www.shcote-nord.org\/wp\/index.php?rest_route=\/wp\/v2\/types\/page"}],"author":[{"embeddable":true,"href":"https:\/\/www.shcote-nord.org\/wp\/index.php?rest_route=\/wp\/v2\/users\/1"}],"replies":[{"embeddable":true,"href":"https:\/\/www.shcote-nord.org\/wp\/index.php?rest_route=%2Fwp%2Fv2%2Fcomments&post=1964"}],"version-history":[{"count":1,"href":"https:\/\/www.shcote-nord.org\/wp\/index.php?rest_route=\/wp\/v2\/pages\/1964\/revisions"}],"predecessor-version":[{"id":1965,"href":"https:\/\/www.shcote-nord.org\/wp\/index.php?rest_route=\/wp\/v2\/pages\/1964\/revisions\/1965"}],"up":[{"embeddable":true,"href":"https:\/\/www.shcote-nord.org\/wp\/index.php?rest_route=\/wp\/v2\/pages\/1163"}],"wp:attachment":[{"href":"https:\/\/www.shcote-nord.org\/wp\/index.php?rest_route=%2Fwp%2Fv2%2Fmedia&parent=1964"}],"curies":[{"name":"wp","href":"https:\/\/api.w.org\/{rel}","templated":true}]}}