{"id":1960,"date":"2017-11-15T19:21:09","date_gmt":"2017-11-16T00:21:09","guid":{"rendered":"http:\/\/www.shcote-nord.org\/wp\/?page_id=1960"},"modified":"2017-11-15T19:35:26","modified_gmt":"2017-11-16T00:35:26","slug":"godbout-poste-de-traite-devenu-village","status":"publish","type":"page","link":"https:\/\/www.shcote-nord.org\/wp\/?page_id=1960","title":{"rendered":"Godbout: un poste de traite devenu village"},"content":{"rendered":"<p style=\"text-align: justify;\"><img loading=\"lazy\" decoding=\"async\" class=\"alignleft wp-image-1663 size-medium\" src=\"http:\/\/www.shcote-nord.org\/wp\/wp-content\/uploads\/2017\/11\/A-025-236x300.jpg\" alt=\"\" width=\"236\" height=\"300\" srcset=\"https:\/\/www.shcote-nord.org\/wp\/wp-content\/uploads\/2017\/11\/A-025-236x300.jpg 236w, https:\/\/www.shcote-nord.org\/wp\/wp-content\/uploads\/2017\/11\/A-025-768x978.jpg 768w, https:\/\/www.shcote-nord.org\/wp\/wp-content\/uploads\/2017\/11\/A-025-804x1024.jpg 804w, https:\/\/www.shcote-nord.org\/wp\/wp-content\/uploads\/2017\/11\/A-025-1080x1375.jpg 1080w\" sizes=\"auto, (max-width: 236px) 100vw, 236px\" \/>Poste de traite depuis 1670, hameau pionnier en 1859, puis village forestier en 1923, Godbout conna\u00eet une \u00e9volution typique \u00e0 plusieurs \u00e9gards de l&rsquo;histoire nord-c\u00f4ti\u00e8re. Ses multiples ressources\u00a0\u2014 les animaux \u00e0 fourrure, les mammif\u00e8res marins, le saumon et la for\u00eat\u00a0\u2014 sont toutes exploit\u00e9es par les diff\u00e9rentes populations qui se sont succ\u00e9d\u00e9 dans la grande baie sablonneuse.<\/p>\n<h2>Auteurs<\/h2>\n<p style=\"text-align: justify;\">Les auteurs sont tous deux historiens tr\u00e8s impliqu\u00e9s dans la Revue d&rsquo;histoire de la C\u00f4te-Nord.<\/p>\n<p style=\"text-align: justify;\">R\u00e9jean Beaudin est lui-m\u00eame natif de Godbout. Il a sign\u00e9 plusieurs textes et articles sur ce village et sur diff\u00e9rentes personnalit\u00e9s de la r\u00e9gion.<\/p>\n<p style=\"text-align: justify;\">Pierre Frenette est professeur au C\u00e9gep de Baie-Comeau. Il a compl\u00e9t\u00e9 depuis plus de vingt ans, de nombreuses recherches sur l&rsquo;histoire nord-c\u00f4ti\u00e8re.<\/p>\n","protected":false},"excerpt":{"rendered":"<p>Poste de traite depuis 1670, hameau pionnier en 1859, puis village forestier en 1923, Godbout conna\u00eet une \u00e9volution typique \u00e0 plusieurs \u00e9gards de l&rsquo;histoire nord-c\u00f4ti\u00e8re. Ses multiples ressources\u00a0\u2014 les animaux \u00e0 fourrure, les mammif\u00e8res marins, le saumon et la for\u00eat\u00a0\u2014 sont toutes exploit\u00e9es par les diff\u00e9rentes populations qui se sont succ\u00e9d\u00e9 dans la grande baie &hellip; <a href=\"https:\/\/www.shcote-nord.org\/wp\/?page_id=1960\" class=\"more-link\">Lire la suite de <span class=\"screen-reader-text\">Godbout: un poste de traite devenu village<\/span><\/a><\/p>\n","protected":false},"author":1,"featured_media":0,"parent":1359,"menu_order":0,"comment_status":"closed","ping_status":"closed","template":"templates\/full-width-page.php","meta":{"_mc_calendar":[],"footnotes":""},"class_list":["post-1960","page","type-page","status-publish","hentry","no-featured-image"],"yoast_head":"<!-- This site is optimized with the Yoast SEO plugin v27.5 - https:\/\/yoast.com\/product\/yoast-seo-wordpress\/ -->\n<title>Godbout: un poste de traite devenu village &#8902; Soci\u00e9t\u00e9 historique de la C\u00f4te-Nord<\/title>\n<meta name=\"robots\" content=\"index, follow, max-snippet:-1, max-image-preview:large, max-video-preview:-1\" \/>\n<link rel=\"canonical\" href=\"https:\/\/www.shcote-nord.org\/wp\/?page_id=1960\" \/>\n<meta property=\"og:locale\" content=\"fr_FR\" \/>\n<meta property=\"og:type\" content=\"article\" \/>\n<meta property=\"og:title\" content=\"Godbout: un poste de traite devenu village &#8902; Soci\u00e9t\u00e9 historique de la C\u00f4te-Nord\" \/>\n<meta property=\"og:description\" content=\"Poste de traite depuis 1670, hameau pionnier en 1859, puis village forestier en 1923, Godbout conna\u00eet une \u00e9volution typique \u00e0 plusieurs \u00e9gards de l&rsquo;histoire nord-c\u00f4ti\u00e8re. Ses multiples ressources\u00a0\u2014 les animaux \u00e0 fourrure, les mammif\u00e8res marins, le saumon et la for\u00eat\u00a0\u2014 sont toutes exploit\u00e9es par les diff\u00e9rentes populations qui se sont succ\u00e9d\u00e9 dans la grande baie &hellip; Lire la suite de Godbout: un poste de traite devenu village\" \/>\n<meta property=\"og:url\" content=\"https:\/\/www.shcote-nord.org\/wp\/?page_id=1960\" \/>\n<meta property=\"og:site_name\" content=\"Soci\u00e9t\u00e9 historique de la C\u00f4te-Nord\" \/>\n<meta property=\"article:publisher\" content=\"https:\/\/www.facebook.com\/shcotenord\/\" \/>\n<meta property=\"article:modified_time\" content=\"2017-11-16T00:35:26+00:00\" \/>\n<meta property=\"og:image\" content=\"http:\/\/www.shcote-nord.org\/wp\/wp-content\/uploads\/2017\/11\/A-025-236x300.jpg\" \/>\n<meta name=\"twitter:card\" content=\"summary_large_image\" \/>\n<meta name=\"twitter:label1\" content=\"Dur\u00e9e de lecture estim\u00e9e\" \/>\n\t<meta name=\"twitter:data1\" content=\"1 minute\" \/>\n<script type=\"application\/ld+json\" class=\"yoast-schema-graph\">{\"@context\":\"https:\\\/\\\/schema.org\",\"@graph\":[{\"@type\":\"WebPage\",\"@id\":\"https:\\\/\\\/www.shcote-nord.org\\\/wp\\\/?page_id=1960\",\"url\":\"https:\\\/\\\/www.shcote-nord.org\\\/wp\\\/?page_id=1960\",\"name\":\"Godbout: un poste de traite devenu village &#8902; Soci\u00e9t\u00e9 historique de la C\u00f4te-Nord\",\"isPartOf\":{\"@id\":\"https:\\\/\\\/www.shcote-nord.org\\\/wp\\\/#website\"},\"primaryImageOfPage\":{\"@id\":\"https:\\\/\\\/www.shcote-nord.org\\\/wp\\\/?page_id=1960#primaryimage\"},\"image\":{\"@id\":\"https:\\\/\\\/www.shcote-nord.org\\\/wp\\\/?page_id=1960#primaryimage\"},\"thumbnailUrl\":\"http:\\\/\\\/www.shcote-nord.org\\\/wp\\\/wp-content\\\/uploads\\\/2017\\\/11\\\/A-025-236x300.jpg\",\"datePublished\":\"2017-11-16T00:21:09+00:00\",\"dateModified\":\"2017-11-16T00:35:26+00:00\",\"breadcrumb\":{\"@id\":\"https:\\\/\\\/www.shcote-nord.org\\\/wp\\\/?page_id=1960#breadcrumb\"},\"inLanguage\":\"fr-FR\",\"potentialAction\":[{\"@type\":\"ReadAction\",\"target\":[\"https:\\\/\\\/www.shcote-nord.org\\\/wp\\\/?page_id=1960\"]}]},{\"@type\":\"ImageObject\",\"inLanguage\":\"fr-FR\",\"@id\":\"https:\\\/\\\/www.shcote-nord.org\\\/wp\\\/?page_id=1960#primaryimage\",\"url\":\"http:\\\/\\\/www.shcote-nord.org\\\/wp\\\/wp-content\\\/uploads\\\/2017\\\/11\\\/A-025-236x300.jpg\",\"contentUrl\":\"http:\\\/\\\/www.shcote-nord.org\\\/wp\\\/wp-content\\\/uploads\\\/2017\\\/11\\\/A-025-236x300.jpg\"},{\"@type\":\"BreadcrumbList\",\"@id\":\"https:\\\/\\\/www.shcote-nord.org\\\/wp\\\/?page_id=1960#breadcrumb\",\"itemListElement\":[{\"@type\":\"ListItem\",\"position\":1,\"name\":\"Accueil\",\"item\":\"https:\\\/\\\/www.shcote-nord.org\\\/wp\"},{\"@type\":\"ListItem\",\"position\":2,\"name\":\"Publications\",\"item\":\"https:\\\/\\\/www.shcote-nord.org\\\/wp\\\/?page_id=69\"},{\"@type\":\"ListItem\",\"position\":3,\"name\":\"Collection sites et villages nord-c\u00f4tiers\",\"item\":\"https:\\\/\\\/www.shcote-nord.org\\\/wp\\\/?page_id=1359\"},{\"@type\":\"ListItem\",\"position\":4,\"name\":\"Godbout: un poste de traite devenu village\"}]},{\"@type\":\"WebSite\",\"@id\":\"https:\\\/\\\/www.shcote-nord.org\\\/wp\\\/#website\",\"url\":\"https:\\\/\\\/www.shcote-nord.org\\\/wp\\\/\",\"name\":\"Soci\u00e9t\u00e9 historique de la C\u00f4te-Nord\",\"description\":\"Centre d&#039;archives priv\u00e9es de la SHCN\",\"publisher\":{\"@id\":\"https:\\\/\\\/www.shcote-nord.org\\\/wp\\\/#organization\"},\"potentialAction\":[{\"@type\":\"SearchAction\",\"target\":{\"@type\":\"EntryPoint\",\"urlTemplate\":\"https:\\\/\\\/www.shcote-nord.org\\\/wp\\\/?s={search_term_string}\"},\"query-input\":{\"@type\":\"PropertyValueSpecification\",\"valueRequired\":true,\"valueName\":\"search_term_string\"}}],\"inLanguage\":\"fr-FR\"},{\"@type\":\"Organization\",\"@id\":\"https:\\\/\\\/www.shcote-nord.org\\\/wp\\\/#organization\",\"name\":\"Soci\u00e9t\u00e9 historique de la C\u00f4te-Nord\",\"url\":\"https:\\\/\\\/www.shcote-nord.org\\\/wp\\\/\",\"logo\":{\"@type\":\"ImageObject\",\"inLanguage\":\"fr-FR\",\"@id\":\"https:\\\/\\\/www.shcote-nord.org\\\/wp\\\/#\\\/schema\\\/logo\\\/image\\\/\",\"url\":\"https:\\\/\\\/i2.wp.com\\\/www.shcote-nord.org\\\/wp\\\/wp-content\\\/uploads\\\/2017\\\/09\\\/Sans-titre-1-copie.png?fit=2543%2C939\",\"contentUrl\":\"https:\\\/\\\/i2.wp.com\\\/www.shcote-nord.org\\\/wp\\\/wp-content\\\/uploads\\\/2017\\\/09\\\/Sans-titre-1-copie.png?fit=2543%2C939\",\"width\":2543,\"height\":939,\"caption\":\"Soci\u00e9t\u00e9 historique de la C\u00f4te-Nord\"},\"image\":{\"@id\":\"https:\\\/\\\/www.shcote-nord.org\\\/wp\\\/#\\\/schema\\\/logo\\\/image\\\/\"},\"sameAs\":[\"https:\\\/\\\/www.facebook.com\\\/shcotenord\\\/\"]}]}<\/script>\n<!-- \/ Yoast SEO plugin. -->","yoast_head_json":{"title":"Godbout: un poste de traite devenu village &#8902; Soci\u00e9t\u00e9 historique de la C\u00f4te-Nord","robots":{"index":"index","follow":"follow","max-snippet":"max-snippet:-1","max-image-preview":"max-image-preview:large","max-video-preview":"max-video-preview:-1"},"canonical":"https:\/\/www.shcote-nord.org\/wp\/?page_id=1960","og_locale":"fr_FR","og_type":"article","og_title":"Godbout: un poste de traite devenu village &#8902; Soci\u00e9t\u00e9 historique de la C\u00f4te-Nord","og_description":"Poste de traite depuis 1670, hameau pionnier en 1859, puis village forestier en 1923, Godbout conna\u00eet une \u00e9volution typique \u00e0 plusieurs \u00e9gards de l&rsquo;histoire nord-c\u00f4ti\u00e8re. Ses multiples ressources\u00a0\u2014 les animaux \u00e0 fourrure, les mammif\u00e8res marins, le saumon et la for\u00eat\u00a0\u2014 sont toutes exploit\u00e9es par les diff\u00e9rentes populations qui se sont succ\u00e9d\u00e9 dans la grande baie &hellip; Lire la suite de Godbout: un poste de traite devenu village","og_url":"https:\/\/www.shcote-nord.org\/wp\/?page_id=1960","og_site_name":"Soci\u00e9t\u00e9 historique de la C\u00f4te-Nord","article_publisher":"https:\/\/www.facebook.com\/shcotenord\/","article_modified_time":"2017-11-16T00:35:26+00:00","og_image":[{"url":"http:\/\/www.shcote-nord.org\/wp\/wp-content\/uploads\/2017\/11\/A-025-236x300.jpg","type":"","width":"","height":""}],"twitter_card":"summary_large_image","twitter_misc":{"Dur\u00e9e de lecture estim\u00e9e":"1 minute"},"schema":{"@context":"https:\/\/schema.org","@graph":[{"@type":"WebPage","@id":"https:\/\/www.shcote-nord.org\/wp\/?page_id=1960","url":"https:\/\/www.shcote-nord.org\/wp\/?page_id=1960","name":"Godbout: un poste de traite devenu village &#8902; Soci\u00e9t\u00e9 historique de la C\u00f4te-Nord","isPartOf":{"@id":"https:\/\/www.shcote-nord.org\/wp\/#website"},"primaryImageOfPage":{"@id":"https:\/\/www.shcote-nord.org\/wp\/?page_id=1960#primaryimage"},"image":{"@id":"https:\/\/www.shcote-nord.org\/wp\/?page_id=1960#primaryimage"},"thumbnailUrl":"http:\/\/www.shcote-nord.org\/wp\/wp-content\/uploads\/2017\/11\/A-025-236x300.jpg","datePublished":"2017-11-16T00:21:09+00:00","dateModified":"2017-11-16T00:35:26+00:00","breadcrumb":{"@id":"https:\/\/www.shcote-nord.org\/wp\/?page_id=1960#breadcrumb"},"inLanguage":"fr-FR","potentialAction":[{"@type":"ReadAction","target":["https:\/\/www.shcote-nord.org\/wp\/?page_id=1960"]}]},{"@type":"ImageObject","inLanguage":"fr-FR","@id":"https:\/\/www.shcote-nord.org\/wp\/?page_id=1960#primaryimage","url":"http:\/\/www.shcote-nord.org\/wp\/wp-content\/uploads\/2017\/11\/A-025-236x300.jpg","contentUrl":"http:\/\/www.shcote-nord.org\/wp\/wp-content\/uploads\/2017\/11\/A-025-236x300.jpg"},{"@type":"BreadcrumbList","@id":"https:\/\/www.shcote-nord.org\/wp\/?page_id=1960#breadcrumb","itemListElement":[{"@type":"ListItem","position":1,"name":"Accueil","item":"https:\/\/www.shcote-nord.org\/wp"},{"@type":"ListItem","position":2,"name":"Publications","item":"https:\/\/www.shcote-nord.org\/wp\/?page_id=69"},{"@type":"ListItem","position":3,"name":"Collection sites et villages nord-c\u00f4tiers","item":"https:\/\/www.shcote-nord.org\/wp\/?page_id=1359"},{"@type":"ListItem","position":4,"name":"Godbout: un poste de traite devenu village"}]},{"@type":"WebSite","@id":"https:\/\/www.shcote-nord.org\/wp\/#website","url":"https:\/\/www.shcote-nord.org\/wp\/","name":"Soci\u00e9t\u00e9 historique de la C\u00f4te-Nord","description":"Centre d&#039;archives priv\u00e9es de la SHCN","publisher":{"@id":"https:\/\/www.shcote-nord.org\/wp\/#organization"},"potentialAction":[{"@type":"SearchAction","target":{"@type":"EntryPoint","urlTemplate":"https:\/\/www.shcote-nord.org\/wp\/?s={search_term_string}"},"query-input":{"@type":"PropertyValueSpecification","valueRequired":true,"valueName":"search_term_string"}}],"inLanguage":"fr-FR"},{"@type":"Organization","@id":"https:\/\/www.shcote-nord.org\/wp\/#organization","name":"Soci\u00e9t\u00e9 historique de la C\u00f4te-Nord","url":"https:\/\/www.shcote-nord.org\/wp\/","logo":{"@type":"ImageObject","inLanguage":"fr-FR","@id":"https:\/\/www.shcote-nord.org\/wp\/#\/schema\/logo\/image\/","url":"https:\/\/i2.wp.com\/www.shcote-nord.org\/wp\/wp-content\/uploads\/2017\/09\/Sans-titre-1-copie.png?fit=2543%2C939","contentUrl":"https:\/\/i2.wp.com\/www.shcote-nord.org\/wp\/wp-content\/uploads\/2017\/09\/Sans-titre-1-copie.png?fit=2543%2C939","width":2543,"height":939,"caption":"Soci\u00e9t\u00e9 historique de la C\u00f4te-Nord"},"image":{"@id":"https:\/\/www.shcote-nord.org\/wp\/#\/schema\/logo\/image\/"},"sameAs":["https:\/\/www.facebook.com\/shcotenord\/"]}]}},"_links":{"self":[{"href":"https:\/\/www.shcote-nord.org\/wp\/index.php?rest_route=\/wp\/v2\/pages\/1960","targetHints":{"allow":["GET"]}}],"collection":[{"href":"https:\/\/www.shcote-nord.org\/wp\/index.php?rest_route=\/wp\/v2\/pages"}],"about":[{"href":"https:\/\/www.shcote-nord.org\/wp\/index.php?rest_route=\/wp\/v2\/types\/page"}],"author":[{"embeddable":true,"href":"https:\/\/www.shcote-nord.org\/wp\/index.php?rest_route=\/wp\/v2\/users\/1"}],"replies":[{"embeddable":true,"href":"https:\/\/www.shcote-nord.org\/wp\/index.php?rest_route=%2Fwp%2Fv2%2Fcomments&post=1960"}],"version-history":[{"count":1,"href":"https:\/\/www.shcote-nord.org\/wp\/index.php?rest_route=\/wp\/v2\/pages\/1960\/revisions"}],"predecessor-version":[{"id":1961,"href":"https:\/\/www.shcote-nord.org\/wp\/index.php?rest_route=\/wp\/v2\/pages\/1960\/revisions\/1961"}],"up":[{"embeddable":true,"href":"https:\/\/www.shcote-nord.org\/wp\/index.php?rest_route=\/wp\/v2\/pages\/1359"}],"wp:attachment":[{"href":"https:\/\/www.shcote-nord.org\/wp\/index.php?rest_route=%2Fwp%2Fv2%2Fmedia&parent=1960"}],"curies":[{"name":"wp","href":"https:\/\/api.w.org\/{rel}","templated":true}]}}