{"id":1848,"date":"2017-11-12T21:06:06","date_gmt":"2017-11-13T02:06:06","guid":{"rendered":"http:\/\/www.shcote-nord.org\/wp\/?page_id=1848"},"modified":"2017-11-18T21:03:53","modified_gmt":"2017-11-19T02:03:53","slug":"nos-services","status":"publish","type":"page","link":"https:\/\/www.shcote-nord.org\/wp\/?page_id=1848","title":{"rendered":"Nos services"},"content":{"rendered":"<p>La Soci\u00e9t\u00e9 historique de la C\u00f4te-Nord offre diff\u00e9rents services, tant archivistiques que patrimoniaux. Pour conna\u00eetre nos <span style=\"color: #31ce31;\">tarifs<\/span>, cliquez <a href=\"http:\/\/www.shcote-nord.org\/wp\/?page_id=59\">ici<\/a>.<\/p>\n<h2>Centre d&rsquo;archives<\/h2>\n<ul style=\"list-style-type: square;\">\n<li>Acquisition d&rsquo;archives<\/li>\n<li>Consultation des archives<\/li>\n<li>Recherche historique par du personnel qualifi\u00e9<\/li>\n<li>Consultation sur appareils anciens | Liste des appareils disponibles<\/li>\n<li>Acc\u00e8s \u00e0 la biblioth\u00e8que des livres rares<\/li>\n<li>Consultation sur le classement d&rsquo;archives personnelles ou institutionnelles<\/li>\n<li>Expositions estivales enlevantes \u00e0 caract\u00e8re historique<\/li>\n<li>Location de mat\u00e9riel mus\u00e9ologique<\/li>\n<li>Location d&rsquo;exposition<\/li>\n<li>Conf\u00e9rences<\/li>\n<\/ul>\n<h2>G\u00e9n\u00e9alogie<\/h2>\n<ul style=\"list-style-type: square;\">\n<li>Acc\u00e8s \u00e0 une Biblioth\u00e8que g\u00e9n\u00e9alogique bien garnie<\/li>\n<li>Acc\u00e8s \u00e0 des bases de donn\u00e9es<\/li>\n<li>Internet<\/li>\n<li>Services de lign\u00e9es g\u00e9n\u00e9alogiques<\/li>\n<li>Acc\u00e8s \u00e0 des outils de recherche uniques<\/li>\n<li>Cours en g\u00e9n\u00e9alogie<\/li>\n<\/ul>\n<h2>\u00c9dition<\/h2>\n<ul style=\"list-style-type: square;\">\n<li>Revue d&rsquo;histoire de la C\u00f4te-Nord<\/li>\n<li>Collection Nord-C\u00f4tiers\/Nord-C\u00f4ti\u00e8res<\/li>\n<li>Collection Sites et villages nord-c\u00f4tiers<\/li>\n<li>Consignation de livres d&rsquo;auteurs nord-c\u00f4tiers<\/li>\n<\/ul>\n<h2>Reproduction<\/h2>\n<ul style=\"list-style-type: square;\">\n<li>Num\u00e9risation grand format<\/li>\n<li>Num\u00e9risation de n\u00e9gatifs et de diapositives<\/li>\n<li>Num\u00e9risation standard<\/li>\n<li>Photocopies<\/li>\n<li>Impression noir et blanc<\/li>\n<li>Transfert de documents sonores et filmiques sur DVD<\/li>\n<\/ul>\n","protected":false},"excerpt":{"rendered":"<p>La Soci\u00e9t\u00e9 historique de la C\u00f4te-Nord offre diff\u00e9rents services, tant archivistiques que patrimoniaux. Pour conna\u00eetre nos tarifs, cliquez ici. Centre d&rsquo;archives Acquisition d&rsquo;archives Consultation des archives Recherche historique par du personnel qualifi\u00e9 Consultation sur appareils anciens | Liste des appareils disponibles Acc\u00e8s \u00e0 la biblioth\u00e8que des livres rares Consultation sur le classement d&rsquo;archives personnelles ou &hellip; <a href=\"https:\/\/www.shcote-nord.org\/wp\/?page_id=1848\" class=\"more-link\">Lire la suite de <span class=\"screen-reader-text\">Nos services<\/span><\/a><\/p>\n","protected":false},"author":1,"featured_media":0,"parent":56,"menu_order":5,"comment_status":"closed","ping_status":"closed","template":"","meta":{"_mc_calendar":[],"footnotes":""},"class_list":["post-1848","page","type-page","status-publish","hentry","no-featured-image"],"yoast_head":"<!-- This site is optimized with the Yoast SEO plugin v27.5 - https:\/\/yoast.com\/product\/yoast-seo-wordpress\/ -->\n<title>Nos services &#8902; Soci\u00e9t\u00e9 historique de la C\u00f4te-Nord<\/title>\n<meta name=\"robots\" content=\"index, follow, max-snippet:-1, max-image-preview:large, max-video-preview:-1\" \/>\n<link rel=\"canonical\" href=\"https:\/\/www.shcote-nord.org\/wp\/?page_id=1848\" \/>\n<meta property=\"og:locale\" content=\"fr_FR\" \/>\n<meta property=\"og:type\" content=\"article\" \/>\n<meta property=\"og:title\" content=\"Nos services &#8902; Soci\u00e9t\u00e9 historique de la C\u00f4te-Nord\" \/>\n<meta property=\"og:description\" content=\"La Soci\u00e9t\u00e9 historique de la C\u00f4te-Nord offre diff\u00e9rents services, tant archivistiques que patrimoniaux. Pour conna\u00eetre nos tarifs, cliquez ici. Centre d&rsquo;archives Acquisition d&rsquo;archives Consultation des archives Recherche historique par du personnel qualifi\u00e9 Consultation sur appareils anciens | Liste des appareils disponibles Acc\u00e8s \u00e0 la biblioth\u00e8que des livres rares Consultation sur le classement d&rsquo;archives personnelles ou &hellip; Lire la suite de Nos services\" \/>\n<meta property=\"og:url\" content=\"https:\/\/www.shcote-nord.org\/wp\/?page_id=1848\" \/>\n<meta property=\"og:site_name\" content=\"Soci\u00e9t\u00e9 historique de la C\u00f4te-Nord\" \/>\n<meta property=\"article:publisher\" content=\"https:\/\/www.facebook.com\/shcotenord\/\" \/>\n<meta property=\"article:modified_time\" content=\"2017-11-19T02:03:53+00:00\" \/>\n<meta name=\"twitter:card\" content=\"summary_large_image\" \/>\n<meta name=\"twitter:label1\" content=\"Dur\u00e9e de lecture estim\u00e9e\" \/>\n\t<meta name=\"twitter:data1\" content=\"1 minute\" \/>\n<script type=\"application\/ld+json\" class=\"yoast-schema-graph\">{\"@context\":\"https:\\\/\\\/schema.org\",\"@graph\":[{\"@type\":\"WebPage\",\"@id\":\"https:\\\/\\\/www.shcote-nord.org\\\/wp\\\/?page_id=1848\",\"url\":\"https:\\\/\\\/www.shcote-nord.org\\\/wp\\\/?page_id=1848\",\"name\":\"Nos services &#8902; Soci\u00e9t\u00e9 historique de la C\u00f4te-Nord\",\"isPartOf\":{\"@id\":\"https:\\\/\\\/www.shcote-nord.org\\\/wp\\\/#website\"},\"datePublished\":\"2017-11-13T02:06:06+00:00\",\"dateModified\":\"2017-11-19T02:03:53+00:00\",\"breadcrumb\":{\"@id\":\"https:\\\/\\\/www.shcote-nord.org\\\/wp\\\/?page_id=1848#breadcrumb\"},\"inLanguage\":\"fr-FR\",\"potentialAction\":[{\"@type\":\"ReadAction\",\"target\":[\"https:\\\/\\\/www.shcote-nord.org\\\/wp\\\/?page_id=1848\"]}]},{\"@type\":\"BreadcrumbList\",\"@id\":\"https:\\\/\\\/www.shcote-nord.org\\\/wp\\\/?page_id=1848#breadcrumb\",\"itemListElement\":[{\"@type\":\"ListItem\",\"position\":1,\"name\":\"Accueil\",\"item\":\"https:\\\/\\\/www.shcote-nord.org\\\/wp\"},{\"@type\":\"ListItem\",\"position\":2,\"name\":\"Administration\",\"item\":\"https:\\\/\\\/www.shcote-nord.org\\\/wp\\\/?page_id=56\"},{\"@type\":\"ListItem\",\"position\":3,\"name\":\"Nos services\"}]},{\"@type\":\"WebSite\",\"@id\":\"https:\\\/\\\/www.shcote-nord.org\\\/wp\\\/#website\",\"url\":\"https:\\\/\\\/www.shcote-nord.org\\\/wp\\\/\",\"name\":\"Soci\u00e9t\u00e9 historique de la C\u00f4te-Nord\",\"description\":\"Centre d&#039;archives priv\u00e9es de la SHCN\",\"publisher\":{\"@id\":\"https:\\\/\\\/www.shcote-nord.org\\\/wp\\\/#organization\"},\"potentialAction\":[{\"@type\":\"SearchAction\",\"target\":{\"@type\":\"EntryPoint\",\"urlTemplate\":\"https:\\\/\\\/www.shcote-nord.org\\\/wp\\\/?s={search_term_string}\"},\"query-input\":{\"@type\":\"PropertyValueSpecification\",\"valueRequired\":true,\"valueName\":\"search_term_string\"}}],\"inLanguage\":\"fr-FR\"},{\"@type\":\"Organization\",\"@id\":\"https:\\\/\\\/www.shcote-nord.org\\\/wp\\\/#organization\",\"name\":\"Soci\u00e9t\u00e9 historique de la C\u00f4te-Nord\",\"url\":\"https:\\\/\\\/www.shcote-nord.org\\\/wp\\\/\",\"logo\":{\"@type\":\"ImageObject\",\"inLanguage\":\"fr-FR\",\"@id\":\"https:\\\/\\\/www.shcote-nord.org\\\/wp\\\/#\\\/schema\\\/logo\\\/image\\\/\",\"url\":\"https:\\\/\\\/i2.wp.com\\\/www.shcote-nord.org\\\/wp\\\/wp-content\\\/uploads\\\/2017\\\/09\\\/Sans-titre-1-copie.png?fit=2543%2C939\",\"contentUrl\":\"https:\\\/\\\/i2.wp.com\\\/www.shcote-nord.org\\\/wp\\\/wp-content\\\/uploads\\\/2017\\\/09\\\/Sans-titre-1-copie.png?fit=2543%2C939\",\"width\":2543,\"height\":939,\"caption\":\"Soci\u00e9t\u00e9 historique de la C\u00f4te-Nord\"},\"image\":{\"@id\":\"https:\\\/\\\/www.shcote-nord.org\\\/wp\\\/#\\\/schema\\\/logo\\\/image\\\/\"},\"sameAs\":[\"https:\\\/\\\/www.facebook.com\\\/shcotenord\\\/\"]}]}<\/script>\n<!-- \/ Yoast SEO plugin. -->","yoast_head_json":{"title":"Nos services &#8902; Soci\u00e9t\u00e9 historique de la C\u00f4te-Nord","robots":{"index":"index","follow":"follow","max-snippet":"max-snippet:-1","max-image-preview":"max-image-preview:large","max-video-preview":"max-video-preview:-1"},"canonical":"https:\/\/www.shcote-nord.org\/wp\/?page_id=1848","og_locale":"fr_FR","og_type":"article","og_title":"Nos services &#8902; Soci\u00e9t\u00e9 historique de la C\u00f4te-Nord","og_description":"La Soci\u00e9t\u00e9 historique de la C\u00f4te-Nord offre diff\u00e9rents services, tant archivistiques que patrimoniaux. Pour conna\u00eetre nos tarifs, cliquez ici. Centre d&rsquo;archives Acquisition d&rsquo;archives Consultation des archives Recherche historique par du personnel qualifi\u00e9 Consultation sur appareils anciens | Liste des appareils disponibles Acc\u00e8s \u00e0 la biblioth\u00e8que des livres rares Consultation sur le classement d&rsquo;archives personnelles ou &hellip; Lire la suite de Nos services","og_url":"https:\/\/www.shcote-nord.org\/wp\/?page_id=1848","og_site_name":"Soci\u00e9t\u00e9 historique de la C\u00f4te-Nord","article_publisher":"https:\/\/www.facebook.com\/shcotenord\/","article_modified_time":"2017-11-19T02:03:53+00:00","twitter_card":"summary_large_image","twitter_misc":{"Dur\u00e9e de lecture estim\u00e9e":"1 minute"},"schema":{"@context":"https:\/\/schema.org","@graph":[{"@type":"WebPage","@id":"https:\/\/www.shcote-nord.org\/wp\/?page_id=1848","url":"https:\/\/www.shcote-nord.org\/wp\/?page_id=1848","name":"Nos services &#8902; Soci\u00e9t\u00e9 historique de la C\u00f4te-Nord","isPartOf":{"@id":"https:\/\/www.shcote-nord.org\/wp\/#website"},"datePublished":"2017-11-13T02:06:06+00:00","dateModified":"2017-11-19T02:03:53+00:00","breadcrumb":{"@id":"https:\/\/www.shcote-nord.org\/wp\/?page_id=1848#breadcrumb"},"inLanguage":"fr-FR","potentialAction":[{"@type":"ReadAction","target":["https:\/\/www.shcote-nord.org\/wp\/?page_id=1848"]}]},{"@type":"BreadcrumbList","@id":"https:\/\/www.shcote-nord.org\/wp\/?page_id=1848#breadcrumb","itemListElement":[{"@type":"ListItem","position":1,"name":"Accueil","item":"https:\/\/www.shcote-nord.org\/wp"},{"@type":"ListItem","position":2,"name":"Administration","item":"https:\/\/www.shcote-nord.org\/wp\/?page_id=56"},{"@type":"ListItem","position":3,"name":"Nos services"}]},{"@type":"WebSite","@id":"https:\/\/www.shcote-nord.org\/wp\/#website","url":"https:\/\/www.shcote-nord.org\/wp\/","name":"Soci\u00e9t\u00e9 historique de la C\u00f4te-Nord","description":"Centre d&#039;archives priv\u00e9es de la SHCN","publisher":{"@id":"https:\/\/www.shcote-nord.org\/wp\/#organization"},"potentialAction":[{"@type":"SearchAction","target":{"@type":"EntryPoint","urlTemplate":"https:\/\/www.shcote-nord.org\/wp\/?s={search_term_string}"},"query-input":{"@type":"PropertyValueSpecification","valueRequired":true,"valueName":"search_term_string"}}],"inLanguage":"fr-FR"},{"@type":"Organization","@id":"https:\/\/www.shcote-nord.org\/wp\/#organization","name":"Soci\u00e9t\u00e9 historique de la C\u00f4te-Nord","url":"https:\/\/www.shcote-nord.org\/wp\/","logo":{"@type":"ImageObject","inLanguage":"fr-FR","@id":"https:\/\/www.shcote-nord.org\/wp\/#\/schema\/logo\/image\/","url":"https:\/\/i2.wp.com\/www.shcote-nord.org\/wp\/wp-content\/uploads\/2017\/09\/Sans-titre-1-copie.png?fit=2543%2C939","contentUrl":"https:\/\/i2.wp.com\/www.shcote-nord.org\/wp\/wp-content\/uploads\/2017\/09\/Sans-titre-1-copie.png?fit=2543%2C939","width":2543,"height":939,"caption":"Soci\u00e9t\u00e9 historique de la C\u00f4te-Nord"},"image":{"@id":"https:\/\/www.shcote-nord.org\/wp\/#\/schema\/logo\/image\/"},"sameAs":["https:\/\/www.facebook.com\/shcotenord\/"]}]}},"_links":{"self":[{"href":"https:\/\/www.shcote-nord.org\/wp\/index.php?rest_route=\/wp\/v2\/pages\/1848","targetHints":{"allow":["GET"]}}],"collection":[{"href":"https:\/\/www.shcote-nord.org\/wp\/index.php?rest_route=\/wp\/v2\/pages"}],"about":[{"href":"https:\/\/www.shcote-nord.org\/wp\/index.php?rest_route=\/wp\/v2\/types\/page"}],"author":[{"embeddable":true,"href":"https:\/\/www.shcote-nord.org\/wp\/index.php?rest_route=\/wp\/v2\/users\/1"}],"replies":[{"embeddable":true,"href":"https:\/\/www.shcote-nord.org\/wp\/index.php?rest_route=%2Fwp%2Fv2%2Fcomments&post=1848"}],"version-history":[{"count":4,"href":"https:\/\/www.shcote-nord.org\/wp\/index.php?rest_route=\/wp\/v2\/pages\/1848\/revisions"}],"predecessor-version":[{"id":1997,"href":"https:\/\/www.shcote-nord.org\/wp\/index.php?rest_route=\/wp\/v2\/pages\/1848\/revisions\/1997"}],"up":[{"embeddable":true,"href":"https:\/\/www.shcote-nord.org\/wp\/index.php?rest_route=\/wp\/v2\/pages\/56"}],"wp:attachment":[{"href":"https:\/\/www.shcote-nord.org\/wp\/index.php?rest_route=%2Fwp%2Fv2%2Fmedia&parent=1848"}],"curies":[{"name":"wp","href":"https:\/\/api.w.org\/{rel}","templated":true}]}}