{"id":1676,"date":"2017-11-08T00:57:09","date_gmt":"2017-11-08T05:57:09","guid":{"rendered":"http:\/\/www.shcote-nord.org\/wp\/?page_id=1676"},"modified":"2017-11-14T20:32:06","modified_gmt":"2017-11-15T01:32:06","slug":"vie-artistique-de-tonie-denis-artiste-peintre","status":"publish","type":"page","link":"https:\/\/www.shcote-nord.org\/wp\/?page_id=1676","title":{"rendered":"La vie artistique de Tonie Denis, artiste peintre"},"content":{"rendered":"<h2>Tonie Denis, artiste peintre<\/h2>\n<p><img loading=\"lazy\" decoding=\"async\" class=\"alignleft wp-image-1210 size-medium\" src=\"http:\/\/www.shcote-nord.org\/wp\/wp-content\/uploads\/2017\/08\/A-009-223x300.jpg\" alt=\"\" width=\"223\" height=\"300\" srcset=\"https:\/\/www.shcote-nord.org\/wp\/wp-content\/uploads\/2017\/08\/A-009-223x300.jpg 223w, https:\/\/www.shcote-nord.org\/wp\/wp-content\/uploads\/2017\/08\/A-009.jpg 741w\" sizes=\"auto, (max-width: 223px) 100vw, 223px\" \/>Tonie Denis (Antoinette Vignola) , artiste peintre autodidacte, est originaire de Saint-Narcisse pr\u00e8s de Rimouski. Depuis 1962, elle r\u00e9side \u00e0 Hauterive.<\/p>\n<p style=\"text-align: justify;\">Crayonner, dessiner \u00e9tait un passe-temps pour elle Depuis l&rsquo;enfance ; peindre \u00e9tait le r\u00eave de sa vie. L&rsquo;occasion tant d\u00e9sir\u00e9e se pr\u00e9sente enfin en 1971 . Sans trop y croire, elle en profite et participe \u00e0 une semaine intensive avec le peintre Maurice Lebon de Qu\u00e9bec. Ce fut le d\u00e9part d&rsquo;une carri\u00e8re prometteuse et tr\u00e8s vite, la qualit\u00e9 de ses toiles l&rsquo;impose comme professionnelle.<\/p>\n<p style=\"text-align: justify;\">Elle traite surtout des paysages De la c\u00f4te nord sur des toiles qu&rsquo;elle ex\u00e9cute souvent sur place. Ses tableaux se traduisent l&rsquo;attachement qu&rsquo;elle porte \u00e0 cette nature \u00e0 la fois sereine et farouche qui ne cesse de l&rsquo;\u00e9merveiller. Apr\u00e8s quatre ann\u00e9es de miniatures, elle pr\u00e9pare une premi\u00e8re exposition de tableaux qu&rsquo;elle pr\u00e9sente \u00e0 la Caisse populaire de Hauterive. Elles ont mont\u00e9 de plusieurs expos solo \u00e0 Hauterive, Baie-Comeau, Port-Cartier, ainsi qu&rsquo;\u00e0 Tadoussac o\u00f9 elle expose pendant six (6) \u00e9t\u00e9 cons\u00e9cutifs au Grand H\u00f4tel. Sa participation a \u00e9t\u00e9 remarqu\u00e9 \u00e0 la Semaine de la C\u00f4te-Nord \u00e0 Terres des Hommes en 1978. Elle s&rsquo;est rendue \u00e0 une invitation de la maison Renaud de la Place Royale \u00e0 Qu\u00e9bec en 1979. En avril 1983, elle participe \u00e0 l&rsquo;Expo-Confrontation de Baie-Comeau et gagne la premi\u00e8re mention pour son tableau intitul\u00e9 <em>F\u00e9\u00e9rie de neige<\/em>.<\/p>\n<p style=\"text-align: justify;\">Elle a \u00e9t\u00e9 une figure dominante \u00e0 chacun de ses participations aux \u00e9v\u00e9nements de promotion artistique r\u00e9gionale. On retrouvr de ses tableaux dans plusieurs collections priv\u00e9es au Canada, au \u00c9tats-Unis et en Europe!<\/p>\n<p>&nbsp;<\/p>\n","protected":false},"excerpt":{"rendered":"<p>Tonie Denis, artiste peintre Tonie Denis (Antoinette Vignola) , artiste peintre autodidacte, est originaire de Saint-Narcisse pr\u00e8s de Rimouski. Depuis 1962, elle r\u00e9side \u00e0 Hauterive. Crayonner, dessiner \u00e9tait un passe-temps pour elle Depuis l&rsquo;enfance ; peindre \u00e9tait le r\u00eave de sa vie. L&rsquo;occasion tant d\u00e9sir\u00e9e se pr\u00e9sente enfin en 1971 . Sans trop y croire, &hellip; <a href=\"https:\/\/www.shcote-nord.org\/wp\/?page_id=1676\" class=\"more-link\">Lire la suite de <span class=\"screen-reader-text\">La vie artistique de Tonie Denis, artiste peintre<\/span><\/a><\/p>\n","protected":false},"author":1,"featured_media":0,"parent":1346,"menu_order":0,"comment_status":"closed","ping_status":"closed","template":"templates\/full-width-page.php","meta":{"_mc_calendar":[],"footnotes":""},"class_list":["post-1676","page","type-page","status-publish","hentry","no-featured-image"],"yoast_head":"<!-- This site is optimized with the Yoast SEO plugin v27.4 - https:\/\/yoast.com\/product\/yoast-seo-wordpress\/ -->\n<title>La vie artistique de Tonie Denis, artiste peintre &#8902; Soci\u00e9t\u00e9 historique de la C\u00f4te-Nord<\/title>\n<meta name=\"robots\" content=\"index, follow, max-snippet:-1, max-image-preview:large, max-video-preview:-1\" \/>\n<link rel=\"canonical\" href=\"https:\/\/www.shcote-nord.org\/wp\/?page_id=1676\" \/>\n<meta property=\"og:locale\" content=\"fr_FR\" \/>\n<meta property=\"og:type\" content=\"article\" \/>\n<meta property=\"og:title\" content=\"La vie artistique de Tonie Denis, artiste peintre &#8902; Soci\u00e9t\u00e9 historique de la C\u00f4te-Nord\" \/>\n<meta property=\"og:description\" content=\"Tonie Denis, artiste peintre Tonie Denis (Antoinette Vignola) , artiste peintre autodidacte, est originaire de Saint-Narcisse pr\u00e8s de Rimouski. Depuis 1962, elle r\u00e9side \u00e0 Hauterive. Crayonner, dessiner \u00e9tait un passe-temps pour elle Depuis l&rsquo;enfance ; peindre \u00e9tait le r\u00eave de sa vie. L&rsquo;occasion tant d\u00e9sir\u00e9e se pr\u00e9sente enfin en 1971 . Sans trop y croire, &hellip; Lire la suite de La vie artistique de Tonie Denis, artiste peintre\" \/>\n<meta property=\"og:url\" content=\"https:\/\/www.shcote-nord.org\/wp\/?page_id=1676\" \/>\n<meta property=\"og:site_name\" content=\"Soci\u00e9t\u00e9 historique de la C\u00f4te-Nord\" \/>\n<meta property=\"article:publisher\" content=\"https:\/\/www.facebook.com\/shcotenord\/\" \/>\n<meta property=\"article:modified_time\" content=\"2017-11-15T01:32:06+00:00\" \/>\n<meta property=\"og:image\" content=\"http:\/\/www.shcote-nord.org\/wp\/wp-content\/uploads\/2017\/08\/A-009-223x300.jpg\" \/>\n<meta name=\"twitter:card\" content=\"summary_large_image\" \/>\n<meta name=\"twitter:label1\" content=\"Dur\u00e9e de lecture estim\u00e9e\" \/>\n\t<meta name=\"twitter:data1\" content=\"1 minute\" \/>\n<script type=\"application\/ld+json\" class=\"yoast-schema-graph\">{\"@context\":\"https:\\\/\\\/schema.org\",\"@graph\":[{\"@type\":\"WebPage\",\"@id\":\"https:\\\/\\\/www.shcote-nord.org\\\/wp\\\/?page_id=1676\",\"url\":\"https:\\\/\\\/www.shcote-nord.org\\\/wp\\\/?page_id=1676\",\"name\":\"La vie artistique de Tonie Denis, artiste peintre &#8902; Soci\u00e9t\u00e9 historique de la C\u00f4te-Nord\",\"isPartOf\":{\"@id\":\"https:\\\/\\\/www.shcote-nord.org\\\/wp\\\/#website\"},\"primaryImageOfPage\":{\"@id\":\"https:\\\/\\\/www.shcote-nord.org\\\/wp\\\/?page_id=1676#primaryimage\"},\"image\":{\"@id\":\"https:\\\/\\\/www.shcote-nord.org\\\/wp\\\/?page_id=1676#primaryimage\"},\"thumbnailUrl\":\"http:\\\/\\\/www.shcote-nord.org\\\/wp\\\/wp-content\\\/uploads\\\/2017\\\/08\\\/A-009-223x300.jpg\",\"datePublished\":\"2017-11-08T05:57:09+00:00\",\"dateModified\":\"2017-11-15T01:32:06+00:00\",\"breadcrumb\":{\"@id\":\"https:\\\/\\\/www.shcote-nord.org\\\/wp\\\/?page_id=1676#breadcrumb\"},\"inLanguage\":\"fr-FR\",\"potentialAction\":[{\"@type\":\"ReadAction\",\"target\":[\"https:\\\/\\\/www.shcote-nord.org\\\/wp\\\/?page_id=1676\"]}]},{\"@type\":\"ImageObject\",\"inLanguage\":\"fr-FR\",\"@id\":\"https:\\\/\\\/www.shcote-nord.org\\\/wp\\\/?page_id=1676#primaryimage\",\"url\":\"http:\\\/\\\/www.shcote-nord.org\\\/wp\\\/wp-content\\\/uploads\\\/2017\\\/08\\\/A-009-223x300.jpg\",\"contentUrl\":\"http:\\\/\\\/www.shcote-nord.org\\\/wp\\\/wp-content\\\/uploads\\\/2017\\\/08\\\/A-009-223x300.jpg\"},{\"@type\":\"BreadcrumbList\",\"@id\":\"https:\\\/\\\/www.shcote-nord.org\\\/wp\\\/?page_id=1676#breadcrumb\",\"itemListElement\":[{\"@type\":\"ListItem\",\"position\":1,\"name\":\"Accueil\",\"item\":\"https:\\\/\\\/www.shcote-nord.org\\\/wp\"},{\"@type\":\"ListItem\",\"position\":2,\"name\":\"Publications\",\"item\":\"https:\\\/\\\/www.shcote-nord.org\\\/wp\\\/?page_id=69\"},{\"@type\":\"ListItem\",\"position\":3,\"name\":\"En consignation\",\"item\":\"https:\\\/\\\/www.shcote-nord.org\\\/wp\\\/?page_id=1346\"},{\"@type\":\"ListItem\",\"position\":4,\"name\":\"La vie artistique de Tonie Denis, artiste peintre\"}]},{\"@type\":\"WebSite\",\"@id\":\"https:\\\/\\\/www.shcote-nord.org\\\/wp\\\/#website\",\"url\":\"https:\\\/\\\/www.shcote-nord.org\\\/wp\\\/\",\"name\":\"Soci\u00e9t\u00e9 historique de la C\u00f4te-Nord\",\"description\":\"Centre d&#039;archives priv\u00e9es de la SHCN\",\"publisher\":{\"@id\":\"https:\\\/\\\/www.shcote-nord.org\\\/wp\\\/#organization\"},\"potentialAction\":[{\"@type\":\"SearchAction\",\"target\":{\"@type\":\"EntryPoint\",\"urlTemplate\":\"https:\\\/\\\/www.shcote-nord.org\\\/wp\\\/?s={search_term_string}\"},\"query-input\":{\"@type\":\"PropertyValueSpecification\",\"valueRequired\":true,\"valueName\":\"search_term_string\"}}],\"inLanguage\":\"fr-FR\"},{\"@type\":\"Organization\",\"@id\":\"https:\\\/\\\/www.shcote-nord.org\\\/wp\\\/#organization\",\"name\":\"Soci\u00e9t\u00e9 historique de la C\u00f4te-Nord\",\"url\":\"https:\\\/\\\/www.shcote-nord.org\\\/wp\\\/\",\"logo\":{\"@type\":\"ImageObject\",\"inLanguage\":\"fr-FR\",\"@id\":\"https:\\\/\\\/www.shcote-nord.org\\\/wp\\\/#\\\/schema\\\/logo\\\/image\\\/\",\"url\":\"https:\\\/\\\/i2.wp.com\\\/www.shcote-nord.org\\\/wp\\\/wp-content\\\/uploads\\\/2017\\\/09\\\/Sans-titre-1-copie.png?fit=2543%2C939\",\"contentUrl\":\"https:\\\/\\\/i2.wp.com\\\/www.shcote-nord.org\\\/wp\\\/wp-content\\\/uploads\\\/2017\\\/09\\\/Sans-titre-1-copie.png?fit=2543%2C939\",\"width\":2543,\"height\":939,\"caption\":\"Soci\u00e9t\u00e9 historique de la C\u00f4te-Nord\"},\"image\":{\"@id\":\"https:\\\/\\\/www.shcote-nord.org\\\/wp\\\/#\\\/schema\\\/logo\\\/image\\\/\"},\"sameAs\":[\"https:\\\/\\\/www.facebook.com\\\/shcotenord\\\/\"]}]}<\/script>\n<!-- \/ Yoast SEO plugin. -->","yoast_head_json":{"title":"La vie artistique de Tonie Denis, artiste peintre &#8902; Soci\u00e9t\u00e9 historique de la C\u00f4te-Nord","robots":{"index":"index","follow":"follow","max-snippet":"max-snippet:-1","max-image-preview":"max-image-preview:large","max-video-preview":"max-video-preview:-1"},"canonical":"https:\/\/www.shcote-nord.org\/wp\/?page_id=1676","og_locale":"fr_FR","og_type":"article","og_title":"La vie artistique de Tonie Denis, artiste peintre &#8902; Soci\u00e9t\u00e9 historique de la C\u00f4te-Nord","og_description":"Tonie Denis, artiste peintre Tonie Denis (Antoinette Vignola) , artiste peintre autodidacte, est originaire de Saint-Narcisse pr\u00e8s de Rimouski. Depuis 1962, elle r\u00e9side \u00e0 Hauterive. Crayonner, dessiner \u00e9tait un passe-temps pour elle Depuis l&rsquo;enfance ; peindre \u00e9tait le r\u00eave de sa vie. L&rsquo;occasion tant d\u00e9sir\u00e9e se pr\u00e9sente enfin en 1971 . Sans trop y croire, &hellip; Lire la suite de La vie artistique de Tonie Denis, artiste peintre","og_url":"https:\/\/www.shcote-nord.org\/wp\/?page_id=1676","og_site_name":"Soci\u00e9t\u00e9 historique de la C\u00f4te-Nord","article_publisher":"https:\/\/www.facebook.com\/shcotenord\/","article_modified_time":"2017-11-15T01:32:06+00:00","og_image":[{"url":"http:\/\/www.shcote-nord.org\/wp\/wp-content\/uploads\/2017\/08\/A-009-223x300.jpg","type":"","width":"","height":""}],"twitter_card":"summary_large_image","twitter_misc":{"Dur\u00e9e de lecture estim\u00e9e":"1 minute"},"schema":{"@context":"https:\/\/schema.org","@graph":[{"@type":"WebPage","@id":"https:\/\/www.shcote-nord.org\/wp\/?page_id=1676","url":"https:\/\/www.shcote-nord.org\/wp\/?page_id=1676","name":"La vie artistique de Tonie Denis, artiste peintre &#8902; Soci\u00e9t\u00e9 historique de la C\u00f4te-Nord","isPartOf":{"@id":"https:\/\/www.shcote-nord.org\/wp\/#website"},"primaryImageOfPage":{"@id":"https:\/\/www.shcote-nord.org\/wp\/?page_id=1676#primaryimage"},"image":{"@id":"https:\/\/www.shcote-nord.org\/wp\/?page_id=1676#primaryimage"},"thumbnailUrl":"http:\/\/www.shcote-nord.org\/wp\/wp-content\/uploads\/2017\/08\/A-009-223x300.jpg","datePublished":"2017-11-08T05:57:09+00:00","dateModified":"2017-11-15T01:32:06+00:00","breadcrumb":{"@id":"https:\/\/www.shcote-nord.org\/wp\/?page_id=1676#breadcrumb"},"inLanguage":"fr-FR","potentialAction":[{"@type":"ReadAction","target":["https:\/\/www.shcote-nord.org\/wp\/?page_id=1676"]}]},{"@type":"ImageObject","inLanguage":"fr-FR","@id":"https:\/\/www.shcote-nord.org\/wp\/?page_id=1676#primaryimage","url":"http:\/\/www.shcote-nord.org\/wp\/wp-content\/uploads\/2017\/08\/A-009-223x300.jpg","contentUrl":"http:\/\/www.shcote-nord.org\/wp\/wp-content\/uploads\/2017\/08\/A-009-223x300.jpg"},{"@type":"BreadcrumbList","@id":"https:\/\/www.shcote-nord.org\/wp\/?page_id=1676#breadcrumb","itemListElement":[{"@type":"ListItem","position":1,"name":"Accueil","item":"https:\/\/www.shcote-nord.org\/wp"},{"@type":"ListItem","position":2,"name":"Publications","item":"https:\/\/www.shcote-nord.org\/wp\/?page_id=69"},{"@type":"ListItem","position":3,"name":"En consignation","item":"https:\/\/www.shcote-nord.org\/wp\/?page_id=1346"},{"@type":"ListItem","position":4,"name":"La vie artistique de Tonie Denis, artiste peintre"}]},{"@type":"WebSite","@id":"https:\/\/www.shcote-nord.org\/wp\/#website","url":"https:\/\/www.shcote-nord.org\/wp\/","name":"Soci\u00e9t\u00e9 historique de la C\u00f4te-Nord","description":"Centre d&#039;archives priv\u00e9es de la SHCN","publisher":{"@id":"https:\/\/www.shcote-nord.org\/wp\/#organization"},"potentialAction":[{"@type":"SearchAction","target":{"@type":"EntryPoint","urlTemplate":"https:\/\/www.shcote-nord.org\/wp\/?s={search_term_string}"},"query-input":{"@type":"PropertyValueSpecification","valueRequired":true,"valueName":"search_term_string"}}],"inLanguage":"fr-FR"},{"@type":"Organization","@id":"https:\/\/www.shcote-nord.org\/wp\/#organization","name":"Soci\u00e9t\u00e9 historique de la C\u00f4te-Nord","url":"https:\/\/www.shcote-nord.org\/wp\/","logo":{"@type":"ImageObject","inLanguage":"fr-FR","@id":"https:\/\/www.shcote-nord.org\/wp\/#\/schema\/logo\/image\/","url":"https:\/\/i2.wp.com\/www.shcote-nord.org\/wp\/wp-content\/uploads\/2017\/09\/Sans-titre-1-copie.png?fit=2543%2C939","contentUrl":"https:\/\/i2.wp.com\/www.shcote-nord.org\/wp\/wp-content\/uploads\/2017\/09\/Sans-titre-1-copie.png?fit=2543%2C939","width":2543,"height":939,"caption":"Soci\u00e9t\u00e9 historique de la C\u00f4te-Nord"},"image":{"@id":"https:\/\/www.shcote-nord.org\/wp\/#\/schema\/logo\/image\/"},"sameAs":["https:\/\/www.facebook.com\/shcotenord\/"]}]}},"_links":{"self":[{"href":"https:\/\/www.shcote-nord.org\/wp\/index.php?rest_route=\/wp\/v2\/pages\/1676","targetHints":{"allow":["GET"]}}],"collection":[{"href":"https:\/\/www.shcote-nord.org\/wp\/index.php?rest_route=\/wp\/v2\/pages"}],"about":[{"href":"https:\/\/www.shcote-nord.org\/wp\/index.php?rest_route=\/wp\/v2\/types\/page"}],"author":[{"embeddable":true,"href":"https:\/\/www.shcote-nord.org\/wp\/index.php?rest_route=\/wp\/v2\/users\/1"}],"replies":[{"embeddable":true,"href":"https:\/\/www.shcote-nord.org\/wp\/index.php?rest_route=%2Fwp%2Fv2%2Fcomments&post=1676"}],"version-history":[{"count":3,"href":"https:\/\/www.shcote-nord.org\/wp\/index.php?rest_route=\/wp\/v2\/pages\/1676\/revisions"}],"predecessor-version":[{"id":1954,"href":"https:\/\/www.shcote-nord.org\/wp\/index.php?rest_route=\/wp\/v2\/pages\/1676\/revisions\/1954"}],"up":[{"embeddable":true,"href":"https:\/\/www.shcote-nord.org\/wp\/index.php?rest_route=\/wp\/v2\/pages\/1346"}],"wp:attachment":[{"href":"https:\/\/www.shcote-nord.org\/wp\/index.php?rest_route=%2Fwp%2Fv2%2Fmedia&parent=1676"}],"curies":[{"name":"wp","href":"https:\/\/api.w.org\/{rel}","templated":true}]}}