{"id":1640,"date":"2017-11-07T14:11:06","date_gmt":"2017-11-07T19:11:06","guid":{"rendered":"http:\/\/www.shcote-nord.org\/wp\/?page_id=1640"},"modified":"2019-09-12T12:39:27","modified_gmt":"2019-09-12T17:39:27","slug":"plan","status":"publish","type":"page","link":"https:\/\/www.shcote-nord.org\/wp\/?page_id=1640","title":{"rendered":"Plan du site"},"content":{"rendered":"<h2><strong><a class=\"row-title\" href=\"http:\/\/www.shcote-nord.org\/wp\/?page_id=56\" aria-label=\"\u00ab\u00a0Administration\u00a0\u00bb (Modifier)\">Administration<\/a><\/strong><\/h2>\n<ul style=\"list-style-type: square;\">\n<li class=\"locked-info\"><a class=\"row-title\" href=\"http:\/\/www.shcote-nord.org\/wp\/?page_id=61\" aria-label=\"\u00ab\u00a0Conseil d\u2019administration\u00a0\u00bb (Modifier)\">Conseil d\u2019administration<\/a><\/li>\n<li class=\"locked-info\"><a class=\"row-title\" href=\"http:\/\/www.shcote-nord.org\/wp\/?page_id=60\" aria-label=\"\u00ab\u00a0Notre histoire\u00a0\u00bb (Modifier)\">Notre histoire<\/a><\/li>\n<li><a href=\"http:\/\/www.shcote-nord.org\/wp\/?page_id=133\">Devenir membre<\/a><\/li>\n<li><a href=\"http:\/\/www.shcote-nord.org\/wp\/?page_id=90\">Horaire<\/a><\/li>\n<li><a href=\"http:\/\/www.shcote-nord.org\/wp\/?page_id=528\">R\u00e8glements g\u00e9n\u00e9raux<\/a><\/li>\n<li><a href=\"http:\/\/www.shcote-nord.org\/wp\/?page_id=1848\">Services<\/a> | <a href=\"http:\/\/www.shcote-nord.org\/wp\/?page_id=59\">Tarifs<\/a><\/li>\n<\/ul>\n<h2><a href=\"http:\/\/www.shcote-nord.org\/wp\/?page_id=263\"><strong>Centre d\u2019archives<\/strong><\/a><\/h2>\n<ul style=\"list-style-type: square;\">\n<li><a href=\"http:\/\/www.shcote-nord.org\/wp\/?page_id=294\">Nos fonds et collections<\/a><\/li>\n<li><a href=\"http:\/\/www.shcote-nord.org\/wp\/?page_id=735\">Guide de d\u00e9p\u00f4t<\/a><\/li>\n<li><a href=\"http:\/\/www.shcote-nord.org\/wp\/?page_id=1084\">Politique d\u2019acquisition<\/a><\/li>\n<li><a href=\"http:\/\/www.shcote-nord.org\/wp\/?page_id=664\">Classification institutionnelle<\/a><\/li>\n<li><a href=\"http:\/\/www.shcote-nord.org\/wp\/?page_id=742\">Introduction \u00e0 l\u2019archivistique<\/a><\/li>\n<li><a href=\"http:\/\/www.shcote-nord.org\/wp\/?page_id=1781\">Services d\u2019archives priv\u00e9es agr\u00e9\u00e9s<\/a><\/li>\n<\/ul>\n<h2><a href=\"http:\/\/www.shcote-nord.org\/wp\/?page_id=1023\"><strong>G\u00e9n\u00e9alogie<\/strong><\/a><\/h2>\n<ul style=\"list-style-type: square;\">\n<li><a href=\"http:\/\/www.shcote-nord.org\/wp\/?page_id=1531\">Les Microfilms<\/a><\/li>\n<li><a href=\"http:\/\/www.shcote-nord.org\/wp\/?page_id=1778\">Les bases de donn\u00e9es<\/a><\/li>\n<li><a href=\"http:\/\/www.shcote-nord.org\/wp\/?page_id=1538\">Revues sp\u00e9cialis\u00e9es<\/a><\/li>\n<li><a href=\"http:\/\/www.shcote-nord.org\/wp\/?page_id=1046\">Autres outils<\/a><\/li>\n<li><a href=\"http:\/\/www.shcote-nord.org\/wp\/?page_id=1625\">Organismes de m\u00eame nature<\/a><\/li>\n<\/ul>\n<h2><a href=\"http:\/\/www.shcote-nord.org\/wp\/?page_id=1417\"><strong>\u00c9v\u00e9nements<\/strong><\/a><\/h2>\n<h3><a href=\"http:\/\/www.shcote-nord.org\/wp\/?page_id=1419\"><strong>Expositions<\/strong><\/a><\/h3>\n<ul>\n<li><a href=\"http:\/\/www.shcote-nord.org\/wp\/?page_id=1421\">Exposition 2009-2010<\/a><\/li>\n<li><a href=\"http:\/\/www.shcote-nord.org\/wp\/?page_id=1423\">Exposition 2011<\/a><\/li>\n<li><a href=\"http:\/\/www.shcote-nord.org\/wp\/?page_id=1426\">Exposition 2012<\/a><\/li>\n<li><a href=\"http:\/\/www.shcote-nord.org\/wp\/?page_id=1428\">Exposition 2013<\/a><\/li>\n<li><a href=\"http:\/\/www.shcote-nord.org\/wp\/?page_id=1468\">Exposition 2014<\/a><\/li>\n<li><a href=\"http:\/\/www.shcote-nord.org\/wp\/?page_id=2472\">Exposition 2015<\/a><\/li>\n<li><a href=\"http:\/\/www.shcote-nord.org\/wp\/?page_id=1447\">Exposition 2016<\/a><\/li>\n<li><a href=\"http:\/\/www.shcote-nord.org\/wp\/?page_id=2465\">Exposition 2017<\/a><\/li>\n<li><a href=\"http:\/\/www.shcote-nord.org\/wp\/?page_id=2211\">Exposition 2018<\/a><\/li>\n<li><a href=\"http:\/\/www.shcote-nord.org\/wp\/?page_id=2501\">Exposition 2019<\/a><\/li>\n<li class=\"row-actions\"><a href=\"http:\/\/www.shcote-nord.org\/wp\/?page_id=1447\">Exposition 2016<\/a><\/li>\n<\/ul>\n<h2 class=\"locked-info\"><strong><a href=\"http:\/\/www.shcote-nord.org\/wp\/?page_id=69\">Publications<\/a> |\u00a0<\/strong><span style=\"font-size: 16px;\"><a href=\"http:\/\/www.shcote-nord.org\/wp\/?page_id=1409\"><strong>Le Coin des Auteurs<\/strong><\/a><\/span><\/h2>\n<h3 class=\"locked-info\"><span style=\"font-size: 14pt;\"><a href=\"http:\/\/www.shcote-nord.org\/wp\/?page_id=206\"><strong>Cahiers d\u2019histoire<\/strong><\/a><\/span><\/h3>\n<h3><a href=\"http:\/\/www.shcote-nord.org\/wp\/?page_id=435\"><strong>Revue d\u2019histoire de la C\u00f4te-Nord<\/strong><\/a><\/h3>\n<ul style=\"list-style-type: square;\">\n<li><a href=\"http:\/\/www.shcote-nord.org\/wp\/?page_id=354\"> Revues 1 \u00e0 10<\/a><\/li>\n<li><a href=\"http:\/\/www.shcote-nord.org\/wp\/?page_id=455\">Revues 11 \u00e0 20<\/a><\/li>\n<li><a href=\"http:\/\/www.shcote-nord.org\/wp\/?page_id=757\">Revues 21 \u00e0 30<\/a><\/li>\n<li><a href=\"http:\/\/www.shcote-nord.org\/wp\/?page_id=850\">Revues 31 \u00e0 40<\/a><\/li>\n<li><a href=\"http:\/\/www.shcote-nord.org\/wp\/?page_id=897\"> Revues 41 \u00e0 50<\/a><\/li>\n<li><a href=\"http:\/\/www.shcote-nord.org\/wp\/?page_id=946\">Revues 51 \u00e0 60<\/a> | <a href=\"http:\/\/www.shcote-nord.org\/wp\/?page_id=978\">Hommage \u00e0 Monsieur Baron*<\/a> |\u00a0<a href=\"http:\/\/www.shcote-nord.org\/wp\/?page_id=1690\">75 ans de mission et de minist\u00e8re<\/a> | De New York\u2026 \u00e0 la p\u00eache aux saumons sur la c\u00f4te! ne longue histoire d&rsquo;amour avec les rivi\u00e8res de la C\u00f4te-Nord | <a href=\"http:\/\/www.shcote-nord.org\/wp\/?page_id=1373\">Le Nord en \u201cor\u201d<\/a> |\u00a0 <a href=\"http:\/\/www.shcote-nord.org\/wp\/?page_id=1341\">Schefferville \u00e0 ses d\u00e9buts<\/a> |<\/li>\n<li><a href=\"http:\/\/www.shcote-nord.org\/wp\/?page_id=1007\">Revues 61 \u00e0 70<\/a> |\u00a0<a href=\"http:\/\/www.shcote-nord.org\/wp\/?page_id=1477\">Un \u00e9t\u00e9 \u00e0 Blanc Sablon<\/a> | Les Innus de la Basse-C\u00f4te-Nord | <a href=\"http:\/\/www.shcote-nord.org\/wp\/?page_id=2459\">1940 : Exploration scientifique, Anticosti<\/a> | <a href=\"http:\/\/www.shcote-nord.org\/wp\/?page_id=2306\">Liste des chants de Placide Vigneau<\/a> |<\/li>\n<\/ul>\n<h3><strong>Collection Nord-C\u00f4tier\/Nord-C\u00f4ti\u00e8re<\/strong><\/h3>\n<ul style=\"list-style-type: square;\">\n<li><a href=\"http:\/\/www.shcote-nord.org\/wp\/?page_id=1596\">Garde Mailloux: Infirmi\u00e8re de Colonie: De 1951 \u00e0 1986, les Bergeronnes<\/a><\/li>\n<li><a href=\"http:\/\/www.shcote-nord.org\/wp\/?page_id=1964\">Les m\u00e9moires d&rsquo;un pionnier<\/a><\/li>\n<li>Vari\u00e9t\u00e9s: Placide Vigneau<\/li>\n<li>Marie Berthe Tremblay: Histoire d&rsquo;une grand-m\u00e8re<\/li>\n<\/ul>\n<h3><a href=\"http:\/\/www.shcote-nord.org\/wp\/?page_id=1359\"><strong>Collection sites et villages nord-c\u00f4tiers<\/strong><\/a><\/h3>\n<ul style=\"list-style-type: square;\">\n<li><a href=\"http:\/\/www.shcote-nord.org\/wp\/?page_id=1971\">80 ans d&rsquo;histoire en images<\/a><\/li>\n<li><a href=\"http:\/\/www.shcote-nord.org\/wp\/?page_id=1968\">Baie-Comeau over the years<\/a><\/li>\n<li><a href=\"http:\/\/www.shcote-nord.org\/wp\/?page_id=1966\">Baie-Comeau au fil du temps<\/a><\/li>\n<li><a href=\"http:\/\/www.shcote-nord.org\/wp\/?page_id=1540\">Ch\u00fbte-aux-Outardes<\/a><\/li>\n<li><a href=\"http:\/\/www.shcote-nord.org\/wp\/?page_id=1587\">Godbout au tournant du si\u00e8cle<\/a><\/li>\n<li>Ch\u00fbte-aux-Outardes d&rsquo;hier \u00e0 aujourd&rsquo;hui<\/li>\n<li><a href=\"http:\/\/www.shcote-nord.org\/wp\/?page_id=1577\">Histoire de Forestville<\/a><\/li>\n<li><a href=\"http:\/\/www.shcote-nord.org\/wp\/?page_id=1575\">Histoire des Escoumins<\/a><\/li>\n<li><a href=\"http:\/\/www.shcote-nord.org\/wp\/?page_id=1960\">Godbout: un poste de traite devenu village<\/a><\/li>\n<li><a href=\"http:\/\/www.shcote-nord.org\/wp\/?page_id=1958\">Ragueneau: histoire et souvenirs<\/a><\/li>\n<li><a href=\"http:\/\/www.shcote-nord.org\/wp\/?page_id=1580\">Le phare historique de Pointe-des-Monts<\/a><\/li>\n<li><a href=\"http:\/\/www.shcote-nord.org\/wp\/?page_id=1545\">Natasquan\u2026Le go\u00fbt du large<\/a><\/li>\n<li><a href=\"http:\/\/www.shcote-nord.org\/wp\/?page_id=1584\">Un parc religieux \u00e0 Baie-Comeau<\/a><\/li>\n<\/ul>\n<h3><a href=\"http:\/\/www.shcote-nord.org\/wp\/?page_id=1820\"><strong>Autres publications<\/strong><\/a><\/h3>\n<ul>\n<li><a href=\"http:\/\/www.shcote-nord.org\/wp\/?page_id=1651\">Au coeur de notre histoire<\/a><\/li>\n<li><a href=\"http:\/\/www.shcote-nord.org\/wp\/?page_id=1821\">Mythes et Rites chez les Indiens Montagnais<\/a><\/li>\n<li><a href=\"http:\/\/www.shcote-nord.org\/wp\/?page_id=1823\">Itin\u00e9raire touristique de la C\u00f4te-Nord\/Touristic tour of the North Shore<\/a><\/li>\n<\/ul>\n<h3><a href=\"http:\/\/www.shcote-nord.org\/wp\/?page_id=1346\"><strong>En consignation<\/strong><\/a><\/h3>\n<ul>\n<li><a href=\"http:\/\/www.shcote-nord.org\/wp\/?page_id=1602\">\u00ab Belles lettres \u00bb des sciences et des techniques\u2026<\/a><\/li>\n<li><a href=\"http:\/\/www.shcote-nord.org\/wp\/?page_id=1606\">Baie-Comeau: du Mont-Sec \u00e0 la Rivi\u00e8re Am\u00e9d\u00e9e<\/a><\/li>\n<li><a href=\"http:\/\/www.shcote-nord.org\/wp\/?page_id=1620\">Comeau; de la Bourgogne \u00e0 la C\u00f4te-Nord<\/a><\/li>\n<li><a href=\"http:\/\/www.shcote-nord.org\/wp\/?page_id=1664\">De la subsistance \u00e0 la table d\u2019h\u00f4te\u2026 parcours du terroir alimentaire de la C\u00f4te-Nord<\/a><\/li>\n<li><a href=\"http:\/\/www.shcote-nord.org\/wp\/?page_id=1604\">Des Vikings dans le St-Laurent (en l\u2019an 2005)<\/a><\/li>\n<li><a href=\"http:\/\/www.shcote-nord.org\/wp\/?page_id=1598\">Je ne fais que passer<\/a><\/li>\n<li><a href=\"http:\/\/www.shcote-nord.org\/wp\/?page_id=1600\">L\u2019Odyss\u00e9e du Garrot d\u2019Islande en Am\u00e9rique<\/a><\/li>\n<li><a href=\"http:\/\/www.shcote-nord.org\/wp\/?page_id=1676\">La vie artistique de Tonie Denis, artiste peintre<\/a><\/li>\n<li><a href=\"http:\/\/www.shcote-nord.org\/wp\/?page_id=1608\">Le cri du Balbuzard p\u00eacheur<\/a><\/li>\n<li><a href=\"http:\/\/www.shcote-nord.org\/wp\/?page_id=1614\">Le r\u00eave de Roger<\/a><\/li>\n<li><a href=\"http:\/\/www.shcote-nord.org\/wp\/?page_id=1618\">Libert\u00e9 surveill\u00e9e<\/a><\/li>\n<li><a href=\"http:\/\/www.shcote-nord.org\/wp\/?page_id=1610\">Napol\u00e9on-Alexandre Comeau au Smithsonian<\/a><\/li>\n<li><a href=\"http:\/\/www.shcote-nord.org\/wp\/?page_id=1667\">On fait ami-ami<\/a><\/li>\n<li><a href=\"http:\/\/www.shcote-nord.org\/wp\/?page_id=1591\">R\u00e9pertoire historique et explicatif des noms de rues de Baie-Comeau<\/a><\/li>\n<li><a href=\"http:\/\/www.shcote-nord.org\/wp\/?page_id=1670\">Silence, l\u2019histoire tourne<\/a><\/li>\n<li><a href=\"http:\/\/www.shcote-nord.org\/wp\/?page_id=1616\">Un homme et son cours d\u2019eau<\/a><\/li>\n<\/ul>\n<h2><a href=\"http:\/\/www.shcote-nord.org\/wp\/?page_id=57\"><strong>Nous joindre<\/strong><\/a><\/h2>\n<ul style=\"list-style-type: square;\">\n<li><a href=\"http:\/\/www.shcote-nord.org\/wp\/?page_id=1640\">Plan du site<\/a><\/li>\n<\/ul>\n","protected":false},"excerpt":{"rendered":"<p>Administration Conseil d\u2019administration Notre histoire Devenir membre Horaire R\u00e8glements g\u00e9n\u00e9raux Services | Tarifs Centre d\u2019archives Nos fonds et collections Guide de d\u00e9p\u00f4t Politique d\u2019acquisition Classification institutionnelle Introduction \u00e0 l\u2019archivistique Services d\u2019archives priv\u00e9es agr\u00e9\u00e9s G\u00e9n\u00e9alogie Les Microfilms Les bases de donn\u00e9es Revues sp\u00e9cialis\u00e9es Autres outils Organismes de m\u00eame nature \u00c9v\u00e9nements Expositions Exposition 2009-2010 Exposition 2011 Exposition &hellip; <a href=\"https:\/\/www.shcote-nord.org\/wp\/?page_id=1640\" class=\"more-link\">Lire la suite de <span class=\"screen-reader-text\">Plan du site<\/span><\/a><\/p>\n","protected":false},"author":1,"featured_media":0,"parent":57,"menu_order":0,"comment_status":"closed","ping_status":"closed","template":"","meta":{"_mc_calendar":[],"footnotes":""},"class_list":["post-1640","page","type-page","status-publish","hentry","no-featured-image"],"yoast_head":"<!-- This site is optimized with the Yoast SEO plugin v27.4 - https:\/\/yoast.com\/product\/yoast-seo-wordpress\/ -->\n<title>Plan du site &#8902; Soci\u00e9t\u00e9 historique de la C\u00f4te-Nord<\/title>\n<meta name=\"robots\" content=\"index, follow, max-snippet:-1, max-image-preview:large, max-video-preview:-1\" \/>\n<link rel=\"canonical\" href=\"https:\/\/www.shcote-nord.org\/wp\/?page_id=1640\" \/>\n<meta property=\"og:locale\" content=\"fr_FR\" \/>\n<meta property=\"og:type\" content=\"article\" \/>\n<meta property=\"og:title\" content=\"Plan du site &#8902; Soci\u00e9t\u00e9 historique de la C\u00f4te-Nord\" \/>\n<meta property=\"og:description\" content=\"Administration Conseil d\u2019administration Notre histoire Devenir membre Horaire R\u00e8glements g\u00e9n\u00e9raux Services | Tarifs Centre d\u2019archives Nos fonds et collections Guide de d\u00e9p\u00f4t Politique d\u2019acquisition Classification institutionnelle Introduction \u00e0 l\u2019archivistique Services d\u2019archives priv\u00e9es agr\u00e9\u00e9s G\u00e9n\u00e9alogie Les Microfilms Les bases de donn\u00e9es Revues sp\u00e9cialis\u00e9es Autres outils Organismes de m\u00eame nature \u00c9v\u00e9nements Expositions Exposition 2009-2010 Exposition 2011 Exposition &hellip; Lire la suite de Plan du site\" \/>\n<meta property=\"og:url\" content=\"https:\/\/www.shcote-nord.org\/wp\/?page_id=1640\" \/>\n<meta property=\"og:site_name\" content=\"Soci\u00e9t\u00e9 historique de la C\u00f4te-Nord\" \/>\n<meta property=\"article:publisher\" content=\"https:\/\/www.facebook.com\/shcotenord\/\" \/>\n<meta property=\"article:modified_time\" content=\"2019-09-12T17:39:27+00:00\" \/>\n<meta name=\"twitter:card\" content=\"summary_large_image\" \/>\n<meta name=\"twitter:label1\" content=\"Dur\u00e9e de lecture estim\u00e9e\" \/>\n\t<meta name=\"twitter:data1\" content=\"2 minutes\" \/>\n<script type=\"application\/ld+json\" class=\"yoast-schema-graph\">{\"@context\":\"https:\\\/\\\/schema.org\",\"@graph\":[{\"@type\":\"WebPage\",\"@id\":\"https:\\\/\\\/www.shcote-nord.org\\\/wp\\\/?page_id=1640\",\"url\":\"https:\\\/\\\/www.shcote-nord.org\\\/wp\\\/?page_id=1640\",\"name\":\"Plan du site &#8902; Soci\u00e9t\u00e9 historique de la C\u00f4te-Nord\",\"isPartOf\":{\"@id\":\"https:\\\/\\\/www.shcote-nord.org\\\/wp\\\/#website\"},\"datePublished\":\"2017-11-07T19:11:06+00:00\",\"dateModified\":\"2019-09-12T17:39:27+00:00\",\"breadcrumb\":{\"@id\":\"https:\\\/\\\/www.shcote-nord.org\\\/wp\\\/?page_id=1640#breadcrumb\"},\"inLanguage\":\"fr-FR\",\"potentialAction\":[{\"@type\":\"ReadAction\",\"target\":[\"https:\\\/\\\/www.shcote-nord.org\\\/wp\\\/?page_id=1640\"]}]},{\"@type\":\"BreadcrumbList\",\"@id\":\"https:\\\/\\\/www.shcote-nord.org\\\/wp\\\/?page_id=1640#breadcrumb\",\"itemListElement\":[{\"@type\":\"ListItem\",\"position\":1,\"name\":\"Accueil\",\"item\":\"https:\\\/\\\/www.shcote-nord.org\\\/wp\"},{\"@type\":\"ListItem\",\"position\":2,\"name\":\"Nous joindre\",\"item\":\"https:\\\/\\\/www.shcote-nord.org\\\/wp\\\/?page_id=57\"},{\"@type\":\"ListItem\",\"position\":3,\"name\":\"Plan du site\"}]},{\"@type\":\"WebSite\",\"@id\":\"https:\\\/\\\/www.shcote-nord.org\\\/wp\\\/#website\",\"url\":\"https:\\\/\\\/www.shcote-nord.org\\\/wp\\\/\",\"name\":\"Soci\u00e9t\u00e9 historique de la C\u00f4te-Nord\",\"description\":\"Centre d&#039;archives priv\u00e9es de la SHCN\",\"publisher\":{\"@id\":\"https:\\\/\\\/www.shcote-nord.org\\\/wp\\\/#organization\"},\"potentialAction\":[{\"@type\":\"SearchAction\",\"target\":{\"@type\":\"EntryPoint\",\"urlTemplate\":\"https:\\\/\\\/www.shcote-nord.org\\\/wp\\\/?s={search_term_string}\"},\"query-input\":{\"@type\":\"PropertyValueSpecification\",\"valueRequired\":true,\"valueName\":\"search_term_string\"}}],\"inLanguage\":\"fr-FR\"},{\"@type\":\"Organization\",\"@id\":\"https:\\\/\\\/www.shcote-nord.org\\\/wp\\\/#organization\",\"name\":\"Soci\u00e9t\u00e9 historique de la C\u00f4te-Nord\",\"url\":\"https:\\\/\\\/www.shcote-nord.org\\\/wp\\\/\",\"logo\":{\"@type\":\"ImageObject\",\"inLanguage\":\"fr-FR\",\"@id\":\"https:\\\/\\\/www.shcote-nord.org\\\/wp\\\/#\\\/schema\\\/logo\\\/image\\\/\",\"url\":\"https:\\\/\\\/i2.wp.com\\\/www.shcote-nord.org\\\/wp\\\/wp-content\\\/uploads\\\/2017\\\/09\\\/Sans-titre-1-copie.png?fit=2543%2C939\",\"contentUrl\":\"https:\\\/\\\/i2.wp.com\\\/www.shcote-nord.org\\\/wp\\\/wp-content\\\/uploads\\\/2017\\\/09\\\/Sans-titre-1-copie.png?fit=2543%2C939\",\"width\":2543,\"height\":939,\"caption\":\"Soci\u00e9t\u00e9 historique de la C\u00f4te-Nord\"},\"image\":{\"@id\":\"https:\\\/\\\/www.shcote-nord.org\\\/wp\\\/#\\\/schema\\\/logo\\\/image\\\/\"},\"sameAs\":[\"https:\\\/\\\/www.facebook.com\\\/shcotenord\\\/\"]}]}<\/script>\n<!-- \/ Yoast SEO plugin. -->","yoast_head_json":{"title":"Plan du site &#8902; Soci\u00e9t\u00e9 historique de la C\u00f4te-Nord","robots":{"index":"index","follow":"follow","max-snippet":"max-snippet:-1","max-image-preview":"max-image-preview:large","max-video-preview":"max-video-preview:-1"},"canonical":"https:\/\/www.shcote-nord.org\/wp\/?page_id=1640","og_locale":"fr_FR","og_type":"article","og_title":"Plan du site &#8902; Soci\u00e9t\u00e9 historique de la C\u00f4te-Nord","og_description":"Administration Conseil d\u2019administration Notre histoire Devenir membre Horaire R\u00e8glements g\u00e9n\u00e9raux Services | Tarifs Centre d\u2019archives Nos fonds et collections Guide de d\u00e9p\u00f4t Politique d\u2019acquisition Classification institutionnelle Introduction \u00e0 l\u2019archivistique Services d\u2019archives priv\u00e9es agr\u00e9\u00e9s G\u00e9n\u00e9alogie Les Microfilms Les bases de donn\u00e9es Revues sp\u00e9cialis\u00e9es Autres outils Organismes de m\u00eame nature \u00c9v\u00e9nements Expositions Exposition 2009-2010 Exposition 2011 Exposition &hellip; Lire la suite de Plan du site","og_url":"https:\/\/www.shcote-nord.org\/wp\/?page_id=1640","og_site_name":"Soci\u00e9t\u00e9 historique de la C\u00f4te-Nord","article_publisher":"https:\/\/www.facebook.com\/shcotenord\/","article_modified_time":"2019-09-12T17:39:27+00:00","twitter_card":"summary_large_image","twitter_misc":{"Dur\u00e9e de lecture estim\u00e9e":"2 minutes"},"schema":{"@context":"https:\/\/schema.org","@graph":[{"@type":"WebPage","@id":"https:\/\/www.shcote-nord.org\/wp\/?page_id=1640","url":"https:\/\/www.shcote-nord.org\/wp\/?page_id=1640","name":"Plan du site &#8902; Soci\u00e9t\u00e9 historique de la C\u00f4te-Nord","isPartOf":{"@id":"https:\/\/www.shcote-nord.org\/wp\/#website"},"datePublished":"2017-11-07T19:11:06+00:00","dateModified":"2019-09-12T17:39:27+00:00","breadcrumb":{"@id":"https:\/\/www.shcote-nord.org\/wp\/?page_id=1640#breadcrumb"},"inLanguage":"fr-FR","potentialAction":[{"@type":"ReadAction","target":["https:\/\/www.shcote-nord.org\/wp\/?page_id=1640"]}]},{"@type":"BreadcrumbList","@id":"https:\/\/www.shcote-nord.org\/wp\/?page_id=1640#breadcrumb","itemListElement":[{"@type":"ListItem","position":1,"name":"Accueil","item":"https:\/\/www.shcote-nord.org\/wp"},{"@type":"ListItem","position":2,"name":"Nous joindre","item":"https:\/\/www.shcote-nord.org\/wp\/?page_id=57"},{"@type":"ListItem","position":3,"name":"Plan du site"}]},{"@type":"WebSite","@id":"https:\/\/www.shcote-nord.org\/wp\/#website","url":"https:\/\/www.shcote-nord.org\/wp\/","name":"Soci\u00e9t\u00e9 historique de la C\u00f4te-Nord","description":"Centre d&#039;archives priv\u00e9es de la SHCN","publisher":{"@id":"https:\/\/www.shcote-nord.org\/wp\/#organization"},"potentialAction":[{"@type":"SearchAction","target":{"@type":"EntryPoint","urlTemplate":"https:\/\/www.shcote-nord.org\/wp\/?s={search_term_string}"},"query-input":{"@type":"PropertyValueSpecification","valueRequired":true,"valueName":"search_term_string"}}],"inLanguage":"fr-FR"},{"@type":"Organization","@id":"https:\/\/www.shcote-nord.org\/wp\/#organization","name":"Soci\u00e9t\u00e9 historique de la C\u00f4te-Nord","url":"https:\/\/www.shcote-nord.org\/wp\/","logo":{"@type":"ImageObject","inLanguage":"fr-FR","@id":"https:\/\/www.shcote-nord.org\/wp\/#\/schema\/logo\/image\/","url":"https:\/\/i2.wp.com\/www.shcote-nord.org\/wp\/wp-content\/uploads\/2017\/09\/Sans-titre-1-copie.png?fit=2543%2C939","contentUrl":"https:\/\/i2.wp.com\/www.shcote-nord.org\/wp\/wp-content\/uploads\/2017\/09\/Sans-titre-1-copie.png?fit=2543%2C939","width":2543,"height":939,"caption":"Soci\u00e9t\u00e9 historique de la C\u00f4te-Nord"},"image":{"@id":"https:\/\/www.shcote-nord.org\/wp\/#\/schema\/logo\/image\/"},"sameAs":["https:\/\/www.facebook.com\/shcotenord\/"]}]}},"_links":{"self":[{"href":"https:\/\/www.shcote-nord.org\/wp\/index.php?rest_route=\/wp\/v2\/pages\/1640","targetHints":{"allow":["GET"]}}],"collection":[{"href":"https:\/\/www.shcote-nord.org\/wp\/index.php?rest_route=\/wp\/v2\/pages"}],"about":[{"href":"https:\/\/www.shcote-nord.org\/wp\/index.php?rest_route=\/wp\/v2\/types\/page"}],"author":[{"embeddable":true,"href":"https:\/\/www.shcote-nord.org\/wp\/index.php?rest_route=\/wp\/v2\/users\/1"}],"replies":[{"embeddable":true,"href":"https:\/\/www.shcote-nord.org\/wp\/index.php?rest_route=%2Fwp%2Fv2%2Fcomments&post=1640"}],"version-history":[{"count":5,"href":"https:\/\/www.shcote-nord.org\/wp\/index.php?rest_route=\/wp\/v2\/pages\/1640\/revisions"}],"predecessor-version":[{"id":2576,"href":"https:\/\/www.shcote-nord.org\/wp\/index.php?rest_route=\/wp\/v2\/pages\/1640\/revisions\/2576"}],"up":[{"embeddable":true,"href":"https:\/\/www.shcote-nord.org\/wp\/index.php?rest_route=\/wp\/v2\/pages\/57"}],"wp:attachment":[{"href":"https:\/\/www.shcote-nord.org\/wp\/index.php?rest_route=%2Fwp%2Fv2%2Fmedia&parent=1640"}],"curies":[{"name":"wp","href":"https:\/\/api.w.org\/{rel}","templated":true}]}}