{"id":1616,"date":"2017-11-05T16:32:26","date_gmt":"2017-11-05T20:32:26","guid":{"rendered":"http:\/\/www.shcote-nord.org\/wp\/?page_id=1616"},"modified":"2017-11-05T16:32:26","modified_gmt":"2017-11-05T20:32:26","slug":"homme","status":"publish","type":"page","link":"https:\/\/www.shcote-nord.org\/wp\/?page_id=1616","title":{"rendered":"Un homme et son cours d&rsquo;eau"},"content":{"rendered":"<h2>Po\u00e9sie<\/h2>\n<p><img loading=\"lazy\" decoding=\"async\" class=\"alignleft wp-image-1203 size-medium\" src=\"http:\/\/www.shcote-nord.org\/wp\/wp-content\/uploads\/2017\/08\/A_002-183x300.jpg\" alt=\"\" width=\"183\" height=\"300\" srcset=\"https:\/\/www.shcote-nord.org\/wp\/wp-content\/uploads\/2017\/08\/A_002-183x300.jpg 183w, https:\/\/www.shcote-nord.org\/wp\/wp-content\/uploads\/2017\/08\/A_002.jpg 407w\" sizes=\"auto, (max-width: 183px) 100vw, 183px\" \/>Mis en chantier au vieil h\u00f4tel de Baie-Comeau en 1995, ce recueil concerne la nature et ceux qui l\u2019habitent, l\u2019environnement et ceux qui le visitent ; les textes issus de ce cours d\u2019eau o\u00f9 j\u2019ai failli laisser ma peau, deviennent de la liaison entre rivi\u00e8re et po\u00e8te.<\/p>\n","protected":false},"excerpt":{"rendered":"<p>Po\u00e9sie Mis en chantier au vieil h\u00f4tel de Baie-Comeau en 1995, ce recueil concerne la nature et ceux qui l\u2019habitent, l\u2019environnement et ceux qui le visitent ; les textes issus de ce cours d\u2019eau o\u00f9 j\u2019ai failli laisser ma peau, deviennent de la liaison entre rivi\u00e8re et po\u00e8te.<\/p>\n","protected":false},"author":1,"featured_media":0,"parent":1346,"menu_order":0,"comment_status":"closed","ping_status":"closed","template":"templates\/full-width-page.php","meta":{"_mc_calendar":[],"footnotes":""},"class_list":["post-1616","page","type-page","status-publish","hentry","no-featured-image"],"yoast_head":"<!-- This site is optimized with the Yoast SEO plugin v27.4 - https:\/\/yoast.com\/product\/yoast-seo-wordpress\/ -->\n<title>Un homme et son cours d&#039;eau &#8902; Soci\u00e9t\u00e9 historique de la C\u00f4te-Nord<\/title>\n<meta name=\"robots\" content=\"index, follow, max-snippet:-1, max-image-preview:large, max-video-preview:-1\" \/>\n<link rel=\"canonical\" href=\"https:\/\/www.shcote-nord.org\/wp\/?page_id=1616\" \/>\n<meta property=\"og:locale\" content=\"fr_FR\" \/>\n<meta property=\"og:type\" content=\"article\" \/>\n<meta property=\"og:title\" content=\"Un homme et son cours d&#039;eau &#8902; Soci\u00e9t\u00e9 historique de la C\u00f4te-Nord\" \/>\n<meta property=\"og:description\" content=\"Po\u00e9sie Mis en chantier au vieil h\u00f4tel de Baie-Comeau en 1995, ce recueil concerne la nature et ceux qui l\u2019habitent, l\u2019environnement et ceux qui le visitent ; les textes issus de ce cours d\u2019eau o\u00f9 j\u2019ai failli laisser ma peau, deviennent de la liaison entre rivi\u00e8re et po\u00e8te.\" \/>\n<meta property=\"og:url\" content=\"https:\/\/www.shcote-nord.org\/wp\/?page_id=1616\" \/>\n<meta property=\"og:site_name\" content=\"Soci\u00e9t\u00e9 historique de la C\u00f4te-Nord\" \/>\n<meta property=\"article:publisher\" content=\"https:\/\/www.facebook.com\/shcotenord\/\" \/>\n<meta property=\"og:image\" content=\"http:\/\/www.shcote-nord.org\/wp\/wp-content\/uploads\/2017\/08\/A_002-183x300.jpg\" \/>\n<meta name=\"twitter:card\" content=\"summary_large_image\" \/>\n<script type=\"application\/ld+json\" class=\"yoast-schema-graph\">{\"@context\":\"https:\\\/\\\/schema.org\",\"@graph\":[{\"@type\":\"WebPage\",\"@id\":\"https:\\\/\\\/www.shcote-nord.org\\\/wp\\\/?page_id=1616\",\"url\":\"https:\\\/\\\/www.shcote-nord.org\\\/wp\\\/?page_id=1616\",\"name\":\"Un homme et son cours d'eau &#8902; Soci\u00e9t\u00e9 historique de la C\u00f4te-Nord\",\"isPartOf\":{\"@id\":\"https:\\\/\\\/www.shcote-nord.org\\\/wp\\\/#website\"},\"primaryImageOfPage\":{\"@id\":\"https:\\\/\\\/www.shcote-nord.org\\\/wp\\\/?page_id=1616#primaryimage\"},\"image\":{\"@id\":\"https:\\\/\\\/www.shcote-nord.org\\\/wp\\\/?page_id=1616#primaryimage\"},\"thumbnailUrl\":\"http:\\\/\\\/www.shcote-nord.org\\\/wp\\\/wp-content\\\/uploads\\\/2017\\\/08\\\/A_002-183x300.jpg\",\"datePublished\":\"2017-11-05T20:32:26+00:00\",\"breadcrumb\":{\"@id\":\"https:\\\/\\\/www.shcote-nord.org\\\/wp\\\/?page_id=1616#breadcrumb\"},\"inLanguage\":\"fr-FR\",\"potentialAction\":[{\"@type\":\"ReadAction\",\"target\":[\"https:\\\/\\\/www.shcote-nord.org\\\/wp\\\/?page_id=1616\"]}]},{\"@type\":\"ImageObject\",\"inLanguage\":\"fr-FR\",\"@id\":\"https:\\\/\\\/www.shcote-nord.org\\\/wp\\\/?page_id=1616#primaryimage\",\"url\":\"http:\\\/\\\/www.shcote-nord.org\\\/wp\\\/wp-content\\\/uploads\\\/2017\\\/08\\\/A_002-183x300.jpg\",\"contentUrl\":\"http:\\\/\\\/www.shcote-nord.org\\\/wp\\\/wp-content\\\/uploads\\\/2017\\\/08\\\/A_002-183x300.jpg\"},{\"@type\":\"BreadcrumbList\",\"@id\":\"https:\\\/\\\/www.shcote-nord.org\\\/wp\\\/?page_id=1616#breadcrumb\",\"itemListElement\":[{\"@type\":\"ListItem\",\"position\":1,\"name\":\"Accueil\",\"item\":\"https:\\\/\\\/www.shcote-nord.org\\\/wp\"},{\"@type\":\"ListItem\",\"position\":2,\"name\":\"Publications\",\"item\":\"https:\\\/\\\/www.shcote-nord.org\\\/wp\\\/?page_id=69\"},{\"@type\":\"ListItem\",\"position\":3,\"name\":\"En consignation\",\"item\":\"https:\\\/\\\/www.shcote-nord.org\\\/wp\\\/?page_id=1346\"},{\"@type\":\"ListItem\",\"position\":4,\"name\":\"Un homme et son cours d&rsquo;eau\"}]},{\"@type\":\"WebSite\",\"@id\":\"https:\\\/\\\/www.shcote-nord.org\\\/wp\\\/#website\",\"url\":\"https:\\\/\\\/www.shcote-nord.org\\\/wp\\\/\",\"name\":\"Soci\u00e9t\u00e9 historique de la C\u00f4te-Nord\",\"description\":\"Centre d&#039;archives priv\u00e9es de la SHCN\",\"publisher\":{\"@id\":\"https:\\\/\\\/www.shcote-nord.org\\\/wp\\\/#organization\"},\"potentialAction\":[{\"@type\":\"SearchAction\",\"target\":{\"@type\":\"EntryPoint\",\"urlTemplate\":\"https:\\\/\\\/www.shcote-nord.org\\\/wp\\\/?s={search_term_string}\"},\"query-input\":{\"@type\":\"PropertyValueSpecification\",\"valueRequired\":true,\"valueName\":\"search_term_string\"}}],\"inLanguage\":\"fr-FR\"},{\"@type\":\"Organization\",\"@id\":\"https:\\\/\\\/www.shcote-nord.org\\\/wp\\\/#organization\",\"name\":\"Soci\u00e9t\u00e9 historique de la C\u00f4te-Nord\",\"url\":\"https:\\\/\\\/www.shcote-nord.org\\\/wp\\\/\",\"logo\":{\"@type\":\"ImageObject\",\"inLanguage\":\"fr-FR\",\"@id\":\"https:\\\/\\\/www.shcote-nord.org\\\/wp\\\/#\\\/schema\\\/logo\\\/image\\\/\",\"url\":\"https:\\\/\\\/i2.wp.com\\\/www.shcote-nord.org\\\/wp\\\/wp-content\\\/uploads\\\/2017\\\/09\\\/Sans-titre-1-copie.png?fit=2543%2C939\",\"contentUrl\":\"https:\\\/\\\/i2.wp.com\\\/www.shcote-nord.org\\\/wp\\\/wp-content\\\/uploads\\\/2017\\\/09\\\/Sans-titre-1-copie.png?fit=2543%2C939\",\"width\":2543,\"height\":939,\"caption\":\"Soci\u00e9t\u00e9 historique de la C\u00f4te-Nord\"},\"image\":{\"@id\":\"https:\\\/\\\/www.shcote-nord.org\\\/wp\\\/#\\\/schema\\\/logo\\\/image\\\/\"},\"sameAs\":[\"https:\\\/\\\/www.facebook.com\\\/shcotenord\\\/\"]}]}<\/script>\n<!-- \/ Yoast SEO plugin. -->","yoast_head_json":{"title":"Un homme et son cours d'eau &#8902; Soci\u00e9t\u00e9 historique de la C\u00f4te-Nord","robots":{"index":"index","follow":"follow","max-snippet":"max-snippet:-1","max-image-preview":"max-image-preview:large","max-video-preview":"max-video-preview:-1"},"canonical":"https:\/\/www.shcote-nord.org\/wp\/?page_id=1616","og_locale":"fr_FR","og_type":"article","og_title":"Un homme et son cours d'eau &#8902; Soci\u00e9t\u00e9 historique de la C\u00f4te-Nord","og_description":"Po\u00e9sie Mis en chantier au vieil h\u00f4tel de Baie-Comeau en 1995, ce recueil concerne la nature et ceux qui l\u2019habitent, l\u2019environnement et ceux qui le visitent ; les textes issus de ce cours d\u2019eau o\u00f9 j\u2019ai failli laisser ma peau, deviennent de la liaison entre rivi\u00e8re et po\u00e8te.","og_url":"https:\/\/www.shcote-nord.org\/wp\/?page_id=1616","og_site_name":"Soci\u00e9t\u00e9 historique de la C\u00f4te-Nord","article_publisher":"https:\/\/www.facebook.com\/shcotenord\/","og_image":[{"url":"http:\/\/www.shcote-nord.org\/wp\/wp-content\/uploads\/2017\/08\/A_002-183x300.jpg","type":"","width":"","height":""}],"twitter_card":"summary_large_image","schema":{"@context":"https:\/\/schema.org","@graph":[{"@type":"WebPage","@id":"https:\/\/www.shcote-nord.org\/wp\/?page_id=1616","url":"https:\/\/www.shcote-nord.org\/wp\/?page_id=1616","name":"Un homme et son cours d'eau &#8902; Soci\u00e9t\u00e9 historique de la C\u00f4te-Nord","isPartOf":{"@id":"https:\/\/www.shcote-nord.org\/wp\/#website"},"primaryImageOfPage":{"@id":"https:\/\/www.shcote-nord.org\/wp\/?page_id=1616#primaryimage"},"image":{"@id":"https:\/\/www.shcote-nord.org\/wp\/?page_id=1616#primaryimage"},"thumbnailUrl":"http:\/\/www.shcote-nord.org\/wp\/wp-content\/uploads\/2017\/08\/A_002-183x300.jpg","datePublished":"2017-11-05T20:32:26+00:00","breadcrumb":{"@id":"https:\/\/www.shcote-nord.org\/wp\/?page_id=1616#breadcrumb"},"inLanguage":"fr-FR","potentialAction":[{"@type":"ReadAction","target":["https:\/\/www.shcote-nord.org\/wp\/?page_id=1616"]}]},{"@type":"ImageObject","inLanguage":"fr-FR","@id":"https:\/\/www.shcote-nord.org\/wp\/?page_id=1616#primaryimage","url":"http:\/\/www.shcote-nord.org\/wp\/wp-content\/uploads\/2017\/08\/A_002-183x300.jpg","contentUrl":"http:\/\/www.shcote-nord.org\/wp\/wp-content\/uploads\/2017\/08\/A_002-183x300.jpg"},{"@type":"BreadcrumbList","@id":"https:\/\/www.shcote-nord.org\/wp\/?page_id=1616#breadcrumb","itemListElement":[{"@type":"ListItem","position":1,"name":"Accueil","item":"https:\/\/www.shcote-nord.org\/wp"},{"@type":"ListItem","position":2,"name":"Publications","item":"https:\/\/www.shcote-nord.org\/wp\/?page_id=69"},{"@type":"ListItem","position":3,"name":"En consignation","item":"https:\/\/www.shcote-nord.org\/wp\/?page_id=1346"},{"@type":"ListItem","position":4,"name":"Un homme et son cours d&rsquo;eau"}]},{"@type":"WebSite","@id":"https:\/\/www.shcote-nord.org\/wp\/#website","url":"https:\/\/www.shcote-nord.org\/wp\/","name":"Soci\u00e9t\u00e9 historique de la C\u00f4te-Nord","description":"Centre d&#039;archives priv\u00e9es de la SHCN","publisher":{"@id":"https:\/\/www.shcote-nord.org\/wp\/#organization"},"potentialAction":[{"@type":"SearchAction","target":{"@type":"EntryPoint","urlTemplate":"https:\/\/www.shcote-nord.org\/wp\/?s={search_term_string}"},"query-input":{"@type":"PropertyValueSpecification","valueRequired":true,"valueName":"search_term_string"}}],"inLanguage":"fr-FR"},{"@type":"Organization","@id":"https:\/\/www.shcote-nord.org\/wp\/#organization","name":"Soci\u00e9t\u00e9 historique de la C\u00f4te-Nord","url":"https:\/\/www.shcote-nord.org\/wp\/","logo":{"@type":"ImageObject","inLanguage":"fr-FR","@id":"https:\/\/www.shcote-nord.org\/wp\/#\/schema\/logo\/image\/","url":"https:\/\/i2.wp.com\/www.shcote-nord.org\/wp\/wp-content\/uploads\/2017\/09\/Sans-titre-1-copie.png?fit=2543%2C939","contentUrl":"https:\/\/i2.wp.com\/www.shcote-nord.org\/wp\/wp-content\/uploads\/2017\/09\/Sans-titre-1-copie.png?fit=2543%2C939","width":2543,"height":939,"caption":"Soci\u00e9t\u00e9 historique de la C\u00f4te-Nord"},"image":{"@id":"https:\/\/www.shcote-nord.org\/wp\/#\/schema\/logo\/image\/"},"sameAs":["https:\/\/www.facebook.com\/shcotenord\/"]}]}},"_links":{"self":[{"href":"https:\/\/www.shcote-nord.org\/wp\/index.php?rest_route=\/wp\/v2\/pages\/1616","targetHints":{"allow":["GET"]}}],"collection":[{"href":"https:\/\/www.shcote-nord.org\/wp\/index.php?rest_route=\/wp\/v2\/pages"}],"about":[{"href":"https:\/\/www.shcote-nord.org\/wp\/index.php?rest_route=\/wp\/v2\/types\/page"}],"author":[{"embeddable":true,"href":"https:\/\/www.shcote-nord.org\/wp\/index.php?rest_route=\/wp\/v2\/users\/1"}],"replies":[{"embeddable":true,"href":"https:\/\/www.shcote-nord.org\/wp\/index.php?rest_route=%2Fwp%2Fv2%2Fcomments&post=1616"}],"version-history":[{"count":1,"href":"https:\/\/www.shcote-nord.org\/wp\/index.php?rest_route=\/wp\/v2\/pages\/1616\/revisions"}],"predecessor-version":[{"id":1617,"href":"https:\/\/www.shcote-nord.org\/wp\/index.php?rest_route=\/wp\/v2\/pages\/1616\/revisions\/1617"}],"up":[{"embeddable":true,"href":"https:\/\/www.shcote-nord.org\/wp\/index.php?rest_route=\/wp\/v2\/pages\/1346"}],"wp:attachment":[{"href":"https:\/\/www.shcote-nord.org\/wp\/index.php?rest_route=%2Fwp%2Fv2%2Fmedia&parent=1616"}],"curies":[{"name":"wp","href":"https:\/\/api.w.org\/{rel}","templated":true}]}}