{"id":1610,"date":"2017-11-05T16:12:44","date_gmt":"2017-11-05T20:12:44","guid":{"rendered":"http:\/\/www.shcote-nord.org\/wp\/?page_id=1610"},"modified":"2017-11-05T16:25:17","modified_gmt":"2017-11-05T20:25:17","slug":"smithsonian","status":"publish","type":"page","link":"https:\/\/www.shcote-nord.org\/wp\/?page_id=1610","title":{"rendered":"Napol\u00e9on-Alexandre Comeau au Smithsonian"},"content":{"rendered":"<h2 style=\"text-align: justify;\">L&rsquo;ornithologue derri\u00e8re la l\u00e9gende<\/h2>\n<p style=\"text-align: justify;\">Une vie enti\u00e8re peut-elle \u00eatre consacr\u00e9e \u00e0 une mission sur terre ? Napol\u00e9on-Alexandre Comeau aura pour sa part consacr\u00e9 sa vie \u00e0 observer quantit\u00e9 d\u2019oiseaux rares, dont plusieurs sont d\u00e9sormais disparus. En 1881, Clinton Hart Merriam, ornithologue en chef des \u00c9tats-Unis, le cite dans le Nuttall Ornithological Bulletin, en consignant que le Garrot d\u2019Islande niche sur la C\u00f4te-Nord.<\/p>\n<p style=\"text-align: justify;\">Quarante ann\u00e9es d\u2019annotations, de 1863 \u00e0 1903, ont permis \u00e0 Napol\u00e9on-Alexandre Comeau de d\u00e9couvrir Ptarmigan, son oiseau f\u00e9tiche, migre sur la C\u00f4te-Nord tous les dix ans. Puis, en 1890, il fournit \u00e0 la revue scientifique The Auk des preuves que la pr\u00e9sence du Traqueux motteux (Oenanthe, oenanthe) est fr\u00e9quente sur la C\u00f4te-Nord au printemps et \u00e0 l\u2019automne. En 1911, il mentionne dans la revue am\u00e9ricaine Wild and Stream un rapport du gardien du phare de Pointe-des-Monts attestant la derni\u00e8re pr\u00e9sence de la Tourte \u00e0 l\u2019\u00e9tat sauvage.<\/p>\n<p style=\"text-align: justify;\">Outre ces quatre d\u00e9couvertes dignes de mention, sa \u00abListe d\u2019oiseaux\u00bb, ici comment\u00e9e par le chercheur \u00e0 Environnement Canada Jean-Pierre L. Savard, exposera d\u2019embl\u00e9e l\u2019ornithologue de g\u00e9nie que fut Napol\u00e9on-Alexandre Comeau. Cet homme altruiste, g\u00e9n\u00e9reux de son temps et de son savoir, n\u2019est-il pas temps que le Canada reconnaisse sa contribution in\u00e9galable \u00e0 l\u2019ornithologie mondiale, d\u2019autant plus que le Smithsonian Institute en offre les preuves indiscutable?<\/p>\n<p style=\"text-align: right;\">Par Andr\u00e9 Dion avec la collaboration de France Dumas Dion<\/p>\n","protected":false},"excerpt":{"rendered":"<p>L&rsquo;ornithologue derri\u00e8re la l\u00e9gende Une vie enti\u00e8re peut-elle \u00eatre consacr\u00e9e \u00e0 une mission sur terre ? Napol\u00e9on-Alexandre Comeau aura pour sa part consacr\u00e9 sa vie \u00e0 observer quantit\u00e9 d\u2019oiseaux rares, dont plusieurs sont d\u00e9sormais disparus. En 1881, Clinton Hart Merriam, ornithologue en chef des \u00c9tats-Unis, le cite dans le Nuttall Ornithological Bulletin, en consignant que &hellip; <a href=\"https:\/\/www.shcote-nord.org\/wp\/?page_id=1610\" class=\"more-link\">Lire la suite de <span class=\"screen-reader-text\">Napol\u00e9on-Alexandre Comeau au Smithsonian<\/span><\/a><\/p>\n","protected":false},"author":1,"featured_media":0,"parent":1346,"menu_order":0,"comment_status":"closed","ping_status":"closed","template":"templates\/full-width-page.php","meta":{"_mc_calendar":[],"footnotes":""},"class_list":["post-1610","page","type-page","status-publish","hentry","no-featured-image"],"yoast_head":"<!-- This site is optimized with the Yoast SEO plugin v27.4 - https:\/\/yoast.com\/product\/yoast-seo-wordpress\/ -->\n<title>Napol\u00e9on-Alexandre Comeau au Smithsonian &#8902; Soci\u00e9t\u00e9 historique de la C\u00f4te-Nord<\/title>\n<meta name=\"robots\" content=\"index, follow, max-snippet:-1, max-image-preview:large, max-video-preview:-1\" \/>\n<link rel=\"canonical\" href=\"https:\/\/www.shcote-nord.org\/wp\/?page_id=1610\" \/>\n<meta property=\"og:locale\" content=\"fr_FR\" \/>\n<meta property=\"og:type\" content=\"article\" \/>\n<meta property=\"og:title\" content=\"Napol\u00e9on-Alexandre Comeau au Smithsonian &#8902; Soci\u00e9t\u00e9 historique de la C\u00f4te-Nord\" \/>\n<meta property=\"og:description\" content=\"L&rsquo;ornithologue derri\u00e8re la l\u00e9gende Une vie enti\u00e8re peut-elle \u00eatre consacr\u00e9e \u00e0 une mission sur terre ? Napol\u00e9on-Alexandre Comeau aura pour sa part consacr\u00e9 sa vie \u00e0 observer quantit\u00e9 d\u2019oiseaux rares, dont plusieurs sont d\u00e9sormais disparus. En 1881, Clinton Hart Merriam, ornithologue en chef des \u00c9tats-Unis, le cite dans le Nuttall Ornithological Bulletin, en consignant que &hellip; Lire la suite de Napol\u00e9on-Alexandre Comeau au Smithsonian\" \/>\n<meta property=\"og:url\" content=\"https:\/\/www.shcote-nord.org\/wp\/?page_id=1610\" \/>\n<meta property=\"og:site_name\" content=\"Soci\u00e9t\u00e9 historique de la C\u00f4te-Nord\" \/>\n<meta property=\"article:publisher\" content=\"https:\/\/www.facebook.com\/shcotenord\/\" \/>\n<meta property=\"article:modified_time\" content=\"2017-11-05T20:25:17+00:00\" \/>\n<meta name=\"twitter:card\" content=\"summary_large_image\" \/>\n<meta name=\"twitter:label1\" content=\"Dur\u00e9e de lecture estim\u00e9e\" \/>\n\t<meta name=\"twitter:data1\" content=\"1 minute\" \/>\n<script type=\"application\/ld+json\" class=\"yoast-schema-graph\">{\"@context\":\"https:\\\/\\\/schema.org\",\"@graph\":[{\"@type\":\"WebPage\",\"@id\":\"https:\\\/\\\/www.shcote-nord.org\\\/wp\\\/?page_id=1610\",\"url\":\"https:\\\/\\\/www.shcote-nord.org\\\/wp\\\/?page_id=1610\",\"name\":\"Napol\u00e9on-Alexandre Comeau au Smithsonian &#8902; Soci\u00e9t\u00e9 historique de la C\u00f4te-Nord\",\"isPartOf\":{\"@id\":\"https:\\\/\\\/www.shcote-nord.org\\\/wp\\\/#website\"},\"datePublished\":\"2017-11-05T20:12:44+00:00\",\"dateModified\":\"2017-11-05T20:25:17+00:00\",\"breadcrumb\":{\"@id\":\"https:\\\/\\\/www.shcote-nord.org\\\/wp\\\/?page_id=1610#breadcrumb\"},\"inLanguage\":\"fr-FR\",\"potentialAction\":[{\"@type\":\"ReadAction\",\"target\":[\"https:\\\/\\\/www.shcote-nord.org\\\/wp\\\/?page_id=1610\"]}]},{\"@type\":\"BreadcrumbList\",\"@id\":\"https:\\\/\\\/www.shcote-nord.org\\\/wp\\\/?page_id=1610#breadcrumb\",\"itemListElement\":[{\"@type\":\"ListItem\",\"position\":1,\"name\":\"Accueil\",\"item\":\"https:\\\/\\\/www.shcote-nord.org\\\/wp\"},{\"@type\":\"ListItem\",\"position\":2,\"name\":\"Publications\",\"item\":\"https:\\\/\\\/www.shcote-nord.org\\\/wp\\\/?page_id=69\"},{\"@type\":\"ListItem\",\"position\":3,\"name\":\"En consignation\",\"item\":\"https:\\\/\\\/www.shcote-nord.org\\\/wp\\\/?page_id=1346\"},{\"@type\":\"ListItem\",\"position\":4,\"name\":\"Napol\u00e9on-Alexandre Comeau au Smithsonian\"}]},{\"@type\":\"WebSite\",\"@id\":\"https:\\\/\\\/www.shcote-nord.org\\\/wp\\\/#website\",\"url\":\"https:\\\/\\\/www.shcote-nord.org\\\/wp\\\/\",\"name\":\"Soci\u00e9t\u00e9 historique de la C\u00f4te-Nord\",\"description\":\"Centre d&#039;archives priv\u00e9es de la SHCN\",\"publisher\":{\"@id\":\"https:\\\/\\\/www.shcote-nord.org\\\/wp\\\/#organization\"},\"potentialAction\":[{\"@type\":\"SearchAction\",\"target\":{\"@type\":\"EntryPoint\",\"urlTemplate\":\"https:\\\/\\\/www.shcote-nord.org\\\/wp\\\/?s={search_term_string}\"},\"query-input\":{\"@type\":\"PropertyValueSpecification\",\"valueRequired\":true,\"valueName\":\"search_term_string\"}}],\"inLanguage\":\"fr-FR\"},{\"@type\":\"Organization\",\"@id\":\"https:\\\/\\\/www.shcote-nord.org\\\/wp\\\/#organization\",\"name\":\"Soci\u00e9t\u00e9 historique de la C\u00f4te-Nord\",\"url\":\"https:\\\/\\\/www.shcote-nord.org\\\/wp\\\/\",\"logo\":{\"@type\":\"ImageObject\",\"inLanguage\":\"fr-FR\",\"@id\":\"https:\\\/\\\/www.shcote-nord.org\\\/wp\\\/#\\\/schema\\\/logo\\\/image\\\/\",\"url\":\"https:\\\/\\\/i2.wp.com\\\/www.shcote-nord.org\\\/wp\\\/wp-content\\\/uploads\\\/2017\\\/09\\\/Sans-titre-1-copie.png?fit=2543%2C939\",\"contentUrl\":\"https:\\\/\\\/i2.wp.com\\\/www.shcote-nord.org\\\/wp\\\/wp-content\\\/uploads\\\/2017\\\/09\\\/Sans-titre-1-copie.png?fit=2543%2C939\",\"width\":2543,\"height\":939,\"caption\":\"Soci\u00e9t\u00e9 historique de la C\u00f4te-Nord\"},\"image\":{\"@id\":\"https:\\\/\\\/www.shcote-nord.org\\\/wp\\\/#\\\/schema\\\/logo\\\/image\\\/\"},\"sameAs\":[\"https:\\\/\\\/www.facebook.com\\\/shcotenord\\\/\"]}]}<\/script>\n<!-- \/ Yoast SEO plugin. -->","yoast_head_json":{"title":"Napol\u00e9on-Alexandre Comeau au Smithsonian &#8902; Soci\u00e9t\u00e9 historique de la C\u00f4te-Nord","robots":{"index":"index","follow":"follow","max-snippet":"max-snippet:-1","max-image-preview":"max-image-preview:large","max-video-preview":"max-video-preview:-1"},"canonical":"https:\/\/www.shcote-nord.org\/wp\/?page_id=1610","og_locale":"fr_FR","og_type":"article","og_title":"Napol\u00e9on-Alexandre Comeau au Smithsonian &#8902; Soci\u00e9t\u00e9 historique de la C\u00f4te-Nord","og_description":"L&rsquo;ornithologue derri\u00e8re la l\u00e9gende Une vie enti\u00e8re peut-elle \u00eatre consacr\u00e9e \u00e0 une mission sur terre ? Napol\u00e9on-Alexandre Comeau aura pour sa part consacr\u00e9 sa vie \u00e0 observer quantit\u00e9 d\u2019oiseaux rares, dont plusieurs sont d\u00e9sormais disparus. En 1881, Clinton Hart Merriam, ornithologue en chef des \u00c9tats-Unis, le cite dans le Nuttall Ornithological Bulletin, en consignant que &hellip; Lire la suite de Napol\u00e9on-Alexandre Comeau au Smithsonian","og_url":"https:\/\/www.shcote-nord.org\/wp\/?page_id=1610","og_site_name":"Soci\u00e9t\u00e9 historique de la C\u00f4te-Nord","article_publisher":"https:\/\/www.facebook.com\/shcotenord\/","article_modified_time":"2017-11-05T20:25:17+00:00","twitter_card":"summary_large_image","twitter_misc":{"Dur\u00e9e de lecture estim\u00e9e":"1 minute"},"schema":{"@context":"https:\/\/schema.org","@graph":[{"@type":"WebPage","@id":"https:\/\/www.shcote-nord.org\/wp\/?page_id=1610","url":"https:\/\/www.shcote-nord.org\/wp\/?page_id=1610","name":"Napol\u00e9on-Alexandre Comeau au Smithsonian &#8902; Soci\u00e9t\u00e9 historique de la C\u00f4te-Nord","isPartOf":{"@id":"https:\/\/www.shcote-nord.org\/wp\/#website"},"datePublished":"2017-11-05T20:12:44+00:00","dateModified":"2017-11-05T20:25:17+00:00","breadcrumb":{"@id":"https:\/\/www.shcote-nord.org\/wp\/?page_id=1610#breadcrumb"},"inLanguage":"fr-FR","potentialAction":[{"@type":"ReadAction","target":["https:\/\/www.shcote-nord.org\/wp\/?page_id=1610"]}]},{"@type":"BreadcrumbList","@id":"https:\/\/www.shcote-nord.org\/wp\/?page_id=1610#breadcrumb","itemListElement":[{"@type":"ListItem","position":1,"name":"Accueil","item":"https:\/\/www.shcote-nord.org\/wp"},{"@type":"ListItem","position":2,"name":"Publications","item":"https:\/\/www.shcote-nord.org\/wp\/?page_id=69"},{"@type":"ListItem","position":3,"name":"En consignation","item":"https:\/\/www.shcote-nord.org\/wp\/?page_id=1346"},{"@type":"ListItem","position":4,"name":"Napol\u00e9on-Alexandre Comeau au Smithsonian"}]},{"@type":"WebSite","@id":"https:\/\/www.shcote-nord.org\/wp\/#website","url":"https:\/\/www.shcote-nord.org\/wp\/","name":"Soci\u00e9t\u00e9 historique de la C\u00f4te-Nord","description":"Centre d&#039;archives priv\u00e9es de la SHCN","publisher":{"@id":"https:\/\/www.shcote-nord.org\/wp\/#organization"},"potentialAction":[{"@type":"SearchAction","target":{"@type":"EntryPoint","urlTemplate":"https:\/\/www.shcote-nord.org\/wp\/?s={search_term_string}"},"query-input":{"@type":"PropertyValueSpecification","valueRequired":true,"valueName":"search_term_string"}}],"inLanguage":"fr-FR"},{"@type":"Organization","@id":"https:\/\/www.shcote-nord.org\/wp\/#organization","name":"Soci\u00e9t\u00e9 historique de la C\u00f4te-Nord","url":"https:\/\/www.shcote-nord.org\/wp\/","logo":{"@type":"ImageObject","inLanguage":"fr-FR","@id":"https:\/\/www.shcote-nord.org\/wp\/#\/schema\/logo\/image\/","url":"https:\/\/i2.wp.com\/www.shcote-nord.org\/wp\/wp-content\/uploads\/2017\/09\/Sans-titre-1-copie.png?fit=2543%2C939","contentUrl":"https:\/\/i2.wp.com\/www.shcote-nord.org\/wp\/wp-content\/uploads\/2017\/09\/Sans-titre-1-copie.png?fit=2543%2C939","width":2543,"height":939,"caption":"Soci\u00e9t\u00e9 historique de la C\u00f4te-Nord"},"image":{"@id":"https:\/\/www.shcote-nord.org\/wp\/#\/schema\/logo\/image\/"},"sameAs":["https:\/\/www.facebook.com\/shcotenord\/"]}]}},"_links":{"self":[{"href":"https:\/\/www.shcote-nord.org\/wp\/index.php?rest_route=\/wp\/v2\/pages\/1610","targetHints":{"allow":["GET"]}}],"collection":[{"href":"https:\/\/www.shcote-nord.org\/wp\/index.php?rest_route=\/wp\/v2\/pages"}],"about":[{"href":"https:\/\/www.shcote-nord.org\/wp\/index.php?rest_route=\/wp\/v2\/types\/page"}],"author":[{"embeddable":true,"href":"https:\/\/www.shcote-nord.org\/wp\/index.php?rest_route=\/wp\/v2\/users\/1"}],"replies":[{"embeddable":true,"href":"https:\/\/www.shcote-nord.org\/wp\/index.php?rest_route=%2Fwp%2Fv2%2Fcomments&post=1610"}],"version-history":[{"count":3,"href":"https:\/\/www.shcote-nord.org\/wp\/index.php?rest_route=\/wp\/v2\/pages\/1610\/revisions"}],"predecessor-version":[{"id":1613,"href":"https:\/\/www.shcote-nord.org\/wp\/index.php?rest_route=\/wp\/v2\/pages\/1610\/revisions\/1613"}],"up":[{"embeddable":true,"href":"https:\/\/www.shcote-nord.org\/wp\/index.php?rest_route=\/wp\/v2\/pages\/1346"}],"wp:attachment":[{"href":"https:\/\/www.shcote-nord.org\/wp\/index.php?rest_route=%2Fwp%2Fv2%2Fmedia&parent=1610"}],"curies":[{"name":"wp","href":"https:\/\/api.w.org\/{rel}","templated":true}]}}