{"id":1606,"date":"2017-11-05T16:07:35","date_gmt":"2017-11-05T20:07:35","guid":{"rendered":"http:\/\/www.shcote-nord.org\/wp\/?page_id=1606"},"modified":"2017-11-10T00:42:57","modified_gmt":"2017-11-10T05:42:57","slug":"jean","status":"publish","type":"page","link":"https:\/\/www.shcote-nord.org\/wp\/?page_id=1606","title":{"rendered":"Baie-Comeau: du Mont-Sec \u00e0 la Rivi\u00e8re Am\u00e9d\u00e9e"},"content":{"rendered":"<h2>1936-1982<\/h2>\n<p style=\"text-align: justify;\"><img loading=\"lazy\" decoding=\"async\" class=\"alignleft wp-image-1204 \" src=\"http:\/\/www.shcote-nord.org\/wp\/wp-content\/uploads\/2017\/08\/A-003-188x300.jpg\" alt=\"\" width=\"195\" height=\"311\" srcset=\"https:\/\/www.shcote-nord.org\/wp\/wp-content\/uploads\/2017\/08\/A-003-188x300.jpg 188w, https:\/\/www.shcote-nord.org\/wp\/wp-content\/uploads\/2017\/08\/A-003.jpg 528w\" sizes=\"auto, (max-width: 195px) 100vw, 195px\" \/>Voil\u00e0 d\u00e9j\u00e0 presque vingt ans que je vis sur la C\u00f4te-Nord devenue petit \u00e0 petit \u00ab mon pays \u00bb.<\/p>\n<p style=\"text-align: justify;\">D&rsquo;abord, l\u2019organisation d\u2019une ville ne comporte non seulement l\u2019enfouissement des \u00e9gouts, le pavage et l\u2019\u00e9clairage des rues. Elle comprend la constitution en corporation de l\u2019agglom\u00e9ration en l\u2019\u00e9mission d\u2019une charte par laquelle l\u2019autorit\u00e9 comp\u00e9tente, le gouvernement provincial, donnera le pouvoir d\u2019\u00e9lire un conseil par les r\u00e9sidents. Il est pr\u00e9vu dans la charte le nom de la nouvelle municipalit\u00e9 et le nouveau conseil devra engager des employ\u00e9s et se choisir des armoiries. Les r\u00e9sidents doivent aussi former une commission scolaire afin de se doter des enseignants pour faire instruire leurs enfants.<\/p>\n<p style=\"text-align: justify;\">Enfin, les villes de Baie-Comeau et Hauterive n\u2019ont pas \u00e9chapp\u00e9 \u00e0 ce processus. C\u2019est ce que nous essaierons de raconter dans les chapitres qui vont suivre. C\u2019est ce qu\u2019on appelle la petite histoire.<\/p>\n","protected":false},"excerpt":{"rendered":"<p>1936-1982 Voil\u00e0 d\u00e9j\u00e0 presque vingt ans que je vis sur la C\u00f4te-Nord devenue petit \u00e0 petit \u00ab mon pays \u00bb. D&rsquo;abord, l\u2019organisation d\u2019une ville ne comporte non seulement l\u2019enfouissement des \u00e9gouts, le pavage et l\u2019\u00e9clairage des rues. Elle comprend la constitution en corporation de l\u2019agglom\u00e9ration en l\u2019\u00e9mission d\u2019une charte par laquelle l\u2019autorit\u00e9 comp\u00e9tente, le gouvernement &hellip; <a href=\"https:\/\/www.shcote-nord.org\/wp\/?page_id=1606\" class=\"more-link\">Lire la suite de <span class=\"screen-reader-text\">Baie-Comeau: du Mont-Sec \u00e0 la Rivi\u00e8re Am\u00e9d\u00e9e<\/span><\/a><\/p>\n","protected":false},"author":1,"featured_media":0,"parent":1346,"menu_order":0,"comment_status":"closed","ping_status":"closed","template":"templates\/full-width-page.php","meta":{"_mc_calendar":[],"footnotes":""},"class_list":["post-1606","page","type-page","status-publish","hentry","no-featured-image"],"yoast_head":"<!-- This site is optimized with the Yoast SEO plugin v27.4 - https:\/\/yoast.com\/product\/yoast-seo-wordpress\/ -->\n<title>Baie-Comeau: du Mont-Sec \u00e0 la Rivi\u00e8re Am\u00e9d\u00e9e &#8902; Soci\u00e9t\u00e9 historique de la C\u00f4te-Nord<\/title>\n<meta name=\"robots\" content=\"index, follow, max-snippet:-1, max-image-preview:large, max-video-preview:-1\" \/>\n<link rel=\"canonical\" href=\"https:\/\/www.shcote-nord.org\/wp\/?page_id=1606\" \/>\n<meta property=\"og:locale\" content=\"fr_FR\" \/>\n<meta property=\"og:type\" content=\"article\" \/>\n<meta property=\"og:title\" content=\"Baie-Comeau: du Mont-Sec \u00e0 la Rivi\u00e8re Am\u00e9d\u00e9e &#8902; Soci\u00e9t\u00e9 historique de la C\u00f4te-Nord\" \/>\n<meta property=\"og:description\" content=\"1936-1982 Voil\u00e0 d\u00e9j\u00e0 presque vingt ans que je vis sur la C\u00f4te-Nord devenue petit \u00e0 petit \u00ab mon pays \u00bb. D&rsquo;abord, l\u2019organisation d\u2019une ville ne comporte non seulement l\u2019enfouissement des \u00e9gouts, le pavage et l\u2019\u00e9clairage des rues. Elle comprend la constitution en corporation de l\u2019agglom\u00e9ration en l\u2019\u00e9mission d\u2019une charte par laquelle l\u2019autorit\u00e9 comp\u00e9tente, le gouvernement &hellip; Lire la suite de Baie-Comeau: du Mont-Sec \u00e0 la Rivi\u00e8re Am\u00e9d\u00e9e\" \/>\n<meta property=\"og:url\" content=\"https:\/\/www.shcote-nord.org\/wp\/?page_id=1606\" \/>\n<meta property=\"og:site_name\" content=\"Soci\u00e9t\u00e9 historique de la C\u00f4te-Nord\" \/>\n<meta property=\"article:publisher\" content=\"https:\/\/www.facebook.com\/shcotenord\/\" \/>\n<meta property=\"article:modified_time\" content=\"2017-11-10T05:42:57+00:00\" \/>\n<meta property=\"og:image\" content=\"http:\/\/www.shcote-nord.org\/wp\/wp-content\/uploads\/2017\/08\/A-003-188x300.jpg\" \/>\n<meta name=\"twitter:card\" content=\"summary_large_image\" \/>\n<meta name=\"twitter:label1\" content=\"Dur\u00e9e de lecture estim\u00e9e\" \/>\n\t<meta name=\"twitter:data1\" content=\"1 minute\" \/>\n<script type=\"application\/ld+json\" class=\"yoast-schema-graph\">{\"@context\":\"https:\\\/\\\/schema.org\",\"@graph\":[{\"@type\":\"WebPage\",\"@id\":\"https:\\\/\\\/www.shcote-nord.org\\\/wp\\\/?page_id=1606\",\"url\":\"https:\\\/\\\/www.shcote-nord.org\\\/wp\\\/?page_id=1606\",\"name\":\"Baie-Comeau: du Mont-Sec \u00e0 la Rivi\u00e8re Am\u00e9d\u00e9e &#8902; Soci\u00e9t\u00e9 historique de la C\u00f4te-Nord\",\"isPartOf\":{\"@id\":\"https:\\\/\\\/www.shcote-nord.org\\\/wp\\\/#website\"},\"primaryImageOfPage\":{\"@id\":\"https:\\\/\\\/www.shcote-nord.org\\\/wp\\\/?page_id=1606#primaryimage\"},\"image\":{\"@id\":\"https:\\\/\\\/www.shcote-nord.org\\\/wp\\\/?page_id=1606#primaryimage\"},\"thumbnailUrl\":\"http:\\\/\\\/www.shcote-nord.org\\\/wp\\\/wp-content\\\/uploads\\\/2017\\\/08\\\/A-003-188x300.jpg\",\"datePublished\":\"2017-11-05T20:07:35+00:00\",\"dateModified\":\"2017-11-10T05:42:57+00:00\",\"breadcrumb\":{\"@id\":\"https:\\\/\\\/www.shcote-nord.org\\\/wp\\\/?page_id=1606#breadcrumb\"},\"inLanguage\":\"fr-FR\",\"potentialAction\":[{\"@type\":\"ReadAction\",\"target\":[\"https:\\\/\\\/www.shcote-nord.org\\\/wp\\\/?page_id=1606\"]}]},{\"@type\":\"ImageObject\",\"inLanguage\":\"fr-FR\",\"@id\":\"https:\\\/\\\/www.shcote-nord.org\\\/wp\\\/?page_id=1606#primaryimage\",\"url\":\"http:\\\/\\\/www.shcote-nord.org\\\/wp\\\/wp-content\\\/uploads\\\/2017\\\/08\\\/A-003-188x300.jpg\",\"contentUrl\":\"http:\\\/\\\/www.shcote-nord.org\\\/wp\\\/wp-content\\\/uploads\\\/2017\\\/08\\\/A-003-188x300.jpg\"},{\"@type\":\"BreadcrumbList\",\"@id\":\"https:\\\/\\\/www.shcote-nord.org\\\/wp\\\/?page_id=1606#breadcrumb\",\"itemListElement\":[{\"@type\":\"ListItem\",\"position\":1,\"name\":\"Accueil\",\"item\":\"https:\\\/\\\/www.shcote-nord.org\\\/wp\"},{\"@type\":\"ListItem\",\"position\":2,\"name\":\"Publications\",\"item\":\"https:\\\/\\\/www.shcote-nord.org\\\/wp\\\/?page_id=69\"},{\"@type\":\"ListItem\",\"position\":3,\"name\":\"En consignation\",\"item\":\"https:\\\/\\\/www.shcote-nord.org\\\/wp\\\/?page_id=1346\"},{\"@type\":\"ListItem\",\"position\":4,\"name\":\"Baie-Comeau: du Mont-Sec \u00e0 la Rivi\u00e8re Am\u00e9d\u00e9e\"}]},{\"@type\":\"WebSite\",\"@id\":\"https:\\\/\\\/www.shcote-nord.org\\\/wp\\\/#website\",\"url\":\"https:\\\/\\\/www.shcote-nord.org\\\/wp\\\/\",\"name\":\"Soci\u00e9t\u00e9 historique de la C\u00f4te-Nord\",\"description\":\"Centre d&#039;archives priv\u00e9es de la SHCN\",\"publisher\":{\"@id\":\"https:\\\/\\\/www.shcote-nord.org\\\/wp\\\/#organization\"},\"potentialAction\":[{\"@type\":\"SearchAction\",\"target\":{\"@type\":\"EntryPoint\",\"urlTemplate\":\"https:\\\/\\\/www.shcote-nord.org\\\/wp\\\/?s={search_term_string}\"},\"query-input\":{\"@type\":\"PropertyValueSpecification\",\"valueRequired\":true,\"valueName\":\"search_term_string\"}}],\"inLanguage\":\"fr-FR\"},{\"@type\":\"Organization\",\"@id\":\"https:\\\/\\\/www.shcote-nord.org\\\/wp\\\/#organization\",\"name\":\"Soci\u00e9t\u00e9 historique de la C\u00f4te-Nord\",\"url\":\"https:\\\/\\\/www.shcote-nord.org\\\/wp\\\/\",\"logo\":{\"@type\":\"ImageObject\",\"inLanguage\":\"fr-FR\",\"@id\":\"https:\\\/\\\/www.shcote-nord.org\\\/wp\\\/#\\\/schema\\\/logo\\\/image\\\/\",\"url\":\"https:\\\/\\\/i2.wp.com\\\/www.shcote-nord.org\\\/wp\\\/wp-content\\\/uploads\\\/2017\\\/09\\\/Sans-titre-1-copie.png?fit=2543%2C939\",\"contentUrl\":\"https:\\\/\\\/i2.wp.com\\\/www.shcote-nord.org\\\/wp\\\/wp-content\\\/uploads\\\/2017\\\/09\\\/Sans-titre-1-copie.png?fit=2543%2C939\",\"width\":2543,\"height\":939,\"caption\":\"Soci\u00e9t\u00e9 historique de la C\u00f4te-Nord\"},\"image\":{\"@id\":\"https:\\\/\\\/www.shcote-nord.org\\\/wp\\\/#\\\/schema\\\/logo\\\/image\\\/\"},\"sameAs\":[\"https:\\\/\\\/www.facebook.com\\\/shcotenord\\\/\"]}]}<\/script>\n<!-- \/ Yoast SEO plugin. -->","yoast_head_json":{"title":"Baie-Comeau: du Mont-Sec \u00e0 la Rivi\u00e8re Am\u00e9d\u00e9e &#8902; Soci\u00e9t\u00e9 historique de la C\u00f4te-Nord","robots":{"index":"index","follow":"follow","max-snippet":"max-snippet:-1","max-image-preview":"max-image-preview:large","max-video-preview":"max-video-preview:-1"},"canonical":"https:\/\/www.shcote-nord.org\/wp\/?page_id=1606","og_locale":"fr_FR","og_type":"article","og_title":"Baie-Comeau: du Mont-Sec \u00e0 la Rivi\u00e8re Am\u00e9d\u00e9e &#8902; Soci\u00e9t\u00e9 historique de la C\u00f4te-Nord","og_description":"1936-1982 Voil\u00e0 d\u00e9j\u00e0 presque vingt ans que je vis sur la C\u00f4te-Nord devenue petit \u00e0 petit \u00ab mon pays \u00bb. D&rsquo;abord, l\u2019organisation d\u2019une ville ne comporte non seulement l\u2019enfouissement des \u00e9gouts, le pavage et l\u2019\u00e9clairage des rues. Elle comprend la constitution en corporation de l\u2019agglom\u00e9ration en l\u2019\u00e9mission d\u2019une charte par laquelle l\u2019autorit\u00e9 comp\u00e9tente, le gouvernement &hellip; Lire la suite de Baie-Comeau: du Mont-Sec \u00e0 la Rivi\u00e8re Am\u00e9d\u00e9e","og_url":"https:\/\/www.shcote-nord.org\/wp\/?page_id=1606","og_site_name":"Soci\u00e9t\u00e9 historique de la C\u00f4te-Nord","article_publisher":"https:\/\/www.facebook.com\/shcotenord\/","article_modified_time":"2017-11-10T05:42:57+00:00","og_image":[{"url":"http:\/\/www.shcote-nord.org\/wp\/wp-content\/uploads\/2017\/08\/A-003-188x300.jpg","type":"","width":"","height":""}],"twitter_card":"summary_large_image","twitter_misc":{"Dur\u00e9e de lecture estim\u00e9e":"1 minute"},"schema":{"@context":"https:\/\/schema.org","@graph":[{"@type":"WebPage","@id":"https:\/\/www.shcote-nord.org\/wp\/?page_id=1606","url":"https:\/\/www.shcote-nord.org\/wp\/?page_id=1606","name":"Baie-Comeau: du Mont-Sec \u00e0 la Rivi\u00e8re Am\u00e9d\u00e9e &#8902; Soci\u00e9t\u00e9 historique de la C\u00f4te-Nord","isPartOf":{"@id":"https:\/\/www.shcote-nord.org\/wp\/#website"},"primaryImageOfPage":{"@id":"https:\/\/www.shcote-nord.org\/wp\/?page_id=1606#primaryimage"},"image":{"@id":"https:\/\/www.shcote-nord.org\/wp\/?page_id=1606#primaryimage"},"thumbnailUrl":"http:\/\/www.shcote-nord.org\/wp\/wp-content\/uploads\/2017\/08\/A-003-188x300.jpg","datePublished":"2017-11-05T20:07:35+00:00","dateModified":"2017-11-10T05:42:57+00:00","breadcrumb":{"@id":"https:\/\/www.shcote-nord.org\/wp\/?page_id=1606#breadcrumb"},"inLanguage":"fr-FR","potentialAction":[{"@type":"ReadAction","target":["https:\/\/www.shcote-nord.org\/wp\/?page_id=1606"]}]},{"@type":"ImageObject","inLanguage":"fr-FR","@id":"https:\/\/www.shcote-nord.org\/wp\/?page_id=1606#primaryimage","url":"http:\/\/www.shcote-nord.org\/wp\/wp-content\/uploads\/2017\/08\/A-003-188x300.jpg","contentUrl":"http:\/\/www.shcote-nord.org\/wp\/wp-content\/uploads\/2017\/08\/A-003-188x300.jpg"},{"@type":"BreadcrumbList","@id":"https:\/\/www.shcote-nord.org\/wp\/?page_id=1606#breadcrumb","itemListElement":[{"@type":"ListItem","position":1,"name":"Accueil","item":"https:\/\/www.shcote-nord.org\/wp"},{"@type":"ListItem","position":2,"name":"Publications","item":"https:\/\/www.shcote-nord.org\/wp\/?page_id=69"},{"@type":"ListItem","position":3,"name":"En consignation","item":"https:\/\/www.shcote-nord.org\/wp\/?page_id=1346"},{"@type":"ListItem","position":4,"name":"Baie-Comeau: du Mont-Sec \u00e0 la Rivi\u00e8re Am\u00e9d\u00e9e"}]},{"@type":"WebSite","@id":"https:\/\/www.shcote-nord.org\/wp\/#website","url":"https:\/\/www.shcote-nord.org\/wp\/","name":"Soci\u00e9t\u00e9 historique de la C\u00f4te-Nord","description":"Centre d&#039;archives priv\u00e9es de la SHCN","publisher":{"@id":"https:\/\/www.shcote-nord.org\/wp\/#organization"},"potentialAction":[{"@type":"SearchAction","target":{"@type":"EntryPoint","urlTemplate":"https:\/\/www.shcote-nord.org\/wp\/?s={search_term_string}"},"query-input":{"@type":"PropertyValueSpecification","valueRequired":true,"valueName":"search_term_string"}}],"inLanguage":"fr-FR"},{"@type":"Organization","@id":"https:\/\/www.shcote-nord.org\/wp\/#organization","name":"Soci\u00e9t\u00e9 historique de la C\u00f4te-Nord","url":"https:\/\/www.shcote-nord.org\/wp\/","logo":{"@type":"ImageObject","inLanguage":"fr-FR","@id":"https:\/\/www.shcote-nord.org\/wp\/#\/schema\/logo\/image\/","url":"https:\/\/i2.wp.com\/www.shcote-nord.org\/wp\/wp-content\/uploads\/2017\/09\/Sans-titre-1-copie.png?fit=2543%2C939","contentUrl":"https:\/\/i2.wp.com\/www.shcote-nord.org\/wp\/wp-content\/uploads\/2017\/09\/Sans-titre-1-copie.png?fit=2543%2C939","width":2543,"height":939,"caption":"Soci\u00e9t\u00e9 historique de la C\u00f4te-Nord"},"image":{"@id":"https:\/\/www.shcote-nord.org\/wp\/#\/schema\/logo\/image\/"},"sameAs":["https:\/\/www.facebook.com\/shcotenord\/"]}]}},"_links":{"self":[{"href":"https:\/\/www.shcote-nord.org\/wp\/index.php?rest_route=\/wp\/v2\/pages\/1606","targetHints":{"allow":["GET"]}}],"collection":[{"href":"https:\/\/www.shcote-nord.org\/wp\/index.php?rest_route=\/wp\/v2\/pages"}],"about":[{"href":"https:\/\/www.shcote-nord.org\/wp\/index.php?rest_route=\/wp\/v2\/types\/page"}],"author":[{"embeddable":true,"href":"https:\/\/www.shcote-nord.org\/wp\/index.php?rest_route=\/wp\/v2\/users\/1"}],"replies":[{"embeddable":true,"href":"https:\/\/www.shcote-nord.org\/wp\/index.php?rest_route=%2Fwp%2Fv2%2Fcomments&post=1606"}],"version-history":[{"count":1,"href":"https:\/\/www.shcote-nord.org\/wp\/index.php?rest_route=\/wp\/v2\/pages\/1606\/revisions"}],"predecessor-version":[{"id":1607,"href":"https:\/\/www.shcote-nord.org\/wp\/index.php?rest_route=\/wp\/v2\/pages\/1606\/revisions\/1607"}],"up":[{"embeddable":true,"href":"https:\/\/www.shcote-nord.org\/wp\/index.php?rest_route=\/wp\/v2\/pages\/1346"}],"wp:attachment":[{"href":"https:\/\/www.shcote-nord.org\/wp\/index.php?rest_route=%2Fwp%2Fv2%2Fmedia&parent=1606"}],"curies":[{"name":"wp","href":"https:\/\/api.w.org\/{rel}","templated":true}]}}