{"id":1531,"date":"2017-11-02T17:49:43","date_gmt":"2017-11-02T21:49:43","guid":{"rendered":"http:\/\/www.shcote-nord.org\/wp\/?page_id=1531"},"modified":"2017-11-18T23:09:13","modified_gmt":"2017-11-19T04:09:13","slug":"microfilms","status":"publish","type":"page","link":"https:\/\/www.shcote-nord.org\/wp\/?page_id=1531","title":{"rendered":"Les microfilms"},"content":{"rendered":"<p>Une\u00a0<span style=\"color: #31ce31;\">microforme<\/span>\u00a0est un support de stockage\u00a0analogique\u00a0de haute densit\u00e9. Il en existe deux types, les\u00a0microfilms et les\u00a0microfiches . Le principe de microphotographie a \u00e9t\u00e9 invent\u00e9 au 19<sup>e<\/sup> si\u00e8cle.<\/p>\n<p style=\"text-align: justify;\">Le\u00a0<span style=\"color: #31ce31;\">microfilm<\/span>\u00a0reproduit des documents, tel des pages de\u00a0livres ou\u00a0p\u00e9riodiques, des documents juridiques ou comptables ou des dessins techniques. De plus, il se pr\u00e9sente sous forme de rouleau alors que la <span style=\"color: #31ce31;\">microfiche<\/span> est en feuille mobile.<\/p>\n<p style=\"text-align: justify;\">Enfin, la <span style=\"color: #31ce31;\">Soci\u00e9t\u00e9 historique de la C\u00f4te-Nord<\/span> dispose d&rsquo;un appareil de lecture des microformes. Elle poss\u00e8de plusieurs collections qui se trouvent sous ces formats.<\/p>\n<h2 style=\"text-align: justify;\">Collection des recensements de la C\u00f4te-Nord (microfilms)<\/h2>\n<p style=\"text-align: justify;\">\u00c0 partir de copie de microfilms donn\u00e9e par Biblioth\u00e8que et Archives nationales du Qu\u00e9bec. Cette collection porte sur les six (6) premiers recensements du Canada.<\/p>\n<ul style=\"list-style-type: disc;\">\n<li>1851<\/li>\n<li>1861<\/li>\n<li>1871<\/li>\n<li>1881<\/li>\n<li>1891<\/li>\n<li>1901<\/li>\n<\/ul>\n<h2>\u00c9tat civil du Qu\u00e9bec (microfilms)<\/h2>\n<p style=\"text-align: justify;\">Les microfilms disponibles \u00e0 la consultation sont des copies des registres de\u00a0 Biblioth\u00e8que et Archives nationales du Qu\u00e9bec. Ils sont regroup\u00e9s en huit (8) microfilms distincts.<\/p>\n<ul>\n<li style=\"list-style-type: none;\">\n<ul style=\"list-style-type: square;\">\n<li><a href=\"http:\/\/www.shcote-nord.org\/wp\/wp-content\/uploads\/2017\/11\/Index-des-paroisses-et-missions-du-District-de-la-Malbaie.pdf\">Index des paroisses et missions du District de la Malbaie<\/a><\/li>\n<\/ul>\n<\/li>\n<\/ul>\n<h2>Fichier Loiselle (microfiches)<\/h2>\n<p style=\"text-align: justify;\">Ce fichier a \u00e9t\u00e9 cr\u00e9\u00e9 par le p\u00e8re\u00a0Antonin Loiselle (1908-1986).\u00a0 Il contient 1 044 434 de mariages du Qu\u00e9bec, du Madawaska au Nouveau-Brunswick et du nord-est ontarien francophone.<\/p>\n<h3>Pour en savoir plus<\/h3>\n<p>TREMBLAY, Sylvie. \u00abLe fichier Antonin-Loiselle\u00bb, Cap aux Diamants,\u00a0Vol. 4, no 4, Hiver 1989, p. 61<\/p>\n<p>Ou cliquer <a href=\"https:\/\/www.erudit.org\/fr\/revues\/cd\/1989-v4-n4-cd1041073\/7348ac.pdf\">ici<\/a> pour consulter l&rsquo;article en ligne.<\/p>\n<h3>Index de r\u00e9f\u00e9rence<\/h3>\n<ul style=\"list-style-type: square;\">\n<li><a href=\"http:\/\/www.shcote-nord.org\/wp\/wp-content\/uploads\/2017\/11\/Fichier-Loiselle.compressed.pdf\">Index des noms de famille<\/a><\/li>\n<li><a href=\"http:\/\/www.shcote-nord.org\/wp\/wp-content\/uploads\/2017\/11\/Fichier-Loiselle-Index-des-noms-de-villes.pdf\">Index des noms de villes<\/a><\/li>\n<li><a href=\"http:\/\/www.shcote-nord.org\/wp\/wp-content\/uploads\/2017\/11\/Fichier-Loiselle-Index-des-noms-de-villes-par-comt\u00e9.pdf\">Index des comt\u00e9s<\/a><\/li>\n<\/ul>\n<h2 class=\"booktitle\"><span class=\"fn\"><span dir=\"ltr\">Dictionnaire historique et g\u00e9ographique des paroisses, missions et municipalit\u00e9s de la province de Qu\u00e9bec (microfiches)<\/span><\/span><\/h2>\n<p class=\"booktitle\" style=\"text-align: justify;\">Compil\u00e9 par Hormidas Magnan, l\u2019ouvrage comprend les monographies de 1 130 paroisses, ayant un cur\u00e9 en r\u00e9sidence, et 138 dessertes ou missions. En plus des noms des paroisses et des municipalit\u00e9s, on y trouve au-del\u00e0 de 2 000 r\u00e9f\u00e9rences aux nouvelles ou anciennes d\u00e9nominations.<\/p>\n<h2>Collection de journaux r\u00e9gionaux\u00a0(microfilms)<\/h2>\n<p>Au d\u00e9but des ann\u00e9es 2000, la SHCN a re\u00e7u une collection de journaux r\u00e9gionaux microfilm\u00e9s.<\/p>\n<ul style=\"list-style-type: square;\">\n<li>Aquilon<\/li>\n<li>Journal La C\u00f4te-Nord<\/li>\n<li>Le Nordic\u00a0(Incomplet)<\/li>\n<li>Plein-Jour<\/li>\n<li>Plein-jour sur la Manicouagan\u00a0(Incomplet)<\/li>\n<li>Plein-Jour sur la Haute-C\u00f4te-Nord (Incomplet)<\/li>\n<\/ul>\n<p>&nbsp;<\/p>\n","protected":false},"excerpt":{"rendered":"<p>Une\u00a0microforme\u00a0est un support de stockage\u00a0analogique\u00a0de haute densit\u00e9. Il en existe deux types, les\u00a0microfilms et les\u00a0microfiches . Le principe de microphotographie a \u00e9t\u00e9 invent\u00e9 au 19e si\u00e8cle. Le\u00a0microfilm\u00a0reproduit des documents, tel des pages de\u00a0livres ou\u00a0p\u00e9riodiques, des documents juridiques ou comptables ou des dessins techniques. De plus, il se pr\u00e9sente sous forme de rouleau alors que la &hellip; <a href=\"https:\/\/www.shcote-nord.org\/wp\/?page_id=1531\" class=\"more-link\">Lire la suite de <span class=\"screen-reader-text\">Les microfilms<\/span><\/a><\/p>\n","protected":false},"author":1,"featured_media":0,"parent":1023,"menu_order":0,"comment_status":"closed","ping_status":"closed","template":"","meta":{"_mc_calendar":[],"footnotes":""},"class_list":["post-1531","page","type-page","status-publish","hentry","no-featured-image"],"yoast_head":"<!-- This site is optimized with the Yoast SEO plugin v27.4 - https:\/\/yoast.com\/product\/yoast-seo-wordpress\/ -->\n<title>Les microfilms &#8902; Soci\u00e9t\u00e9 historique de la C\u00f4te-Nord<\/title>\n<meta name=\"description\" content=\"La Soci\u00e9t\u00e9 historique de la C\u00f4te-Nord poss\u00e8de un appareil de lecture des microfilms. Elle a acquis plusieurs collections qui se trouvent sous ces formats.\" \/>\n<meta name=\"robots\" content=\"index, follow, max-snippet:-1, max-image-preview:large, max-video-preview:-1\" \/>\n<link rel=\"canonical\" href=\"https:\/\/www.shcote-nord.org\/wp\/?page_id=1531\" \/>\n<meta property=\"og:locale\" content=\"fr_FR\" \/>\n<meta property=\"og:type\" content=\"article\" \/>\n<meta property=\"og:title\" content=\"Les microfilms &#8902; Soci\u00e9t\u00e9 historique de la C\u00f4te-Nord\" \/>\n<meta property=\"og:description\" content=\"La Soci\u00e9t\u00e9 historique de la C\u00f4te-Nord poss\u00e8de un appareil de lecture des microfilms. Elle a acquis plusieurs collections qui se trouvent sous ces formats.\" \/>\n<meta property=\"og:url\" content=\"https:\/\/www.shcote-nord.org\/wp\/?page_id=1531\" \/>\n<meta property=\"og:site_name\" content=\"Soci\u00e9t\u00e9 historique de la C\u00f4te-Nord\" \/>\n<meta property=\"article:publisher\" content=\"https:\/\/www.facebook.com\/shcotenord\/\" \/>\n<meta property=\"article:modified_time\" content=\"2017-11-19T04:09:13+00:00\" \/>\n<meta name=\"twitter:card\" content=\"summary_large_image\" \/>\n<meta name=\"twitter:label1\" content=\"Dur\u00e9e de lecture estim\u00e9e\" \/>\n\t<meta name=\"twitter:data1\" content=\"2 minutes\" \/>\n<script type=\"application\/ld+json\" class=\"yoast-schema-graph\">{\"@context\":\"https:\\\/\\\/schema.org\",\"@graph\":[{\"@type\":\"WebPage\",\"@id\":\"https:\\\/\\\/www.shcote-nord.org\\\/wp\\\/?page_id=1531\",\"url\":\"https:\\\/\\\/www.shcote-nord.org\\\/wp\\\/?page_id=1531\",\"name\":\"Les microfilms &#8902; Soci\u00e9t\u00e9 historique de la C\u00f4te-Nord\",\"isPartOf\":{\"@id\":\"https:\\\/\\\/www.shcote-nord.org\\\/wp\\\/#website\"},\"datePublished\":\"2017-11-02T21:49:43+00:00\",\"dateModified\":\"2017-11-19T04:09:13+00:00\",\"description\":\"La Soci\u00e9t\u00e9 historique de la C\u00f4te-Nord poss\u00e8de un appareil de lecture des microfilms. Elle a acquis plusieurs collections qui se trouvent sous ces formats.\",\"breadcrumb\":{\"@id\":\"https:\\\/\\\/www.shcote-nord.org\\\/wp\\\/?page_id=1531#breadcrumb\"},\"inLanguage\":\"fr-FR\",\"potentialAction\":[{\"@type\":\"ReadAction\",\"target\":[\"https:\\\/\\\/www.shcote-nord.org\\\/wp\\\/?page_id=1531\"]}]},{\"@type\":\"BreadcrumbList\",\"@id\":\"https:\\\/\\\/www.shcote-nord.org\\\/wp\\\/?page_id=1531#breadcrumb\",\"itemListElement\":[{\"@type\":\"ListItem\",\"position\":1,\"name\":\"Accueil\",\"item\":\"https:\\\/\\\/www.shcote-nord.org\\\/wp\"},{\"@type\":\"ListItem\",\"position\":2,\"name\":\"G\u00e9n\u00e9alogie\",\"item\":\"https:\\\/\\\/www.shcote-nord.org\\\/wp\\\/?page_id=1023\"},{\"@type\":\"ListItem\",\"position\":3,\"name\":\"Les microfilms\"}]},{\"@type\":\"WebSite\",\"@id\":\"https:\\\/\\\/www.shcote-nord.org\\\/wp\\\/#website\",\"url\":\"https:\\\/\\\/www.shcote-nord.org\\\/wp\\\/\",\"name\":\"Soci\u00e9t\u00e9 historique de la C\u00f4te-Nord\",\"description\":\"Centre d&#039;archives priv\u00e9es de la SHCN\",\"publisher\":{\"@id\":\"https:\\\/\\\/www.shcote-nord.org\\\/wp\\\/#organization\"},\"potentialAction\":[{\"@type\":\"SearchAction\",\"target\":{\"@type\":\"EntryPoint\",\"urlTemplate\":\"https:\\\/\\\/www.shcote-nord.org\\\/wp\\\/?s={search_term_string}\"},\"query-input\":{\"@type\":\"PropertyValueSpecification\",\"valueRequired\":true,\"valueName\":\"search_term_string\"}}],\"inLanguage\":\"fr-FR\"},{\"@type\":\"Organization\",\"@id\":\"https:\\\/\\\/www.shcote-nord.org\\\/wp\\\/#organization\",\"name\":\"Soci\u00e9t\u00e9 historique de la C\u00f4te-Nord\",\"url\":\"https:\\\/\\\/www.shcote-nord.org\\\/wp\\\/\",\"logo\":{\"@type\":\"ImageObject\",\"inLanguage\":\"fr-FR\",\"@id\":\"https:\\\/\\\/www.shcote-nord.org\\\/wp\\\/#\\\/schema\\\/logo\\\/image\\\/\",\"url\":\"https:\\\/\\\/i2.wp.com\\\/www.shcote-nord.org\\\/wp\\\/wp-content\\\/uploads\\\/2017\\\/09\\\/Sans-titre-1-copie.png?fit=2543%2C939\",\"contentUrl\":\"https:\\\/\\\/i2.wp.com\\\/www.shcote-nord.org\\\/wp\\\/wp-content\\\/uploads\\\/2017\\\/09\\\/Sans-titre-1-copie.png?fit=2543%2C939\",\"width\":2543,\"height\":939,\"caption\":\"Soci\u00e9t\u00e9 historique de la C\u00f4te-Nord\"},\"image\":{\"@id\":\"https:\\\/\\\/www.shcote-nord.org\\\/wp\\\/#\\\/schema\\\/logo\\\/image\\\/\"},\"sameAs\":[\"https:\\\/\\\/www.facebook.com\\\/shcotenord\\\/\"]}]}<\/script>\n<!-- \/ Yoast SEO plugin. -->","yoast_head_json":{"title":"Les microfilms &#8902; Soci\u00e9t\u00e9 historique de la C\u00f4te-Nord","description":"La Soci\u00e9t\u00e9 historique de la C\u00f4te-Nord poss\u00e8de un appareil de lecture des microfilms. Elle a acquis plusieurs collections qui se trouvent sous ces formats.","robots":{"index":"index","follow":"follow","max-snippet":"max-snippet:-1","max-image-preview":"max-image-preview:large","max-video-preview":"max-video-preview:-1"},"canonical":"https:\/\/www.shcote-nord.org\/wp\/?page_id=1531","og_locale":"fr_FR","og_type":"article","og_title":"Les microfilms &#8902; Soci\u00e9t\u00e9 historique de la C\u00f4te-Nord","og_description":"La Soci\u00e9t\u00e9 historique de la C\u00f4te-Nord poss\u00e8de un appareil de lecture des microfilms. Elle a acquis plusieurs collections qui se trouvent sous ces formats.","og_url":"https:\/\/www.shcote-nord.org\/wp\/?page_id=1531","og_site_name":"Soci\u00e9t\u00e9 historique de la C\u00f4te-Nord","article_publisher":"https:\/\/www.facebook.com\/shcotenord\/","article_modified_time":"2017-11-19T04:09:13+00:00","twitter_card":"summary_large_image","twitter_misc":{"Dur\u00e9e de lecture estim\u00e9e":"2 minutes"},"schema":{"@context":"https:\/\/schema.org","@graph":[{"@type":"WebPage","@id":"https:\/\/www.shcote-nord.org\/wp\/?page_id=1531","url":"https:\/\/www.shcote-nord.org\/wp\/?page_id=1531","name":"Les microfilms &#8902; Soci\u00e9t\u00e9 historique de la C\u00f4te-Nord","isPartOf":{"@id":"https:\/\/www.shcote-nord.org\/wp\/#website"},"datePublished":"2017-11-02T21:49:43+00:00","dateModified":"2017-11-19T04:09:13+00:00","description":"La Soci\u00e9t\u00e9 historique de la C\u00f4te-Nord poss\u00e8de un appareil de lecture des microfilms. Elle a acquis plusieurs collections qui se trouvent sous ces formats.","breadcrumb":{"@id":"https:\/\/www.shcote-nord.org\/wp\/?page_id=1531#breadcrumb"},"inLanguage":"fr-FR","potentialAction":[{"@type":"ReadAction","target":["https:\/\/www.shcote-nord.org\/wp\/?page_id=1531"]}]},{"@type":"BreadcrumbList","@id":"https:\/\/www.shcote-nord.org\/wp\/?page_id=1531#breadcrumb","itemListElement":[{"@type":"ListItem","position":1,"name":"Accueil","item":"https:\/\/www.shcote-nord.org\/wp"},{"@type":"ListItem","position":2,"name":"G\u00e9n\u00e9alogie","item":"https:\/\/www.shcote-nord.org\/wp\/?page_id=1023"},{"@type":"ListItem","position":3,"name":"Les microfilms"}]},{"@type":"WebSite","@id":"https:\/\/www.shcote-nord.org\/wp\/#website","url":"https:\/\/www.shcote-nord.org\/wp\/","name":"Soci\u00e9t\u00e9 historique de la C\u00f4te-Nord","description":"Centre d&#039;archives priv\u00e9es de la SHCN","publisher":{"@id":"https:\/\/www.shcote-nord.org\/wp\/#organization"},"potentialAction":[{"@type":"SearchAction","target":{"@type":"EntryPoint","urlTemplate":"https:\/\/www.shcote-nord.org\/wp\/?s={search_term_string}"},"query-input":{"@type":"PropertyValueSpecification","valueRequired":true,"valueName":"search_term_string"}}],"inLanguage":"fr-FR"},{"@type":"Organization","@id":"https:\/\/www.shcote-nord.org\/wp\/#organization","name":"Soci\u00e9t\u00e9 historique de la C\u00f4te-Nord","url":"https:\/\/www.shcote-nord.org\/wp\/","logo":{"@type":"ImageObject","inLanguage":"fr-FR","@id":"https:\/\/www.shcote-nord.org\/wp\/#\/schema\/logo\/image\/","url":"https:\/\/i2.wp.com\/www.shcote-nord.org\/wp\/wp-content\/uploads\/2017\/09\/Sans-titre-1-copie.png?fit=2543%2C939","contentUrl":"https:\/\/i2.wp.com\/www.shcote-nord.org\/wp\/wp-content\/uploads\/2017\/09\/Sans-titre-1-copie.png?fit=2543%2C939","width":2543,"height":939,"caption":"Soci\u00e9t\u00e9 historique de la C\u00f4te-Nord"},"image":{"@id":"https:\/\/www.shcote-nord.org\/wp\/#\/schema\/logo\/image\/"},"sameAs":["https:\/\/www.facebook.com\/shcotenord\/"]}]}},"_links":{"self":[{"href":"https:\/\/www.shcote-nord.org\/wp\/index.php?rest_route=\/wp\/v2\/pages\/1531","targetHints":{"allow":["GET"]}}],"collection":[{"href":"https:\/\/www.shcote-nord.org\/wp\/index.php?rest_route=\/wp\/v2\/pages"}],"about":[{"href":"https:\/\/www.shcote-nord.org\/wp\/index.php?rest_route=\/wp\/v2\/types\/page"}],"author":[{"embeddable":true,"href":"https:\/\/www.shcote-nord.org\/wp\/index.php?rest_route=\/wp\/v2\/users\/1"}],"replies":[{"embeddable":true,"href":"https:\/\/www.shcote-nord.org\/wp\/index.php?rest_route=%2Fwp%2Fv2%2Fcomments&post=1531"}],"version-history":[{"count":9,"href":"https:\/\/www.shcote-nord.org\/wp\/index.php?rest_route=\/wp\/v2\/pages\/1531\/revisions"}],"predecessor-version":[{"id":2013,"href":"https:\/\/www.shcote-nord.org\/wp\/index.php?rest_route=\/wp\/v2\/pages\/1531\/revisions\/2013"}],"up":[{"embeddable":true,"href":"https:\/\/www.shcote-nord.org\/wp\/index.php?rest_route=\/wp\/v2\/pages\/1023"}],"wp:attachment":[{"href":"https:\/\/www.shcote-nord.org\/wp\/index.php?rest_route=%2Fwp%2Fv2%2Fmedia&parent=1531"}],"curies":[{"name":"wp","href":"https:\/\/api.w.org\/{rel}","templated":true}]}}