{"id":1417,"date":"2017-09-07T23:09:53","date_gmt":"2017-09-08T04:09:53","guid":{"rendered":"http:\/\/www.shcote-nord.org\/wp\/?page_id=1417"},"modified":"2023-10-11T10:59:55","modified_gmt":"2023-10-11T15:59:55","slug":"evenements","status":"publish","type":"page","link":"https:\/\/www.shcote-nord.org\/wp\/?page_id=1417","title":{"rendered":"\u00c9v\u00e9nements"},"content":{"rendered":"<p style=\"text-align: justify;\">Tout au long de l&rsquo;ann\u00e9e, la <span style=\"color: #31ce31;\">Soci\u00e9t\u00e9 historique de la C\u00f4te-Nord<\/span> propose diff\u00e9rents \u00e9v\u00e9nements qui permettent la diffusion du patrimoine nord-c\u00f4tier au public r\u00e9gional, provincial, national et international. Vous trouvez ici tous nos \u00e9v\u00e9nements. Ils se d\u00e9clinent en quatre (4) cat\u00e9gories: Expositions, Formations, Conf\u00e9rences et Autres \u00e9v\u00e9nements.<\/p>\n<h2>Formation<\/h2>\n<p>Dans le cadre de la Semaine qu\u00e9b\u00e9coise de la g\u00e9n\u00e9alogie , la SHCN proposait \u00e0 la population une journ\u00e9e portes ouvertes, le 18 novembre 2018. Il \u00e9tait \u00e9galement possible de participer au march\u00e9 du livre usag\u00e9 et \u00e0 un atelier de formation sur les sites web.<\/p>\n<p><strong>La g\u00e9n\u00e9alogie au temps du 2.0 | par Catherine Pellerin et Marc Champagne | 18 novembre 2018<\/strong><\/p>\n<p><a href=\"http:\/\/www.shcote-nord.org\/wp\/wp-content\/uploads\/2018\/11\/La-g\u00e9n\u00e9alogie-au-temps-du-2.0_compresser.pptx\">Document Powerpoint<\/a><\/p>\n<p><span style=\"font-size: 10pt;\"><em>Toute reproduction\u00a0ou\u00a0utilisation sous toutes ses formes\u00a0en\u00a0tout\u00a0ou\u00a0en partie\u00a0de\u00a0ce\u00a0document est strictement\u00a0interdite sans\u00a0l&rsquo;autorisation\u00a0des\u00a0auteurs.\u00a0<\/em><\/span><\/p>\n<h2>Conf\u00e9rences<\/h2>\n<p style=\"text-align: center;\"><iframe loading=\"lazy\" src=\"\/\/www.youtube.com\/embed\/lIucEDklNIs\" width=\"560\" height=\"314\" allowfullscreen=\"allowfullscreen\"><\/iframe><\/p>\n<p><span style=\"font-size: 10pt;\"><em>Toute reproduction\u00a0ou\u00a0utilisation sous toutes ses formes\u00a0en\u00a0tout\u00a0ou\u00a0en partie\u00a0de\u00a0ce\u00a0document est strictement\u00a0interdite sans\u00a0l&rsquo;autorisation\u00a0des\u00a0auteurs.\u00a0<\/em><\/span><\/p>\n<p style=\"text-align: center;\"><iframe loading=\"lazy\" src=\"\/\/www.youtube.com\/embed\/n0MmB2LfLUw\" width=\"560\" height=\"314\" allowfullscreen=\"allowfullscreen\"><\/iframe><\/p>\n<p><span style=\"font-size: 10pt;\"><em>Toute reproduction\u00a0ou\u00a0utilisation sous toutes ses formes\u00a0en\u00a0tout\u00a0ou\u00a0en partie\u00a0de\u00a0ce\u00a0document est strictement\u00a0interdite sans\u00a0l&rsquo;autorisation\u00a0des\u00a0auteurs.\u00a0<\/em><\/span><\/p>\n","protected":false},"excerpt":{"rendered":"<p>Tout au long de l&rsquo;ann\u00e9e, la Soci\u00e9t\u00e9 historique de la C\u00f4te-Nord propose diff\u00e9rents \u00e9v\u00e9nements qui permettent la diffusion du patrimoine nord-c\u00f4tier au public r\u00e9gional, provincial, national et international. Vous trouvez ici tous nos \u00e9v\u00e9nements. Ils se d\u00e9clinent en quatre (4) cat\u00e9gories: Expositions, Formations, Conf\u00e9rences et Autres \u00e9v\u00e9nements. Formation Dans le cadre de la Semaine qu\u00e9b\u00e9coise &hellip; <a href=\"https:\/\/www.shcote-nord.org\/wp\/?page_id=1417\" class=\"more-link\">Lire la suite de <span class=\"screen-reader-text\">\u00c9v\u00e9nements<\/span><\/a><\/p>\n","protected":false},"author":1,"featured_media":0,"parent":0,"menu_order":4,"comment_status":"closed","ping_status":"closed","template":"","meta":{"_mc_calendar":[],"footnotes":""},"class_list":["post-1417","page","type-page","status-publish","hentry","no-featured-image"],"yoast_head":"<!-- This site is optimized with the Yoast SEO plugin v27.4 - https:\/\/yoast.com\/product\/yoast-seo-wordpress\/ -->\n<title>Tous nos \u00e9v\u00e9nements, nos activit\u00e9s - Soci\u00e9t\u00e9 historique de la C\u00f4te-Nord<\/title>\n<meta name=\"description\" content=\"Vous trouvez ici tous les \u00e9v\u00e9nements de la SHCN. Expositions, Formations, Conf\u00e9rences et Autres \u00e9v\u00e9nements. Cliquez pour conna\u00eetre nos activit\u00e9s \u00e0 venir!\" \/>\n<meta name=\"robots\" content=\"index, follow, max-snippet:-1, max-image-preview:large, max-video-preview:-1\" \/>\n<link rel=\"canonical\" href=\"https:\/\/www.shcote-nord.org\/wp\/?page_id=1417\" \/>\n<meta property=\"og:locale\" content=\"fr_FR\" \/>\n<meta property=\"og:type\" content=\"article\" \/>\n<meta property=\"og:title\" content=\"Tous nos \u00e9v\u00e9nements, nos activit\u00e9s - Soci\u00e9t\u00e9 historique de la C\u00f4te-Nord\" \/>\n<meta property=\"og:description\" content=\"Vous trouvez ici tous les \u00e9v\u00e9nements de la SHCN. Expositions, Formations, Conf\u00e9rences et Autres \u00e9v\u00e9nements. Cliquez pour conna\u00eetre nos activit\u00e9s \u00e0 venir!\" \/>\n<meta property=\"og:url\" content=\"https:\/\/www.shcote-nord.org\/wp\/?page_id=1417\" \/>\n<meta property=\"og:site_name\" content=\"Soci\u00e9t\u00e9 historique de la C\u00f4te-Nord\" \/>\n<meta property=\"article:publisher\" content=\"https:\/\/www.facebook.com\/shcotenord\/\" \/>\n<meta property=\"article:modified_time\" content=\"2023-10-11T15:59:55+00:00\" \/>\n<meta name=\"twitter:card\" content=\"summary_large_image\" \/>\n<meta name=\"twitter:label1\" content=\"Dur\u00e9e de lecture estim\u00e9e\" \/>\n\t<meta name=\"twitter:data1\" content=\"1 minute\" \/>\n<script type=\"application\/ld+json\" class=\"yoast-schema-graph\">{\"@context\":\"https:\\\/\\\/schema.org\",\"@graph\":[{\"@type\":\"WebPage\",\"@id\":\"https:\\\/\\\/www.shcote-nord.org\\\/wp\\\/?page_id=1417\",\"url\":\"https:\\\/\\\/www.shcote-nord.org\\\/wp\\\/?page_id=1417\",\"name\":\"Tous nos \u00e9v\u00e9nements, nos activit\u00e9s - Soci\u00e9t\u00e9 historique de la C\u00f4te-Nord\",\"isPartOf\":{\"@id\":\"https:\\\/\\\/www.shcote-nord.org\\\/wp\\\/#website\"},\"datePublished\":\"2017-09-08T04:09:53+00:00\",\"dateModified\":\"2023-10-11T15:59:55+00:00\",\"description\":\"Vous trouvez ici tous les \u00e9v\u00e9nements de la SHCN. Expositions, Formations, Conf\u00e9rences et Autres \u00e9v\u00e9nements. Cliquez pour conna\u00eetre nos activit\u00e9s \u00e0 venir!\",\"breadcrumb\":{\"@id\":\"https:\\\/\\\/www.shcote-nord.org\\\/wp\\\/?page_id=1417#breadcrumb\"},\"inLanguage\":\"fr-FR\",\"potentialAction\":[{\"@type\":\"ReadAction\",\"target\":[\"https:\\\/\\\/www.shcote-nord.org\\\/wp\\\/?page_id=1417\"]}]},{\"@type\":\"BreadcrumbList\",\"@id\":\"https:\\\/\\\/www.shcote-nord.org\\\/wp\\\/?page_id=1417#breadcrumb\",\"itemListElement\":[{\"@type\":\"ListItem\",\"position\":1,\"name\":\"Accueil\",\"item\":\"https:\\\/\\\/www.shcote-nord.org\\\/wp\"},{\"@type\":\"ListItem\",\"position\":2,\"name\":\"\u00c9v\u00e9nements\"}]},{\"@type\":\"WebSite\",\"@id\":\"https:\\\/\\\/www.shcote-nord.org\\\/wp\\\/#website\",\"url\":\"https:\\\/\\\/www.shcote-nord.org\\\/wp\\\/\",\"name\":\"Soci\u00e9t\u00e9 historique de la C\u00f4te-Nord\",\"description\":\"Centre d&#039;archives priv\u00e9es de la SHCN\",\"publisher\":{\"@id\":\"https:\\\/\\\/www.shcote-nord.org\\\/wp\\\/#organization\"},\"potentialAction\":[{\"@type\":\"SearchAction\",\"target\":{\"@type\":\"EntryPoint\",\"urlTemplate\":\"https:\\\/\\\/www.shcote-nord.org\\\/wp\\\/?s={search_term_string}\"},\"query-input\":{\"@type\":\"PropertyValueSpecification\",\"valueRequired\":true,\"valueName\":\"search_term_string\"}}],\"inLanguage\":\"fr-FR\"},{\"@type\":\"Organization\",\"@id\":\"https:\\\/\\\/www.shcote-nord.org\\\/wp\\\/#organization\",\"name\":\"Soci\u00e9t\u00e9 historique de la C\u00f4te-Nord\",\"url\":\"https:\\\/\\\/www.shcote-nord.org\\\/wp\\\/\",\"logo\":{\"@type\":\"ImageObject\",\"inLanguage\":\"fr-FR\",\"@id\":\"https:\\\/\\\/www.shcote-nord.org\\\/wp\\\/#\\\/schema\\\/logo\\\/image\\\/\",\"url\":\"https:\\\/\\\/i2.wp.com\\\/www.shcote-nord.org\\\/wp\\\/wp-content\\\/uploads\\\/2017\\\/09\\\/Sans-titre-1-copie.png?fit=2543%2C939\",\"contentUrl\":\"https:\\\/\\\/i2.wp.com\\\/www.shcote-nord.org\\\/wp\\\/wp-content\\\/uploads\\\/2017\\\/09\\\/Sans-titre-1-copie.png?fit=2543%2C939\",\"width\":2543,\"height\":939,\"caption\":\"Soci\u00e9t\u00e9 historique de la C\u00f4te-Nord\"},\"image\":{\"@id\":\"https:\\\/\\\/www.shcote-nord.org\\\/wp\\\/#\\\/schema\\\/logo\\\/image\\\/\"},\"sameAs\":[\"https:\\\/\\\/www.facebook.com\\\/shcotenord\\\/\"]}]}<\/script>\n<!-- \/ Yoast SEO plugin. -->","yoast_head_json":{"title":"Tous nos \u00e9v\u00e9nements, nos activit\u00e9s - Soci\u00e9t\u00e9 historique de la C\u00f4te-Nord","description":"Vous trouvez ici tous les \u00e9v\u00e9nements de la SHCN. Expositions, Formations, Conf\u00e9rences et Autres \u00e9v\u00e9nements. Cliquez pour conna\u00eetre nos activit\u00e9s \u00e0 venir!","robots":{"index":"index","follow":"follow","max-snippet":"max-snippet:-1","max-image-preview":"max-image-preview:large","max-video-preview":"max-video-preview:-1"},"canonical":"https:\/\/www.shcote-nord.org\/wp\/?page_id=1417","og_locale":"fr_FR","og_type":"article","og_title":"Tous nos \u00e9v\u00e9nements, nos activit\u00e9s - Soci\u00e9t\u00e9 historique de la C\u00f4te-Nord","og_description":"Vous trouvez ici tous les \u00e9v\u00e9nements de la SHCN. Expositions, Formations, Conf\u00e9rences et Autres \u00e9v\u00e9nements. Cliquez pour conna\u00eetre nos activit\u00e9s \u00e0 venir!","og_url":"https:\/\/www.shcote-nord.org\/wp\/?page_id=1417","og_site_name":"Soci\u00e9t\u00e9 historique de la C\u00f4te-Nord","article_publisher":"https:\/\/www.facebook.com\/shcotenord\/","article_modified_time":"2023-10-11T15:59:55+00:00","twitter_card":"summary_large_image","twitter_misc":{"Dur\u00e9e de lecture estim\u00e9e":"1 minute"},"schema":{"@context":"https:\/\/schema.org","@graph":[{"@type":"WebPage","@id":"https:\/\/www.shcote-nord.org\/wp\/?page_id=1417","url":"https:\/\/www.shcote-nord.org\/wp\/?page_id=1417","name":"Tous nos \u00e9v\u00e9nements, nos activit\u00e9s - Soci\u00e9t\u00e9 historique de la C\u00f4te-Nord","isPartOf":{"@id":"https:\/\/www.shcote-nord.org\/wp\/#website"},"datePublished":"2017-09-08T04:09:53+00:00","dateModified":"2023-10-11T15:59:55+00:00","description":"Vous trouvez ici tous les \u00e9v\u00e9nements de la SHCN. Expositions, Formations, Conf\u00e9rences et Autres \u00e9v\u00e9nements. Cliquez pour conna\u00eetre nos activit\u00e9s \u00e0 venir!","breadcrumb":{"@id":"https:\/\/www.shcote-nord.org\/wp\/?page_id=1417#breadcrumb"},"inLanguage":"fr-FR","potentialAction":[{"@type":"ReadAction","target":["https:\/\/www.shcote-nord.org\/wp\/?page_id=1417"]}]},{"@type":"BreadcrumbList","@id":"https:\/\/www.shcote-nord.org\/wp\/?page_id=1417#breadcrumb","itemListElement":[{"@type":"ListItem","position":1,"name":"Accueil","item":"https:\/\/www.shcote-nord.org\/wp"},{"@type":"ListItem","position":2,"name":"\u00c9v\u00e9nements"}]},{"@type":"WebSite","@id":"https:\/\/www.shcote-nord.org\/wp\/#website","url":"https:\/\/www.shcote-nord.org\/wp\/","name":"Soci\u00e9t\u00e9 historique de la C\u00f4te-Nord","description":"Centre d&#039;archives priv\u00e9es de la SHCN","publisher":{"@id":"https:\/\/www.shcote-nord.org\/wp\/#organization"},"potentialAction":[{"@type":"SearchAction","target":{"@type":"EntryPoint","urlTemplate":"https:\/\/www.shcote-nord.org\/wp\/?s={search_term_string}"},"query-input":{"@type":"PropertyValueSpecification","valueRequired":true,"valueName":"search_term_string"}}],"inLanguage":"fr-FR"},{"@type":"Organization","@id":"https:\/\/www.shcote-nord.org\/wp\/#organization","name":"Soci\u00e9t\u00e9 historique de la C\u00f4te-Nord","url":"https:\/\/www.shcote-nord.org\/wp\/","logo":{"@type":"ImageObject","inLanguage":"fr-FR","@id":"https:\/\/www.shcote-nord.org\/wp\/#\/schema\/logo\/image\/","url":"https:\/\/i2.wp.com\/www.shcote-nord.org\/wp\/wp-content\/uploads\/2017\/09\/Sans-titre-1-copie.png?fit=2543%2C939","contentUrl":"https:\/\/i2.wp.com\/www.shcote-nord.org\/wp\/wp-content\/uploads\/2017\/09\/Sans-titre-1-copie.png?fit=2543%2C939","width":2543,"height":939,"caption":"Soci\u00e9t\u00e9 historique de la C\u00f4te-Nord"},"image":{"@id":"https:\/\/www.shcote-nord.org\/wp\/#\/schema\/logo\/image\/"},"sameAs":["https:\/\/www.facebook.com\/shcotenord\/"]}]}},"_links":{"self":[{"href":"https:\/\/www.shcote-nord.org\/wp\/index.php?rest_route=\/wp\/v2\/pages\/1417","targetHints":{"allow":["GET"]}}],"collection":[{"href":"https:\/\/www.shcote-nord.org\/wp\/index.php?rest_route=\/wp\/v2\/pages"}],"about":[{"href":"https:\/\/www.shcote-nord.org\/wp\/index.php?rest_route=\/wp\/v2\/types\/page"}],"author":[{"embeddable":true,"href":"https:\/\/www.shcote-nord.org\/wp\/index.php?rest_route=\/wp\/v2\/users\/1"}],"replies":[{"embeddable":true,"href":"https:\/\/www.shcote-nord.org\/wp\/index.php?rest_route=%2Fwp%2Fv2%2Fcomments&post=1417"}],"version-history":[{"count":15,"href":"https:\/\/www.shcote-nord.org\/wp\/index.php?rest_route=\/wp\/v2\/pages\/1417\/revisions"}],"predecessor-version":[{"id":46875,"href":"https:\/\/www.shcote-nord.org\/wp\/index.php?rest_route=\/wp\/v2\/pages\/1417\/revisions\/46875"}],"wp:attachment":[{"href":"https:\/\/www.shcote-nord.org\/wp\/index.php?rest_route=%2Fwp%2Fv2%2Fmedia&parent=1417"}],"curies":[{"name":"wp","href":"https:\/\/api.w.org\/{rel}","templated":true}]}}