{"id":1409,"date":"2017-08-28T16:06:04","date_gmt":"2017-08-28T21:06:04","guid":{"rendered":"http:\/\/www.shcote-nord.org\/wp\/?page_id=1409"},"modified":"2025-10-08T07:49:33","modified_gmt":"2025-10-08T12:49:33","slug":"auteur","status":"publish","type":"page","link":"https:\/\/www.shcote-nord.org\/wp\/?page_id=1409","title":{"rendered":"Le Coin des Auteurs"},"content":{"rendered":"<h2>Auteurs: pour \u00e9crire dans la RHCN<\/h2>\n<h3>Voici la marche \u00e0 suivre:<\/h3>\n<ol>\n<li>V\u00e9rifiez notre calendrier de production<\/li>\n<li>Consultez les r\u00e9dacteurs en chef de la RHCN pour valider le sujet de votre article<\/li>\n<li>Consultez les directives de r\u00e9daction \u00e9mises et approuv\u00e9es par les comit\u00e9s de r\u00e9daction (voir documents d&rsquo;aide)<\/li>\n<li>Envoyez l&rsquo;article et les photographies ou les graphiques d&rsquo;accompagnement au comit\u00e9 de production \u00e0 temps<\/li>\n<\/ol>\n<ul style=\"list-style-type: square;\">\n<li><span style=\"color: #ff0000;\">Soci\u00e9t\u00e9 historique de la C\u00f4te-Nord<\/span> (Production Ann\u00e9e Paire)<br \/>\n<a href=\"mailto:shcn@telus.net\">shcn@telus.net<\/a><\/li>\n<li><span style=\"color: #ff0000;\">Soci\u00e9t\u00e9 historique du Golfe<\/span> (Production Ann\u00e9e Impaire)<br \/>\n<a href=\"mailto:steve.dubreuil@mrcn.qc.ca\">steve.dubreuil@mrcn.qc.ca<\/a><\/li>\n<\/ul>\n<h3>Documents d&rsquo;aide<\/h3>\n<p><a href=\"http:\/\/www.shcote-nord.org\/wp\/wp-content\/uploads\/2017\/08\/Mod\u00e8le_SHCN.docx\" target=\"_blank\" rel=\"noopener noreferrer\">Mod\u00e8le de texte<\/a> |\u00a0<a href=\"http:\/\/www.shcote-nord.org\/wp\/wp-content\/uploads\/2018\/10\/Directives-aux-auteurs.pdf\" target=\"_blank\" rel=\"noopener noreferrer\">Directives<\/a> | <a href=\"https:\/\/www.shcote-nord.org\/wp\/wp-content\/uploads\/2025\/10\/Calendrier-de-production-numero-79_v2.docx\">Calendrier de production<\/a><\/p>\n<h3>Autres informations<\/h3>\n<p style=\"text-align: justify;\">Les auteurs de la RHCN re\u00e7oivent au moment de la publication deux (2) exemplaires gratuits. La <span style=\"color: #ff0000;\">SHCN<\/span> et la <span style=\"color: #ff0000;\">SHG<\/span> se r\u00e9servent le droit de refuser un article et de faire des modifications mineures (grammaire, orthographe&#8230;) aux textes choisis. Si d&rsquo;autres modifications sont n\u00e9cessaires, l&rsquo;auteur sera avis\u00e9 et consult\u00e9.<\/p>\n<h2>Du talent, mais pas d&rsquo;id\u00e9es?<\/h2>\n<p>La<span style=\"color: #ff0000;\"> SHCN<\/span> et la <span style=\"color: #ff0000;\">SHG<\/span> compilent ann\u00e9e apr\u00e8s ann\u00e9e une liste de sujets qui pourraient vous int\u00e9resser.<\/p>\n<p style=\"text-align: center;\"><a href=\"http:\/\/www.shcote-nord.org\/wp\/wp-content\/uploads\/2022\/11\/6510-Banque_de_sujets_2022-11-17.doc\" target=\"_blank\" rel=\"noopener noreferrer\">Banque de sujets<\/a> en date du 2022-11-17<\/p>\n<p>Pour faire des suggestions qui pourraient \u00eatre ajout\u00e9es \u00e0 la banque d&rsquo;id\u00e9es. N&rsquo;h\u00e9sitez \u00e0 nous contacter!<\/p>\n<p>[contact-form to=&rsquo;shcn@globetrotter.net&rsquo; subject=&rsquo;Banque d%26#039;id\u00e9es&rsquo;][contact-field label=&rsquo;Nom&rsquo; type=&rsquo;name&rsquo; required=&rsquo;1&rsquo;\/][contact-field label=&rsquo;E-mail&rsquo; type=&#8217;email&rsquo; required=&rsquo;1&rsquo;\/][contact-field label=&rsquo;Titre&rsquo; type=&rsquo;text&rsquo; required=&rsquo;1&rsquo;\/][contact-field label=&rsquo;Commentaire&rsquo; type=&rsquo;textarea&rsquo; required=&rsquo;1&rsquo;\/][\/contact-form]<\/p>\n","protected":false},"excerpt":{"rendered":"<p>Auteurs: pour \u00e9crire dans la RHCN Voici la marche \u00e0 suivre: V\u00e9rifiez notre calendrier de production Consultez les r\u00e9dacteurs en chef de la RHCN pour valider le sujet de votre article Consultez les directives de r\u00e9daction \u00e9mises et approuv\u00e9es par les comit\u00e9s de r\u00e9daction (voir documents d&rsquo;aide) Envoyez l&rsquo;article et les photographies ou les graphiques &hellip; <a href=\"https:\/\/www.shcote-nord.org\/wp\/?page_id=1409\" class=\"more-link\">Lire la suite de <span class=\"screen-reader-text\">Le Coin des Auteurs<\/span><\/a><\/p>\n","protected":false},"author":1,"featured_media":0,"parent":69,"menu_order":0,"comment_status":"closed","ping_status":"closed","template":"","meta":{"_mc_calendar":[],"footnotes":""},"class_list":["post-1409","page","type-page","status-publish","hentry","no-featured-image"],"yoast_head":"<!-- This site is optimized with the Yoast SEO plugin v27.4 - https:\/\/yoast.com\/product\/yoast-seo-wordpress\/ -->\n<title>Le Coin des Auteurs &#8902; Soci\u00e9t\u00e9 historique de la C\u00f4te-Nord<\/title>\n<meta name=\"robots\" content=\"index, follow, max-snippet:-1, max-image-preview:large, max-video-preview:-1\" \/>\n<link rel=\"canonical\" href=\"https:\/\/www.shcote-nord.org\/wp\/?page_id=1409\" \/>\n<meta property=\"og:locale\" content=\"fr_FR\" \/>\n<meta property=\"og:type\" content=\"article\" \/>\n<meta property=\"og:title\" content=\"Le Coin des Auteurs &#8902; Soci\u00e9t\u00e9 historique de la C\u00f4te-Nord\" \/>\n<meta property=\"og:description\" content=\"Auteurs: pour \u00e9crire dans la RHCN Voici la marche \u00e0 suivre: V\u00e9rifiez notre calendrier de production Consultez les r\u00e9dacteurs en chef de la RHCN pour valider le sujet de votre article Consultez les directives de r\u00e9daction \u00e9mises et approuv\u00e9es par les comit\u00e9s de r\u00e9daction (voir documents d&rsquo;aide) Envoyez l&rsquo;article et les photographies ou les graphiques &hellip; Lire la suite de Le Coin des Auteurs\" \/>\n<meta property=\"og:url\" content=\"https:\/\/www.shcote-nord.org\/wp\/?page_id=1409\" \/>\n<meta property=\"og:site_name\" content=\"Soci\u00e9t\u00e9 historique de la C\u00f4te-Nord\" \/>\n<meta property=\"article:publisher\" content=\"https:\/\/www.facebook.com\/shcotenord\/\" \/>\n<meta property=\"article:modified_time\" content=\"2025-10-08T12:49:33+00:00\" \/>\n<meta name=\"twitter:card\" content=\"summary_large_image\" \/>\n<meta name=\"twitter:label1\" content=\"Dur\u00e9e de lecture estim\u00e9e\" \/>\n\t<meta name=\"twitter:data1\" content=\"2 minutes\" \/>\n<script type=\"application\/ld+json\" class=\"yoast-schema-graph\">{\"@context\":\"https:\\\/\\\/schema.org\",\"@graph\":[{\"@type\":\"WebPage\",\"@id\":\"https:\\\/\\\/www.shcote-nord.org\\\/wp\\\/?page_id=1409\",\"url\":\"https:\\\/\\\/www.shcote-nord.org\\\/wp\\\/?page_id=1409\",\"name\":\"Le Coin des Auteurs &#8902; Soci\u00e9t\u00e9 historique de la C\u00f4te-Nord\",\"isPartOf\":{\"@id\":\"https:\\\/\\\/www.shcote-nord.org\\\/wp\\\/#website\"},\"datePublished\":\"2017-08-28T21:06:04+00:00\",\"dateModified\":\"2025-10-08T12:49:33+00:00\",\"breadcrumb\":{\"@id\":\"https:\\\/\\\/www.shcote-nord.org\\\/wp\\\/?page_id=1409#breadcrumb\"},\"inLanguage\":\"fr-FR\",\"potentialAction\":[{\"@type\":\"ReadAction\",\"target\":[\"https:\\\/\\\/www.shcote-nord.org\\\/wp\\\/?page_id=1409\"]}]},{\"@type\":\"BreadcrumbList\",\"@id\":\"https:\\\/\\\/www.shcote-nord.org\\\/wp\\\/?page_id=1409#breadcrumb\",\"itemListElement\":[{\"@type\":\"ListItem\",\"position\":1,\"name\":\"Accueil\",\"item\":\"https:\\\/\\\/www.shcote-nord.org\\\/wp\"},{\"@type\":\"ListItem\",\"position\":2,\"name\":\"Publications\",\"item\":\"https:\\\/\\\/www.shcote-nord.org\\\/wp\\\/?page_id=69\"},{\"@type\":\"ListItem\",\"position\":3,\"name\":\"Le Coin des Auteurs\"}]},{\"@type\":\"WebSite\",\"@id\":\"https:\\\/\\\/www.shcote-nord.org\\\/wp\\\/#website\",\"url\":\"https:\\\/\\\/www.shcote-nord.org\\\/wp\\\/\",\"name\":\"Soci\u00e9t\u00e9 historique de la C\u00f4te-Nord\",\"description\":\"Centre d&#039;archives priv\u00e9es de la SHCN\",\"publisher\":{\"@id\":\"https:\\\/\\\/www.shcote-nord.org\\\/wp\\\/#organization\"},\"potentialAction\":[{\"@type\":\"SearchAction\",\"target\":{\"@type\":\"EntryPoint\",\"urlTemplate\":\"https:\\\/\\\/www.shcote-nord.org\\\/wp\\\/?s={search_term_string}\"},\"query-input\":{\"@type\":\"PropertyValueSpecification\",\"valueRequired\":true,\"valueName\":\"search_term_string\"}}],\"inLanguage\":\"fr-FR\"},{\"@type\":\"Organization\",\"@id\":\"https:\\\/\\\/www.shcote-nord.org\\\/wp\\\/#organization\",\"name\":\"Soci\u00e9t\u00e9 historique de la C\u00f4te-Nord\",\"url\":\"https:\\\/\\\/www.shcote-nord.org\\\/wp\\\/\",\"logo\":{\"@type\":\"ImageObject\",\"inLanguage\":\"fr-FR\",\"@id\":\"https:\\\/\\\/www.shcote-nord.org\\\/wp\\\/#\\\/schema\\\/logo\\\/image\\\/\",\"url\":\"https:\\\/\\\/i2.wp.com\\\/www.shcote-nord.org\\\/wp\\\/wp-content\\\/uploads\\\/2017\\\/09\\\/Sans-titre-1-copie.png?fit=2543%2C939\",\"contentUrl\":\"https:\\\/\\\/i2.wp.com\\\/www.shcote-nord.org\\\/wp\\\/wp-content\\\/uploads\\\/2017\\\/09\\\/Sans-titre-1-copie.png?fit=2543%2C939\",\"width\":2543,\"height\":939,\"caption\":\"Soci\u00e9t\u00e9 historique de la C\u00f4te-Nord\"},\"image\":{\"@id\":\"https:\\\/\\\/www.shcote-nord.org\\\/wp\\\/#\\\/schema\\\/logo\\\/image\\\/\"},\"sameAs\":[\"https:\\\/\\\/www.facebook.com\\\/shcotenord\\\/\"]}]}<\/script>\n<!-- \/ Yoast SEO plugin. -->","yoast_head_json":{"title":"Le Coin des Auteurs &#8902; Soci\u00e9t\u00e9 historique de la C\u00f4te-Nord","robots":{"index":"index","follow":"follow","max-snippet":"max-snippet:-1","max-image-preview":"max-image-preview:large","max-video-preview":"max-video-preview:-1"},"canonical":"https:\/\/www.shcote-nord.org\/wp\/?page_id=1409","og_locale":"fr_FR","og_type":"article","og_title":"Le Coin des Auteurs &#8902; Soci\u00e9t\u00e9 historique de la C\u00f4te-Nord","og_description":"Auteurs: pour \u00e9crire dans la RHCN Voici la marche \u00e0 suivre: V\u00e9rifiez notre calendrier de production Consultez les r\u00e9dacteurs en chef de la RHCN pour valider le sujet de votre article Consultez les directives de r\u00e9daction \u00e9mises et approuv\u00e9es par les comit\u00e9s de r\u00e9daction (voir documents d&rsquo;aide) Envoyez l&rsquo;article et les photographies ou les graphiques &hellip; Lire la suite de Le Coin des Auteurs","og_url":"https:\/\/www.shcote-nord.org\/wp\/?page_id=1409","og_site_name":"Soci\u00e9t\u00e9 historique de la C\u00f4te-Nord","article_publisher":"https:\/\/www.facebook.com\/shcotenord\/","article_modified_time":"2025-10-08T12:49:33+00:00","twitter_card":"summary_large_image","twitter_misc":{"Dur\u00e9e de lecture estim\u00e9e":"2 minutes"},"schema":{"@context":"https:\/\/schema.org","@graph":[{"@type":"WebPage","@id":"https:\/\/www.shcote-nord.org\/wp\/?page_id=1409","url":"https:\/\/www.shcote-nord.org\/wp\/?page_id=1409","name":"Le Coin des Auteurs &#8902; Soci\u00e9t\u00e9 historique de la C\u00f4te-Nord","isPartOf":{"@id":"https:\/\/www.shcote-nord.org\/wp\/#website"},"datePublished":"2017-08-28T21:06:04+00:00","dateModified":"2025-10-08T12:49:33+00:00","breadcrumb":{"@id":"https:\/\/www.shcote-nord.org\/wp\/?page_id=1409#breadcrumb"},"inLanguage":"fr-FR","potentialAction":[{"@type":"ReadAction","target":["https:\/\/www.shcote-nord.org\/wp\/?page_id=1409"]}]},{"@type":"BreadcrumbList","@id":"https:\/\/www.shcote-nord.org\/wp\/?page_id=1409#breadcrumb","itemListElement":[{"@type":"ListItem","position":1,"name":"Accueil","item":"https:\/\/www.shcote-nord.org\/wp"},{"@type":"ListItem","position":2,"name":"Publications","item":"https:\/\/www.shcote-nord.org\/wp\/?page_id=69"},{"@type":"ListItem","position":3,"name":"Le Coin des Auteurs"}]},{"@type":"WebSite","@id":"https:\/\/www.shcote-nord.org\/wp\/#website","url":"https:\/\/www.shcote-nord.org\/wp\/","name":"Soci\u00e9t\u00e9 historique de la C\u00f4te-Nord","description":"Centre d&#039;archives priv\u00e9es de la SHCN","publisher":{"@id":"https:\/\/www.shcote-nord.org\/wp\/#organization"},"potentialAction":[{"@type":"SearchAction","target":{"@type":"EntryPoint","urlTemplate":"https:\/\/www.shcote-nord.org\/wp\/?s={search_term_string}"},"query-input":{"@type":"PropertyValueSpecification","valueRequired":true,"valueName":"search_term_string"}}],"inLanguage":"fr-FR"},{"@type":"Organization","@id":"https:\/\/www.shcote-nord.org\/wp\/#organization","name":"Soci\u00e9t\u00e9 historique de la C\u00f4te-Nord","url":"https:\/\/www.shcote-nord.org\/wp\/","logo":{"@type":"ImageObject","inLanguage":"fr-FR","@id":"https:\/\/www.shcote-nord.org\/wp\/#\/schema\/logo\/image\/","url":"https:\/\/i2.wp.com\/www.shcote-nord.org\/wp\/wp-content\/uploads\/2017\/09\/Sans-titre-1-copie.png?fit=2543%2C939","contentUrl":"https:\/\/i2.wp.com\/www.shcote-nord.org\/wp\/wp-content\/uploads\/2017\/09\/Sans-titre-1-copie.png?fit=2543%2C939","width":2543,"height":939,"caption":"Soci\u00e9t\u00e9 historique de la C\u00f4te-Nord"},"image":{"@id":"https:\/\/www.shcote-nord.org\/wp\/#\/schema\/logo\/image\/"},"sameAs":["https:\/\/www.facebook.com\/shcotenord\/"]}]}},"_links":{"self":[{"href":"https:\/\/www.shcote-nord.org\/wp\/index.php?rest_route=\/wp\/v2\/pages\/1409","targetHints":{"allow":["GET"]}}],"collection":[{"href":"https:\/\/www.shcote-nord.org\/wp\/index.php?rest_route=\/wp\/v2\/pages"}],"about":[{"href":"https:\/\/www.shcote-nord.org\/wp\/index.php?rest_route=\/wp\/v2\/types\/page"}],"author":[{"embeddable":true,"href":"https:\/\/www.shcote-nord.org\/wp\/index.php?rest_route=\/wp\/v2\/users\/1"}],"replies":[{"embeddable":true,"href":"https:\/\/www.shcote-nord.org\/wp\/index.php?rest_route=%2Fwp%2Fv2%2Fcomments&post=1409"}],"version-history":[{"count":19,"href":"https:\/\/www.shcote-nord.org\/wp\/index.php?rest_route=\/wp\/v2\/pages\/1409\/revisions"}],"predecessor-version":[{"id":47053,"href":"https:\/\/www.shcote-nord.org\/wp\/index.php?rest_route=\/wp\/v2\/pages\/1409\/revisions\/47053"}],"up":[{"embeddable":true,"href":"https:\/\/www.shcote-nord.org\/wp\/index.php?rest_route=\/wp\/v2\/pages\/69"}],"wp:attachment":[{"href":"https:\/\/www.shcote-nord.org\/wp\/index.php?rest_route=%2Fwp%2Fv2%2Fmedia&parent=1409"}],"curies":[{"name":"wp","href":"https:\/\/api.w.org\/{rel}","templated":true}]}}