{"id":1023,"date":"2017-07-10T22:11:55","date_gmt":"2017-07-11T03:11:55","guid":{"rendered":"https:\/\/exemple9963.wordpress.com\/?page_id=1023"},"modified":"2017-11-19T11:04:05","modified_gmt":"2017-11-19T16:04:05","slug":"genealogie","status":"publish","type":"page","link":"https:\/\/www.shcote-nord.org\/wp\/?page_id=1023","title":{"rendered":"G\u00e9n\u00e9alogie"},"content":{"rendered":"<h2><span class=\"\">La g\u00e9n\u00e9alogie, c&rsquo;est&#8230;<\/span><\/h2>\n<p style=\"text-align: justify;\"><span class=\"\">Une science qui a pour objet: la recherche de l&rsquo;origine et l&rsquo;\u00e9tude de la composition des familles. En plus de son int\u00e9r\u00eat historique, elle joue un r\u00f4le important dans la recherche des h\u00e9ritiers et la d\u00e9termination des droits de succession<\/span>.\u00a0La recherche g\u00e9n\u00e9alogique est une d\u00e9marche minutieuse dans les ramifications de notre ascendance. Elle permet la mise en valeur du patrimoine familial et contribue, par des \u00e9changes, \u00e0 son dynamisme. C\u2019est dans cet esprit que le Club d\u2019entraide en g\u00e9n\u00e9alogie a \u00e9t\u00e9 cr\u00e9\u00e9 en 1993.<\/p>\n<p style=\"text-align: justify;\">Ce dernier a constitu\u00e9 une biblioth\u00e8que g\u00e9n\u00e9alogique bien document\u00e9e et mise sur l\u2019acquisition d\u2019instruments de recherche sp\u00e9cialis\u00e9s, les mettant \u00e0 la disposition des visiteurs tels :<\/p>\n<ul>\n<li style=\"text-align: justify;\">des revues;<\/li>\n<li>des r\u00e9pertoires vari\u00e9s;<\/li>\n<li>des monographies de villes et villages<\/li>\n<li style=\"text-align: justify;\">le fichier Loiselle;<\/li>\n<li style=\"text-align: justify;\">des microfilms;<\/li>\n<li style=\"text-align: justify;\">des bases de donn\u00e9es informatis\u00e9es;<\/li>\n<li style=\"text-align: justify;\">et par l&rsquo;abonnement \u00e0 des sites Internet sp\u00e9cialis\u00e9s.<\/li>\n<\/ul>\n<p style=\"text-align: justify;\">Les membres ont fait leur part en pourvoyant le club d\u2019outils forts utiles, mentionnons :<\/p>\n<ul>\n<li style=\"text-align: justify;\">les dossiers de famille;<\/li>\n<li style=\"text-align: justify;\">le fichier Goulet-Montigny;<\/li>\n<li style=\"text-align: justify;\">le fichier Lefran\u00e7ois;<\/li>\n<li style=\"text-align: justify;\">les avis de naissance et de d\u00e9c\u00e8s de Baie-Comeau et sa p\u00e9riph\u00e9rie;<\/li>\n<li style=\"text-align: justify;\">les avis de d\u00e9c\u00e8s (autres journaux locaux).<\/li>\n<\/ul>\n","protected":false},"excerpt":{"rendered":"<p>La g\u00e9n\u00e9alogie, c&rsquo;est&#8230; Une science qui a pour objet: la recherche de l&rsquo;origine et l&rsquo;\u00e9tude de la composition des familles. En plus de son int\u00e9r\u00eat historique, elle joue un r\u00f4le important dans la recherche des h\u00e9ritiers et la d\u00e9termination des droits de succession.\u00a0La recherche g\u00e9n\u00e9alogique est une d\u00e9marche minutieuse dans les ramifications de notre ascendance. &hellip; <a href=\"https:\/\/www.shcote-nord.org\/wp\/?page_id=1023\" class=\"more-link\">Lire la suite de <span class=\"screen-reader-text\">G\u00e9n\u00e9alogie<\/span><\/a><\/p>\n","protected":false},"author":1,"featured_media":1499,"parent":0,"menu_order":2,"comment_status":"closed","ping_status":"closed","template":"","meta":{"_mc_calendar":[],"footnotes":""},"class_list":["post-1023","page","type-page","status-publish","has-post-thumbnail","hentry"],"yoast_head":"<!-- This site is optimized with the Yoast SEO plugin v27.5 - https:\/\/yoast.com\/product\/yoast-seo-wordpress\/ -->\n<title>G\u00e9n\u00e9alogie &#8902; Soci\u00e9t\u00e9 historique de la C\u00f4te-Nord<\/title>\n<meta name=\"description\" content=\"Les services g\u00e9n\u00e9alogiques offerts par la Soci\u00e9t\u00e9 historique de la C\u00f4te-Nord sont nombreux.\" \/>\n<meta name=\"robots\" content=\"index, follow, max-snippet:-1, max-image-preview:large, max-video-preview:-1\" \/>\n<link rel=\"canonical\" href=\"https:\/\/www.shcote-nord.org\/wp\/?page_id=1023\" \/>\n<meta property=\"og:locale\" content=\"fr_FR\" \/>\n<meta property=\"og:type\" content=\"article\" \/>\n<meta property=\"og:title\" content=\"G\u00e9n\u00e9alogie &#8902; Soci\u00e9t\u00e9 historique de la C\u00f4te-Nord\" \/>\n<meta property=\"og:description\" content=\"Les services g\u00e9n\u00e9alogiques offerts par la Soci\u00e9t\u00e9 historique de la C\u00f4te-Nord sont nombreux.\" \/>\n<meta property=\"og:url\" content=\"https:\/\/www.shcote-nord.org\/wp\/?page_id=1023\" \/>\n<meta property=\"og:site_name\" content=\"Soci\u00e9t\u00e9 historique de la C\u00f4te-Nord\" \/>\n<meta property=\"article:publisher\" content=\"https:\/\/www.facebook.com\/shcotenord\/\" \/>\n<meta property=\"article:modified_time\" content=\"2017-11-19T16:04:05+00:00\" \/>\n<meta property=\"og:image\" content=\"https:\/\/i0.wp.com\/www.shcote-nord.org\/wp\/wp-content\/uploads\/2017\/07\/G\u00e9n\u00e9alogie.png?fit=1200%2C630&ssl=1\" \/>\n\t<meta property=\"og:image:width\" content=\"1200\" \/>\n\t<meta property=\"og:image:height\" content=\"630\" \/>\n\t<meta property=\"og:image:type\" content=\"image\/png\" \/>\n<meta name=\"twitter:card\" content=\"summary_large_image\" \/>\n<meta name=\"twitter:label1\" content=\"Dur\u00e9e de lecture estim\u00e9e\" \/>\n\t<meta name=\"twitter:data1\" content=\"1 minute\" \/>\n<script type=\"application\/ld+json\" class=\"yoast-schema-graph\">{\"@context\":\"https:\\\/\\\/schema.org\",\"@graph\":[{\"@type\":\"WebPage\",\"@id\":\"https:\\\/\\\/www.shcote-nord.org\\\/wp\\\/?page_id=1023\",\"url\":\"https:\\\/\\\/www.shcote-nord.org\\\/wp\\\/?page_id=1023\",\"name\":\"G\u00e9n\u00e9alogie &#8902; Soci\u00e9t\u00e9 historique de la C\u00f4te-Nord\",\"isPartOf\":{\"@id\":\"https:\\\/\\\/www.shcote-nord.org\\\/wp\\\/#website\"},\"primaryImageOfPage\":{\"@id\":\"https:\\\/\\\/www.shcote-nord.org\\\/wp\\\/?page_id=1023#primaryimage\"},\"image\":{\"@id\":\"https:\\\/\\\/www.shcote-nord.org\\\/wp\\\/?page_id=1023#primaryimage\"},\"thumbnailUrl\":\"https:\\\/\\\/www.shcote-nord.org\\\/wp\\\/wp-content\\\/uploads\\\/2017\\\/07\\\/G\u00e9n\u00e9alogie.png\",\"datePublished\":\"2017-07-11T03:11:55+00:00\",\"dateModified\":\"2017-11-19T16:04:05+00:00\",\"description\":\"Les services g\u00e9n\u00e9alogiques offerts par la Soci\u00e9t\u00e9 historique de la C\u00f4te-Nord sont nombreux.\",\"breadcrumb\":{\"@id\":\"https:\\\/\\\/www.shcote-nord.org\\\/wp\\\/?page_id=1023#breadcrumb\"},\"inLanguage\":\"fr-FR\",\"potentialAction\":[{\"@type\":\"ReadAction\",\"target\":[\"https:\\\/\\\/www.shcote-nord.org\\\/wp\\\/?page_id=1023\"]}]},{\"@type\":\"ImageObject\",\"inLanguage\":\"fr-FR\",\"@id\":\"https:\\\/\\\/www.shcote-nord.org\\\/wp\\\/?page_id=1023#primaryimage\",\"url\":\"https:\\\/\\\/www.shcote-nord.org\\\/wp\\\/wp-content\\\/uploads\\\/2017\\\/07\\\/G\u00e9n\u00e9alogie.png\",\"contentUrl\":\"https:\\\/\\\/www.shcote-nord.org\\\/wp\\\/wp-content\\\/uploads\\\/2017\\\/07\\\/G\u00e9n\u00e9alogie.png\",\"width\":1200,\"height\":630},{\"@type\":\"BreadcrumbList\",\"@id\":\"https:\\\/\\\/www.shcote-nord.org\\\/wp\\\/?page_id=1023#breadcrumb\",\"itemListElement\":[{\"@type\":\"ListItem\",\"position\":1,\"name\":\"Accueil\",\"item\":\"https:\\\/\\\/www.shcote-nord.org\\\/wp\"},{\"@type\":\"ListItem\",\"position\":2,\"name\":\"G\u00e9n\u00e9alogie\"}]},{\"@type\":\"WebSite\",\"@id\":\"https:\\\/\\\/www.shcote-nord.org\\\/wp\\\/#website\",\"url\":\"https:\\\/\\\/www.shcote-nord.org\\\/wp\\\/\",\"name\":\"Soci\u00e9t\u00e9 historique de la C\u00f4te-Nord\",\"description\":\"Centre d&#039;archives priv\u00e9es de la SHCN\",\"publisher\":{\"@id\":\"https:\\\/\\\/www.shcote-nord.org\\\/wp\\\/#organization\"},\"potentialAction\":[{\"@type\":\"SearchAction\",\"target\":{\"@type\":\"EntryPoint\",\"urlTemplate\":\"https:\\\/\\\/www.shcote-nord.org\\\/wp\\\/?s={search_term_string}\"},\"query-input\":{\"@type\":\"PropertyValueSpecification\",\"valueRequired\":true,\"valueName\":\"search_term_string\"}}],\"inLanguage\":\"fr-FR\"},{\"@type\":\"Organization\",\"@id\":\"https:\\\/\\\/www.shcote-nord.org\\\/wp\\\/#organization\",\"name\":\"Soci\u00e9t\u00e9 historique de la C\u00f4te-Nord\",\"url\":\"https:\\\/\\\/www.shcote-nord.org\\\/wp\\\/\",\"logo\":{\"@type\":\"ImageObject\",\"inLanguage\":\"fr-FR\",\"@id\":\"https:\\\/\\\/www.shcote-nord.org\\\/wp\\\/#\\\/schema\\\/logo\\\/image\\\/\",\"url\":\"https:\\\/\\\/i2.wp.com\\\/www.shcote-nord.org\\\/wp\\\/wp-content\\\/uploads\\\/2017\\\/09\\\/Sans-titre-1-copie.png?fit=2543%2C939\",\"contentUrl\":\"https:\\\/\\\/i2.wp.com\\\/www.shcote-nord.org\\\/wp\\\/wp-content\\\/uploads\\\/2017\\\/09\\\/Sans-titre-1-copie.png?fit=2543%2C939\",\"width\":2543,\"height\":939,\"caption\":\"Soci\u00e9t\u00e9 historique de la C\u00f4te-Nord\"},\"image\":{\"@id\":\"https:\\\/\\\/www.shcote-nord.org\\\/wp\\\/#\\\/schema\\\/logo\\\/image\\\/\"},\"sameAs\":[\"https:\\\/\\\/www.facebook.com\\\/shcotenord\\\/\"]}]}<\/script>\n<!-- \/ Yoast SEO plugin. -->","yoast_head_json":{"title":"G\u00e9n\u00e9alogie &#8902; Soci\u00e9t\u00e9 historique de la C\u00f4te-Nord","description":"Les services g\u00e9n\u00e9alogiques offerts par la Soci\u00e9t\u00e9 historique de la C\u00f4te-Nord sont nombreux.","robots":{"index":"index","follow":"follow","max-snippet":"max-snippet:-1","max-image-preview":"max-image-preview:large","max-video-preview":"max-video-preview:-1"},"canonical":"https:\/\/www.shcote-nord.org\/wp\/?page_id=1023","og_locale":"fr_FR","og_type":"article","og_title":"G\u00e9n\u00e9alogie &#8902; Soci\u00e9t\u00e9 historique de la C\u00f4te-Nord","og_description":"Les services g\u00e9n\u00e9alogiques offerts par la Soci\u00e9t\u00e9 historique de la C\u00f4te-Nord sont nombreux.","og_url":"https:\/\/www.shcote-nord.org\/wp\/?page_id=1023","og_site_name":"Soci\u00e9t\u00e9 historique de la C\u00f4te-Nord","article_publisher":"https:\/\/www.facebook.com\/shcotenord\/","article_modified_time":"2017-11-19T16:04:05+00:00","og_image":[{"width":1200,"height":630,"url":"https:\/\/i0.wp.com\/www.shcote-nord.org\/wp\/wp-content\/uploads\/2017\/07\/G\u00e9n\u00e9alogie.png?fit=1200%2C630&ssl=1","type":"image\/png"}],"twitter_card":"summary_large_image","twitter_misc":{"Dur\u00e9e de lecture estim\u00e9e":"1 minute"},"schema":{"@context":"https:\/\/schema.org","@graph":[{"@type":"WebPage","@id":"https:\/\/www.shcote-nord.org\/wp\/?page_id=1023","url":"https:\/\/www.shcote-nord.org\/wp\/?page_id=1023","name":"G\u00e9n\u00e9alogie &#8902; Soci\u00e9t\u00e9 historique de la C\u00f4te-Nord","isPartOf":{"@id":"https:\/\/www.shcote-nord.org\/wp\/#website"},"primaryImageOfPage":{"@id":"https:\/\/www.shcote-nord.org\/wp\/?page_id=1023#primaryimage"},"image":{"@id":"https:\/\/www.shcote-nord.org\/wp\/?page_id=1023#primaryimage"},"thumbnailUrl":"https:\/\/www.shcote-nord.org\/wp\/wp-content\/uploads\/2017\/07\/G\u00e9n\u00e9alogie.png","datePublished":"2017-07-11T03:11:55+00:00","dateModified":"2017-11-19T16:04:05+00:00","description":"Les services g\u00e9n\u00e9alogiques offerts par la Soci\u00e9t\u00e9 historique de la C\u00f4te-Nord sont nombreux.","breadcrumb":{"@id":"https:\/\/www.shcote-nord.org\/wp\/?page_id=1023#breadcrumb"},"inLanguage":"fr-FR","potentialAction":[{"@type":"ReadAction","target":["https:\/\/www.shcote-nord.org\/wp\/?page_id=1023"]}]},{"@type":"ImageObject","inLanguage":"fr-FR","@id":"https:\/\/www.shcote-nord.org\/wp\/?page_id=1023#primaryimage","url":"https:\/\/www.shcote-nord.org\/wp\/wp-content\/uploads\/2017\/07\/G\u00e9n\u00e9alogie.png","contentUrl":"https:\/\/www.shcote-nord.org\/wp\/wp-content\/uploads\/2017\/07\/G\u00e9n\u00e9alogie.png","width":1200,"height":630},{"@type":"BreadcrumbList","@id":"https:\/\/www.shcote-nord.org\/wp\/?page_id=1023#breadcrumb","itemListElement":[{"@type":"ListItem","position":1,"name":"Accueil","item":"https:\/\/www.shcote-nord.org\/wp"},{"@type":"ListItem","position":2,"name":"G\u00e9n\u00e9alogie"}]},{"@type":"WebSite","@id":"https:\/\/www.shcote-nord.org\/wp\/#website","url":"https:\/\/www.shcote-nord.org\/wp\/","name":"Soci\u00e9t\u00e9 historique de la C\u00f4te-Nord","description":"Centre d&#039;archives priv\u00e9es de la SHCN","publisher":{"@id":"https:\/\/www.shcote-nord.org\/wp\/#organization"},"potentialAction":[{"@type":"SearchAction","target":{"@type":"EntryPoint","urlTemplate":"https:\/\/www.shcote-nord.org\/wp\/?s={search_term_string}"},"query-input":{"@type":"PropertyValueSpecification","valueRequired":true,"valueName":"search_term_string"}}],"inLanguage":"fr-FR"},{"@type":"Organization","@id":"https:\/\/www.shcote-nord.org\/wp\/#organization","name":"Soci\u00e9t\u00e9 historique de la C\u00f4te-Nord","url":"https:\/\/www.shcote-nord.org\/wp\/","logo":{"@type":"ImageObject","inLanguage":"fr-FR","@id":"https:\/\/www.shcote-nord.org\/wp\/#\/schema\/logo\/image\/","url":"https:\/\/i2.wp.com\/www.shcote-nord.org\/wp\/wp-content\/uploads\/2017\/09\/Sans-titre-1-copie.png?fit=2543%2C939","contentUrl":"https:\/\/i2.wp.com\/www.shcote-nord.org\/wp\/wp-content\/uploads\/2017\/09\/Sans-titre-1-copie.png?fit=2543%2C939","width":2543,"height":939,"caption":"Soci\u00e9t\u00e9 historique de la C\u00f4te-Nord"},"image":{"@id":"https:\/\/www.shcote-nord.org\/wp\/#\/schema\/logo\/image\/"},"sameAs":["https:\/\/www.facebook.com\/shcotenord\/"]}]}},"_links":{"self":[{"href":"https:\/\/www.shcote-nord.org\/wp\/index.php?rest_route=\/wp\/v2\/pages\/1023","targetHints":{"allow":["GET"]}}],"collection":[{"href":"https:\/\/www.shcote-nord.org\/wp\/index.php?rest_route=\/wp\/v2\/pages"}],"about":[{"href":"https:\/\/www.shcote-nord.org\/wp\/index.php?rest_route=\/wp\/v2\/types\/page"}],"author":[{"embeddable":true,"href":"https:\/\/www.shcote-nord.org\/wp\/index.php?rest_route=\/wp\/v2\/users\/1"}],"replies":[{"embeddable":true,"href":"https:\/\/www.shcote-nord.org\/wp\/index.php?rest_route=%2Fwp%2Fv2%2Fcomments&post=1023"}],"version-history":[{"count":5,"href":"https:\/\/www.shcote-nord.org\/wp\/index.php?rest_route=\/wp\/v2\/pages\/1023\/revisions"}],"predecessor-version":[{"id":2039,"href":"https:\/\/www.shcote-nord.org\/wp\/index.php?rest_route=\/wp\/v2\/pages\/1023\/revisions\/2039"}],"wp:featuredmedia":[{"embeddable":true,"href":"https:\/\/www.shcote-nord.org\/wp\/index.php?rest_route=\/wp\/v2\/media\/1499"}],"wp:attachment":[{"href":"https:\/\/www.shcote-nord.org\/wp\/index.php?rest_route=%2Fwp%2Fv2%2Fmedia&parent=1023"}],"curies":[{"name":"wp","href":"https:\/\/api.w.org\/{rel}","templated":true}]}}